{"id":1436108,"date":"2026-01-25T13:17:02","date_gmt":"2026-01-25T10:17:02","guid":{"rendered":"https:\/\/kruze.ee\/product\/%e2%86%92-xd-xclusive-aria-8-000-mah-5-w-juhtmevaba-laadimisega-akupank\/"},"modified":"2026-03-17T00:51:20","modified_gmt":"2026-03-16T21:51:20","slug":"%e2%86%92-xd-xclusive-aria-8-000-mah-5-w-juhtmevaba-laadimisega-akupank","status":"publish","type":"product","link":"https:\/\/kruze.ee\/et\/toode\/%e2%86%92-xd-xclusive-aria-8-000-mah-5-w-juhtmevaba-laadimisega-akupank\/","title":{"rendered":"\u2192 XD Xclusive Aria 8 000 mAh 5 W juhtmevaba laadimisega akupank"},"content":{"rendered":"<p>Juhtmevaba funktsionaalsus kohtub P\u00f5hjamaise disainiga Aria juhtmevabas akupangas. Akupank on valmistatud kvaliteetsest alumiiniumist ja ABS-plastist ning viimistletud luksusliku pehme pinnakattega. Viimase elegantse detailina lisab stiili PU-rihm. Akupank toetab nii laadimist USB-kaabli kaudu kui ka 5 W juhtmevaba laadimist. \u00dchildub k\u00f5igi QI-toega seadmetega, sh uusima p\u00f5lvkonna Android-telefonid ning iPhone 8 ja uuemad. Sisend: 5V\/2A. Juhtmevaba v\u00e4ljund: 5V\/1A. V\u00e4ljund: 5V\/2A. Pakendatud luksuslikku kinkekarpi.<\/p>\n","protected":false},"excerpt":{"rendered":"<p>Juhtmevaba funktsionaalsus kohtub P\u00f5hjamaise disainiga Aria juhtmevabas akupangas. Akupank on valmistatud kvaliteetsest alumiiniumist ja ABS-plastist ning&#8230;<\/p>\n","protected":false},"featured_media":0,"template":"","meta":[],"product_brand":[],"product_cat":[5409],"product_tag":[],"class_list":{"0":"post-1436108","1":"product","2":"type-product","3":"status-publish","5":"product_cat-akupangad","6":"pa_gender-uniseks","7":"pa_gender-unisex","11":"first","12":"instock","13":"purchasable","14":"product-type-simple"},"acf":[],"yoast_head":"<!-- This site is optimized with the Yoast SEO plugin v26.0 - https:\/\/yoast.com\/wordpress\/plugins\/seo\/ -->\n<title>\u2192 XD Xclusive Aria 8 000 mAh 5 W juhtmevaba laadimisega akupank - Kruze.ee<\/title>\n<meta name=\"robots\" content=\"index, follow, max-snippet:-1, max-image-preview:large, max-video-preview:-1\" \/>\n<link rel=\"canonical\" href=\"https:\/\/kruze.ee\/et\/toode\/\u2192-xd-xclusive-aria-8-000-mah-5-w-juhtmevaba-laadimisega-akupank\/\" \/>\n<meta property=\"og:locale\" content=\"et_EE\" \/>\n<meta property=\"og:type\" content=\"article\" \/>\n<meta property=\"og:title\" content=\"\u2192 XD Xclusive Aria 8 000 mAh 5 W juhtmevaba laadimisega akupank - Kruze.ee\" \/>\n<meta property=\"og:description\" content=\"Juhtmevaba funktsionaalsus kohtub P\u00f5hjamaise disainiga Aria juhtmevabas akupangas. Akupank on valmistatud kvaliteetsest alumiiniumist ja ABS-plastist ning...\" \/>\n<meta property=\"og:url\" content=\"https:\/\/kruze.ee\/et\/toode\/\u2192-xd-xclusive-aria-8-000-mah-5-w-juhtmevaba-laadimisega-akupank\/\" \/>\n<meta property=\"og:site_name\" content=\"Kruze.ee\" \/>\n<meta property=\"article:modified_time\" content=\"2026-03-16T21:51:20+00:00\" \/>\n<meta name=\"twitter:card\" content=\"summary_large_image\" \/>\n<script type=\"application\/ld+json\" class=\"yoast-schema-graph\">{\"@context\":\"https:\/\/schema.org\",\"@graph\":[{\"@type\":\"WebPage\",\"@id\":\"https:\/\/kruze.ee\/et\/toode\/%e2%86%92-xd-xclusive-aria-8-000-mah-5-w-juhtmevaba-laadimisega-akupank\/\",\"url\":\"https:\/\/kruze.ee\/et\/toode\/%e2%86%92-xd-xclusive-aria-8-000-mah-5-w-juhtmevaba-laadimisega-akupank\/\",\"name\":\"\u2192 XD Xclusive Aria 8 000 mAh 5 W juhtmevaba laadimisega akupank - Kruze.ee\",\"isPartOf\":{\"@id\":\"https:\/\/kruze.ee\/et\/#website\"},\"datePublished\":\"2026-01-25T10:17:02+00:00\",\"dateModified\":\"2026-03-16T21:51:20+00:00\",\"breadcrumb\":{\"@id\":\"https:\/\/kruze.ee\/et\/toode\/%e2%86%92-xd-xclusive-aria-8-000-mah-5-w-juhtmevaba-laadimisega-akupank\/#breadcrumb\"},\"inLanguage\":\"et\",\"potentialAction\":[{\"@type\":\"ReadAction\",\"target\":[\"https:\/\/kruze.ee\/et\/toode\/%e2%86%92-xd-xclusive-aria-8-000-mah-5-w-juhtmevaba-laadimisega-akupank\/\"]}]},{\"@type\":\"BreadcrumbList\",\"@id\":\"https:\/\/kruze.ee\/et\/toode\/%e2%86%92-xd-xclusive-aria-8-000-mah-5-w-juhtmevaba-laadimisega-akupank\/#breadcrumb\",\"itemListElement\":[{\"@type\":\"ListItem\",\"position\":1,\"name\":\"Home\",\"item\":\"https:\/\/kruze.ee\/et\/\"},{\"@type\":\"ListItem\",\"position\":2,\"name\":\"Tooted\",\"item\":\"https:\/\/kruze.ee\/et\/tooted\/\"},{\"@type\":\"ListItem\",\"position\":3,\"name\":\"\u2192 XD Xclusive Aria 8 000 mAh 5 W juhtmevaba laadimisega akupank\"}]},{\"@type\":\"WebSite\",\"@id\":\"https:\/\/kruze.ee\/et\/#website\",\"url\":\"https:\/\/kruze.ee\/et\/\",\"name\":\"Kruze.ee\",\"description\":\"Reklaamkingitused, tr&uuml;kiga T-s&auml;rgid, fliisid, dressipluused, tekstiil, joped ja paljud teised logoga meened, &Auml;rikingitused sinu partnerile! Telli juba t&auml;na.\",\"potentialAction\":[{\"@type\":\"SearchAction\",\"target\":{\"@type\":\"EntryPoint\",\"urlTemplate\":\"https:\/\/kruze.ee\/et\/?s={search_term_string}\"},\"query-input\":{\"@type\":\"PropertyValueSpecification\",\"valueRequired\":true,\"valueName\":\"search_term_string\"}}],\"inLanguage\":\"et\"}]}<\/script>\n<!-- \/ Yoast SEO plugin. -->","yoast_head_json":{"title":"\u2192 XD Xclusive Aria 8 000 mAh 5 W juhtmevaba laadimisega akupank - Kruze.ee","robots":{"index":"index","follow":"follow","max-snippet":"max-snippet:-1","max-image-preview":"max-image-preview:large","max-video-preview":"max-video-preview:-1"},"canonical":"https:\/\/kruze.ee\/et\/toode\/\u2192-xd-xclusive-aria-8-000-mah-5-w-juhtmevaba-laadimisega-akupank\/","og_locale":"et_EE","og_type":"article","og_title":"\u2192 XD Xclusive Aria 8 000 mAh 5 W juhtmevaba laadimisega akupank - Kruze.ee","og_description":"Juhtmevaba funktsionaalsus kohtub P\u00f5hjamaise disainiga Aria juhtmevabas akupangas. Akupank on valmistatud kvaliteetsest alumiiniumist ja ABS-plastist ning...","og_url":"https:\/\/kruze.ee\/et\/toode\/\u2192-xd-xclusive-aria-8-000-mah-5-w-juhtmevaba-laadimisega-akupank\/","og_site_name":"Kruze.ee","article_modified_time":"2026-03-16T21:51:20+00:00","twitter_card":"summary_large_image","schema":{"@context":"https:\/\/schema.org","@graph":[{"@type":"WebPage","@id":"https:\/\/kruze.ee\/et\/toode\/%e2%86%92-xd-xclusive-aria-8-000-mah-5-w-juhtmevaba-laadimisega-akupank\/","url":"https:\/\/kruze.ee\/et\/toode\/%e2%86%92-xd-xclusive-aria-8-000-mah-5-w-juhtmevaba-laadimisega-akupank\/","name":"\u2192 XD Xclusive Aria 8 000 mAh 5 W juhtmevaba laadimisega akupank - Kruze.ee","isPartOf":{"@id":"https:\/\/kruze.ee\/et\/#website"},"datePublished":"2026-01-25T10:17:02+00:00","dateModified":"2026-03-16T21:51:20+00:00","breadcrumb":{"@id":"https:\/\/kruze.ee\/et\/toode\/%e2%86%92-xd-xclusive-aria-8-000-mah-5-w-juhtmevaba-laadimisega-akupank\/#breadcrumb"},"inLanguage":"et","potentialAction":[{"@type":"ReadAction","target":["https:\/\/kruze.ee\/et\/toode\/%e2%86%92-xd-xclusive-aria-8-000-mah-5-w-juhtmevaba-laadimisega-akupank\/"]}]},{"@type":"BreadcrumbList","@id":"https:\/\/kruze.ee\/et\/toode\/%e2%86%92-xd-xclusive-aria-8-000-mah-5-w-juhtmevaba-laadimisega-akupank\/#breadcrumb","itemListElement":[{"@type":"ListItem","position":1,"name":"Home","item":"https:\/\/kruze.ee\/et\/"},{"@type":"ListItem","position":2,"name":"Tooted","item":"https:\/\/kruze.ee\/et\/tooted\/"},{"@type":"ListItem","position":3,"name":"\u2192 XD Xclusive Aria 8 000 mAh 5 W juhtmevaba laadimisega akupank"}]},{"@type":"WebSite","@id":"https:\/\/kruze.ee\/et\/#website","url":"https:\/\/kruze.ee\/et\/","name":"Kruze.ee","description":"Reklaamkingitused, tr&uuml;kiga T-s&auml;rgid, fliisid, dressipluused, tekstiil, joped ja paljud teised logoga meened, &Auml;rikingitused sinu partnerile! Telli juba t&auml;na.","potentialAction":[{"@type":"SearchAction","target":{"@type":"EntryPoint","urlTemplate":"https:\/\/kruze.ee\/et\/?s={search_term_string}"},"query-input":{"@type":"PropertyValueSpecification","valueRequired":true,"valueName":"search_term_string"}}],"inLanguage":"et"}]}},"_links":{"self":[{"href":"https:\/\/kruze.ee\/et\/wp-json\/wp\/v2\/product\/1436108","targetHints":{"allow":["GET"]}}],"collection":[{"href":"https:\/\/kruze.ee\/et\/wp-json\/wp\/v2\/product"}],"about":[{"href":"https:\/\/kruze.ee\/et\/wp-json\/wp\/v2\/types\/product"}],"wp:attachment":[{"href":"https:\/\/kruze.ee\/et\/wp-json\/wp\/v2\/media?parent=1436108"}],"wp:term":[{"taxonomy":"product_brand","embeddable":true,"href":"https:\/\/kruze.ee\/et\/wp-json\/wp\/v2\/product_brand?post=1436108"},{"taxonomy":"product_cat","embeddable":true,"href":"https:\/\/kruze.ee\/et\/wp-json\/wp\/v2\/product_cat?post=1436108"},{"taxonomy":"product_tag","embeddable":true,"href":"https:\/\/kruze.ee\/et\/wp-json\/wp\/v2\/product_tag?post=1436108"}],"curies":[{"name":"wp","href":"https:\/\/api.w.org\/{rel}","templated":true}]}}