{"id":1436096,"date":"2026-01-25T13:16:31","date_gmt":"2026-01-25T10:16:31","guid":{"rendered":"https:\/\/kruze.ee\/product\/xd-xclusive-aria-5w-juhtmevaba-laadimisega-digitaalne-kell\/"},"modified":"2026-03-17T00:50:41","modified_gmt":"2026-03-16T21:50:41","slug":"xd-xclusive-aria-5w-juhtmevaba-laadimisega-digitaalne-kell","status":"publish","type":"product","link":"https:\/\/kruze.ee\/et\/toode\/xd-xclusive-aria-5w-juhtmevaba-laadimisega-digitaalne-kell\/","title":{"rendered":"XD Xclusive Aria 5W juhtmevaba laadimisega digitaalne kell"},"content":{"rendered":"<p>Funktsionaalsus kohtub P\u00f5hjamaise disainiga Aria juhtmevabas laadijas. Juhtmevabal laadijal on integreeritud digitaalne kell, mist\u00f5ttu sobib see ideaalselt nii t\u00f6\u00f6lauale kui ka \u00f6\u00f6kapile. Laadija on valmistatud kvaliteetsest alumiiniumist ning viimistletud elegantsete PU-detailidega. Komplektis on 150 cm micro-USB kaabel. \u00dchildub k\u00f5igi QI-toega seadmetega, sh uusima p\u00f5lvkonna Android-telefonid ning iPhone 8 ja uuemad. Sisend: 5V\/2A. Juhtmevaba v\u00e4ljund: 5V\/1A. Pakendatud luksuslikku kinkekarpi. Registreeritud disain\u00ae<\/p>\n","protected":false},"excerpt":{"rendered":"<p>Funktsionaalsus kohtub P\u00f5hjamaise disainiga Aria juhtmevabas laadijas. Juhtmevabal laadijal on integreeritud digitaalne kell, mist\u00f5ttu sobib see ideaalselt nii&#8230;<\/p>\n","protected":false},"featured_media":0,"template":"","meta":[],"product_brand":[],"product_cat":[5418],"product_tag":[],"class_list":{"0":"post-1436096","1":"product","2":"type-product","3":"status-publish","5":"product_cat-nutiseadmete-lisatarvikud","6":"pa_gender-uniseks","7":"pa_gender-unisex","11":"first","12":"instock","13":"purchasable","14":"product-type-simple"},"acf":[],"yoast_head":"<!-- This site is optimized with the Yoast SEO plugin v26.0 - https:\/\/yoast.com\/wordpress\/plugins\/seo\/ -->\n<title>XD Xclusive Aria 5W juhtmevaba laadimisega digitaalne kell - Kruze.ee<\/title>\n<meta name=\"robots\" content=\"index, follow, max-snippet:-1, max-image-preview:large, max-video-preview:-1\" \/>\n<link rel=\"canonical\" href=\"https:\/\/kruze.ee\/et\/toode\/xd-xclusive-aria-5w-juhtmevaba-laadimisega-digitaalne-kell\/\" \/>\n<meta property=\"og:locale\" content=\"et_EE\" \/>\n<meta property=\"og:type\" content=\"article\" \/>\n<meta property=\"og:title\" content=\"XD Xclusive Aria 5W juhtmevaba laadimisega digitaalne kell - Kruze.ee\" \/>\n<meta property=\"og:description\" content=\"Funktsionaalsus kohtub P\u00f5hjamaise disainiga Aria juhtmevabas laadijas. Juhtmevabal laadijal on integreeritud digitaalne kell, mist\u00f5ttu sobib see ideaalselt nii...\" \/>\n<meta property=\"og:url\" content=\"https:\/\/kruze.ee\/et\/toode\/xd-xclusive-aria-5w-juhtmevaba-laadimisega-digitaalne-kell\/\" \/>\n<meta property=\"og:site_name\" content=\"Kruze.ee\" \/>\n<meta property=\"article:modified_time\" content=\"2026-03-16T21:50:41+00:00\" \/>\n<meta name=\"twitter:card\" content=\"summary_large_image\" \/>\n<script type=\"application\/ld+json\" class=\"yoast-schema-graph\">{\"@context\":\"https:\/\/schema.org\",\"@graph\":[{\"@type\":\"WebPage\",\"@id\":\"https:\/\/kruze.ee\/et\/toode\/xd-xclusive-aria-5w-juhtmevaba-laadimisega-digitaalne-kell\/\",\"url\":\"https:\/\/kruze.ee\/et\/toode\/xd-xclusive-aria-5w-juhtmevaba-laadimisega-digitaalne-kell\/\",\"name\":\"XD Xclusive Aria 5W juhtmevaba laadimisega digitaalne kell - Kruze.ee\",\"isPartOf\":{\"@id\":\"https:\/\/kruze.ee\/et\/#website\"},\"datePublished\":\"2026-01-25T10:16:31+00:00\",\"dateModified\":\"2026-03-16T21:50:41+00:00\",\"breadcrumb\":{\"@id\":\"https:\/\/kruze.ee\/et\/toode\/xd-xclusive-aria-5w-juhtmevaba-laadimisega-digitaalne-kell\/#breadcrumb\"},\"inLanguage\":\"et\",\"potentialAction\":[{\"@type\":\"ReadAction\",\"target\":[\"https:\/\/kruze.ee\/et\/toode\/xd-xclusive-aria-5w-juhtmevaba-laadimisega-digitaalne-kell\/\"]}]},{\"@type\":\"BreadcrumbList\",\"@id\":\"https:\/\/kruze.ee\/et\/toode\/xd-xclusive-aria-5w-juhtmevaba-laadimisega-digitaalne-kell\/#breadcrumb\",\"itemListElement\":[{\"@type\":\"ListItem\",\"position\":1,\"name\":\"Home\",\"item\":\"https:\/\/kruze.ee\/et\/\"},{\"@type\":\"ListItem\",\"position\":2,\"name\":\"Tooted\",\"item\":\"https:\/\/kruze.ee\/et\/tooted\/\"},{\"@type\":\"ListItem\",\"position\":3,\"name\":\"XD Xclusive Aria 5W juhtmevaba laadimisega digitaalne kell\"}]},{\"@type\":\"WebSite\",\"@id\":\"https:\/\/kruze.ee\/et\/#website\",\"url\":\"https:\/\/kruze.ee\/et\/\",\"name\":\"Kruze.ee\",\"description\":\"Reklaamkingitused, tr&uuml;kiga T-s&auml;rgid, fliisid, dressipluused, tekstiil, joped ja paljud teised logoga meened, &Auml;rikingitused sinu partnerile! Telli juba t&auml;na.\",\"potentialAction\":[{\"@type\":\"SearchAction\",\"target\":{\"@type\":\"EntryPoint\",\"urlTemplate\":\"https:\/\/kruze.ee\/et\/?s={search_term_string}\"},\"query-input\":{\"@type\":\"PropertyValueSpecification\",\"valueRequired\":true,\"valueName\":\"search_term_string\"}}],\"inLanguage\":\"et\"}]}<\/script>\n<!-- \/ Yoast SEO plugin. -->","yoast_head_json":{"title":"XD Xclusive Aria 5W juhtmevaba laadimisega digitaalne kell - Kruze.ee","robots":{"index":"index","follow":"follow","max-snippet":"max-snippet:-1","max-image-preview":"max-image-preview:large","max-video-preview":"max-video-preview:-1"},"canonical":"https:\/\/kruze.ee\/et\/toode\/xd-xclusive-aria-5w-juhtmevaba-laadimisega-digitaalne-kell\/","og_locale":"et_EE","og_type":"article","og_title":"XD Xclusive Aria 5W juhtmevaba laadimisega digitaalne kell - Kruze.ee","og_description":"Funktsionaalsus kohtub P\u00f5hjamaise disainiga Aria juhtmevabas laadijas. Juhtmevabal laadijal on integreeritud digitaalne kell, mist\u00f5ttu sobib see ideaalselt nii...","og_url":"https:\/\/kruze.ee\/et\/toode\/xd-xclusive-aria-5w-juhtmevaba-laadimisega-digitaalne-kell\/","og_site_name":"Kruze.ee","article_modified_time":"2026-03-16T21:50:41+00:00","twitter_card":"summary_large_image","schema":{"@context":"https:\/\/schema.org","@graph":[{"@type":"WebPage","@id":"https:\/\/kruze.ee\/et\/toode\/xd-xclusive-aria-5w-juhtmevaba-laadimisega-digitaalne-kell\/","url":"https:\/\/kruze.ee\/et\/toode\/xd-xclusive-aria-5w-juhtmevaba-laadimisega-digitaalne-kell\/","name":"XD Xclusive Aria 5W juhtmevaba laadimisega digitaalne kell - Kruze.ee","isPartOf":{"@id":"https:\/\/kruze.ee\/et\/#website"},"datePublished":"2026-01-25T10:16:31+00:00","dateModified":"2026-03-16T21:50:41+00:00","breadcrumb":{"@id":"https:\/\/kruze.ee\/et\/toode\/xd-xclusive-aria-5w-juhtmevaba-laadimisega-digitaalne-kell\/#breadcrumb"},"inLanguage":"et","potentialAction":[{"@type":"ReadAction","target":["https:\/\/kruze.ee\/et\/toode\/xd-xclusive-aria-5w-juhtmevaba-laadimisega-digitaalne-kell\/"]}]},{"@type":"BreadcrumbList","@id":"https:\/\/kruze.ee\/et\/toode\/xd-xclusive-aria-5w-juhtmevaba-laadimisega-digitaalne-kell\/#breadcrumb","itemListElement":[{"@type":"ListItem","position":1,"name":"Home","item":"https:\/\/kruze.ee\/et\/"},{"@type":"ListItem","position":2,"name":"Tooted","item":"https:\/\/kruze.ee\/et\/tooted\/"},{"@type":"ListItem","position":3,"name":"XD Xclusive Aria 5W juhtmevaba laadimisega digitaalne kell"}]},{"@type":"WebSite","@id":"https:\/\/kruze.ee\/et\/#website","url":"https:\/\/kruze.ee\/et\/","name":"Kruze.ee","description":"Reklaamkingitused, tr&uuml;kiga T-s&auml;rgid, fliisid, dressipluused, tekstiil, joped ja paljud teised logoga meened, &Auml;rikingitused sinu partnerile! Telli juba t&auml;na.","potentialAction":[{"@type":"SearchAction","target":{"@type":"EntryPoint","urlTemplate":"https:\/\/kruze.ee\/et\/?s={search_term_string}"},"query-input":{"@type":"PropertyValueSpecification","valueRequired":true,"valueName":"search_term_string"}}],"inLanguage":"et"}]}},"_links":{"self":[{"href":"https:\/\/kruze.ee\/et\/wp-json\/wp\/v2\/product\/1436096","targetHints":{"allow":["GET"]}}],"collection":[{"href":"https:\/\/kruze.ee\/et\/wp-json\/wp\/v2\/product"}],"about":[{"href":"https:\/\/kruze.ee\/et\/wp-json\/wp\/v2\/types\/product"}],"wp:attachment":[{"href":"https:\/\/kruze.ee\/et\/wp-json\/wp\/v2\/media?parent=1436096"}],"wp:term":[{"taxonomy":"product_brand","embeddable":true,"href":"https:\/\/kruze.ee\/et\/wp-json\/wp\/v2\/product_brand?post=1436096"},{"taxonomy":"product_cat","embeddable":true,"href":"https:\/\/kruze.ee\/et\/wp-json\/wp\/v2\/product_cat?post=1436096"},{"taxonomy":"product_tag","embeddable":true,"href":"https:\/\/kruze.ee\/et\/wp-json\/wp\/v2\/product_tag?post=1436096"}],"curies":[{"name":"wp","href":"https:\/\/api.w.org\/{rel}","templated":true}]}}