{"id":1436084,"date":"2026-01-25T13:16:21","date_gmt":"2026-01-25T10:16:21","guid":{"rendered":"https:\/\/kruze.ee\/product\/d-collection-10w-juhtmevaba-laadimisega-korkhiirematt-ja-alus\/"},"modified":"2026-03-17T00:50:37","modified_gmt":"2026-03-16T21:50:37","slug":"d-collection-10w-juhtmevaba-laadimisega-korkhiirematt-ja-alus","status":"publish","type":"product","link":"https:\/\/kruze.ee\/et\/toode\/d-collection-10w-juhtmevaba-laadimisega-korkhiirematt-ja-alus\/","title":{"rendered":"D Collection 10W juhtmevaba laadimisega korkhiirematt ja alus"},"content":{"rendered":"<p>Juhtmevaba 10W laadimisega hiirematt, mille v\u00e4lispind on t\u00e4ielikult valmistatud FSC 100% sertifitseeritud korgist. Sobib kasutamiseks nii hiiremati kui ka telefoni alusena. Juhtmevaba laadimine \u00fchildub k\u00f5igi QI-toega seadmetega, sh uusima p\u00f5lvkonna Android-telefonid ning iPhone 8 ja uuemad mudelid. Komplektis on 120 cm USB Type-C laadimiskaabel, mis on valmistatud RCS-sertifikaadiga taaskasutatud TPE-st. Pakendatud FSC\u00ae mix kraft-karpi. Sisend: Type-C, 9V\/2A. Juhtmevaba v\u00e4ljund: 9V\/1,1A (10W).<\/p>\n","protected":false},"excerpt":{"rendered":"<p>Juhtmevaba 10W laadimisega hiirematt, mille v\u00e4lispind on t\u00e4ielikult valmistatud FSC 100% sertifitseeritud korgist. Sobib kasutamiseks nii hiiremati kui ka&#8230;<\/p>\n","protected":false},"featured_media":0,"template":"","meta":[],"product_brand":[],"product_cat":[5418],"product_tag":[],"class_list":{"0":"post-1436084","1":"product","2":"type-product","3":"status-publish","5":"product_cat-nutiseadmete-lisatarvikud","6":"pa_gender-uniseks","7":"pa_gender-unisex","11":"first","12":"instock","13":"purchasable","14":"product-type-simple"},"acf":[],"yoast_head":"<!-- This site is optimized with the Yoast SEO plugin v26.0 - https:\/\/yoast.com\/wordpress\/plugins\/seo\/ -->\n<title>D Collection 10W juhtmevaba laadimisega korkhiirematt ja alus - Kruze.ee<\/title>\n<meta name=\"robots\" content=\"index, follow, max-snippet:-1, max-image-preview:large, max-video-preview:-1\" \/>\n<link rel=\"canonical\" href=\"https:\/\/kruze.ee\/et\/toode\/d-collection-10w-juhtmevaba-laadimisega-korkhiirematt-ja-alus\/\" \/>\n<meta property=\"og:locale\" content=\"et_EE\" \/>\n<meta property=\"og:type\" content=\"article\" \/>\n<meta property=\"og:title\" content=\"D Collection 10W juhtmevaba laadimisega korkhiirematt ja alus - Kruze.ee\" \/>\n<meta property=\"og:description\" content=\"Juhtmevaba 10W laadimisega hiirematt, mille v\u00e4lispind on t\u00e4ielikult valmistatud FSC 100% sertifitseeritud korgist. Sobib kasutamiseks nii hiiremati kui ka...\" \/>\n<meta property=\"og:url\" content=\"https:\/\/kruze.ee\/et\/toode\/d-collection-10w-juhtmevaba-laadimisega-korkhiirematt-ja-alus\/\" \/>\n<meta property=\"og:site_name\" content=\"Kruze.ee\" \/>\n<meta property=\"article:modified_time\" content=\"2026-03-16T21:50:37+00:00\" \/>\n<meta name=\"twitter:card\" content=\"summary_large_image\" \/>\n<script type=\"application\/ld+json\" class=\"yoast-schema-graph\">{\"@context\":\"https:\/\/schema.org\",\"@graph\":[{\"@type\":\"WebPage\",\"@id\":\"https:\/\/kruze.ee\/et\/toode\/d-collection-10w-juhtmevaba-laadimisega-korkhiirematt-ja-alus\/\",\"url\":\"https:\/\/kruze.ee\/et\/toode\/d-collection-10w-juhtmevaba-laadimisega-korkhiirematt-ja-alus\/\",\"name\":\"D Collection 10W juhtmevaba laadimisega korkhiirematt ja alus - Kruze.ee\",\"isPartOf\":{\"@id\":\"https:\/\/kruze.ee\/et\/#website\"},\"datePublished\":\"2026-01-25T10:16:21+00:00\",\"dateModified\":\"2026-03-16T21:50:37+00:00\",\"breadcrumb\":{\"@id\":\"https:\/\/kruze.ee\/et\/toode\/d-collection-10w-juhtmevaba-laadimisega-korkhiirematt-ja-alus\/#breadcrumb\"},\"inLanguage\":\"et\",\"potentialAction\":[{\"@type\":\"ReadAction\",\"target\":[\"https:\/\/kruze.ee\/et\/toode\/d-collection-10w-juhtmevaba-laadimisega-korkhiirematt-ja-alus\/\"]}]},{\"@type\":\"BreadcrumbList\",\"@id\":\"https:\/\/kruze.ee\/et\/toode\/d-collection-10w-juhtmevaba-laadimisega-korkhiirematt-ja-alus\/#breadcrumb\",\"itemListElement\":[{\"@type\":\"ListItem\",\"position\":1,\"name\":\"Home\",\"item\":\"https:\/\/kruze.ee\/et\/\"},{\"@type\":\"ListItem\",\"position\":2,\"name\":\"Tooted\",\"item\":\"https:\/\/kruze.ee\/et\/tooted\/\"},{\"@type\":\"ListItem\",\"position\":3,\"name\":\"D Collection 10W juhtmevaba laadimisega korkhiirematt ja alus\"}]},{\"@type\":\"WebSite\",\"@id\":\"https:\/\/kruze.ee\/et\/#website\",\"url\":\"https:\/\/kruze.ee\/et\/\",\"name\":\"Kruze.ee\",\"description\":\"Reklaamkingitused, tr&uuml;kiga T-s&auml;rgid, fliisid, dressipluused, tekstiil, joped ja paljud teised logoga meened, &Auml;rikingitused sinu partnerile! Telli juba t&auml;na.\",\"potentialAction\":[{\"@type\":\"SearchAction\",\"target\":{\"@type\":\"EntryPoint\",\"urlTemplate\":\"https:\/\/kruze.ee\/et\/?s={search_term_string}\"},\"query-input\":{\"@type\":\"PropertyValueSpecification\",\"valueRequired\":true,\"valueName\":\"search_term_string\"}}],\"inLanguage\":\"et\"}]}<\/script>\n<!-- \/ Yoast SEO plugin. -->","yoast_head_json":{"title":"D Collection 10W juhtmevaba laadimisega korkhiirematt ja alus - Kruze.ee","robots":{"index":"index","follow":"follow","max-snippet":"max-snippet:-1","max-image-preview":"max-image-preview:large","max-video-preview":"max-video-preview:-1"},"canonical":"https:\/\/kruze.ee\/et\/toode\/d-collection-10w-juhtmevaba-laadimisega-korkhiirematt-ja-alus\/","og_locale":"et_EE","og_type":"article","og_title":"D Collection 10W juhtmevaba laadimisega korkhiirematt ja alus - Kruze.ee","og_description":"Juhtmevaba 10W laadimisega hiirematt, mille v\u00e4lispind on t\u00e4ielikult valmistatud FSC 100% sertifitseeritud korgist. Sobib kasutamiseks nii hiiremati kui ka...","og_url":"https:\/\/kruze.ee\/et\/toode\/d-collection-10w-juhtmevaba-laadimisega-korkhiirematt-ja-alus\/","og_site_name":"Kruze.ee","article_modified_time":"2026-03-16T21:50:37+00:00","twitter_card":"summary_large_image","schema":{"@context":"https:\/\/schema.org","@graph":[{"@type":"WebPage","@id":"https:\/\/kruze.ee\/et\/toode\/d-collection-10w-juhtmevaba-laadimisega-korkhiirematt-ja-alus\/","url":"https:\/\/kruze.ee\/et\/toode\/d-collection-10w-juhtmevaba-laadimisega-korkhiirematt-ja-alus\/","name":"D Collection 10W juhtmevaba laadimisega korkhiirematt ja alus - Kruze.ee","isPartOf":{"@id":"https:\/\/kruze.ee\/et\/#website"},"datePublished":"2026-01-25T10:16:21+00:00","dateModified":"2026-03-16T21:50:37+00:00","breadcrumb":{"@id":"https:\/\/kruze.ee\/et\/toode\/d-collection-10w-juhtmevaba-laadimisega-korkhiirematt-ja-alus\/#breadcrumb"},"inLanguage":"et","potentialAction":[{"@type":"ReadAction","target":["https:\/\/kruze.ee\/et\/toode\/d-collection-10w-juhtmevaba-laadimisega-korkhiirematt-ja-alus\/"]}]},{"@type":"BreadcrumbList","@id":"https:\/\/kruze.ee\/et\/toode\/d-collection-10w-juhtmevaba-laadimisega-korkhiirematt-ja-alus\/#breadcrumb","itemListElement":[{"@type":"ListItem","position":1,"name":"Home","item":"https:\/\/kruze.ee\/et\/"},{"@type":"ListItem","position":2,"name":"Tooted","item":"https:\/\/kruze.ee\/et\/tooted\/"},{"@type":"ListItem","position":3,"name":"D Collection 10W juhtmevaba laadimisega korkhiirematt ja alus"}]},{"@type":"WebSite","@id":"https:\/\/kruze.ee\/et\/#website","url":"https:\/\/kruze.ee\/et\/","name":"Kruze.ee","description":"Reklaamkingitused, tr&uuml;kiga T-s&auml;rgid, fliisid, dressipluused, tekstiil, joped ja paljud teised logoga meened, &Auml;rikingitused sinu partnerile! Telli juba t&auml;na.","potentialAction":[{"@type":"SearchAction","target":{"@type":"EntryPoint","urlTemplate":"https:\/\/kruze.ee\/et\/?s={search_term_string}"},"query-input":{"@type":"PropertyValueSpecification","valueRequired":true,"valueName":"search_term_string"}}],"inLanguage":"et"}]}},"_links":{"self":[{"href":"https:\/\/kruze.ee\/et\/wp-json\/wp\/v2\/product\/1436084","targetHints":{"allow":["GET"]}}],"collection":[{"href":"https:\/\/kruze.ee\/et\/wp-json\/wp\/v2\/product"}],"about":[{"href":"https:\/\/kruze.ee\/et\/wp-json\/wp\/v2\/types\/product"}],"wp:attachment":[{"href":"https:\/\/kruze.ee\/et\/wp-json\/wp\/v2\/media?parent=1436084"}],"wp:term":[{"taxonomy":"product_brand","embeddable":true,"href":"https:\/\/kruze.ee\/et\/wp-json\/wp\/v2\/product_brand?post=1436084"},{"taxonomy":"product_cat","embeddable":true,"href":"https:\/\/kruze.ee\/et\/wp-json\/wp\/v2\/product_cat?post=1436084"},{"taxonomy":"product_tag","embeddable":true,"href":"https:\/\/kruze.ee\/et\/wp-json\/wp\/v2\/product_tag?post=1436084"}],"curies":[{"name":"wp","href":"https:\/\/api.w.org\/{rel}","templated":true}]}}