{"id":1436062,"date":"2026-01-25T13:16:01","date_gmt":"2026-01-25T10:16:01","guid":{"rendered":"https:\/\/kruze.ee\/product\/urban-vitamin-fairfield-3-uhes-rcs-taaskasutatud-plastist-laadija\/"},"modified":"2026-03-17T00:50:30","modified_gmt":"2026-03-16T21:50:30","slug":"urban-vitamin-fairfield-3-uhes-rcs-taaskasutatud-plastist-laadija","status":"publish","type":"product","link":"https:\/\/kruze.ee\/et\/toode\/urban-vitamin-fairfield-3-uhes-rcs-taaskasutatud-plastist-laadija\/","title":{"rendered":"Urban Vitamin Fairfield 3-\u00fches RCS taaskasutatud plastist laadija"},"content":{"rendered":"<p>15W 3-\u00fches juhtmevaba laadimisalus, valmistatud RCS (Recycled Claim Standard) sertifitseeritud taaskasutatud ABS-plastist. Taaskasutatud materjali osakaal on 60% toote kogukaalust. RCS-sertifikaat tagab, et kogu taaskasutatud materjalide tarneahel on sertifitseeritud. See juhtmevaba laadija v\u00f5imaldab telefoni laadida v\u00f5imalikult kiiresti ning on varustatud kahekordse m\u00e4hisega 15W juhtmevaba laadijaga telefonile, 5W juhtmevaba laadijaga tagak\u00fcljel ning 3W iWatchi laadijaga \u00fclaosas. Komplektis 120 cm Type-C laadimiskaabel, valmistatud RCS-sertifitseeritud taaskasutatud TPE-st. Urban Vitamin tooted on PVC-vabad ja pakendatud v\u00e4hendatud plastisisaldusega pakendisse. Sisend: 5V\/3A; 9V\/2A. V\u00e4ljund: 5V\/1A; 9V\/1.1A.<\/p>\n","protected":false},"excerpt":{"rendered":"<p>15W 3-\u00fches juhtmevaba laadimisalus, valmistatud RCS (Recycled Claim Standard) sertifitseeritud taaskasutatud ABS-plastist. Taaskasutatud materjali osakaal on&#8230;<\/p>\n","protected":false},"featured_media":0,"template":"","meta":[],"product_brand":[],"product_cat":[5418],"product_tag":[],"class_list":{"0":"post-1436062","1":"product","2":"type-product","3":"status-publish","5":"product_cat-nutiseadmete-lisatarvikud","6":"pa_gender-uniseks","7":"pa_gender-unisex","11":"first","12":"instock","13":"purchasable","14":"product-type-simple"},"acf":[],"yoast_head":"<!-- This site is optimized with the Yoast SEO plugin v26.0 - https:\/\/yoast.com\/wordpress\/plugins\/seo\/ -->\n<title>Urban Vitamin Fairfield 3-\u00fches RCS taaskasutatud plastist laadija - Kruze.ee<\/title>\n<meta name=\"robots\" content=\"index, follow, max-snippet:-1, max-image-preview:large, max-video-preview:-1\" \/>\n<link rel=\"canonical\" href=\"https:\/\/kruze.ee\/et\/toode\/urban-vitamin-fairfield-3-uhes-rcs-taaskasutatud-plastist-laadija\/\" \/>\n<meta property=\"og:locale\" content=\"et_EE\" \/>\n<meta property=\"og:type\" content=\"article\" \/>\n<meta property=\"og:title\" content=\"Urban Vitamin Fairfield 3-\u00fches RCS taaskasutatud plastist laadija - Kruze.ee\" \/>\n<meta property=\"og:description\" content=\"15W 3-\u00fches juhtmevaba laadimisalus, valmistatud RCS (Recycled Claim Standard) sertifitseeritud taaskasutatud ABS-plastist. Taaskasutatud materjali osakaal on...\" \/>\n<meta property=\"og:url\" content=\"https:\/\/kruze.ee\/et\/toode\/urban-vitamin-fairfield-3-uhes-rcs-taaskasutatud-plastist-laadija\/\" \/>\n<meta property=\"og:site_name\" content=\"Kruze.ee\" \/>\n<meta property=\"article:modified_time\" content=\"2026-03-16T21:50:30+00:00\" \/>\n<meta name=\"twitter:card\" content=\"summary_large_image\" \/>\n<script type=\"application\/ld+json\" class=\"yoast-schema-graph\">{\"@context\":\"https:\/\/schema.org\",\"@graph\":[{\"@type\":\"WebPage\",\"@id\":\"https:\/\/kruze.ee\/et\/toode\/urban-vitamin-fairfield-3-uhes-rcs-taaskasutatud-plastist-laadija\/\",\"url\":\"https:\/\/kruze.ee\/et\/toode\/urban-vitamin-fairfield-3-uhes-rcs-taaskasutatud-plastist-laadija\/\",\"name\":\"Urban Vitamin Fairfield 3-\u00fches RCS taaskasutatud plastist laadija - Kruze.ee\",\"isPartOf\":{\"@id\":\"https:\/\/kruze.ee\/et\/#website\"},\"datePublished\":\"2026-01-25T10:16:01+00:00\",\"dateModified\":\"2026-03-16T21:50:30+00:00\",\"breadcrumb\":{\"@id\":\"https:\/\/kruze.ee\/et\/toode\/urban-vitamin-fairfield-3-uhes-rcs-taaskasutatud-plastist-laadija\/#breadcrumb\"},\"inLanguage\":\"et\",\"potentialAction\":[{\"@type\":\"ReadAction\",\"target\":[\"https:\/\/kruze.ee\/et\/toode\/urban-vitamin-fairfield-3-uhes-rcs-taaskasutatud-plastist-laadija\/\"]}]},{\"@type\":\"BreadcrumbList\",\"@id\":\"https:\/\/kruze.ee\/et\/toode\/urban-vitamin-fairfield-3-uhes-rcs-taaskasutatud-plastist-laadija\/#breadcrumb\",\"itemListElement\":[{\"@type\":\"ListItem\",\"position\":1,\"name\":\"Home\",\"item\":\"https:\/\/kruze.ee\/et\/\"},{\"@type\":\"ListItem\",\"position\":2,\"name\":\"Tooted\",\"item\":\"https:\/\/kruze.ee\/et\/tooted\/\"},{\"@type\":\"ListItem\",\"position\":3,\"name\":\"Urban Vitamin Fairfield 3-\u00fches RCS taaskasutatud plastist laadija\"}]},{\"@type\":\"WebSite\",\"@id\":\"https:\/\/kruze.ee\/et\/#website\",\"url\":\"https:\/\/kruze.ee\/et\/\",\"name\":\"Kruze.ee\",\"description\":\"Reklaamkingitused, tr&uuml;kiga T-s&auml;rgid, fliisid, dressipluused, tekstiil, joped ja paljud teised logoga meened, &Auml;rikingitused sinu partnerile! Telli juba t&auml;na.\",\"potentialAction\":[{\"@type\":\"SearchAction\",\"target\":{\"@type\":\"EntryPoint\",\"urlTemplate\":\"https:\/\/kruze.ee\/et\/?s={search_term_string}\"},\"query-input\":{\"@type\":\"PropertyValueSpecification\",\"valueRequired\":true,\"valueName\":\"search_term_string\"}}],\"inLanguage\":\"et\"}]}<\/script>\n<!-- \/ Yoast SEO plugin. -->","yoast_head_json":{"title":"Urban Vitamin Fairfield 3-\u00fches RCS taaskasutatud plastist laadija - Kruze.ee","robots":{"index":"index","follow":"follow","max-snippet":"max-snippet:-1","max-image-preview":"max-image-preview:large","max-video-preview":"max-video-preview:-1"},"canonical":"https:\/\/kruze.ee\/et\/toode\/urban-vitamin-fairfield-3-uhes-rcs-taaskasutatud-plastist-laadija\/","og_locale":"et_EE","og_type":"article","og_title":"Urban Vitamin Fairfield 3-\u00fches RCS taaskasutatud plastist laadija - Kruze.ee","og_description":"15W 3-\u00fches juhtmevaba laadimisalus, valmistatud RCS (Recycled Claim Standard) sertifitseeritud taaskasutatud ABS-plastist. Taaskasutatud materjali osakaal on...","og_url":"https:\/\/kruze.ee\/et\/toode\/urban-vitamin-fairfield-3-uhes-rcs-taaskasutatud-plastist-laadija\/","og_site_name":"Kruze.ee","article_modified_time":"2026-03-16T21:50:30+00:00","twitter_card":"summary_large_image","schema":{"@context":"https:\/\/schema.org","@graph":[{"@type":"WebPage","@id":"https:\/\/kruze.ee\/et\/toode\/urban-vitamin-fairfield-3-uhes-rcs-taaskasutatud-plastist-laadija\/","url":"https:\/\/kruze.ee\/et\/toode\/urban-vitamin-fairfield-3-uhes-rcs-taaskasutatud-plastist-laadija\/","name":"Urban Vitamin Fairfield 3-\u00fches RCS taaskasutatud plastist laadija - Kruze.ee","isPartOf":{"@id":"https:\/\/kruze.ee\/et\/#website"},"datePublished":"2026-01-25T10:16:01+00:00","dateModified":"2026-03-16T21:50:30+00:00","breadcrumb":{"@id":"https:\/\/kruze.ee\/et\/toode\/urban-vitamin-fairfield-3-uhes-rcs-taaskasutatud-plastist-laadija\/#breadcrumb"},"inLanguage":"et","potentialAction":[{"@type":"ReadAction","target":["https:\/\/kruze.ee\/et\/toode\/urban-vitamin-fairfield-3-uhes-rcs-taaskasutatud-plastist-laadija\/"]}]},{"@type":"BreadcrumbList","@id":"https:\/\/kruze.ee\/et\/toode\/urban-vitamin-fairfield-3-uhes-rcs-taaskasutatud-plastist-laadija\/#breadcrumb","itemListElement":[{"@type":"ListItem","position":1,"name":"Home","item":"https:\/\/kruze.ee\/et\/"},{"@type":"ListItem","position":2,"name":"Tooted","item":"https:\/\/kruze.ee\/et\/tooted\/"},{"@type":"ListItem","position":3,"name":"Urban Vitamin Fairfield 3-\u00fches RCS taaskasutatud plastist laadija"}]},{"@type":"WebSite","@id":"https:\/\/kruze.ee\/et\/#website","url":"https:\/\/kruze.ee\/et\/","name":"Kruze.ee","description":"Reklaamkingitused, tr&uuml;kiga T-s&auml;rgid, fliisid, dressipluused, tekstiil, joped ja paljud teised logoga meened, &Auml;rikingitused sinu partnerile! Telli juba t&auml;na.","potentialAction":[{"@type":"SearchAction","target":{"@type":"EntryPoint","urlTemplate":"https:\/\/kruze.ee\/et\/?s={search_term_string}"},"query-input":{"@type":"PropertyValueSpecification","valueRequired":true,"valueName":"search_term_string"}}],"inLanguage":"et"}]}},"_links":{"self":[{"href":"https:\/\/kruze.ee\/et\/wp-json\/wp\/v2\/product\/1436062","targetHints":{"allow":["GET"]}}],"collection":[{"href":"https:\/\/kruze.ee\/et\/wp-json\/wp\/v2\/product"}],"about":[{"href":"https:\/\/kruze.ee\/et\/wp-json\/wp\/v2\/types\/product"}],"wp:attachment":[{"href":"https:\/\/kruze.ee\/et\/wp-json\/wp\/v2\/media?parent=1436062"}],"wp:term":[{"taxonomy":"product_brand","embeddable":true,"href":"https:\/\/kruze.ee\/et\/wp-json\/wp\/v2\/product_brand?post=1436062"},{"taxonomy":"product_cat","embeddable":true,"href":"https:\/\/kruze.ee\/et\/wp-json\/wp\/v2\/product_cat?post=1436062"},{"taxonomy":"product_tag","embeddable":true,"href":"https:\/\/kruze.ee\/et\/wp-json\/wp\/v2\/product_tag?post=1436062"}],"curies":[{"name":"wp","href":"https:\/\/api.w.org\/{rel}","templated":true}]}}