{"id":1436054,"date":"2026-01-25T13:15:54","date_gmt":"2026-01-25T10:15:54","guid":{"rendered":"https:\/\/kruze.ee\/product\/hiirematt-5w-juhtmevaba-laadimise-ja-usb-pesaga\/"},"modified":"2026-03-17T00:50:28","modified_gmt":"2026-03-16T21:50:28","slug":"hiirematt-5w-juhtmevaba-laadimise-ja-usb-pesaga","status":"publish","type":"product","link":"https:\/\/kruze.ee\/et\/toode\/hiirematt-5w-juhtmevaba-laadimise-ja-usb-pesaga\/","title":{"rendered":"Hiirematt 5W juhtmevaba laadimise ja USB-pesaga"},"content":{"rendered":"<p>Laadi oma nutitelefoni kaabli abil v\u00f5i mis tahes juhtmevaba laadimist toetavat mobiilseadet, asetades selle lihtsalt hiiremati paremale k\u00fcljele. Stiilne ja \u00f5huke ristk\u00fclikukujuline hiirematt on libisemiskindla p\u00f5hjaga ning varustatud telefonihoidiku ja nelja pliiatsihoidjaga. Komplektis 1,5 m kaabel. Sisend: 5V\/1A. V\u00e4ljund: 5V\/1A. Juhtmevaba v\u00e4ljund: 5V\/1A, 5W.<\/p>\n","protected":false},"excerpt":{"rendered":"<p>Laadi oma nutitelefoni kaabli abil v\u00f5i mis tahes juhtmevaba laadimist toetavat mobiilseadet, asetades selle lihtsalt hiiremati paremale k\u00fcljele. Stiilne ja&#8230;<\/p>\n","protected":false},"featured_media":0,"template":"","meta":[],"product_brand":[],"product_cat":[5418],"product_tag":[],"class_list":{"0":"post-1436054","1":"product","2":"type-product","3":"status-publish","5":"product_cat-nutiseadmete-lisatarvikud","6":"pa_gender-uniseks","7":"pa_gender-unisex","11":"first","12":"instock","13":"purchasable","14":"product-type-simple"},"acf":[],"yoast_head":"<!-- This site is optimized with the Yoast SEO plugin v26.0 - https:\/\/yoast.com\/wordpress\/plugins\/seo\/ -->\n<title>Hiirematt 5W juhtmevaba laadimise ja USB-pesaga - Kruze.ee<\/title>\n<meta name=\"robots\" content=\"index, follow, max-snippet:-1, max-image-preview:large, max-video-preview:-1\" \/>\n<link rel=\"canonical\" href=\"https:\/\/kruze.ee\/et\/toode\/hiirematt-5w-juhtmevaba-laadimise-ja-usb-pesaga\/\" \/>\n<meta property=\"og:locale\" content=\"et_EE\" \/>\n<meta property=\"og:type\" content=\"article\" \/>\n<meta property=\"og:title\" content=\"Hiirematt 5W juhtmevaba laadimise ja USB-pesaga - Kruze.ee\" \/>\n<meta property=\"og:description\" content=\"Laadi oma nutitelefoni kaabli abil v\u00f5i mis tahes juhtmevaba laadimist toetavat mobiilseadet, asetades selle lihtsalt hiiremati paremale k\u00fcljele. Stiilne ja...\" \/>\n<meta property=\"og:url\" content=\"https:\/\/kruze.ee\/et\/toode\/hiirematt-5w-juhtmevaba-laadimise-ja-usb-pesaga\/\" \/>\n<meta property=\"og:site_name\" content=\"Kruze.ee\" \/>\n<meta property=\"article:modified_time\" content=\"2026-03-16T21:50:28+00:00\" \/>\n<meta name=\"twitter:card\" content=\"summary_large_image\" \/>\n<script type=\"application\/ld+json\" class=\"yoast-schema-graph\">{\"@context\":\"https:\/\/schema.org\",\"@graph\":[{\"@type\":\"WebPage\",\"@id\":\"https:\/\/kruze.ee\/et\/toode\/hiirematt-5w-juhtmevaba-laadimise-ja-usb-pesaga\/\",\"url\":\"https:\/\/kruze.ee\/et\/toode\/hiirematt-5w-juhtmevaba-laadimise-ja-usb-pesaga\/\",\"name\":\"Hiirematt 5W juhtmevaba laadimise ja USB-pesaga - Kruze.ee\",\"isPartOf\":{\"@id\":\"https:\/\/kruze.ee\/et\/#website\"},\"datePublished\":\"2026-01-25T10:15:54+00:00\",\"dateModified\":\"2026-03-16T21:50:28+00:00\",\"breadcrumb\":{\"@id\":\"https:\/\/kruze.ee\/et\/toode\/hiirematt-5w-juhtmevaba-laadimise-ja-usb-pesaga\/#breadcrumb\"},\"inLanguage\":\"et\",\"potentialAction\":[{\"@type\":\"ReadAction\",\"target\":[\"https:\/\/kruze.ee\/et\/toode\/hiirematt-5w-juhtmevaba-laadimise-ja-usb-pesaga\/\"]}]},{\"@type\":\"BreadcrumbList\",\"@id\":\"https:\/\/kruze.ee\/et\/toode\/hiirematt-5w-juhtmevaba-laadimise-ja-usb-pesaga\/#breadcrumb\",\"itemListElement\":[{\"@type\":\"ListItem\",\"position\":1,\"name\":\"Home\",\"item\":\"https:\/\/kruze.ee\/et\/\"},{\"@type\":\"ListItem\",\"position\":2,\"name\":\"Tooted\",\"item\":\"https:\/\/kruze.ee\/et\/tooted\/\"},{\"@type\":\"ListItem\",\"position\":3,\"name\":\"Hiirematt 5W juhtmevaba laadimise ja USB-pesaga\"}]},{\"@type\":\"WebSite\",\"@id\":\"https:\/\/kruze.ee\/et\/#website\",\"url\":\"https:\/\/kruze.ee\/et\/\",\"name\":\"Kruze.ee\",\"description\":\"Reklaamkingitused, tr&uuml;kiga T-s&auml;rgid, fliisid, dressipluused, tekstiil, joped ja paljud teised logoga meened, &Auml;rikingitused sinu partnerile! Telli juba t&auml;na.\",\"potentialAction\":[{\"@type\":\"SearchAction\",\"target\":{\"@type\":\"EntryPoint\",\"urlTemplate\":\"https:\/\/kruze.ee\/et\/?s={search_term_string}\"},\"query-input\":{\"@type\":\"PropertyValueSpecification\",\"valueRequired\":true,\"valueName\":\"search_term_string\"}}],\"inLanguage\":\"et\"}]}<\/script>\n<!-- \/ Yoast SEO plugin. -->","yoast_head_json":{"title":"Hiirematt 5W juhtmevaba laadimise ja USB-pesaga - Kruze.ee","robots":{"index":"index","follow":"follow","max-snippet":"max-snippet:-1","max-image-preview":"max-image-preview:large","max-video-preview":"max-video-preview:-1"},"canonical":"https:\/\/kruze.ee\/et\/toode\/hiirematt-5w-juhtmevaba-laadimise-ja-usb-pesaga\/","og_locale":"et_EE","og_type":"article","og_title":"Hiirematt 5W juhtmevaba laadimise ja USB-pesaga - Kruze.ee","og_description":"Laadi oma nutitelefoni kaabli abil v\u00f5i mis tahes juhtmevaba laadimist toetavat mobiilseadet, asetades selle lihtsalt hiiremati paremale k\u00fcljele. Stiilne ja...","og_url":"https:\/\/kruze.ee\/et\/toode\/hiirematt-5w-juhtmevaba-laadimise-ja-usb-pesaga\/","og_site_name":"Kruze.ee","article_modified_time":"2026-03-16T21:50:28+00:00","twitter_card":"summary_large_image","schema":{"@context":"https:\/\/schema.org","@graph":[{"@type":"WebPage","@id":"https:\/\/kruze.ee\/et\/toode\/hiirematt-5w-juhtmevaba-laadimise-ja-usb-pesaga\/","url":"https:\/\/kruze.ee\/et\/toode\/hiirematt-5w-juhtmevaba-laadimise-ja-usb-pesaga\/","name":"Hiirematt 5W juhtmevaba laadimise ja USB-pesaga - Kruze.ee","isPartOf":{"@id":"https:\/\/kruze.ee\/et\/#website"},"datePublished":"2026-01-25T10:15:54+00:00","dateModified":"2026-03-16T21:50:28+00:00","breadcrumb":{"@id":"https:\/\/kruze.ee\/et\/toode\/hiirematt-5w-juhtmevaba-laadimise-ja-usb-pesaga\/#breadcrumb"},"inLanguage":"et","potentialAction":[{"@type":"ReadAction","target":["https:\/\/kruze.ee\/et\/toode\/hiirematt-5w-juhtmevaba-laadimise-ja-usb-pesaga\/"]}]},{"@type":"BreadcrumbList","@id":"https:\/\/kruze.ee\/et\/toode\/hiirematt-5w-juhtmevaba-laadimise-ja-usb-pesaga\/#breadcrumb","itemListElement":[{"@type":"ListItem","position":1,"name":"Home","item":"https:\/\/kruze.ee\/et\/"},{"@type":"ListItem","position":2,"name":"Tooted","item":"https:\/\/kruze.ee\/et\/tooted\/"},{"@type":"ListItem","position":3,"name":"Hiirematt 5W juhtmevaba laadimise ja USB-pesaga"}]},{"@type":"WebSite","@id":"https:\/\/kruze.ee\/et\/#website","url":"https:\/\/kruze.ee\/et\/","name":"Kruze.ee","description":"Reklaamkingitused, tr&uuml;kiga T-s&auml;rgid, fliisid, dressipluused, tekstiil, joped ja paljud teised logoga meened, &Auml;rikingitused sinu partnerile! Telli juba t&auml;na.","potentialAction":[{"@type":"SearchAction","target":{"@type":"EntryPoint","urlTemplate":"https:\/\/kruze.ee\/et\/?s={search_term_string}"},"query-input":{"@type":"PropertyValueSpecification","valueRequired":true,"valueName":"search_term_string"}}],"inLanguage":"et"}]}},"_links":{"self":[{"href":"https:\/\/kruze.ee\/et\/wp-json\/wp\/v2\/product\/1436054","targetHints":{"allow":["GET"]}}],"collection":[{"href":"https:\/\/kruze.ee\/et\/wp-json\/wp\/v2\/product"}],"about":[{"href":"https:\/\/kruze.ee\/et\/wp-json\/wp\/v2\/types\/product"}],"wp:attachment":[{"href":"https:\/\/kruze.ee\/et\/wp-json\/wp\/v2\/media?parent=1436054"}],"wp:term":[{"taxonomy":"product_brand","embeddable":true,"href":"https:\/\/kruze.ee\/et\/wp-json\/wp\/v2\/product_brand?post=1436054"},{"taxonomy":"product_cat","embeddable":true,"href":"https:\/\/kruze.ee\/et\/wp-json\/wp\/v2\/product_cat?post=1436054"},{"taxonomy":"product_tag","embeddable":true,"href":"https:\/\/kruze.ee\/et\/wp-json\/wp\/v2\/product_tag?post=1436054"}],"curies":[{"name":"wp","href":"https:\/\/api.w.org\/{rel}","templated":true}]}}