{"id":1435315,"date":"2026-01-24T14:49:04","date_gmt":"2026-01-24T11:49:04","guid":{"rendered":"https:\/\/kruze.ee\/product\/xd-collection-5-uhes-mangukomplekt\/"},"modified":"2026-03-17T01:07:57","modified_gmt":"2026-03-16T22:07:57","slug":"xd-collection-5-uhes-mangukomplekt","status":"publish","type":"product","link":"https:\/\/kruze.ee\/et\/toode\/xd-collection-5-uhes-mangukomplekt\/","title":{"rendered":"XD Collection 5-\u00fches m\u00e4ngukomplekt"},"content":{"rendered":"<p>Naudi l\u00f5busaid m\u00e4nguhetki koos s\u00f5pradega! See 5-\u00fches m\u00e4ngukomplekt sisaldab: mikadot, m\u00e4ngukaarte, doominot, malet ja backgammon\u2019i. Valgest m\u00e4nnipuidust karp m\u00f5\u00f5tudega 17 \u00d7 17 \u00d7 3,7 cm, mille kaane \u00fchel k\u00fcljel on musta tr\u00fckiga malelaud ning karbi p\u00f5hjal musta\/punase tr\u00fckiga backgammon\u2019i m\u00e4ngulaud. Valmistatud FSC\u00ae-sertifitseeritud puidust. Pakendatud FSC\u00ae-sertifitseeritud kraft kinkepakendisse.<\/p>\n","protected":false},"excerpt":{"rendered":"<p>Naudi l\u00f5busaid m\u00e4nguhetki koos s\u00f5pradega! See 5-\u00fches m\u00e4ngukomplekt sisaldab: mikadot, m\u00e4ngukaarte, doominot, malet ja backgammon\u2019i. Valgest m\u00e4nnipuidust karp&#8230;<\/p>\n","protected":false},"featured_media":0,"template":"","meta":[],"product_brand":[],"product_cat":[5371],"product_tag":[],"class_list":{"0":"post-1435315","1":"product","2":"type-product","3":"status-publish","5":"product_cat-mangud-ja-manguasjad","6":"pa_gender-uniseks","7":"pa_gender-unisex","11":"first","12":"instock","13":"purchasable","14":"product-type-simple"},"acf":[],"yoast_head":"<!-- This site is optimized with the Yoast SEO plugin v26.0 - https:\/\/yoast.com\/wordpress\/plugins\/seo\/ -->\n<title>XD Collection 5-\u00fches m\u00e4ngukomplekt - Kruze.ee<\/title>\n<meta name=\"robots\" content=\"index, follow, max-snippet:-1, max-image-preview:large, max-video-preview:-1\" \/>\n<link rel=\"canonical\" href=\"https:\/\/kruze.ee\/et\/toode\/xd-collection-5-uhes-mangukomplekt\/\" \/>\n<meta property=\"og:locale\" content=\"et_EE\" \/>\n<meta property=\"og:type\" content=\"article\" \/>\n<meta property=\"og:title\" content=\"XD Collection 5-\u00fches m\u00e4ngukomplekt - Kruze.ee\" \/>\n<meta property=\"og:description\" content=\"Naudi l\u00f5busaid m\u00e4nguhetki koos s\u00f5pradega! See 5-\u00fches m\u00e4ngukomplekt sisaldab: mikadot, m\u00e4ngukaarte, doominot, malet ja backgammon\u2019i. Valgest m\u00e4nnipuidust karp...\" \/>\n<meta property=\"og:url\" content=\"https:\/\/kruze.ee\/et\/toode\/xd-collection-5-uhes-mangukomplekt\/\" \/>\n<meta property=\"og:site_name\" content=\"Kruze.ee\" \/>\n<meta property=\"article:modified_time\" content=\"2026-03-16T22:07:57+00:00\" \/>\n<meta name=\"twitter:card\" content=\"summary_large_image\" \/>\n<script type=\"application\/ld+json\" class=\"yoast-schema-graph\">{\"@context\":\"https:\/\/schema.org\",\"@graph\":[{\"@type\":\"WebPage\",\"@id\":\"https:\/\/kruze.ee\/et\/toode\/xd-collection-5-uhes-mangukomplekt\/\",\"url\":\"https:\/\/kruze.ee\/et\/toode\/xd-collection-5-uhes-mangukomplekt\/\",\"name\":\"XD Collection 5-\u00fches m\u00e4ngukomplekt - Kruze.ee\",\"isPartOf\":{\"@id\":\"https:\/\/kruze.ee\/et\/#website\"},\"datePublished\":\"2026-01-24T11:49:04+00:00\",\"dateModified\":\"2026-03-16T22:07:57+00:00\",\"breadcrumb\":{\"@id\":\"https:\/\/kruze.ee\/et\/toode\/xd-collection-5-uhes-mangukomplekt\/#breadcrumb\"},\"inLanguage\":\"et\",\"potentialAction\":[{\"@type\":\"ReadAction\",\"target\":[\"https:\/\/kruze.ee\/et\/toode\/xd-collection-5-uhes-mangukomplekt\/\"]}]},{\"@type\":\"BreadcrumbList\",\"@id\":\"https:\/\/kruze.ee\/et\/toode\/xd-collection-5-uhes-mangukomplekt\/#breadcrumb\",\"itemListElement\":[{\"@type\":\"ListItem\",\"position\":1,\"name\":\"Home\",\"item\":\"https:\/\/kruze.ee\/et\/\"},{\"@type\":\"ListItem\",\"position\":2,\"name\":\"Tooted\",\"item\":\"https:\/\/kruze.ee\/et\/tooted\/\"},{\"@type\":\"ListItem\",\"position\":3,\"name\":\"XD Collection 5-\u00fches m\u00e4ngukomplekt\"}]},{\"@type\":\"WebSite\",\"@id\":\"https:\/\/kruze.ee\/et\/#website\",\"url\":\"https:\/\/kruze.ee\/et\/\",\"name\":\"Kruze.ee\",\"description\":\"Reklaamkingitused, tr&uuml;kiga T-s&auml;rgid, fliisid, dressipluused, tekstiil, joped ja paljud teised logoga meened, &Auml;rikingitused sinu partnerile! Telli juba t&auml;na.\",\"potentialAction\":[{\"@type\":\"SearchAction\",\"target\":{\"@type\":\"EntryPoint\",\"urlTemplate\":\"https:\/\/kruze.ee\/et\/?s={search_term_string}\"},\"query-input\":{\"@type\":\"PropertyValueSpecification\",\"valueRequired\":true,\"valueName\":\"search_term_string\"}}],\"inLanguage\":\"et\"}]}<\/script>\n<!-- \/ Yoast SEO plugin. -->","yoast_head_json":{"title":"XD Collection 5-\u00fches m\u00e4ngukomplekt - Kruze.ee","robots":{"index":"index","follow":"follow","max-snippet":"max-snippet:-1","max-image-preview":"max-image-preview:large","max-video-preview":"max-video-preview:-1"},"canonical":"https:\/\/kruze.ee\/et\/toode\/xd-collection-5-uhes-mangukomplekt\/","og_locale":"et_EE","og_type":"article","og_title":"XD Collection 5-\u00fches m\u00e4ngukomplekt - Kruze.ee","og_description":"Naudi l\u00f5busaid m\u00e4nguhetki koos s\u00f5pradega! See 5-\u00fches m\u00e4ngukomplekt sisaldab: mikadot, m\u00e4ngukaarte, doominot, malet ja backgammon\u2019i. Valgest m\u00e4nnipuidust karp...","og_url":"https:\/\/kruze.ee\/et\/toode\/xd-collection-5-uhes-mangukomplekt\/","og_site_name":"Kruze.ee","article_modified_time":"2026-03-16T22:07:57+00:00","twitter_card":"summary_large_image","schema":{"@context":"https:\/\/schema.org","@graph":[{"@type":"WebPage","@id":"https:\/\/kruze.ee\/et\/toode\/xd-collection-5-uhes-mangukomplekt\/","url":"https:\/\/kruze.ee\/et\/toode\/xd-collection-5-uhes-mangukomplekt\/","name":"XD Collection 5-\u00fches m\u00e4ngukomplekt - Kruze.ee","isPartOf":{"@id":"https:\/\/kruze.ee\/et\/#website"},"datePublished":"2026-01-24T11:49:04+00:00","dateModified":"2026-03-16T22:07:57+00:00","breadcrumb":{"@id":"https:\/\/kruze.ee\/et\/toode\/xd-collection-5-uhes-mangukomplekt\/#breadcrumb"},"inLanguage":"et","potentialAction":[{"@type":"ReadAction","target":["https:\/\/kruze.ee\/et\/toode\/xd-collection-5-uhes-mangukomplekt\/"]}]},{"@type":"BreadcrumbList","@id":"https:\/\/kruze.ee\/et\/toode\/xd-collection-5-uhes-mangukomplekt\/#breadcrumb","itemListElement":[{"@type":"ListItem","position":1,"name":"Home","item":"https:\/\/kruze.ee\/et\/"},{"@type":"ListItem","position":2,"name":"Tooted","item":"https:\/\/kruze.ee\/et\/tooted\/"},{"@type":"ListItem","position":3,"name":"XD Collection 5-\u00fches m\u00e4ngukomplekt"}]},{"@type":"WebSite","@id":"https:\/\/kruze.ee\/et\/#website","url":"https:\/\/kruze.ee\/et\/","name":"Kruze.ee","description":"Reklaamkingitused, tr&uuml;kiga T-s&auml;rgid, fliisid, dressipluused, tekstiil, joped ja paljud teised logoga meened, &Auml;rikingitused sinu partnerile! Telli juba t&auml;na.","potentialAction":[{"@type":"SearchAction","target":{"@type":"EntryPoint","urlTemplate":"https:\/\/kruze.ee\/et\/?s={search_term_string}"},"query-input":{"@type":"PropertyValueSpecification","valueRequired":true,"valueName":"search_term_string"}}],"inLanguage":"et"}]}},"_links":{"self":[{"href":"https:\/\/kruze.ee\/et\/wp-json\/wp\/v2\/product\/1435315","targetHints":{"allow":["GET"]}}],"collection":[{"href":"https:\/\/kruze.ee\/et\/wp-json\/wp\/v2\/product"}],"about":[{"href":"https:\/\/kruze.ee\/et\/wp-json\/wp\/v2\/types\/product"}],"wp:attachment":[{"href":"https:\/\/kruze.ee\/et\/wp-json\/wp\/v2\/media?parent=1435315"}],"wp:term":[{"taxonomy":"product_brand","embeddable":true,"href":"https:\/\/kruze.ee\/et\/wp-json\/wp\/v2\/product_brand?post=1435315"},{"taxonomy":"product_cat","embeddable":true,"href":"https:\/\/kruze.ee\/et\/wp-json\/wp\/v2\/product_cat?post=1435315"},{"taxonomy":"product_tag","embeddable":true,"href":"https:\/\/kruze.ee\/et\/wp-json\/wp\/v2\/product_tag?post=1435315"}],"curies":[{"name":"wp","href":"https:\/\/api.w.org\/{rel}","templated":true}]}}