{"id":1435311,"date":"2026-01-24T14:49:00","date_gmt":"2026-01-24T11:49:00","guid":{"rendered":"https:\/\/kruze.ee\/product\/xd-collection-britton-kokkupandav-korgist-backgammoni-ja-kabe-mangukomplekt\/"},"modified":"2026-03-17T01:07:56","modified_gmt":"2026-03-16T22:07:56","slug":"xd-collection-britton-kokkupandav-korgist-backgammoni-ja-kabe-mangukomplekt","status":"publish","type":"product","link":"https:\/\/kruze.ee\/et\/toode\/xd-collection-britton-kokkupandav-korgist-backgammoni-ja-kabe-mangukomplekt\/","title":{"rendered":"XD Collection Britton kokkupandav korgist backgammon\u2019i ja kabe m\u00e4ngukomplekt"},"content":{"rendered":"<p>See kokkupandav backgammon\u2019i ja kabe m\u00e4ngukomplekt on kaasaegne ja kvaliteetne lauam\u00e4ngukomplekt, millel on FSC\u00ae-sertifitseeritud korgist m\u00e4ngupind ja m\u00e4ngulised v\u00e4rvid. Komplekt on kokkupandav, mis teeb selle lihtsasti hoiustatavaks ja kaasaskantavaks, ning sisaldab m\u00e4ngunuppe ja t\u00e4ringut. Klassikalise disaini ja vastupidavate m\u00e4ngunuppudega on see suurep\u00e4rane valik k\u00f5igile, kes armastavad neid ajatu v\u00e4\u00e4rtusega lauam\u00e4nge ning soovivad komplekti, mida on mugav transportida ja hoiustada.<\/p>\n","protected":false},"excerpt":{"rendered":"<p>See kokkupandav backgammon\u2019i ja kabe m\u00e4ngukomplekt on kaasaegne ja kvaliteetne lauam\u00e4ngukomplekt, millel on FSC\u00ae-sertifitseeritud korgist m\u00e4ngupind ja&#8230;<\/p>\n","protected":false},"featured_media":0,"template":"","meta":[],"product_brand":[],"product_cat":[5371],"product_tag":[],"class_list":{"0":"post-1435311","1":"product","2":"type-product","3":"status-publish","5":"product_cat-mangud-ja-manguasjad","6":"pa_gender-uniseks","7":"pa_gender-unisex","11":"first","12":"instock","13":"purchasable","14":"product-type-simple"},"acf":[],"yoast_head":"<!-- This site is optimized with the Yoast SEO plugin v26.0 - https:\/\/yoast.com\/wordpress\/plugins\/seo\/ -->\n<title>XD Collection Britton kokkupandav korgist backgammon\u2019i ja kabe m\u00e4ngukomplekt - Kruze.ee<\/title>\n<meta name=\"robots\" content=\"index, follow, max-snippet:-1, max-image-preview:large, max-video-preview:-1\" \/>\n<link rel=\"canonical\" href=\"https:\/\/kruze.ee\/et\/toode\/xd-collection-britton-kokkupandav-korgist-backgammoni-ja-kabe-mangukomplekt\/\" \/>\n<meta property=\"og:locale\" content=\"et_EE\" \/>\n<meta property=\"og:type\" content=\"article\" \/>\n<meta property=\"og:title\" content=\"XD Collection Britton kokkupandav korgist backgammon\u2019i ja kabe m\u00e4ngukomplekt - Kruze.ee\" \/>\n<meta property=\"og:description\" content=\"See kokkupandav backgammon\u2019i ja kabe m\u00e4ngukomplekt on kaasaegne ja kvaliteetne lauam\u00e4ngukomplekt, millel on FSC\u00ae-sertifitseeritud korgist m\u00e4ngupind ja...\" \/>\n<meta property=\"og:url\" content=\"https:\/\/kruze.ee\/et\/toode\/xd-collection-britton-kokkupandav-korgist-backgammoni-ja-kabe-mangukomplekt\/\" \/>\n<meta property=\"og:site_name\" content=\"Kruze.ee\" \/>\n<meta property=\"article:modified_time\" content=\"2026-03-16T22:07:56+00:00\" \/>\n<meta name=\"twitter:card\" content=\"summary_large_image\" \/>\n<script type=\"application\/ld+json\" class=\"yoast-schema-graph\">{\"@context\":\"https:\/\/schema.org\",\"@graph\":[{\"@type\":\"WebPage\",\"@id\":\"https:\/\/kruze.ee\/et\/toode\/xd-collection-britton-kokkupandav-korgist-backgammoni-ja-kabe-mangukomplekt\/\",\"url\":\"https:\/\/kruze.ee\/et\/toode\/xd-collection-britton-kokkupandav-korgist-backgammoni-ja-kabe-mangukomplekt\/\",\"name\":\"XD Collection Britton kokkupandav korgist backgammon\u2019i ja kabe m\u00e4ngukomplekt - Kruze.ee\",\"isPartOf\":{\"@id\":\"https:\/\/kruze.ee\/et\/#website\"},\"datePublished\":\"2026-01-24T11:49:00+00:00\",\"dateModified\":\"2026-03-16T22:07:56+00:00\",\"breadcrumb\":{\"@id\":\"https:\/\/kruze.ee\/et\/toode\/xd-collection-britton-kokkupandav-korgist-backgammoni-ja-kabe-mangukomplekt\/#breadcrumb\"},\"inLanguage\":\"et\",\"potentialAction\":[{\"@type\":\"ReadAction\",\"target\":[\"https:\/\/kruze.ee\/et\/toode\/xd-collection-britton-kokkupandav-korgist-backgammoni-ja-kabe-mangukomplekt\/\"]}]},{\"@type\":\"BreadcrumbList\",\"@id\":\"https:\/\/kruze.ee\/et\/toode\/xd-collection-britton-kokkupandav-korgist-backgammoni-ja-kabe-mangukomplekt\/#breadcrumb\",\"itemListElement\":[{\"@type\":\"ListItem\",\"position\":1,\"name\":\"Home\",\"item\":\"https:\/\/kruze.ee\/et\/\"},{\"@type\":\"ListItem\",\"position\":2,\"name\":\"Tooted\",\"item\":\"https:\/\/kruze.ee\/et\/tooted\/\"},{\"@type\":\"ListItem\",\"position\":3,\"name\":\"XD Collection Britton kokkupandav korgist backgammon\u2019i ja kabe m\u00e4ngukomplekt\"}]},{\"@type\":\"WebSite\",\"@id\":\"https:\/\/kruze.ee\/et\/#website\",\"url\":\"https:\/\/kruze.ee\/et\/\",\"name\":\"Kruze.ee\",\"description\":\"Reklaamkingitused, tr&uuml;kiga T-s&auml;rgid, fliisid, dressipluused, tekstiil, joped ja paljud teised logoga meened, &Auml;rikingitused sinu partnerile! Telli juba t&auml;na.\",\"potentialAction\":[{\"@type\":\"SearchAction\",\"target\":{\"@type\":\"EntryPoint\",\"urlTemplate\":\"https:\/\/kruze.ee\/et\/?s={search_term_string}\"},\"query-input\":{\"@type\":\"PropertyValueSpecification\",\"valueRequired\":true,\"valueName\":\"search_term_string\"}}],\"inLanguage\":\"et\"}]}<\/script>\n<!-- \/ Yoast SEO plugin. -->","yoast_head_json":{"title":"XD Collection Britton kokkupandav korgist backgammon\u2019i ja kabe m\u00e4ngukomplekt - Kruze.ee","robots":{"index":"index","follow":"follow","max-snippet":"max-snippet:-1","max-image-preview":"max-image-preview:large","max-video-preview":"max-video-preview:-1"},"canonical":"https:\/\/kruze.ee\/et\/toode\/xd-collection-britton-kokkupandav-korgist-backgammoni-ja-kabe-mangukomplekt\/","og_locale":"et_EE","og_type":"article","og_title":"XD Collection Britton kokkupandav korgist backgammon\u2019i ja kabe m\u00e4ngukomplekt - Kruze.ee","og_description":"See kokkupandav backgammon\u2019i ja kabe m\u00e4ngukomplekt on kaasaegne ja kvaliteetne lauam\u00e4ngukomplekt, millel on FSC\u00ae-sertifitseeritud korgist m\u00e4ngupind ja...","og_url":"https:\/\/kruze.ee\/et\/toode\/xd-collection-britton-kokkupandav-korgist-backgammoni-ja-kabe-mangukomplekt\/","og_site_name":"Kruze.ee","article_modified_time":"2026-03-16T22:07:56+00:00","twitter_card":"summary_large_image","schema":{"@context":"https:\/\/schema.org","@graph":[{"@type":"WebPage","@id":"https:\/\/kruze.ee\/et\/toode\/xd-collection-britton-kokkupandav-korgist-backgammoni-ja-kabe-mangukomplekt\/","url":"https:\/\/kruze.ee\/et\/toode\/xd-collection-britton-kokkupandav-korgist-backgammoni-ja-kabe-mangukomplekt\/","name":"XD Collection Britton kokkupandav korgist backgammon\u2019i ja kabe m\u00e4ngukomplekt - Kruze.ee","isPartOf":{"@id":"https:\/\/kruze.ee\/et\/#website"},"datePublished":"2026-01-24T11:49:00+00:00","dateModified":"2026-03-16T22:07:56+00:00","breadcrumb":{"@id":"https:\/\/kruze.ee\/et\/toode\/xd-collection-britton-kokkupandav-korgist-backgammoni-ja-kabe-mangukomplekt\/#breadcrumb"},"inLanguage":"et","potentialAction":[{"@type":"ReadAction","target":["https:\/\/kruze.ee\/et\/toode\/xd-collection-britton-kokkupandav-korgist-backgammoni-ja-kabe-mangukomplekt\/"]}]},{"@type":"BreadcrumbList","@id":"https:\/\/kruze.ee\/et\/toode\/xd-collection-britton-kokkupandav-korgist-backgammoni-ja-kabe-mangukomplekt\/#breadcrumb","itemListElement":[{"@type":"ListItem","position":1,"name":"Home","item":"https:\/\/kruze.ee\/et\/"},{"@type":"ListItem","position":2,"name":"Tooted","item":"https:\/\/kruze.ee\/et\/tooted\/"},{"@type":"ListItem","position":3,"name":"XD Collection Britton kokkupandav korgist backgammon\u2019i ja kabe m\u00e4ngukomplekt"}]},{"@type":"WebSite","@id":"https:\/\/kruze.ee\/et\/#website","url":"https:\/\/kruze.ee\/et\/","name":"Kruze.ee","description":"Reklaamkingitused, tr&uuml;kiga T-s&auml;rgid, fliisid, dressipluused, tekstiil, joped ja paljud teised logoga meened, &Auml;rikingitused sinu partnerile! Telli juba t&auml;na.","potentialAction":[{"@type":"SearchAction","target":{"@type":"EntryPoint","urlTemplate":"https:\/\/kruze.ee\/et\/?s={search_term_string}"},"query-input":{"@type":"PropertyValueSpecification","valueRequired":true,"valueName":"search_term_string"}}],"inLanguage":"et"}]}},"_links":{"self":[{"href":"https:\/\/kruze.ee\/et\/wp-json\/wp\/v2\/product\/1435311","targetHints":{"allow":["GET"]}}],"collection":[{"href":"https:\/\/kruze.ee\/et\/wp-json\/wp\/v2\/product"}],"about":[{"href":"https:\/\/kruze.ee\/et\/wp-json\/wp\/v2\/types\/product"}],"wp:attachment":[{"href":"https:\/\/kruze.ee\/et\/wp-json\/wp\/v2\/media?parent=1435311"}],"wp:term":[{"taxonomy":"product_brand","embeddable":true,"href":"https:\/\/kruze.ee\/et\/wp-json\/wp\/v2\/product_brand?post=1435311"},{"taxonomy":"product_cat","embeddable":true,"href":"https:\/\/kruze.ee\/et\/wp-json\/wp\/v2\/product_cat?post=1435311"},{"taxonomy":"product_tag","embeddable":true,"href":"https:\/\/kruze.ee\/et\/wp-json\/wp\/v2\/product_tag?post=1435311"}],"curies":[{"name":"wp","href":"https:\/\/api.w.org\/{rel}","templated":true}]}}