{"id":1435305,"date":"2026-01-24T14:48:53","date_gmt":"2026-01-24T11:48:53","guid":{"rendered":"https:\/\/kruze.ee\/product\/xd-collection-puidust-sudoku-mang\/"},"modified":"2026-03-17T01:07:53","modified_gmt":"2026-03-16T22:07:53","slug":"xd-collection-puidust-sudoku-mang","status":"publish","type":"product","link":"https:\/\/kruze.ee\/et\/toode\/xd-collection-puidust-sudoku-mang\/","title":{"rendered":"XD Collection puidust Sudoku m\u00e4ng"},"content":{"rendered":"<p>Selle FSC\u00ae-sertifitseeritud puidust Sudoku m\u00e4nguga j\u00e4tkub m\u00e4ngur\u00f5\u00f5mu tundideks! Kogu m\u00e4ng, sealhulgas nupud, on valmistatud puidust ning komplektiga on kaasas t\u00e4ispuidust kaas, mis kaitseb detaile. Komplekt sisaldab lihtsasti arusaadavaid reegleid Sudoku m\u00e4ngimiseks ja lahendamiseks. \u00dche m\u00f5istatuse lahendamine v\u00f5ib s\u00f5ltuvalt kogemusest v\u00f5tta aega 20 minutist kuni 2 tunnini. Pakendatud FSC\u00ae-sertifitseeritud kraftkarpi.<\/p>\n","protected":false},"excerpt":{"rendered":"<p>Selle FSC\u00ae-sertifitseeritud puidust Sudoku m\u00e4nguga j\u00e4tkub m\u00e4ngur\u00f5\u00f5mu tundideks! Kogu m\u00e4ng, sealhulgas nupud, on valmistatud puidust ning komplektiga on kaasas&#8230;<\/p>\n","protected":false},"featured_media":0,"template":"","meta":[],"product_brand":[],"product_cat":[5371],"product_tag":[],"class_list":{"0":"post-1435305","1":"product","2":"type-product","3":"status-publish","5":"product_cat-mangud-ja-manguasjad","6":"pa_gender-uniseks","7":"pa_gender-unisex","11":"first","12":"instock","13":"purchasable","14":"product-type-simple"},"acf":[],"yoast_head":"<!-- This site is optimized with the Yoast SEO plugin v26.0 - https:\/\/yoast.com\/wordpress\/plugins\/seo\/ -->\n<title>XD Collection puidust Sudoku m\u00e4ng - Kruze.ee<\/title>\n<meta name=\"robots\" content=\"index, follow, max-snippet:-1, max-image-preview:large, max-video-preview:-1\" \/>\n<link rel=\"canonical\" href=\"https:\/\/kruze.ee\/et\/toode\/xd-collection-puidust-sudoku-mang\/\" \/>\n<meta property=\"og:locale\" content=\"et_EE\" \/>\n<meta property=\"og:type\" content=\"article\" \/>\n<meta property=\"og:title\" content=\"XD Collection puidust Sudoku m\u00e4ng - Kruze.ee\" \/>\n<meta property=\"og:description\" content=\"Selle FSC\u00ae-sertifitseeritud puidust Sudoku m\u00e4nguga j\u00e4tkub m\u00e4ngur\u00f5\u00f5mu tundideks! Kogu m\u00e4ng, sealhulgas nupud, on valmistatud puidust ning komplektiga on kaasas...\" \/>\n<meta property=\"og:url\" content=\"https:\/\/kruze.ee\/et\/toode\/xd-collection-puidust-sudoku-mang\/\" \/>\n<meta property=\"og:site_name\" content=\"Kruze.ee\" \/>\n<meta property=\"article:modified_time\" content=\"2026-03-16T22:07:53+00:00\" \/>\n<meta name=\"twitter:card\" content=\"summary_large_image\" \/>\n<script type=\"application\/ld+json\" class=\"yoast-schema-graph\">{\"@context\":\"https:\/\/schema.org\",\"@graph\":[{\"@type\":\"WebPage\",\"@id\":\"https:\/\/kruze.ee\/et\/toode\/xd-collection-puidust-sudoku-mang\/\",\"url\":\"https:\/\/kruze.ee\/et\/toode\/xd-collection-puidust-sudoku-mang\/\",\"name\":\"XD Collection puidust Sudoku m\u00e4ng - Kruze.ee\",\"isPartOf\":{\"@id\":\"https:\/\/kruze.ee\/et\/#website\"},\"datePublished\":\"2026-01-24T11:48:53+00:00\",\"dateModified\":\"2026-03-16T22:07:53+00:00\",\"breadcrumb\":{\"@id\":\"https:\/\/kruze.ee\/et\/toode\/xd-collection-puidust-sudoku-mang\/#breadcrumb\"},\"inLanguage\":\"et\",\"potentialAction\":[{\"@type\":\"ReadAction\",\"target\":[\"https:\/\/kruze.ee\/et\/toode\/xd-collection-puidust-sudoku-mang\/\"]}]},{\"@type\":\"BreadcrumbList\",\"@id\":\"https:\/\/kruze.ee\/et\/toode\/xd-collection-puidust-sudoku-mang\/#breadcrumb\",\"itemListElement\":[{\"@type\":\"ListItem\",\"position\":1,\"name\":\"Home\",\"item\":\"https:\/\/kruze.ee\/et\/\"},{\"@type\":\"ListItem\",\"position\":2,\"name\":\"Tooted\",\"item\":\"https:\/\/kruze.ee\/et\/tooted\/\"},{\"@type\":\"ListItem\",\"position\":3,\"name\":\"XD Collection puidust Sudoku m\u00e4ng\"}]},{\"@type\":\"WebSite\",\"@id\":\"https:\/\/kruze.ee\/et\/#website\",\"url\":\"https:\/\/kruze.ee\/et\/\",\"name\":\"Kruze.ee\",\"description\":\"Reklaamkingitused, tr&uuml;kiga T-s&auml;rgid, fliisid, dressipluused, tekstiil, joped ja paljud teised logoga meened, &Auml;rikingitused sinu partnerile! Telli juba t&auml;na.\",\"potentialAction\":[{\"@type\":\"SearchAction\",\"target\":{\"@type\":\"EntryPoint\",\"urlTemplate\":\"https:\/\/kruze.ee\/et\/?s={search_term_string}\"},\"query-input\":{\"@type\":\"PropertyValueSpecification\",\"valueRequired\":true,\"valueName\":\"search_term_string\"}}],\"inLanguage\":\"et\"}]}<\/script>\n<!-- \/ Yoast SEO plugin. -->","yoast_head_json":{"title":"XD Collection puidust Sudoku m\u00e4ng - Kruze.ee","robots":{"index":"index","follow":"follow","max-snippet":"max-snippet:-1","max-image-preview":"max-image-preview:large","max-video-preview":"max-video-preview:-1"},"canonical":"https:\/\/kruze.ee\/et\/toode\/xd-collection-puidust-sudoku-mang\/","og_locale":"et_EE","og_type":"article","og_title":"XD Collection puidust Sudoku m\u00e4ng - Kruze.ee","og_description":"Selle FSC\u00ae-sertifitseeritud puidust Sudoku m\u00e4nguga j\u00e4tkub m\u00e4ngur\u00f5\u00f5mu tundideks! Kogu m\u00e4ng, sealhulgas nupud, on valmistatud puidust ning komplektiga on kaasas...","og_url":"https:\/\/kruze.ee\/et\/toode\/xd-collection-puidust-sudoku-mang\/","og_site_name":"Kruze.ee","article_modified_time":"2026-03-16T22:07:53+00:00","twitter_card":"summary_large_image","schema":{"@context":"https:\/\/schema.org","@graph":[{"@type":"WebPage","@id":"https:\/\/kruze.ee\/et\/toode\/xd-collection-puidust-sudoku-mang\/","url":"https:\/\/kruze.ee\/et\/toode\/xd-collection-puidust-sudoku-mang\/","name":"XD Collection puidust Sudoku m\u00e4ng - Kruze.ee","isPartOf":{"@id":"https:\/\/kruze.ee\/et\/#website"},"datePublished":"2026-01-24T11:48:53+00:00","dateModified":"2026-03-16T22:07:53+00:00","breadcrumb":{"@id":"https:\/\/kruze.ee\/et\/toode\/xd-collection-puidust-sudoku-mang\/#breadcrumb"},"inLanguage":"et","potentialAction":[{"@type":"ReadAction","target":["https:\/\/kruze.ee\/et\/toode\/xd-collection-puidust-sudoku-mang\/"]}]},{"@type":"BreadcrumbList","@id":"https:\/\/kruze.ee\/et\/toode\/xd-collection-puidust-sudoku-mang\/#breadcrumb","itemListElement":[{"@type":"ListItem","position":1,"name":"Home","item":"https:\/\/kruze.ee\/et\/"},{"@type":"ListItem","position":2,"name":"Tooted","item":"https:\/\/kruze.ee\/et\/tooted\/"},{"@type":"ListItem","position":3,"name":"XD Collection puidust Sudoku m\u00e4ng"}]},{"@type":"WebSite","@id":"https:\/\/kruze.ee\/et\/#website","url":"https:\/\/kruze.ee\/et\/","name":"Kruze.ee","description":"Reklaamkingitused, tr&uuml;kiga T-s&auml;rgid, fliisid, dressipluused, tekstiil, joped ja paljud teised logoga meened, &Auml;rikingitused sinu partnerile! Telli juba t&auml;na.","potentialAction":[{"@type":"SearchAction","target":{"@type":"EntryPoint","urlTemplate":"https:\/\/kruze.ee\/et\/?s={search_term_string}"},"query-input":{"@type":"PropertyValueSpecification","valueRequired":true,"valueName":"search_term_string"}}],"inLanguage":"et"}]}},"_links":{"self":[{"href":"https:\/\/kruze.ee\/et\/wp-json\/wp\/v2\/product\/1435305","targetHints":{"allow":["GET"]}}],"collection":[{"href":"https:\/\/kruze.ee\/et\/wp-json\/wp\/v2\/product"}],"about":[{"href":"https:\/\/kruze.ee\/et\/wp-json\/wp\/v2\/types\/product"}],"wp:attachment":[{"href":"https:\/\/kruze.ee\/et\/wp-json\/wp\/v2\/media?parent=1435305"}],"wp:term":[{"taxonomy":"product_brand","embeddable":true,"href":"https:\/\/kruze.ee\/et\/wp-json\/wp\/v2\/product_brand?post=1435305"},{"taxonomy":"product_cat","embeddable":true,"href":"https:\/\/kruze.ee\/et\/wp-json\/wp\/v2\/product_cat?post=1435305"},{"taxonomy":"product_tag","embeddable":true,"href":"https:\/\/kruze.ee\/et\/wp-json\/wp\/v2\/product_tag?post=1435305"}],"curies":[{"name":"wp","href":"https:\/\/api.w.org\/{rel}","templated":true}]}}