{"id":1435303,"date":"2026-01-24T14:47:55","date_gmt":"2026-01-24T11:47:55","guid":{"rendered":"https:\/\/kruze.ee\/product\/vinga-mini-trips-traps-trull-mang\/"},"modified":"2026-01-24T14:49:34","modified_gmt":"2026-01-24T11:49:34","slug":"vinga-mini-trips-traps-trull-mang","status":"publish","type":"product","link":"https:\/\/kruze.ee\/et\/toode\/vinga-mini-trips-traps-trull-mang\/","title":{"rendered":"VINGA mini trips-traps-trull m\u00e4ng"},"content":{"rendered":"<p>Trips-traps-trull on l\u00f5bus ja lihtne m\u00e4ng, mis sobib igas vanuses m\u00e4ngijatele. M\u00e4ng on v\u00e4ike ja k\u00e4ep\u00e4rane, mist\u00f5ttu on seda lihtne k\u00f5ikjale kaasa v\u00f5tta. M\u00e4ngu eesm\u00e4rk on olla esimene, kes saab kolm m\u00e4rki j\u00e4rjestikku \u2013 horisontaalselt, vertikaalselt v\u00f5i diagonaalselt. Komplekt sisaldab 10 m\u00e4ngum\u00e4rki: 5 \u201eX\u201c-iga ja 5 \u201eO\u201c-ga m\u00e4rki. M\u00e4ng on pakendatud tr\u00fckitud m\u00e4ngulauaga l\u00f5uendist kotikesse. M\u00e4ngum\u00e4rgid on valmistatud kvaliteetsest FSC\u00ae-sertifitseeritud m\u00e4nnipuidust, tagades, et puit p\u00e4rineb vastutustundlikult majandatud metsadest.<\/p>\n","protected":false},"excerpt":{"rendered":"<p>Trips-traps-trull on l\u00f5bus ja lihtne m\u00e4ng, mis sobib igas vanuses m\u00e4ngijatele. M\u00e4ng on v\u00e4ike ja k\u00e4ep\u00e4rane, mist\u00f5ttu on seda lihtne k\u00f5ikjale kaasa v\u00f5tta. M\u00e4ngu&#8230;<\/p>\n","protected":false},"featured_media":0,"template":"","meta":[],"product_brand":[],"product_cat":[5371],"product_tag":[],"class_list":{"0":"post-1435303","1":"product","2":"type-product","3":"status-publish","5":"product_cat-mangud-ja-manguasjad","6":"pa_gender-uniseks","7":"pa_gender-unisex","11":"first","12":"instock","13":"purchasable","14":"product-type-simple"},"acf":[],"yoast_head":"<!-- This site is optimized with the Yoast SEO plugin v26.0 - https:\/\/yoast.com\/wordpress\/plugins\/seo\/ -->\n<title>VINGA mini trips-traps-trull m\u00e4ng - Kruze.ee<\/title>\n<meta name=\"robots\" content=\"index, follow, max-snippet:-1, max-image-preview:large, max-video-preview:-1\" \/>\n<link rel=\"canonical\" href=\"https:\/\/kruze.ee\/et\/toode\/vinga-mini-trips-traps-trull-mang\/\" \/>\n<meta property=\"og:locale\" content=\"et_EE\" \/>\n<meta property=\"og:type\" content=\"article\" \/>\n<meta property=\"og:title\" content=\"VINGA mini trips-traps-trull m\u00e4ng - Kruze.ee\" \/>\n<meta property=\"og:description\" content=\"Trips-traps-trull on l\u00f5bus ja lihtne m\u00e4ng, mis sobib igas vanuses m\u00e4ngijatele. M\u00e4ng on v\u00e4ike ja k\u00e4ep\u00e4rane, mist\u00f5ttu on seda lihtne k\u00f5ikjale kaasa v\u00f5tta. M\u00e4ngu...\" \/>\n<meta property=\"og:url\" content=\"https:\/\/kruze.ee\/et\/toode\/vinga-mini-trips-traps-trull-mang\/\" \/>\n<meta property=\"og:site_name\" content=\"Kruze.ee\" \/>\n<meta property=\"article:modified_time\" content=\"2026-01-24T11:49:34+00:00\" \/>\n<meta name=\"twitter:card\" content=\"summary_large_image\" \/>\n<script type=\"application\/ld+json\" class=\"yoast-schema-graph\">{\"@context\":\"https:\/\/schema.org\",\"@graph\":[{\"@type\":\"WebPage\",\"@id\":\"https:\/\/kruze.ee\/et\/toode\/vinga-mini-trips-traps-trull-mang\/\",\"url\":\"https:\/\/kruze.ee\/et\/toode\/vinga-mini-trips-traps-trull-mang\/\",\"name\":\"VINGA mini trips-traps-trull m\u00e4ng - Kruze.ee\",\"isPartOf\":{\"@id\":\"https:\/\/kruze.ee\/et\/#website\"},\"datePublished\":\"2026-01-24T11:47:55+00:00\",\"dateModified\":\"2026-01-24T11:49:34+00:00\",\"breadcrumb\":{\"@id\":\"https:\/\/kruze.ee\/et\/toode\/vinga-mini-trips-traps-trull-mang\/#breadcrumb\"},\"inLanguage\":\"et\",\"potentialAction\":[{\"@type\":\"ReadAction\",\"target\":[\"https:\/\/kruze.ee\/et\/toode\/vinga-mini-trips-traps-trull-mang\/\"]}]},{\"@type\":\"BreadcrumbList\",\"@id\":\"https:\/\/kruze.ee\/et\/toode\/vinga-mini-trips-traps-trull-mang\/#breadcrumb\",\"itemListElement\":[{\"@type\":\"ListItem\",\"position\":1,\"name\":\"Home\",\"item\":\"https:\/\/kruze.ee\/et\/\"},{\"@type\":\"ListItem\",\"position\":2,\"name\":\"Tooted\",\"item\":\"https:\/\/kruze.ee\/et\/tooted\/\"},{\"@type\":\"ListItem\",\"position\":3,\"name\":\"VINGA mini trips-traps-trull m\u00e4ng\"}]},{\"@type\":\"WebSite\",\"@id\":\"https:\/\/kruze.ee\/et\/#website\",\"url\":\"https:\/\/kruze.ee\/et\/\",\"name\":\"Kruze.ee\",\"description\":\"Reklaamkingitused, tr&uuml;kiga T-s&auml;rgid, fliisid, dressipluused, tekstiil, joped ja paljud teised logoga meened, &Auml;rikingitused sinu partnerile! Telli juba t&auml;na.\",\"potentialAction\":[{\"@type\":\"SearchAction\",\"target\":{\"@type\":\"EntryPoint\",\"urlTemplate\":\"https:\/\/kruze.ee\/et\/?s={search_term_string}\"},\"query-input\":{\"@type\":\"PropertyValueSpecification\",\"valueRequired\":true,\"valueName\":\"search_term_string\"}}],\"inLanguage\":\"et\"}]}<\/script>\n<!-- \/ Yoast SEO plugin. -->","yoast_head_json":{"title":"VINGA mini trips-traps-trull m\u00e4ng - Kruze.ee","robots":{"index":"index","follow":"follow","max-snippet":"max-snippet:-1","max-image-preview":"max-image-preview:large","max-video-preview":"max-video-preview:-1"},"canonical":"https:\/\/kruze.ee\/et\/toode\/vinga-mini-trips-traps-trull-mang\/","og_locale":"et_EE","og_type":"article","og_title":"VINGA mini trips-traps-trull m\u00e4ng - Kruze.ee","og_description":"Trips-traps-trull on l\u00f5bus ja lihtne m\u00e4ng, mis sobib igas vanuses m\u00e4ngijatele. M\u00e4ng on v\u00e4ike ja k\u00e4ep\u00e4rane, mist\u00f5ttu on seda lihtne k\u00f5ikjale kaasa v\u00f5tta. M\u00e4ngu...","og_url":"https:\/\/kruze.ee\/et\/toode\/vinga-mini-trips-traps-trull-mang\/","og_site_name":"Kruze.ee","article_modified_time":"2026-01-24T11:49:34+00:00","twitter_card":"summary_large_image","schema":{"@context":"https:\/\/schema.org","@graph":[{"@type":"WebPage","@id":"https:\/\/kruze.ee\/et\/toode\/vinga-mini-trips-traps-trull-mang\/","url":"https:\/\/kruze.ee\/et\/toode\/vinga-mini-trips-traps-trull-mang\/","name":"VINGA mini trips-traps-trull m\u00e4ng - Kruze.ee","isPartOf":{"@id":"https:\/\/kruze.ee\/et\/#website"},"datePublished":"2026-01-24T11:47:55+00:00","dateModified":"2026-01-24T11:49:34+00:00","breadcrumb":{"@id":"https:\/\/kruze.ee\/et\/toode\/vinga-mini-trips-traps-trull-mang\/#breadcrumb"},"inLanguage":"et","potentialAction":[{"@type":"ReadAction","target":["https:\/\/kruze.ee\/et\/toode\/vinga-mini-trips-traps-trull-mang\/"]}]},{"@type":"BreadcrumbList","@id":"https:\/\/kruze.ee\/et\/toode\/vinga-mini-trips-traps-trull-mang\/#breadcrumb","itemListElement":[{"@type":"ListItem","position":1,"name":"Home","item":"https:\/\/kruze.ee\/et\/"},{"@type":"ListItem","position":2,"name":"Tooted","item":"https:\/\/kruze.ee\/et\/tooted\/"},{"@type":"ListItem","position":3,"name":"VINGA mini trips-traps-trull m\u00e4ng"}]},{"@type":"WebSite","@id":"https:\/\/kruze.ee\/et\/#website","url":"https:\/\/kruze.ee\/et\/","name":"Kruze.ee","description":"Reklaamkingitused, tr&uuml;kiga T-s&auml;rgid, fliisid, dressipluused, tekstiil, joped ja paljud teised logoga meened, &Auml;rikingitused sinu partnerile! Telli juba t&auml;na.","potentialAction":[{"@type":"SearchAction","target":{"@type":"EntryPoint","urlTemplate":"https:\/\/kruze.ee\/et\/?s={search_term_string}"},"query-input":{"@type":"PropertyValueSpecification","valueRequired":true,"valueName":"search_term_string"}}],"inLanguage":"et"}]}},"_links":{"self":[{"href":"https:\/\/kruze.ee\/et\/wp-json\/wp\/v2\/product\/1435303","targetHints":{"allow":["GET"]}}],"collection":[{"href":"https:\/\/kruze.ee\/et\/wp-json\/wp\/v2\/product"}],"about":[{"href":"https:\/\/kruze.ee\/et\/wp-json\/wp\/v2\/types\/product"}],"wp:attachment":[{"href":"https:\/\/kruze.ee\/et\/wp-json\/wp\/v2\/media?parent=1435303"}],"wp:term":[{"taxonomy":"product_brand","embeddable":true,"href":"https:\/\/kruze.ee\/et\/wp-json\/wp\/v2\/product_brand?post=1435303"},{"taxonomy":"product_cat","embeddable":true,"href":"https:\/\/kruze.ee\/et\/wp-json\/wp\/v2\/product_cat?post=1435303"},{"taxonomy":"product_tag","embeddable":true,"href":"https:\/\/kruze.ee\/et\/wp-json\/wp\/v2\/product_tag?post=1435303"}],"curies":[{"name":"wp","href":"https:\/\/api.w.org\/{rel}","templated":true}]}}