{"id":1435301,"date":"2026-01-24T14:47:53","date_gmt":"2026-01-24T11:47:53","guid":{"rendered":"https:\/\/kruze.ee\/product\/vinga-bocce-mang\/"},"modified":"2026-01-24T14:49:32","modified_gmt":"2026-01-24T11:49:32","slug":"vinga-bocce-mang","status":"publish","type":"product","link":"https:\/\/kruze.ee\/et\/toode\/vinga-bocce-mang\/","title":{"rendered":"VINGA Bocce m\u00e4ng"},"content":{"rendered":"<p>Bocce on t\u00e4psusm\u00e4ng, mis sobib igas vanuses m\u00e4ngijatele. See sobib peaaegu igaks olukorraks ja m\u00e4ngimiseks erinevates kohtades, nagu rand, aed v\u00f5i muud \u00f5uealad. M\u00e4ngida saab nii individuaalselt kui ka meeskonnana ning reeglid on v\u00e4ga lihtsad \u2013 v\u00f5idab see, kelle pall j\u00e4\u00e4b k\u00f5ige l\u00e4hemale v\u00e4ikesele sihtpallile. Komplekt sisaldab 6 palli, 1 v\u00e4ikest sihtpalli ning m\u00f5\u00f5tevahendit. M\u00e4ng on pakendatud v\u00f5rktagusega puuvillakotti, mis teeb selle h\u00f5lpsasti kaasaskantavaks. Komplektis on ka m\u00e4ngujuhend. K\u00f5ik puidust osad on valmistatud kvaliteetsest FSC\u00ae-sertifitseeritud puidust, tagades, et materjal p\u00e4rineb vastutustundlikult majandatud metsadest.<\/p>\n","protected":false},"excerpt":{"rendered":"<p>Bocce on t\u00e4psusm\u00e4ng, mis sobib igas vanuses m\u00e4ngijatele. See sobib peaaegu igaks olukorraks ja m\u00e4ngimiseks erinevates kohtades, nagu rand, aed v\u00f5i muud&#8230;<\/p>\n","protected":false},"featured_media":0,"template":"","meta":[],"product_brand":[],"product_cat":[5371],"product_tag":[],"class_list":{"0":"post-1435301","1":"product","2":"type-product","3":"status-publish","5":"product_cat-mangud-ja-manguasjad","6":"pa_gender-uniseks","7":"pa_gender-unisex","11":"first","12":"instock","13":"purchasable","14":"product-type-simple"},"acf":[],"yoast_head":"<!-- This site is optimized with the Yoast SEO plugin v26.0 - https:\/\/yoast.com\/wordpress\/plugins\/seo\/ -->\n<title>VINGA Bocce m\u00e4ng - Kruze.ee<\/title>\n<meta name=\"robots\" content=\"index, follow, max-snippet:-1, max-image-preview:large, max-video-preview:-1\" \/>\n<link rel=\"canonical\" href=\"https:\/\/kruze.ee\/et\/toode\/vinga-bocce-mang\/\" \/>\n<meta property=\"og:locale\" content=\"et_EE\" \/>\n<meta property=\"og:type\" content=\"article\" \/>\n<meta property=\"og:title\" content=\"VINGA Bocce m\u00e4ng - Kruze.ee\" \/>\n<meta property=\"og:description\" content=\"Bocce on t\u00e4psusm\u00e4ng, mis sobib igas vanuses m\u00e4ngijatele. See sobib peaaegu igaks olukorraks ja m\u00e4ngimiseks erinevates kohtades, nagu rand, aed v\u00f5i muud...\" \/>\n<meta property=\"og:url\" content=\"https:\/\/kruze.ee\/et\/toode\/vinga-bocce-mang\/\" \/>\n<meta property=\"og:site_name\" content=\"Kruze.ee\" \/>\n<meta property=\"article:modified_time\" content=\"2026-01-24T11:49:32+00:00\" \/>\n<meta name=\"twitter:card\" content=\"summary_large_image\" \/>\n<meta name=\"twitter:label1\" content=\"Est. reading time\" \/>\n\t<meta name=\"twitter:data1\" content=\"1 minut\" \/>\n<script type=\"application\/ld+json\" class=\"yoast-schema-graph\">{\"@context\":\"https:\/\/schema.org\",\"@graph\":[{\"@type\":\"WebPage\",\"@id\":\"https:\/\/kruze.ee\/et\/toode\/vinga-bocce-mang\/\",\"url\":\"https:\/\/kruze.ee\/et\/toode\/vinga-bocce-mang\/\",\"name\":\"VINGA Bocce m\u00e4ng - Kruze.ee\",\"isPartOf\":{\"@id\":\"https:\/\/kruze.ee\/et\/#website\"},\"datePublished\":\"2026-01-24T11:47:53+00:00\",\"dateModified\":\"2026-01-24T11:49:32+00:00\",\"breadcrumb\":{\"@id\":\"https:\/\/kruze.ee\/et\/toode\/vinga-bocce-mang\/#breadcrumb\"},\"inLanguage\":\"et\",\"potentialAction\":[{\"@type\":\"ReadAction\",\"target\":[\"https:\/\/kruze.ee\/et\/toode\/vinga-bocce-mang\/\"]}]},{\"@type\":\"BreadcrumbList\",\"@id\":\"https:\/\/kruze.ee\/et\/toode\/vinga-bocce-mang\/#breadcrumb\",\"itemListElement\":[{\"@type\":\"ListItem\",\"position\":1,\"name\":\"Home\",\"item\":\"https:\/\/kruze.ee\/et\/\"},{\"@type\":\"ListItem\",\"position\":2,\"name\":\"Tooted\",\"item\":\"https:\/\/kruze.ee\/et\/tooted\/\"},{\"@type\":\"ListItem\",\"position\":3,\"name\":\"VINGA Bocce m\u00e4ng\"}]},{\"@type\":\"WebSite\",\"@id\":\"https:\/\/kruze.ee\/et\/#website\",\"url\":\"https:\/\/kruze.ee\/et\/\",\"name\":\"Kruze.ee\",\"description\":\"Reklaamkingitused, tr&uuml;kiga T-s&auml;rgid, fliisid, dressipluused, tekstiil, joped ja paljud teised logoga meened, &Auml;rikingitused sinu partnerile! Telli juba t&auml;na.\",\"potentialAction\":[{\"@type\":\"SearchAction\",\"target\":{\"@type\":\"EntryPoint\",\"urlTemplate\":\"https:\/\/kruze.ee\/et\/?s={search_term_string}\"},\"query-input\":{\"@type\":\"PropertyValueSpecification\",\"valueRequired\":true,\"valueName\":\"search_term_string\"}}],\"inLanguage\":\"et\"}]}<\/script>\n<!-- \/ Yoast SEO plugin. -->","yoast_head_json":{"title":"VINGA Bocce m\u00e4ng - Kruze.ee","robots":{"index":"index","follow":"follow","max-snippet":"max-snippet:-1","max-image-preview":"max-image-preview:large","max-video-preview":"max-video-preview:-1"},"canonical":"https:\/\/kruze.ee\/et\/toode\/vinga-bocce-mang\/","og_locale":"et_EE","og_type":"article","og_title":"VINGA Bocce m\u00e4ng - Kruze.ee","og_description":"Bocce on t\u00e4psusm\u00e4ng, mis sobib igas vanuses m\u00e4ngijatele. See sobib peaaegu igaks olukorraks ja m\u00e4ngimiseks erinevates kohtades, nagu rand, aed v\u00f5i muud...","og_url":"https:\/\/kruze.ee\/et\/toode\/vinga-bocce-mang\/","og_site_name":"Kruze.ee","article_modified_time":"2026-01-24T11:49:32+00:00","twitter_card":"summary_large_image","twitter_misc":{"Est. reading time":"1 minut"},"schema":{"@context":"https:\/\/schema.org","@graph":[{"@type":"WebPage","@id":"https:\/\/kruze.ee\/et\/toode\/vinga-bocce-mang\/","url":"https:\/\/kruze.ee\/et\/toode\/vinga-bocce-mang\/","name":"VINGA Bocce m\u00e4ng - Kruze.ee","isPartOf":{"@id":"https:\/\/kruze.ee\/et\/#website"},"datePublished":"2026-01-24T11:47:53+00:00","dateModified":"2026-01-24T11:49:32+00:00","breadcrumb":{"@id":"https:\/\/kruze.ee\/et\/toode\/vinga-bocce-mang\/#breadcrumb"},"inLanguage":"et","potentialAction":[{"@type":"ReadAction","target":["https:\/\/kruze.ee\/et\/toode\/vinga-bocce-mang\/"]}]},{"@type":"BreadcrumbList","@id":"https:\/\/kruze.ee\/et\/toode\/vinga-bocce-mang\/#breadcrumb","itemListElement":[{"@type":"ListItem","position":1,"name":"Home","item":"https:\/\/kruze.ee\/et\/"},{"@type":"ListItem","position":2,"name":"Tooted","item":"https:\/\/kruze.ee\/et\/tooted\/"},{"@type":"ListItem","position":3,"name":"VINGA Bocce m\u00e4ng"}]},{"@type":"WebSite","@id":"https:\/\/kruze.ee\/et\/#website","url":"https:\/\/kruze.ee\/et\/","name":"Kruze.ee","description":"Reklaamkingitused, tr&uuml;kiga T-s&auml;rgid, fliisid, dressipluused, tekstiil, joped ja paljud teised logoga meened, &Auml;rikingitused sinu partnerile! Telli juba t&auml;na.","potentialAction":[{"@type":"SearchAction","target":{"@type":"EntryPoint","urlTemplate":"https:\/\/kruze.ee\/et\/?s={search_term_string}"},"query-input":{"@type":"PropertyValueSpecification","valueRequired":true,"valueName":"search_term_string"}}],"inLanguage":"et"}]}},"_links":{"self":[{"href":"https:\/\/kruze.ee\/et\/wp-json\/wp\/v2\/product\/1435301","targetHints":{"allow":["GET"]}}],"collection":[{"href":"https:\/\/kruze.ee\/et\/wp-json\/wp\/v2\/product"}],"about":[{"href":"https:\/\/kruze.ee\/et\/wp-json\/wp\/v2\/types\/product"}],"wp:attachment":[{"href":"https:\/\/kruze.ee\/et\/wp-json\/wp\/v2\/media?parent=1435301"}],"wp:term":[{"taxonomy":"product_brand","embeddable":true,"href":"https:\/\/kruze.ee\/et\/wp-json\/wp\/v2\/product_brand?post=1435301"},{"taxonomy":"product_cat","embeddable":true,"href":"https:\/\/kruze.ee\/et\/wp-json\/wp\/v2\/product_cat?post=1435301"},{"taxonomy":"product_tag","embeddable":true,"href":"https:\/\/kruze.ee\/et\/wp-json\/wp\/v2\/product_tag?post=1435301"}],"curies":[{"name":"wp","href":"https:\/\/api.w.org\/{rel}","templated":true}]}}