{"id":1435297,"date":"2026-01-24T14:47:49","date_gmt":"2026-01-24T11:47:49","guid":{"rendered":"https:\/\/kruze.ee\/product\/vinga-faia-rongamang\/"},"modified":"2026-01-24T14:49:28","modified_gmt":"2026-01-24T11:49:28","slug":"vinga-faia-rongamang","status":"publish","type":"product","link":"https:\/\/kruze.ee\/et\/toode\/vinga-faia-rongamang\/","title":{"rendered":"VINGA Faia r\u00f5ngam\u00e4ng"},"content":{"rendered":"<p>\u00d5uem\u00e4ng, mis sobib suurep\u00e4raselt nii randa kui ka parki ning on pakendatud v\u00f5rktagusega puuvillakotti, mis teeb selle lihtsasti kaasaskantavaks. M\u00e4ng seisneb r\u00f5ngakujuliste k\u00f6ite viskamises pulga peale, mille kinnitad lihtsalt maapinda. Erineva suurusega r\u00f5ngad annavad erineva arvu punkte. Komplektis on p\u00f5hjalik m\u00e4ngujuhend.<\/p>\n","protected":false},"excerpt":{"rendered":"<p>\u00d5uem\u00e4ng, mis sobib suurep\u00e4raselt nii randa kui ka parki ning on pakendatud v\u00f5rktagusega puuvillakotti, mis teeb selle lihtsasti kaasaskantavaks. M\u00e4ng seisneb&#8230;<\/p>\n","protected":false},"featured_media":0,"template":"","meta":[],"product_brand":[],"product_cat":[5371],"product_tag":[],"class_list":{"0":"post-1435297","1":"product","2":"type-product","3":"status-publish","5":"product_cat-mangud-ja-manguasjad","6":"pa_gender-uniseks","7":"pa_gender-unisex","11":"first","12":"instock","13":"purchasable","14":"product-type-simple"},"acf":[],"yoast_head":"<!-- This site is optimized with the Yoast SEO plugin v26.0 - https:\/\/yoast.com\/wordpress\/plugins\/seo\/ -->\n<title>VINGA Faia r\u00f5ngam\u00e4ng - Kruze.ee<\/title>\n<meta name=\"robots\" content=\"index, follow, max-snippet:-1, max-image-preview:large, max-video-preview:-1\" \/>\n<link rel=\"canonical\" href=\"https:\/\/kruze.ee\/et\/toode\/vinga-faia-rongamang\/\" \/>\n<meta property=\"og:locale\" content=\"et_EE\" \/>\n<meta property=\"og:type\" content=\"article\" \/>\n<meta property=\"og:title\" content=\"VINGA Faia r\u00f5ngam\u00e4ng - Kruze.ee\" \/>\n<meta property=\"og:description\" content=\"\u00d5uem\u00e4ng, mis sobib suurep\u00e4raselt nii randa kui ka parki ning on pakendatud v\u00f5rktagusega puuvillakotti, mis teeb selle lihtsasti kaasaskantavaks. M\u00e4ng seisneb...\" \/>\n<meta property=\"og:url\" content=\"https:\/\/kruze.ee\/et\/toode\/vinga-faia-rongamang\/\" \/>\n<meta property=\"og:site_name\" content=\"Kruze.ee\" \/>\n<meta property=\"article:modified_time\" content=\"2026-01-24T11:49:28+00:00\" \/>\n<meta name=\"twitter:card\" content=\"summary_large_image\" \/>\n<script type=\"application\/ld+json\" class=\"yoast-schema-graph\">{\"@context\":\"https:\/\/schema.org\",\"@graph\":[{\"@type\":\"WebPage\",\"@id\":\"https:\/\/kruze.ee\/et\/toode\/vinga-faia-rongamang\/\",\"url\":\"https:\/\/kruze.ee\/et\/toode\/vinga-faia-rongamang\/\",\"name\":\"VINGA Faia r\u00f5ngam\u00e4ng - Kruze.ee\",\"isPartOf\":{\"@id\":\"https:\/\/kruze.ee\/et\/#website\"},\"datePublished\":\"2026-01-24T11:47:49+00:00\",\"dateModified\":\"2026-01-24T11:49:28+00:00\",\"breadcrumb\":{\"@id\":\"https:\/\/kruze.ee\/et\/toode\/vinga-faia-rongamang\/#breadcrumb\"},\"inLanguage\":\"et\",\"potentialAction\":[{\"@type\":\"ReadAction\",\"target\":[\"https:\/\/kruze.ee\/et\/toode\/vinga-faia-rongamang\/\"]}]},{\"@type\":\"BreadcrumbList\",\"@id\":\"https:\/\/kruze.ee\/et\/toode\/vinga-faia-rongamang\/#breadcrumb\",\"itemListElement\":[{\"@type\":\"ListItem\",\"position\":1,\"name\":\"Home\",\"item\":\"https:\/\/kruze.ee\/et\/\"},{\"@type\":\"ListItem\",\"position\":2,\"name\":\"Tooted\",\"item\":\"https:\/\/kruze.ee\/et\/tooted\/\"},{\"@type\":\"ListItem\",\"position\":3,\"name\":\"VINGA Faia r\u00f5ngam\u00e4ng\"}]},{\"@type\":\"WebSite\",\"@id\":\"https:\/\/kruze.ee\/et\/#website\",\"url\":\"https:\/\/kruze.ee\/et\/\",\"name\":\"Kruze.ee\",\"description\":\"Reklaamkingitused, tr&uuml;kiga T-s&auml;rgid, fliisid, dressipluused, tekstiil, joped ja paljud teised logoga meened, &Auml;rikingitused sinu partnerile! Telli juba t&auml;na.\",\"potentialAction\":[{\"@type\":\"SearchAction\",\"target\":{\"@type\":\"EntryPoint\",\"urlTemplate\":\"https:\/\/kruze.ee\/et\/?s={search_term_string}\"},\"query-input\":{\"@type\":\"PropertyValueSpecification\",\"valueRequired\":true,\"valueName\":\"search_term_string\"}}],\"inLanguage\":\"et\"}]}<\/script>\n<!-- \/ Yoast SEO plugin. -->","yoast_head_json":{"title":"VINGA Faia r\u00f5ngam\u00e4ng - Kruze.ee","robots":{"index":"index","follow":"follow","max-snippet":"max-snippet:-1","max-image-preview":"max-image-preview:large","max-video-preview":"max-video-preview:-1"},"canonical":"https:\/\/kruze.ee\/et\/toode\/vinga-faia-rongamang\/","og_locale":"et_EE","og_type":"article","og_title":"VINGA Faia r\u00f5ngam\u00e4ng - Kruze.ee","og_description":"\u00d5uem\u00e4ng, mis sobib suurep\u00e4raselt nii randa kui ka parki ning on pakendatud v\u00f5rktagusega puuvillakotti, mis teeb selle lihtsasti kaasaskantavaks. M\u00e4ng seisneb...","og_url":"https:\/\/kruze.ee\/et\/toode\/vinga-faia-rongamang\/","og_site_name":"Kruze.ee","article_modified_time":"2026-01-24T11:49:28+00:00","twitter_card":"summary_large_image","schema":{"@context":"https:\/\/schema.org","@graph":[{"@type":"WebPage","@id":"https:\/\/kruze.ee\/et\/toode\/vinga-faia-rongamang\/","url":"https:\/\/kruze.ee\/et\/toode\/vinga-faia-rongamang\/","name":"VINGA Faia r\u00f5ngam\u00e4ng - Kruze.ee","isPartOf":{"@id":"https:\/\/kruze.ee\/et\/#website"},"datePublished":"2026-01-24T11:47:49+00:00","dateModified":"2026-01-24T11:49:28+00:00","breadcrumb":{"@id":"https:\/\/kruze.ee\/et\/toode\/vinga-faia-rongamang\/#breadcrumb"},"inLanguage":"et","potentialAction":[{"@type":"ReadAction","target":["https:\/\/kruze.ee\/et\/toode\/vinga-faia-rongamang\/"]}]},{"@type":"BreadcrumbList","@id":"https:\/\/kruze.ee\/et\/toode\/vinga-faia-rongamang\/#breadcrumb","itemListElement":[{"@type":"ListItem","position":1,"name":"Home","item":"https:\/\/kruze.ee\/et\/"},{"@type":"ListItem","position":2,"name":"Tooted","item":"https:\/\/kruze.ee\/et\/tooted\/"},{"@type":"ListItem","position":3,"name":"VINGA Faia r\u00f5ngam\u00e4ng"}]},{"@type":"WebSite","@id":"https:\/\/kruze.ee\/et\/#website","url":"https:\/\/kruze.ee\/et\/","name":"Kruze.ee","description":"Reklaamkingitused, tr&uuml;kiga T-s&auml;rgid, fliisid, dressipluused, tekstiil, joped ja paljud teised logoga meened, &Auml;rikingitused sinu partnerile! Telli juba t&auml;na.","potentialAction":[{"@type":"SearchAction","target":{"@type":"EntryPoint","urlTemplate":"https:\/\/kruze.ee\/et\/?s={search_term_string}"},"query-input":{"@type":"PropertyValueSpecification","valueRequired":true,"valueName":"search_term_string"}}],"inLanguage":"et"}]}},"_links":{"self":[{"href":"https:\/\/kruze.ee\/et\/wp-json\/wp\/v2\/product\/1435297","targetHints":{"allow":["GET"]}}],"collection":[{"href":"https:\/\/kruze.ee\/et\/wp-json\/wp\/v2\/product"}],"about":[{"href":"https:\/\/kruze.ee\/et\/wp-json\/wp\/v2\/types\/product"}],"wp:attachment":[{"href":"https:\/\/kruze.ee\/et\/wp-json\/wp\/v2\/media?parent=1435297"}],"wp:term":[{"taxonomy":"product_brand","embeddable":true,"href":"https:\/\/kruze.ee\/et\/wp-json\/wp\/v2\/product_brand?post=1435297"},{"taxonomy":"product_cat","embeddable":true,"href":"https:\/\/kruze.ee\/et\/wp-json\/wp\/v2\/product_cat?post=1435297"},{"taxonomy":"product_tag","embeddable":true,"href":"https:\/\/kruze.ee\/et\/wp-json\/wp\/v2\/product_tag?post=1435297"}],"curies":[{"name":"wp","href":"https:\/\/api.w.org\/{rel}","templated":true}]}}