{"id":1435295,"date":"2026-01-24T14:47:48","date_gmt":"2026-01-24T11:47:48","guid":{"rendered":"https:\/\/kruze.ee\/product\/vinga-colos-rannatennise-mang\/"},"modified":"2026-01-24T14:49:26","modified_gmt":"2026-01-24T11:49:26","slug":"vinga-colos-rannatennise-mang","status":"publish","type":"product","link":"https:\/\/kruze.ee\/et\/toode\/vinga-colos-rannatennise-mang\/","title":{"rendered":"VINGA Colos rannatennise m\u00e4ng"},"content":{"rendered":"<p>Elegantne rannatennise komplekt, valmistatud paplipuidust ning varustatud PU-kattega k\u00e4epidemetega, mis tagavad mugavama haarde. M\u00e4ngu on lihtne \u00f5ppida ning see sobib nii noortele kui ka vanematele m\u00e4ngijatele. Komplekt sisaldab kahte reketit ja kahte kummipalli ning on pakendatud v\u00f5rktagusega puuvillakotti, mis teeb selle mugavalt kaasaskantavaks. M\u00e4ng on m\u00f5eldud kasutamiseks ainult kuivadel pindadel ega ole ette n\u00e4htud vees kasutamiseks.<\/p>\n","protected":false},"excerpt":{"rendered":"<p>Elegantne rannatennise komplekt, valmistatud paplipuidust ning varustatud PU-kattega k\u00e4epidemetega, mis tagavad mugavama haarde. M\u00e4ngu on lihtne \u00f5ppida ning&#8230;<\/p>\n","protected":false},"featured_media":0,"template":"","meta":[],"product_brand":[],"product_cat":[5371],"product_tag":[],"class_list":{"0":"post-1435295","1":"product","2":"type-product","3":"status-publish","5":"product_cat-mangud-ja-manguasjad","6":"pa_gender-uniseks","7":"pa_gender-unisex","11":"first","12":"instock","13":"purchasable","14":"product-type-simple"},"acf":[],"yoast_head":"<!-- This site is optimized with the Yoast SEO plugin v26.0 - https:\/\/yoast.com\/wordpress\/plugins\/seo\/ -->\n<title>VINGA Colos rannatennise m\u00e4ng - Kruze.ee<\/title>\n<meta name=\"robots\" content=\"index, follow, max-snippet:-1, max-image-preview:large, max-video-preview:-1\" \/>\n<link rel=\"canonical\" href=\"https:\/\/kruze.ee\/et\/toode\/vinga-colos-rannatennise-mang\/\" \/>\n<meta property=\"og:locale\" content=\"et_EE\" \/>\n<meta property=\"og:type\" content=\"article\" \/>\n<meta property=\"og:title\" content=\"VINGA Colos rannatennise m\u00e4ng - Kruze.ee\" \/>\n<meta property=\"og:description\" content=\"Elegantne rannatennise komplekt, valmistatud paplipuidust ning varustatud PU-kattega k\u00e4epidemetega, mis tagavad mugavama haarde. M\u00e4ngu on lihtne \u00f5ppida ning...\" \/>\n<meta property=\"og:url\" content=\"https:\/\/kruze.ee\/et\/toode\/vinga-colos-rannatennise-mang\/\" \/>\n<meta property=\"og:site_name\" content=\"Kruze.ee\" \/>\n<meta property=\"article:modified_time\" content=\"2026-01-24T11:49:26+00:00\" \/>\n<meta name=\"twitter:card\" content=\"summary_large_image\" \/>\n<script type=\"application\/ld+json\" class=\"yoast-schema-graph\">{\"@context\":\"https:\/\/schema.org\",\"@graph\":[{\"@type\":\"WebPage\",\"@id\":\"https:\/\/kruze.ee\/et\/toode\/vinga-colos-rannatennise-mang\/\",\"url\":\"https:\/\/kruze.ee\/et\/toode\/vinga-colos-rannatennise-mang\/\",\"name\":\"VINGA Colos rannatennise m\u00e4ng - Kruze.ee\",\"isPartOf\":{\"@id\":\"https:\/\/kruze.ee\/et\/#website\"},\"datePublished\":\"2026-01-24T11:47:48+00:00\",\"dateModified\":\"2026-01-24T11:49:26+00:00\",\"breadcrumb\":{\"@id\":\"https:\/\/kruze.ee\/et\/toode\/vinga-colos-rannatennise-mang\/#breadcrumb\"},\"inLanguage\":\"et\",\"potentialAction\":[{\"@type\":\"ReadAction\",\"target\":[\"https:\/\/kruze.ee\/et\/toode\/vinga-colos-rannatennise-mang\/\"]}]},{\"@type\":\"BreadcrumbList\",\"@id\":\"https:\/\/kruze.ee\/et\/toode\/vinga-colos-rannatennise-mang\/#breadcrumb\",\"itemListElement\":[{\"@type\":\"ListItem\",\"position\":1,\"name\":\"Home\",\"item\":\"https:\/\/kruze.ee\/et\/\"},{\"@type\":\"ListItem\",\"position\":2,\"name\":\"Tooted\",\"item\":\"https:\/\/kruze.ee\/et\/tooted\/\"},{\"@type\":\"ListItem\",\"position\":3,\"name\":\"VINGA Colos rannatennise m\u00e4ng\"}]},{\"@type\":\"WebSite\",\"@id\":\"https:\/\/kruze.ee\/et\/#website\",\"url\":\"https:\/\/kruze.ee\/et\/\",\"name\":\"Kruze.ee\",\"description\":\"Reklaamkingitused, tr&uuml;kiga T-s&auml;rgid, fliisid, dressipluused, tekstiil, joped ja paljud teised logoga meened, &Auml;rikingitused sinu partnerile! Telli juba t&auml;na.\",\"potentialAction\":[{\"@type\":\"SearchAction\",\"target\":{\"@type\":\"EntryPoint\",\"urlTemplate\":\"https:\/\/kruze.ee\/et\/?s={search_term_string}\"},\"query-input\":{\"@type\":\"PropertyValueSpecification\",\"valueRequired\":true,\"valueName\":\"search_term_string\"}}],\"inLanguage\":\"et\"}]}<\/script>\n<!-- \/ Yoast SEO plugin. -->","yoast_head_json":{"title":"VINGA Colos rannatennise m\u00e4ng - Kruze.ee","robots":{"index":"index","follow":"follow","max-snippet":"max-snippet:-1","max-image-preview":"max-image-preview:large","max-video-preview":"max-video-preview:-1"},"canonical":"https:\/\/kruze.ee\/et\/toode\/vinga-colos-rannatennise-mang\/","og_locale":"et_EE","og_type":"article","og_title":"VINGA Colos rannatennise m\u00e4ng - Kruze.ee","og_description":"Elegantne rannatennise komplekt, valmistatud paplipuidust ning varustatud PU-kattega k\u00e4epidemetega, mis tagavad mugavama haarde. M\u00e4ngu on lihtne \u00f5ppida ning...","og_url":"https:\/\/kruze.ee\/et\/toode\/vinga-colos-rannatennise-mang\/","og_site_name":"Kruze.ee","article_modified_time":"2026-01-24T11:49:26+00:00","twitter_card":"summary_large_image","schema":{"@context":"https:\/\/schema.org","@graph":[{"@type":"WebPage","@id":"https:\/\/kruze.ee\/et\/toode\/vinga-colos-rannatennise-mang\/","url":"https:\/\/kruze.ee\/et\/toode\/vinga-colos-rannatennise-mang\/","name":"VINGA Colos rannatennise m\u00e4ng - Kruze.ee","isPartOf":{"@id":"https:\/\/kruze.ee\/et\/#website"},"datePublished":"2026-01-24T11:47:48+00:00","dateModified":"2026-01-24T11:49:26+00:00","breadcrumb":{"@id":"https:\/\/kruze.ee\/et\/toode\/vinga-colos-rannatennise-mang\/#breadcrumb"},"inLanguage":"et","potentialAction":[{"@type":"ReadAction","target":["https:\/\/kruze.ee\/et\/toode\/vinga-colos-rannatennise-mang\/"]}]},{"@type":"BreadcrumbList","@id":"https:\/\/kruze.ee\/et\/toode\/vinga-colos-rannatennise-mang\/#breadcrumb","itemListElement":[{"@type":"ListItem","position":1,"name":"Home","item":"https:\/\/kruze.ee\/et\/"},{"@type":"ListItem","position":2,"name":"Tooted","item":"https:\/\/kruze.ee\/et\/tooted\/"},{"@type":"ListItem","position":3,"name":"VINGA Colos rannatennise m\u00e4ng"}]},{"@type":"WebSite","@id":"https:\/\/kruze.ee\/et\/#website","url":"https:\/\/kruze.ee\/et\/","name":"Kruze.ee","description":"Reklaamkingitused, tr&uuml;kiga T-s&auml;rgid, fliisid, dressipluused, tekstiil, joped ja paljud teised logoga meened, &Auml;rikingitused sinu partnerile! Telli juba t&auml;na.","potentialAction":[{"@type":"SearchAction","target":{"@type":"EntryPoint","urlTemplate":"https:\/\/kruze.ee\/et\/?s={search_term_string}"},"query-input":{"@type":"PropertyValueSpecification","valueRequired":true,"valueName":"search_term_string"}}],"inLanguage":"et"}]}},"_links":{"self":[{"href":"https:\/\/kruze.ee\/et\/wp-json\/wp\/v2\/product\/1435295","targetHints":{"allow":["GET"]}}],"collection":[{"href":"https:\/\/kruze.ee\/et\/wp-json\/wp\/v2\/product"}],"about":[{"href":"https:\/\/kruze.ee\/et\/wp-json\/wp\/v2\/types\/product"}],"wp:attachment":[{"href":"https:\/\/kruze.ee\/et\/wp-json\/wp\/v2\/media?parent=1435295"}],"wp:term":[{"taxonomy":"product_brand","embeddable":true,"href":"https:\/\/kruze.ee\/et\/wp-json\/wp\/v2\/product_brand?post=1435295"},{"taxonomy":"product_cat","embeddable":true,"href":"https:\/\/kruze.ee\/et\/wp-json\/wp\/v2\/product_cat?post=1435295"},{"taxonomy":"product_tag","embeddable":true,"href":"https:\/\/kruze.ee\/et\/wp-json\/wp\/v2\/product_tag?post=1435295"}],"curies":[{"name":"wp","href":"https:\/\/api.w.org\/{rel}","templated":true}]}}