{"id":1435289,"date":"2026-01-24T14:47:24","date_gmt":"2026-01-24T11:47:24","guid":{"rendered":"https:\/\/kruze.ee\/product\/vinga-outdoor-yacht-ouemang\/"},"modified":"2026-01-24T14:47:24","modified_gmt":"2026-01-24T11:47:24","slug":"vinga-outdoor-yacht-ouemang","status":"publish","type":"product","link":"https:\/\/kruze.ee\/et\/toode\/vinga-outdoor-yacht-ouemang\/","title":{"rendered":"VINGA Outdoor Yacht \u00f5uem\u00e4ng"},"content":{"rendered":"<p>\u00d5uem\u00e4ng Yacht on klassikaline t\u00e4ringum\u00e4ng, mis sobib ideaalselt m\u00f5nusateks \u00f5ues veedetud p\u00e4evadeks. M\u00e4ngu eesm\u00e4rk on saavutada v\u00f5imalikult k\u00f5rge punktisumma, veeretades ja kombineerides t\u00e4ringuid erinevatel viisidel. M\u00e4ngu on lihtne \u00f5ppida ning see sobib igas vanuses m\u00e4ngijatele. Komplekt sisaldab 5 t\u00e4ringut m\u00f5\u00f5tudega 7 \u00d7 7 \u00d7 7 cm, m\u00e4rkmikku ja pliiatsit. Pakendatud v\u00f5rktagusega puuvillakotti. Komplektis on ka m\u00e4ngujuhend. K\u00f5ik puidust osad on valmistatud kvaliteetsest FSC\u00ae-sertifitseeritud m\u00e4nnipuidust, tagades, et puit p\u00e4rineb vastutustundlikult majandatud metsadest.<\/p>\n","protected":false},"excerpt":{"rendered":"<p>\u00d5uem\u00e4ng Yacht on klassikaline t\u00e4ringum\u00e4ng, mis sobib ideaalselt m\u00f5nusateks \u00f5ues veedetud p\u00e4evadeks. M\u00e4ngu eesm\u00e4rk on saavutada v\u00f5imalikult k\u00f5rge punktisumma,&#8230;<\/p>\n","protected":false},"featured_media":0,"template":"","meta":[],"product_brand":[],"product_cat":[5371],"product_tag":[],"class_list":{"0":"post-1435289","1":"product","2":"type-product","3":"status-publish","5":"product_cat-mangud-ja-manguasjad","6":"pa_gender-uniseks","7":"pa_gender-unisex","11":"first","12":"instock","13":"purchasable","14":"product-type-simple"},"acf":[],"yoast_head":"<!-- This site is optimized with the Yoast SEO plugin v26.0 - https:\/\/yoast.com\/wordpress\/plugins\/seo\/ -->\n<title>VINGA Outdoor Yacht \u00f5uem\u00e4ng - Kruze.ee<\/title>\n<meta name=\"robots\" content=\"index, follow, max-snippet:-1, max-image-preview:large, max-video-preview:-1\" \/>\n<link rel=\"canonical\" href=\"https:\/\/kruze.ee\/et\/toode\/vinga-outdoor-yacht-ouemang\/\" \/>\n<meta property=\"og:locale\" content=\"et_EE\" \/>\n<meta property=\"og:type\" content=\"article\" \/>\n<meta property=\"og:title\" content=\"VINGA Outdoor Yacht \u00f5uem\u00e4ng - Kruze.ee\" \/>\n<meta property=\"og:description\" content=\"\u00d5uem\u00e4ng Yacht on klassikaline t\u00e4ringum\u00e4ng, mis sobib ideaalselt m\u00f5nusateks \u00f5ues veedetud p\u00e4evadeks. M\u00e4ngu eesm\u00e4rk on saavutada v\u00f5imalikult k\u00f5rge punktisumma,...\" \/>\n<meta property=\"og:url\" content=\"https:\/\/kruze.ee\/et\/toode\/vinga-outdoor-yacht-ouemang\/\" \/>\n<meta property=\"og:site_name\" content=\"Kruze.ee\" \/>\n<meta name=\"twitter:card\" content=\"summary_large_image\" \/>\n<script type=\"application\/ld+json\" class=\"yoast-schema-graph\">{\"@context\":\"https:\/\/schema.org\",\"@graph\":[{\"@type\":\"WebPage\",\"@id\":\"https:\/\/kruze.ee\/et\/toode\/vinga-outdoor-yacht-ouemang\/\",\"url\":\"https:\/\/kruze.ee\/et\/toode\/vinga-outdoor-yacht-ouemang\/\",\"name\":\"VINGA Outdoor Yacht \u00f5uem\u00e4ng - Kruze.ee\",\"isPartOf\":{\"@id\":\"https:\/\/kruze.ee\/et\/#website\"},\"datePublished\":\"2026-01-24T11:47:24+00:00\",\"breadcrumb\":{\"@id\":\"https:\/\/kruze.ee\/et\/toode\/vinga-outdoor-yacht-ouemang\/#breadcrumb\"},\"inLanguage\":\"et\",\"potentialAction\":[{\"@type\":\"ReadAction\",\"target\":[\"https:\/\/kruze.ee\/et\/toode\/vinga-outdoor-yacht-ouemang\/\"]}]},{\"@type\":\"BreadcrumbList\",\"@id\":\"https:\/\/kruze.ee\/et\/toode\/vinga-outdoor-yacht-ouemang\/#breadcrumb\",\"itemListElement\":[{\"@type\":\"ListItem\",\"position\":1,\"name\":\"Home\",\"item\":\"https:\/\/kruze.ee\/et\/\"},{\"@type\":\"ListItem\",\"position\":2,\"name\":\"Tooted\",\"item\":\"https:\/\/kruze.ee\/et\/tooted\/\"},{\"@type\":\"ListItem\",\"position\":3,\"name\":\"VINGA Outdoor Yacht \u00f5uem\u00e4ng\"}]},{\"@type\":\"WebSite\",\"@id\":\"https:\/\/kruze.ee\/et\/#website\",\"url\":\"https:\/\/kruze.ee\/et\/\",\"name\":\"Kruze.ee\",\"description\":\"Reklaamkingitused, tr&uuml;kiga T-s&auml;rgid, fliisid, dressipluused, tekstiil, joped ja paljud teised logoga meened, &Auml;rikingitused sinu partnerile! Telli juba t&auml;na.\",\"potentialAction\":[{\"@type\":\"SearchAction\",\"target\":{\"@type\":\"EntryPoint\",\"urlTemplate\":\"https:\/\/kruze.ee\/et\/?s={search_term_string}\"},\"query-input\":{\"@type\":\"PropertyValueSpecification\",\"valueRequired\":true,\"valueName\":\"search_term_string\"}}],\"inLanguage\":\"et\"}]}<\/script>\n<!-- \/ Yoast SEO plugin. -->","yoast_head_json":{"title":"VINGA Outdoor Yacht \u00f5uem\u00e4ng - Kruze.ee","robots":{"index":"index","follow":"follow","max-snippet":"max-snippet:-1","max-image-preview":"max-image-preview:large","max-video-preview":"max-video-preview:-1"},"canonical":"https:\/\/kruze.ee\/et\/toode\/vinga-outdoor-yacht-ouemang\/","og_locale":"et_EE","og_type":"article","og_title":"VINGA Outdoor Yacht \u00f5uem\u00e4ng - Kruze.ee","og_description":"\u00d5uem\u00e4ng Yacht on klassikaline t\u00e4ringum\u00e4ng, mis sobib ideaalselt m\u00f5nusateks \u00f5ues veedetud p\u00e4evadeks. M\u00e4ngu eesm\u00e4rk on saavutada v\u00f5imalikult k\u00f5rge punktisumma,...","og_url":"https:\/\/kruze.ee\/et\/toode\/vinga-outdoor-yacht-ouemang\/","og_site_name":"Kruze.ee","twitter_card":"summary_large_image","schema":{"@context":"https:\/\/schema.org","@graph":[{"@type":"WebPage","@id":"https:\/\/kruze.ee\/et\/toode\/vinga-outdoor-yacht-ouemang\/","url":"https:\/\/kruze.ee\/et\/toode\/vinga-outdoor-yacht-ouemang\/","name":"VINGA Outdoor Yacht \u00f5uem\u00e4ng - Kruze.ee","isPartOf":{"@id":"https:\/\/kruze.ee\/et\/#website"},"datePublished":"2026-01-24T11:47:24+00:00","breadcrumb":{"@id":"https:\/\/kruze.ee\/et\/toode\/vinga-outdoor-yacht-ouemang\/#breadcrumb"},"inLanguage":"et","potentialAction":[{"@type":"ReadAction","target":["https:\/\/kruze.ee\/et\/toode\/vinga-outdoor-yacht-ouemang\/"]}]},{"@type":"BreadcrumbList","@id":"https:\/\/kruze.ee\/et\/toode\/vinga-outdoor-yacht-ouemang\/#breadcrumb","itemListElement":[{"@type":"ListItem","position":1,"name":"Home","item":"https:\/\/kruze.ee\/et\/"},{"@type":"ListItem","position":2,"name":"Tooted","item":"https:\/\/kruze.ee\/et\/tooted\/"},{"@type":"ListItem","position":3,"name":"VINGA Outdoor Yacht \u00f5uem\u00e4ng"}]},{"@type":"WebSite","@id":"https:\/\/kruze.ee\/et\/#website","url":"https:\/\/kruze.ee\/et\/","name":"Kruze.ee","description":"Reklaamkingitused, tr&uuml;kiga T-s&auml;rgid, fliisid, dressipluused, tekstiil, joped ja paljud teised logoga meened, &Auml;rikingitused sinu partnerile! Telli juba t&auml;na.","potentialAction":[{"@type":"SearchAction","target":{"@type":"EntryPoint","urlTemplate":"https:\/\/kruze.ee\/et\/?s={search_term_string}"},"query-input":{"@type":"PropertyValueSpecification","valueRequired":true,"valueName":"search_term_string"}}],"inLanguage":"et"}]}},"_links":{"self":[{"href":"https:\/\/kruze.ee\/et\/wp-json\/wp\/v2\/product\/1435289","targetHints":{"allow":["GET"]}}],"collection":[{"href":"https:\/\/kruze.ee\/et\/wp-json\/wp\/v2\/product"}],"about":[{"href":"https:\/\/kruze.ee\/et\/wp-json\/wp\/v2\/types\/product"}],"wp:attachment":[{"href":"https:\/\/kruze.ee\/et\/wp-json\/wp\/v2\/media?parent=1435289"}],"wp:term":[{"taxonomy":"product_brand","embeddable":true,"href":"https:\/\/kruze.ee\/et\/wp-json\/wp\/v2\/product_brand?post=1435289"},{"taxonomy":"product_cat","embeddable":true,"href":"https:\/\/kruze.ee\/et\/wp-json\/wp\/v2\/product_cat?post=1435289"},{"taxonomy":"product_tag","embeddable":true,"href":"https:\/\/kruze.ee\/et\/wp-json\/wp\/v2\/product_tag?post=1435289"}],"curies":[{"name":"wp","href":"https:\/\/api.w.org\/{rel}","templated":true}]}}