{"id":1435287,"date":"2026-01-24T14:47:16","date_gmt":"2026-01-24T11:47:16","guid":{"rendered":"https:\/\/kruze.ee\/product\/vinga-miro-rannatennise-mang\/"},"modified":"2026-01-24T14:47:16","modified_gmt":"2026-01-24T11:47:16","slug":"vinga-miro-rannatennise-mang","status":"publish","type":"product","link":"https:\/\/kruze.ee\/et\/toode\/vinga-miro-rannatennise-mang\/","title":{"rendered":"VINGA Miro rannatennise m\u00e4ng"},"content":{"rendered":"<p>Rannatennis on populaarne reketim\u00e4ng, mida on lihtne \u00f5ppida ning mis sobib nii t\u00e4iskasvanutele kui ka lastele. See on l\u00f5bus ajaviide m\u00e4ngimiseks rannas, pargis v\u00f5i koduaias. Komplekt sisaldab kahte reketit ja kahte kummipalli ning on pakendatud v\u00f5rktagusega puuvillakotti, mis teeb komplekti mugavalt kaasaskantavaks. M\u00e4ng ei ole m\u00f5eldud kasutamiseks vees. Reketid on valmistatud kvaliteetsest FSC\u00ae-sertifitseeritud vineerist, tagades, et puit p\u00e4rineb vastutustundlikult majandatud metsadest.<\/p>\n","protected":false},"excerpt":{"rendered":"<p>Rannatennis on populaarne reketim\u00e4ng, mida on lihtne \u00f5ppida ning mis sobib nii t\u00e4iskasvanutele kui ka lastele. See on l\u00f5bus ajaviide m\u00e4ngimiseks rannas, pargis&#8230;<\/p>\n","protected":false},"featured_media":0,"template":"","meta":[],"product_brand":[],"product_cat":[5371],"product_tag":[],"class_list":{"0":"post-1435287","1":"product","2":"type-product","3":"status-publish","5":"product_cat-mangud-ja-manguasjad","6":"pa_gender-uniseks","7":"pa_gender-unisex","11":"first","12":"instock","13":"purchasable","14":"product-type-simple"},"acf":[],"yoast_head":"<!-- This site is optimized with the Yoast SEO plugin v26.0 - https:\/\/yoast.com\/wordpress\/plugins\/seo\/ -->\n<title>VINGA Miro rannatennise m\u00e4ng - Kruze.ee<\/title>\n<meta name=\"robots\" content=\"index, follow, max-snippet:-1, max-image-preview:large, max-video-preview:-1\" \/>\n<link rel=\"canonical\" href=\"https:\/\/kruze.ee\/et\/toode\/vinga-miro-rannatennise-mang\/\" \/>\n<meta property=\"og:locale\" content=\"et_EE\" \/>\n<meta property=\"og:type\" content=\"article\" \/>\n<meta property=\"og:title\" content=\"VINGA Miro rannatennise m\u00e4ng - Kruze.ee\" \/>\n<meta property=\"og:description\" content=\"Rannatennis on populaarne reketim\u00e4ng, mida on lihtne \u00f5ppida ning mis sobib nii t\u00e4iskasvanutele kui ka lastele. See on l\u00f5bus ajaviide m\u00e4ngimiseks rannas, pargis...\" \/>\n<meta property=\"og:url\" content=\"https:\/\/kruze.ee\/et\/toode\/vinga-miro-rannatennise-mang\/\" \/>\n<meta property=\"og:site_name\" content=\"Kruze.ee\" \/>\n<meta name=\"twitter:card\" content=\"summary_large_image\" \/>\n<script type=\"application\/ld+json\" class=\"yoast-schema-graph\">{\"@context\":\"https:\/\/schema.org\",\"@graph\":[{\"@type\":\"WebPage\",\"@id\":\"https:\/\/kruze.ee\/et\/toode\/vinga-miro-rannatennise-mang\/\",\"url\":\"https:\/\/kruze.ee\/et\/toode\/vinga-miro-rannatennise-mang\/\",\"name\":\"VINGA Miro rannatennise m\u00e4ng - Kruze.ee\",\"isPartOf\":{\"@id\":\"https:\/\/kruze.ee\/et\/#website\"},\"datePublished\":\"2026-01-24T11:47:16+00:00\",\"breadcrumb\":{\"@id\":\"https:\/\/kruze.ee\/et\/toode\/vinga-miro-rannatennise-mang\/#breadcrumb\"},\"inLanguage\":\"et\",\"potentialAction\":[{\"@type\":\"ReadAction\",\"target\":[\"https:\/\/kruze.ee\/et\/toode\/vinga-miro-rannatennise-mang\/\"]}]},{\"@type\":\"BreadcrumbList\",\"@id\":\"https:\/\/kruze.ee\/et\/toode\/vinga-miro-rannatennise-mang\/#breadcrumb\",\"itemListElement\":[{\"@type\":\"ListItem\",\"position\":1,\"name\":\"Home\",\"item\":\"https:\/\/kruze.ee\/et\/\"},{\"@type\":\"ListItem\",\"position\":2,\"name\":\"Tooted\",\"item\":\"https:\/\/kruze.ee\/et\/tooted\/\"},{\"@type\":\"ListItem\",\"position\":3,\"name\":\"VINGA Miro rannatennise m\u00e4ng\"}]},{\"@type\":\"WebSite\",\"@id\":\"https:\/\/kruze.ee\/et\/#website\",\"url\":\"https:\/\/kruze.ee\/et\/\",\"name\":\"Kruze.ee\",\"description\":\"Reklaamkingitused, tr&uuml;kiga T-s&auml;rgid, fliisid, dressipluused, tekstiil, joped ja paljud teised logoga meened, &Auml;rikingitused sinu partnerile! Telli juba t&auml;na.\",\"potentialAction\":[{\"@type\":\"SearchAction\",\"target\":{\"@type\":\"EntryPoint\",\"urlTemplate\":\"https:\/\/kruze.ee\/et\/?s={search_term_string}\"},\"query-input\":{\"@type\":\"PropertyValueSpecification\",\"valueRequired\":true,\"valueName\":\"search_term_string\"}}],\"inLanguage\":\"et\"}]}<\/script>\n<!-- \/ Yoast SEO plugin. -->","yoast_head_json":{"title":"VINGA Miro rannatennise m\u00e4ng - Kruze.ee","robots":{"index":"index","follow":"follow","max-snippet":"max-snippet:-1","max-image-preview":"max-image-preview:large","max-video-preview":"max-video-preview:-1"},"canonical":"https:\/\/kruze.ee\/et\/toode\/vinga-miro-rannatennise-mang\/","og_locale":"et_EE","og_type":"article","og_title":"VINGA Miro rannatennise m\u00e4ng - Kruze.ee","og_description":"Rannatennis on populaarne reketim\u00e4ng, mida on lihtne \u00f5ppida ning mis sobib nii t\u00e4iskasvanutele kui ka lastele. See on l\u00f5bus ajaviide m\u00e4ngimiseks rannas, pargis...","og_url":"https:\/\/kruze.ee\/et\/toode\/vinga-miro-rannatennise-mang\/","og_site_name":"Kruze.ee","twitter_card":"summary_large_image","schema":{"@context":"https:\/\/schema.org","@graph":[{"@type":"WebPage","@id":"https:\/\/kruze.ee\/et\/toode\/vinga-miro-rannatennise-mang\/","url":"https:\/\/kruze.ee\/et\/toode\/vinga-miro-rannatennise-mang\/","name":"VINGA Miro rannatennise m\u00e4ng - Kruze.ee","isPartOf":{"@id":"https:\/\/kruze.ee\/et\/#website"},"datePublished":"2026-01-24T11:47:16+00:00","breadcrumb":{"@id":"https:\/\/kruze.ee\/et\/toode\/vinga-miro-rannatennise-mang\/#breadcrumb"},"inLanguage":"et","potentialAction":[{"@type":"ReadAction","target":["https:\/\/kruze.ee\/et\/toode\/vinga-miro-rannatennise-mang\/"]}]},{"@type":"BreadcrumbList","@id":"https:\/\/kruze.ee\/et\/toode\/vinga-miro-rannatennise-mang\/#breadcrumb","itemListElement":[{"@type":"ListItem","position":1,"name":"Home","item":"https:\/\/kruze.ee\/et\/"},{"@type":"ListItem","position":2,"name":"Tooted","item":"https:\/\/kruze.ee\/et\/tooted\/"},{"@type":"ListItem","position":3,"name":"VINGA Miro rannatennise m\u00e4ng"}]},{"@type":"WebSite","@id":"https:\/\/kruze.ee\/et\/#website","url":"https:\/\/kruze.ee\/et\/","name":"Kruze.ee","description":"Reklaamkingitused, tr&uuml;kiga T-s&auml;rgid, fliisid, dressipluused, tekstiil, joped ja paljud teised logoga meened, &Auml;rikingitused sinu partnerile! Telli juba t&auml;na.","potentialAction":[{"@type":"SearchAction","target":{"@type":"EntryPoint","urlTemplate":"https:\/\/kruze.ee\/et\/?s={search_term_string}"},"query-input":{"@type":"PropertyValueSpecification","valueRequired":true,"valueName":"search_term_string"}}],"inLanguage":"et"}]}},"_links":{"self":[{"href":"https:\/\/kruze.ee\/et\/wp-json\/wp\/v2\/product\/1435287","targetHints":{"allow":["GET"]}}],"collection":[{"href":"https:\/\/kruze.ee\/et\/wp-json\/wp\/v2\/product"}],"about":[{"href":"https:\/\/kruze.ee\/et\/wp-json\/wp\/v2\/types\/product"}],"wp:attachment":[{"href":"https:\/\/kruze.ee\/et\/wp-json\/wp\/v2\/media?parent=1435287"}],"wp:term":[{"taxonomy":"product_brand","embeddable":true,"href":"https:\/\/kruze.ee\/et\/wp-json\/wp\/v2\/product_brand?post=1435287"},{"taxonomy":"product_cat","embeddable":true,"href":"https:\/\/kruze.ee\/et\/wp-json\/wp\/v2\/product_cat?post=1435287"},{"taxonomy":"product_tag","embeddable":true,"href":"https:\/\/kruze.ee\/et\/wp-json\/wp\/v2\/product_tag?post=1435287"}],"curies":[{"name":"wp","href":"https:\/\/api.w.org\/{rel}","templated":true}]}}