{"id":1435273,"date":"2026-01-23T17:51:05","date_gmt":"2026-01-23T14:51:05","guid":{"rendered":"https:\/\/kruze.ee\/product\/xd-rcs-taaskasutatud-plastist-hadaabiraadio\/"},"modified":"2026-03-17T00:51:20","modified_gmt":"2026-03-16T21:51:20","slug":"xd-rcs-taaskasutatud-plastist-hadaabiraadio","status":"publish","type":"product","link":"https:\/\/kruze.ee\/et\/toode\/xd-rcs-taaskasutatud-plastist-hadaabiraadio\/","title":{"rendered":"XD  RCS taaskasutatud plastist h\u00e4daabiraadio"},"content":{"rendered":"<p>Ole valmis igaks olukorraks RescueWave\u2019iga \u2013 mitmek\u00fclgse h\u00e4daabiraadioga, mis hoiab sind \u00fchenduses ja varustatuna energiaga. Seadmel on AM\/FM-raadio, p\u00e4ikesepaneel, integreeritud 1 W taskulamp, USB-v\u00e4ljund ja USB-C sisend, mis teeb sellest kompaktsest seadmest usaldusv\u00e4\u00e4rse abilise ootamatutes olukordades. Sisseehitatud 1800 mAh aku v\u00f5imaldab telefoni laadida, pakkudes h\u00e4davajalikku energiat just siis, kui seda k\u00f5ige rohkem vajad. K\u00e4siv\u00e4nt tagab t\u00f6\u00f6kindla funktsionaalsuse \u2013 vaid 1 minut v\u00e4ntamist\u2026<\/p>\n","protected":false},"excerpt":{"rendered":"<p>Ole valmis igaks olukorraks RescueWave\u2019iga \u2013 mitmek\u00fclgse h\u00e4daabiraadioga, mis hoiab sind \u00fchenduses ja varustatuna energiaga. Seadmel on AM\/FM-raadio,&#8230;<\/p>\n","protected":false},"featured_media":0,"template":"","meta":[],"product_brand":[],"product_cat":[5412],"product_tag":[],"class_list":{"0":"post-1435273","1":"product","2":"type-product","3":"status-publish","5":"product_cat-kolarid","6":"pa_gender-uniseks","7":"pa_gender-unisex","11":"first","12":"instock","13":"purchasable","14":"product-type-simple"},"acf":[],"yoast_head":"<!-- This site is optimized with the Yoast SEO plugin v26.0 - https:\/\/yoast.com\/wordpress\/plugins\/seo\/ -->\n<title>XD RCS taaskasutatud plastist h\u00e4daabiraadio - Kruze.ee<\/title>\n<meta name=\"robots\" content=\"index, follow, max-snippet:-1, max-image-preview:large, max-video-preview:-1\" \/>\n<link rel=\"canonical\" href=\"https:\/\/kruze.ee\/et\/toode\/xd-rcs-taaskasutatud-plastist-hadaabiraadio\/\" \/>\n<meta property=\"og:locale\" content=\"et_EE\" \/>\n<meta property=\"og:type\" content=\"article\" \/>\n<meta property=\"og:title\" content=\"XD RCS taaskasutatud plastist h\u00e4daabiraadio - Kruze.ee\" \/>\n<meta property=\"og:description\" content=\"Ole valmis igaks olukorraks RescueWave\u2019iga \u2013 mitmek\u00fclgse h\u00e4daabiraadioga, mis hoiab sind \u00fchenduses ja varustatuna energiaga. Seadmel on AM\/FM-raadio,...\" \/>\n<meta property=\"og:url\" content=\"https:\/\/kruze.ee\/et\/toode\/xd-rcs-taaskasutatud-plastist-hadaabiraadio\/\" \/>\n<meta property=\"og:site_name\" content=\"Kruze.ee\" \/>\n<meta property=\"article:modified_time\" content=\"2026-03-16T21:51:20+00:00\" \/>\n<meta name=\"twitter:card\" content=\"summary_large_image\" \/>\n<script type=\"application\/ld+json\" class=\"yoast-schema-graph\">{\"@context\":\"https:\/\/schema.org\",\"@graph\":[{\"@type\":\"WebPage\",\"@id\":\"https:\/\/kruze.ee\/et\/toode\/xd-rcs-taaskasutatud-plastist-hadaabiraadio\/\",\"url\":\"https:\/\/kruze.ee\/et\/toode\/xd-rcs-taaskasutatud-plastist-hadaabiraadio\/\",\"name\":\"XD RCS taaskasutatud plastist h\u00e4daabiraadio - Kruze.ee\",\"isPartOf\":{\"@id\":\"https:\/\/kruze.ee\/et\/#website\"},\"datePublished\":\"2026-01-23T14:51:05+00:00\",\"dateModified\":\"2026-03-16T21:51:20+00:00\",\"breadcrumb\":{\"@id\":\"https:\/\/kruze.ee\/et\/toode\/xd-rcs-taaskasutatud-plastist-hadaabiraadio\/#breadcrumb\"},\"inLanguage\":\"et\",\"potentialAction\":[{\"@type\":\"ReadAction\",\"target\":[\"https:\/\/kruze.ee\/et\/toode\/xd-rcs-taaskasutatud-plastist-hadaabiraadio\/\"]}]},{\"@type\":\"BreadcrumbList\",\"@id\":\"https:\/\/kruze.ee\/et\/toode\/xd-rcs-taaskasutatud-plastist-hadaabiraadio\/#breadcrumb\",\"itemListElement\":[{\"@type\":\"ListItem\",\"position\":1,\"name\":\"Home\",\"item\":\"https:\/\/kruze.ee\/et\/\"},{\"@type\":\"ListItem\",\"position\":2,\"name\":\"Tooted\",\"item\":\"https:\/\/kruze.ee\/et\/tooted\/\"},{\"@type\":\"ListItem\",\"position\":3,\"name\":\"XD RCS taaskasutatud plastist h\u00e4daabiraadio\"}]},{\"@type\":\"WebSite\",\"@id\":\"https:\/\/kruze.ee\/et\/#website\",\"url\":\"https:\/\/kruze.ee\/et\/\",\"name\":\"Kruze.ee\",\"description\":\"Reklaamkingitused, tr&uuml;kiga T-s&auml;rgid, fliisid, dressipluused, tekstiil, joped ja paljud teised logoga meened, &Auml;rikingitused sinu partnerile! Telli juba t&auml;na.\",\"potentialAction\":[{\"@type\":\"SearchAction\",\"target\":{\"@type\":\"EntryPoint\",\"urlTemplate\":\"https:\/\/kruze.ee\/et\/?s={search_term_string}\"},\"query-input\":{\"@type\":\"PropertyValueSpecification\",\"valueRequired\":true,\"valueName\":\"search_term_string\"}}],\"inLanguage\":\"et\"}]}<\/script>\n<!-- \/ Yoast SEO plugin. -->","yoast_head_json":{"title":"XD RCS taaskasutatud plastist h\u00e4daabiraadio - Kruze.ee","robots":{"index":"index","follow":"follow","max-snippet":"max-snippet:-1","max-image-preview":"max-image-preview:large","max-video-preview":"max-video-preview:-1"},"canonical":"https:\/\/kruze.ee\/et\/toode\/xd-rcs-taaskasutatud-plastist-hadaabiraadio\/","og_locale":"et_EE","og_type":"article","og_title":"XD RCS taaskasutatud plastist h\u00e4daabiraadio - Kruze.ee","og_description":"Ole valmis igaks olukorraks RescueWave\u2019iga \u2013 mitmek\u00fclgse h\u00e4daabiraadioga, mis hoiab sind \u00fchenduses ja varustatuna energiaga. Seadmel on AM\/FM-raadio,...","og_url":"https:\/\/kruze.ee\/et\/toode\/xd-rcs-taaskasutatud-plastist-hadaabiraadio\/","og_site_name":"Kruze.ee","article_modified_time":"2026-03-16T21:51:20+00:00","twitter_card":"summary_large_image","schema":{"@context":"https:\/\/schema.org","@graph":[{"@type":"WebPage","@id":"https:\/\/kruze.ee\/et\/toode\/xd-rcs-taaskasutatud-plastist-hadaabiraadio\/","url":"https:\/\/kruze.ee\/et\/toode\/xd-rcs-taaskasutatud-plastist-hadaabiraadio\/","name":"XD RCS taaskasutatud plastist h\u00e4daabiraadio - Kruze.ee","isPartOf":{"@id":"https:\/\/kruze.ee\/et\/#website"},"datePublished":"2026-01-23T14:51:05+00:00","dateModified":"2026-03-16T21:51:20+00:00","breadcrumb":{"@id":"https:\/\/kruze.ee\/et\/toode\/xd-rcs-taaskasutatud-plastist-hadaabiraadio\/#breadcrumb"},"inLanguage":"et","potentialAction":[{"@type":"ReadAction","target":["https:\/\/kruze.ee\/et\/toode\/xd-rcs-taaskasutatud-plastist-hadaabiraadio\/"]}]},{"@type":"BreadcrumbList","@id":"https:\/\/kruze.ee\/et\/toode\/xd-rcs-taaskasutatud-plastist-hadaabiraadio\/#breadcrumb","itemListElement":[{"@type":"ListItem","position":1,"name":"Home","item":"https:\/\/kruze.ee\/et\/"},{"@type":"ListItem","position":2,"name":"Tooted","item":"https:\/\/kruze.ee\/et\/tooted\/"},{"@type":"ListItem","position":3,"name":"XD RCS taaskasutatud plastist h\u00e4daabiraadio"}]},{"@type":"WebSite","@id":"https:\/\/kruze.ee\/et\/#website","url":"https:\/\/kruze.ee\/et\/","name":"Kruze.ee","description":"Reklaamkingitused, tr&uuml;kiga T-s&auml;rgid, fliisid, dressipluused, tekstiil, joped ja paljud teised logoga meened, &Auml;rikingitused sinu partnerile! Telli juba t&auml;na.","potentialAction":[{"@type":"SearchAction","target":{"@type":"EntryPoint","urlTemplate":"https:\/\/kruze.ee\/et\/?s={search_term_string}"},"query-input":{"@type":"PropertyValueSpecification","valueRequired":true,"valueName":"search_term_string"}}],"inLanguage":"et"}]}},"_links":{"self":[{"href":"https:\/\/kruze.ee\/et\/wp-json\/wp\/v2\/product\/1435273","targetHints":{"allow":["GET"]}}],"collection":[{"href":"https:\/\/kruze.ee\/et\/wp-json\/wp\/v2\/product"}],"about":[{"href":"https:\/\/kruze.ee\/et\/wp-json\/wp\/v2\/types\/product"}],"wp:attachment":[{"href":"https:\/\/kruze.ee\/et\/wp-json\/wp\/v2\/media?parent=1435273"}],"wp:term":[{"taxonomy":"product_brand","embeddable":true,"href":"https:\/\/kruze.ee\/et\/wp-json\/wp\/v2\/product_brand?post=1435273"},{"taxonomy":"product_cat","embeddable":true,"href":"https:\/\/kruze.ee\/et\/wp-json\/wp\/v2\/product_cat?post=1435273"},{"taxonomy":"product_tag","embeddable":true,"href":"https:\/\/kruze.ee\/et\/wp-json\/wp\/v2\/product_tag?post=1435273"}],"curies":[{"name":"wp","href":"https:\/\/api.w.org\/{rel}","templated":true}]}}