{"id":1435269,"date":"2026-01-23T17:36:51","date_gmt":"2026-01-23T14:36:51","guid":{"rendered":"https:\/\/kruze.ee\/product\/ipx8-veekindel-ujuv-telefonikott\/"},"modified":"2026-03-17T00:50:09","modified_gmt":"2026-03-16T21:50:09","slug":"ipx8-veekindel-ujuv-telefonikott","status":"publish","type":"product","link":"https:\/\/kruze.ee\/et\/toode\/ipx8-veekindel-ujuv-telefonikott\/","title":{"rendered":"IPX8 veekindel ujuv telefonikott"},"content":{"rendered":"<p>Kvaliteetne IPX8-tasemega veekindel kott, mis hoiab teie telefoni veetegevuste, rannas ja basseinis viibimise v\u00f5i tugeva vihma ajal 100% turvaliselt ja kaitstult. Kui telefonikott peaks vette kukkuma, j\u00e4\u00e4b see vee peale ujuma, tagades, et te ei kaota oma v\u00e4\u00e4rtuslikku nutitelefoni. Kotil on spetsiaalsed l\u00e4bipaistvad osad, mis v\u00f5imaldavad kotis oleva telefoniga pilte teha ja ekraani kasutada. Sobib telefonidele kuni 6,5&#8243;.<\/p>\n","protected":false},"excerpt":{"rendered":"<p>Kvaliteetne IPX8-tasemega veekindel kott, mis hoiab teie telefoni veetegevuste, rannas ja basseinis viibimise v\u00f5i tugeva vihma ajal 100% turvaliselt ja&#8230;<\/p>\n","protected":false},"featured_media":0,"template":"","meta":[],"product_brand":[],"product_cat":[5418],"product_tag":[],"class_list":{"0":"post-1435269","1":"product","2":"type-product","3":"status-publish","5":"product_cat-nutiseadmete-lisatarvikud","6":"pa_gender-uniseks","7":"pa_gender-unisex","11":"first","12":"instock","13":"purchasable","14":"product-type-simple"},"acf":[],"yoast_head":"<!-- This site is optimized with the Yoast SEO plugin v26.0 - https:\/\/yoast.com\/wordpress\/plugins\/seo\/ -->\n<title>IPX8 veekindel ujuv telefonikott - Kruze.ee<\/title>\n<meta name=\"robots\" content=\"index, follow, max-snippet:-1, max-image-preview:large, max-video-preview:-1\" \/>\n<link rel=\"canonical\" href=\"https:\/\/kruze.ee\/et\/toode\/ipx8-veekindel-ujuv-telefonikott\/\" \/>\n<meta property=\"og:locale\" content=\"et_EE\" \/>\n<meta property=\"og:type\" content=\"article\" \/>\n<meta property=\"og:title\" content=\"IPX8 veekindel ujuv telefonikott - Kruze.ee\" \/>\n<meta property=\"og:description\" content=\"Kvaliteetne IPX8-tasemega veekindel kott, mis hoiab teie telefoni veetegevuste, rannas ja basseinis viibimise v\u00f5i tugeva vihma ajal 100% turvaliselt ja...\" \/>\n<meta property=\"og:url\" content=\"https:\/\/kruze.ee\/et\/toode\/ipx8-veekindel-ujuv-telefonikott\/\" \/>\n<meta property=\"og:site_name\" content=\"Kruze.ee\" \/>\n<meta property=\"article:modified_time\" content=\"2026-03-16T21:50:09+00:00\" \/>\n<meta name=\"twitter:card\" content=\"summary_large_image\" \/>\n<script type=\"application\/ld+json\" class=\"yoast-schema-graph\">{\"@context\":\"https:\/\/schema.org\",\"@graph\":[{\"@type\":\"WebPage\",\"@id\":\"https:\/\/kruze.ee\/et\/toode\/ipx8-veekindel-ujuv-telefonikott\/\",\"url\":\"https:\/\/kruze.ee\/et\/toode\/ipx8-veekindel-ujuv-telefonikott\/\",\"name\":\"IPX8 veekindel ujuv telefonikott - Kruze.ee\",\"isPartOf\":{\"@id\":\"https:\/\/kruze.ee\/et\/#website\"},\"datePublished\":\"2026-01-23T14:36:51+00:00\",\"dateModified\":\"2026-03-16T21:50:09+00:00\",\"breadcrumb\":{\"@id\":\"https:\/\/kruze.ee\/et\/toode\/ipx8-veekindel-ujuv-telefonikott\/#breadcrumb\"},\"inLanguage\":\"et\",\"potentialAction\":[{\"@type\":\"ReadAction\",\"target\":[\"https:\/\/kruze.ee\/et\/toode\/ipx8-veekindel-ujuv-telefonikott\/\"]}]},{\"@type\":\"BreadcrumbList\",\"@id\":\"https:\/\/kruze.ee\/et\/toode\/ipx8-veekindel-ujuv-telefonikott\/#breadcrumb\",\"itemListElement\":[{\"@type\":\"ListItem\",\"position\":1,\"name\":\"Home\",\"item\":\"https:\/\/kruze.ee\/et\/\"},{\"@type\":\"ListItem\",\"position\":2,\"name\":\"Tooted\",\"item\":\"https:\/\/kruze.ee\/et\/tooted\/\"},{\"@type\":\"ListItem\",\"position\":3,\"name\":\"IPX8 veekindel ujuv telefonikott\"}]},{\"@type\":\"WebSite\",\"@id\":\"https:\/\/kruze.ee\/et\/#website\",\"url\":\"https:\/\/kruze.ee\/et\/\",\"name\":\"Kruze.ee\",\"description\":\"Reklaamkingitused, tr&uuml;kiga T-s&auml;rgid, fliisid, dressipluused, tekstiil, joped ja paljud teised logoga meened, &Auml;rikingitused sinu partnerile! Telli juba t&auml;na.\",\"potentialAction\":[{\"@type\":\"SearchAction\",\"target\":{\"@type\":\"EntryPoint\",\"urlTemplate\":\"https:\/\/kruze.ee\/et\/?s={search_term_string}\"},\"query-input\":{\"@type\":\"PropertyValueSpecification\",\"valueRequired\":true,\"valueName\":\"search_term_string\"}}],\"inLanguage\":\"et\"}]}<\/script>\n<!-- \/ Yoast SEO plugin. -->","yoast_head_json":{"title":"IPX8 veekindel ujuv telefonikott - Kruze.ee","robots":{"index":"index","follow":"follow","max-snippet":"max-snippet:-1","max-image-preview":"max-image-preview:large","max-video-preview":"max-video-preview:-1"},"canonical":"https:\/\/kruze.ee\/et\/toode\/ipx8-veekindel-ujuv-telefonikott\/","og_locale":"et_EE","og_type":"article","og_title":"IPX8 veekindel ujuv telefonikott - Kruze.ee","og_description":"Kvaliteetne IPX8-tasemega veekindel kott, mis hoiab teie telefoni veetegevuste, rannas ja basseinis viibimise v\u00f5i tugeva vihma ajal 100% turvaliselt ja...","og_url":"https:\/\/kruze.ee\/et\/toode\/ipx8-veekindel-ujuv-telefonikott\/","og_site_name":"Kruze.ee","article_modified_time":"2026-03-16T21:50:09+00:00","twitter_card":"summary_large_image","schema":{"@context":"https:\/\/schema.org","@graph":[{"@type":"WebPage","@id":"https:\/\/kruze.ee\/et\/toode\/ipx8-veekindel-ujuv-telefonikott\/","url":"https:\/\/kruze.ee\/et\/toode\/ipx8-veekindel-ujuv-telefonikott\/","name":"IPX8 veekindel ujuv telefonikott - Kruze.ee","isPartOf":{"@id":"https:\/\/kruze.ee\/et\/#website"},"datePublished":"2026-01-23T14:36:51+00:00","dateModified":"2026-03-16T21:50:09+00:00","breadcrumb":{"@id":"https:\/\/kruze.ee\/et\/toode\/ipx8-veekindel-ujuv-telefonikott\/#breadcrumb"},"inLanguage":"et","potentialAction":[{"@type":"ReadAction","target":["https:\/\/kruze.ee\/et\/toode\/ipx8-veekindel-ujuv-telefonikott\/"]}]},{"@type":"BreadcrumbList","@id":"https:\/\/kruze.ee\/et\/toode\/ipx8-veekindel-ujuv-telefonikott\/#breadcrumb","itemListElement":[{"@type":"ListItem","position":1,"name":"Home","item":"https:\/\/kruze.ee\/et\/"},{"@type":"ListItem","position":2,"name":"Tooted","item":"https:\/\/kruze.ee\/et\/tooted\/"},{"@type":"ListItem","position":3,"name":"IPX8 veekindel ujuv telefonikott"}]},{"@type":"WebSite","@id":"https:\/\/kruze.ee\/et\/#website","url":"https:\/\/kruze.ee\/et\/","name":"Kruze.ee","description":"Reklaamkingitused, tr&uuml;kiga T-s&auml;rgid, fliisid, dressipluused, tekstiil, joped ja paljud teised logoga meened, &Auml;rikingitused sinu partnerile! Telli juba t&auml;na.","potentialAction":[{"@type":"SearchAction","target":{"@type":"EntryPoint","urlTemplate":"https:\/\/kruze.ee\/et\/?s={search_term_string}"},"query-input":{"@type":"PropertyValueSpecification","valueRequired":true,"valueName":"search_term_string"}}],"inLanguage":"et"}]}},"_links":{"self":[{"href":"https:\/\/kruze.ee\/et\/wp-json\/wp\/v2\/product\/1435269","targetHints":{"allow":["GET"]}}],"collection":[{"href":"https:\/\/kruze.ee\/et\/wp-json\/wp\/v2\/product"}],"about":[{"href":"https:\/\/kruze.ee\/et\/wp-json\/wp\/v2\/types\/product"}],"wp:attachment":[{"href":"https:\/\/kruze.ee\/et\/wp-json\/wp\/v2\/media?parent=1435269"}],"wp:term":[{"taxonomy":"product_brand","embeddable":true,"href":"https:\/\/kruze.ee\/et\/wp-json\/wp\/v2\/product_brand?post=1435269"},{"taxonomy":"product_cat","embeddable":true,"href":"https:\/\/kruze.ee\/et\/wp-json\/wp\/v2\/product_cat?post=1435269"},{"taxonomy":"product_tag","embeddable":true,"href":"https:\/\/kruze.ee\/et\/wp-json\/wp\/v2\/product_tag?post=1435269"}],"curies":[{"name":"wp","href":"https:\/\/api.w.org\/{rel}","templated":true}]}}