{"id":1435064,"date":"2026-01-23T15:48:27","date_gmt":"2026-01-23T12:48:27","guid":{"rendered":"https:\/\/kruze.ee\/product\/cutter-buck-oakville-nmeestev-kaelusega-kampsun\/"},"modified":"2026-03-17T01:26:48","modified_gmt":"2026-03-16T22:26:48","slug":"cutter-buck-oakville-nmeestev-kaelusega-kampsun","status":"publish","type":"product","link":"https:\/\/kruze.ee\/et\/toode\/cutter-buck-oakville-nmeestev-kaelusega-kampsun\/","title":{"rendered":"Cutter &amp; Buck Oakville nmeesteV-kaelusega kampsun"},"content":{"rendered":"<p>Oakville \u00fcmara kaelusega kampsun on kerge ja pehme koestruktuuriga ning kaasaegse l\u00f5ikega. Segatud l\u00f5ngakoostis pakub puuvilla m\u00f5nusat pehmust ja nailoni vastupidavust. Sobib ideaalselt kokku Bridgeport Chino p\u00fckstega. Soonikkoes all\u00e4\u00e4r ja varrukaotsad. Masinpestav.<\/p>\n","protected":false},"excerpt":{"rendered":"<p>Oakville \u00fcmara kaelusega kampsun on kerge ja pehme koestruktuuriga ning kaasaegse l\u00f5ikega. Segatud l\u00f5ngakoostis pakub puuvilla m\u00f5nusat pehmust ja nailoni&#8230;<\/p>\n","protected":false},"featured_media":0,"template":"","meta":[],"product_brand":[],"product_cat":[5382],"product_tag":[],"class_list":{"0":"post-1435064","1":"product","2":"type-product","3":"status-publish","5":"product_cat-kudumid-tikandiga","6":"pa_brand-cutter-buck","7":"pa_color-manniroheline","8":"pa_color-meleeritud-antratsiit","9":"pa_color-meleeritud-hall","10":"pa_color-meleeritud-pruun","11":"pa_color-meleeritud-tumesinine","12":"pa_color-black-2","13":"pa_color-tumesinine","14":"pa_gender-mehed","15":"pa_gender-men","16":"pa_material-80-cotton-20-nylon-oeko-tex-standard-100","17":"pa_size-s","18":"pa_size-m","19":"pa_size-l","20":"pa_size-xl","21":"pa_size-2xl","22":"pa_size-3xl","23":"pa_size-4xl","25":"first","26":"instock","27":"taxable","28":"shipping-taxable","29":"purchasable","30":"product-type-variable"},"acf":[],"yoast_head":"<!-- This site is optimized with the Yoast SEO plugin v26.0 - https:\/\/yoast.com\/wordpress\/plugins\/seo\/ -->\n<title>Cutter &amp; Buck Oakville nmeesteV-kaelusega kampsun - Kruze.ee<\/title>\n<meta name=\"robots\" content=\"index, follow, max-snippet:-1, max-image-preview:large, max-video-preview:-1\" \/>\n<link rel=\"canonical\" href=\"https:\/\/kruze.ee\/et\/toode\/cutter-buck-oakville-nmeestev-kaelusega-kampsun\/\" \/>\n<meta property=\"og:locale\" content=\"et_EE\" \/>\n<meta property=\"og:type\" content=\"article\" \/>\n<meta property=\"og:title\" content=\"Cutter &amp; Buck Oakville nmeesteV-kaelusega kampsun - Kruze.ee\" \/>\n<meta property=\"og:description\" content=\"Oakville \u00fcmara kaelusega kampsun on kerge ja pehme koestruktuuriga ning kaasaegse l\u00f5ikega. Segatud l\u00f5ngakoostis pakub puuvilla m\u00f5nusat pehmust ja nailoni...\" \/>\n<meta property=\"og:url\" content=\"https:\/\/kruze.ee\/et\/toode\/cutter-buck-oakville-nmeestev-kaelusega-kampsun\/\" \/>\n<meta property=\"og:site_name\" content=\"Kruze.ee\" \/>\n<meta property=\"article:modified_time\" content=\"2026-03-16T22:26:48+00:00\" \/>\n<meta name=\"twitter:card\" content=\"summary_large_image\" \/>\n<meta name=\"twitter:label1\" content=\"Est. reading time\" \/>\n\t<meta name=\"twitter:data1\" content=\"1 minut\" \/>\n<script type=\"application\/ld+json\" class=\"yoast-schema-graph\">{\"@context\":\"https:\/\/schema.org\",\"@graph\":[{\"@type\":\"WebPage\",\"@id\":\"https:\/\/kruze.ee\/et\/toode\/cutter-buck-oakville-nmeestev-kaelusega-kampsun\/\",\"url\":\"https:\/\/kruze.ee\/et\/toode\/cutter-buck-oakville-nmeestev-kaelusega-kampsun\/\",\"name\":\"Cutter &amp; Buck Oakville nmeesteV-kaelusega kampsun - Kruze.ee\",\"isPartOf\":{\"@id\":\"https:\/\/kruze.ee\/et\/#website\"},\"datePublished\":\"2026-01-23T12:48:27+00:00\",\"dateModified\":\"2026-03-16T22:26:48+00:00\",\"breadcrumb\":{\"@id\":\"https:\/\/kruze.ee\/et\/toode\/cutter-buck-oakville-nmeestev-kaelusega-kampsun\/#breadcrumb\"},\"inLanguage\":\"et\",\"potentialAction\":[{\"@type\":\"ReadAction\",\"target\":[\"https:\/\/kruze.ee\/et\/toode\/cutter-buck-oakville-nmeestev-kaelusega-kampsun\/\"]}]},{\"@type\":\"BreadcrumbList\",\"@id\":\"https:\/\/kruze.ee\/et\/toode\/cutter-buck-oakville-nmeestev-kaelusega-kampsun\/#breadcrumb\",\"itemListElement\":[{\"@type\":\"ListItem\",\"position\":1,\"name\":\"Home\",\"item\":\"https:\/\/kruze.ee\/et\/\"},{\"@type\":\"ListItem\",\"position\":2,\"name\":\"Tooted\",\"item\":\"https:\/\/kruze.ee\/et\/tooted\/\"},{\"@type\":\"ListItem\",\"position\":3,\"name\":\"Cutter &amp; Buck Oakville nmeesteV-kaelusega kampsun\"}]},{\"@type\":\"WebSite\",\"@id\":\"https:\/\/kruze.ee\/et\/#website\",\"url\":\"https:\/\/kruze.ee\/et\/\",\"name\":\"Kruze.ee\",\"description\":\"Reklaamkingitused, tr&uuml;kiga T-s&auml;rgid, fliisid, dressipluused, tekstiil, joped ja paljud teised logoga meened, &Auml;rikingitused sinu partnerile! Telli juba t&auml;na.\",\"potentialAction\":[{\"@type\":\"SearchAction\",\"target\":{\"@type\":\"EntryPoint\",\"urlTemplate\":\"https:\/\/kruze.ee\/et\/?s={search_term_string}\"},\"query-input\":{\"@type\":\"PropertyValueSpecification\",\"valueRequired\":true,\"valueName\":\"search_term_string\"}}],\"inLanguage\":\"et\"}]}<\/script>\n<!-- \/ Yoast SEO plugin. -->","yoast_head_json":{"title":"Cutter &amp; Buck Oakville nmeesteV-kaelusega kampsun - Kruze.ee","robots":{"index":"index","follow":"follow","max-snippet":"max-snippet:-1","max-image-preview":"max-image-preview:large","max-video-preview":"max-video-preview:-1"},"canonical":"https:\/\/kruze.ee\/et\/toode\/cutter-buck-oakville-nmeestev-kaelusega-kampsun\/","og_locale":"et_EE","og_type":"article","og_title":"Cutter &amp; Buck Oakville nmeesteV-kaelusega kampsun - Kruze.ee","og_description":"Oakville \u00fcmara kaelusega kampsun on kerge ja pehme koestruktuuriga ning kaasaegse l\u00f5ikega. Segatud l\u00f5ngakoostis pakub puuvilla m\u00f5nusat pehmust ja nailoni...","og_url":"https:\/\/kruze.ee\/et\/toode\/cutter-buck-oakville-nmeestev-kaelusega-kampsun\/","og_site_name":"Kruze.ee","article_modified_time":"2026-03-16T22:26:48+00:00","twitter_card":"summary_large_image","twitter_misc":{"Est. reading time":"1 minut"},"schema":{"@context":"https:\/\/schema.org","@graph":[{"@type":"WebPage","@id":"https:\/\/kruze.ee\/et\/toode\/cutter-buck-oakville-nmeestev-kaelusega-kampsun\/","url":"https:\/\/kruze.ee\/et\/toode\/cutter-buck-oakville-nmeestev-kaelusega-kampsun\/","name":"Cutter &amp; Buck Oakville nmeesteV-kaelusega kampsun - Kruze.ee","isPartOf":{"@id":"https:\/\/kruze.ee\/et\/#website"},"datePublished":"2026-01-23T12:48:27+00:00","dateModified":"2026-03-16T22:26:48+00:00","breadcrumb":{"@id":"https:\/\/kruze.ee\/et\/toode\/cutter-buck-oakville-nmeestev-kaelusega-kampsun\/#breadcrumb"},"inLanguage":"et","potentialAction":[{"@type":"ReadAction","target":["https:\/\/kruze.ee\/et\/toode\/cutter-buck-oakville-nmeestev-kaelusega-kampsun\/"]}]},{"@type":"BreadcrumbList","@id":"https:\/\/kruze.ee\/et\/toode\/cutter-buck-oakville-nmeestev-kaelusega-kampsun\/#breadcrumb","itemListElement":[{"@type":"ListItem","position":1,"name":"Home","item":"https:\/\/kruze.ee\/et\/"},{"@type":"ListItem","position":2,"name":"Tooted","item":"https:\/\/kruze.ee\/et\/tooted\/"},{"@type":"ListItem","position":3,"name":"Cutter &amp; Buck Oakville nmeesteV-kaelusega kampsun"}]},{"@type":"WebSite","@id":"https:\/\/kruze.ee\/et\/#website","url":"https:\/\/kruze.ee\/et\/","name":"Kruze.ee","description":"Reklaamkingitused, tr&uuml;kiga T-s&auml;rgid, fliisid, dressipluused, tekstiil, joped ja paljud teised logoga meened, &Auml;rikingitused sinu partnerile! Telli juba t&auml;na.","potentialAction":[{"@type":"SearchAction","target":{"@type":"EntryPoint","urlTemplate":"https:\/\/kruze.ee\/et\/?s={search_term_string}"},"query-input":{"@type":"PropertyValueSpecification","valueRequired":true,"valueName":"search_term_string"}}],"inLanguage":"et"}]}},"_links":{"self":[{"href":"https:\/\/kruze.ee\/et\/wp-json\/wp\/v2\/product\/1435064","targetHints":{"allow":["GET"]}}],"collection":[{"href":"https:\/\/kruze.ee\/et\/wp-json\/wp\/v2\/product"}],"about":[{"href":"https:\/\/kruze.ee\/et\/wp-json\/wp\/v2\/types\/product"}],"wp:attachment":[{"href":"https:\/\/kruze.ee\/et\/wp-json\/wp\/v2\/media?parent=1435064"}],"wp:term":[{"taxonomy":"product_brand","embeddable":true,"href":"https:\/\/kruze.ee\/et\/wp-json\/wp\/v2\/product_brand?post=1435064"},{"taxonomy":"product_cat","embeddable":true,"href":"https:\/\/kruze.ee\/et\/wp-json\/wp\/v2\/product_cat?post=1435064"},{"taxonomy":"product_tag","embeddable":true,"href":"https:\/\/kruze.ee\/et\/wp-json\/wp\/v2\/product_tag?post=1435064"}],"curies":[{"name":"wp","href":"https:\/\/api.w.org\/{rel}","templated":true}]}}