{"id":1434708,"date":"2026-01-20T18:19:16","date_gmt":"2026-01-20T15:19:16","guid":{"rendered":"https:\/\/kruze.ee\/product\/cutter-buck-wedderburn-luhike-meeste-jope\/"},"modified":"2026-03-17T01:26:00","modified_gmt":"2026-03-16T22:26:00","slug":"cutter-buck-wedderburn-luhike-meeste-jope","status":"publish","type":"product","link":"https:\/\/kruze.ee\/et\/toode\/cutter-buck-wedderburn-luhike-meeste-jope\/","title":{"rendered":"Cutter &amp; Buck Wedderburn l\u00fchike meeste jope"},"content":{"rendered":"<p>Meie meeste Wedderburn jope l\u00fchema, keskelt v\u00f6\u00f6ni ulatuva pikkusega versioon. Valmistatud kvaliteetsest WeatherTec\u2122 taaskasutatud pol\u00fcestrist, mis on segatud spandeksiga, pakkudes usaldusv\u00e4\u00e4rset kaitset vihma eest. Wedderburn jope on tuulekindel ja hingav ning varustatud veekindlate lukkude ja sisetaskuga.<\/p>\n","protected":false},"excerpt":{"rendered":"<p>Meie meeste Wedderburn jope l\u00fchema, keskelt v\u00f6\u00f6ni ulatuva pikkusega versioon. Valmistatud kvaliteetsest WeatherTec\u2122 taaskasutatud pol\u00fcestrist, mis on segatud&#8230;<\/p>\n","protected":false},"featured_media":0,"template":"","meta":[],"product_brand":[],"product_cat":[5383],"product_tag":[],"class_list":{"0":"post-1434708","1":"product","2":"type-product","3":"status-publish","5":"product_cat-joped-logoga-funktsionaalsed-ja-vastupidavad","6":"pa_brand-cutter-buck","7":"pa_color-black-2","8":"pa_color-tumesinine","9":"pa_gender-mehed","10":"pa_gender-men","11":"pa_material-90-recycled-polyester-10-elastane-wp-8000-mvp-8000","12":"pa_size-s","13":"pa_size-m","14":"pa_size-l","15":"pa_size-xl","16":"pa_size-2xl","17":"pa_size-3xl","18":"pa_size-4xl","20":"first","21":"instock","22":"taxable","23":"shipping-taxable","24":"purchasable","25":"product-type-variable"},"acf":[],"yoast_head":"<!-- This site is optimized with the Yoast SEO plugin v26.0 - https:\/\/yoast.com\/wordpress\/plugins\/seo\/ -->\n<title>Cutter &amp; Buck Wedderburn l\u00fchike meeste jope - Kruze.ee<\/title>\n<meta name=\"robots\" content=\"index, follow, max-snippet:-1, max-image-preview:large, max-video-preview:-1\" \/>\n<link rel=\"canonical\" href=\"https:\/\/kruze.ee\/et\/toode\/cutter-buck-wedderburn-luhike-meeste-jope\/\" \/>\n<meta property=\"og:locale\" content=\"et_EE\" \/>\n<meta property=\"og:type\" content=\"article\" \/>\n<meta property=\"og:title\" content=\"Cutter &amp; Buck Wedderburn l\u00fchike meeste jope - Kruze.ee\" \/>\n<meta property=\"og:description\" content=\"Meie meeste Wedderburn jope l\u00fchema, keskelt v\u00f6\u00f6ni ulatuva pikkusega versioon. Valmistatud kvaliteetsest WeatherTec\u2122 taaskasutatud pol\u00fcestrist, mis on segatud...\" \/>\n<meta property=\"og:url\" content=\"https:\/\/kruze.ee\/et\/toode\/cutter-buck-wedderburn-luhike-meeste-jope\/\" \/>\n<meta property=\"og:site_name\" content=\"Kruze.ee\" \/>\n<meta property=\"article:modified_time\" content=\"2026-03-16T22:26:00+00:00\" \/>\n<meta name=\"twitter:card\" content=\"summary_large_image\" \/>\n<meta name=\"twitter:label1\" content=\"Est. reading time\" \/>\n\t<meta name=\"twitter:data1\" content=\"1 minut\" \/>\n<script type=\"application\/ld+json\" class=\"yoast-schema-graph\">{\"@context\":\"https:\/\/schema.org\",\"@graph\":[{\"@type\":\"WebPage\",\"@id\":\"https:\/\/kruze.ee\/et\/toode\/cutter-buck-wedderburn-luhike-meeste-jope\/\",\"url\":\"https:\/\/kruze.ee\/et\/toode\/cutter-buck-wedderburn-luhike-meeste-jope\/\",\"name\":\"Cutter &amp; Buck Wedderburn l\u00fchike meeste jope - Kruze.ee\",\"isPartOf\":{\"@id\":\"https:\/\/kruze.ee\/et\/#website\"},\"datePublished\":\"2026-01-20T15:19:16+00:00\",\"dateModified\":\"2026-03-16T22:26:00+00:00\",\"breadcrumb\":{\"@id\":\"https:\/\/kruze.ee\/et\/toode\/cutter-buck-wedderburn-luhike-meeste-jope\/#breadcrumb\"},\"inLanguage\":\"et\",\"potentialAction\":[{\"@type\":\"ReadAction\",\"target\":[\"https:\/\/kruze.ee\/et\/toode\/cutter-buck-wedderburn-luhike-meeste-jope\/\"]}]},{\"@type\":\"BreadcrumbList\",\"@id\":\"https:\/\/kruze.ee\/et\/toode\/cutter-buck-wedderburn-luhike-meeste-jope\/#breadcrumb\",\"itemListElement\":[{\"@type\":\"ListItem\",\"position\":1,\"name\":\"Home\",\"item\":\"https:\/\/kruze.ee\/et\/\"},{\"@type\":\"ListItem\",\"position\":2,\"name\":\"Tooted\",\"item\":\"https:\/\/kruze.ee\/et\/tooted\/\"},{\"@type\":\"ListItem\",\"position\":3,\"name\":\"Cutter &amp; Buck Wedderburn l\u00fchike meeste jope\"}]},{\"@type\":\"WebSite\",\"@id\":\"https:\/\/kruze.ee\/et\/#website\",\"url\":\"https:\/\/kruze.ee\/et\/\",\"name\":\"Kruze.ee\",\"description\":\"Reklaamkingitused, tr&uuml;kiga T-s&auml;rgid, fliisid, dressipluused, tekstiil, joped ja paljud teised logoga meened, &Auml;rikingitused sinu partnerile! Telli juba t&auml;na.\",\"potentialAction\":[{\"@type\":\"SearchAction\",\"target\":{\"@type\":\"EntryPoint\",\"urlTemplate\":\"https:\/\/kruze.ee\/et\/?s={search_term_string}\"},\"query-input\":{\"@type\":\"PropertyValueSpecification\",\"valueRequired\":true,\"valueName\":\"search_term_string\"}}],\"inLanguage\":\"et\"}]}<\/script>\n<!-- \/ Yoast SEO plugin. -->","yoast_head_json":{"title":"Cutter &amp; Buck Wedderburn l\u00fchike meeste jope - Kruze.ee","robots":{"index":"index","follow":"follow","max-snippet":"max-snippet:-1","max-image-preview":"max-image-preview:large","max-video-preview":"max-video-preview:-1"},"canonical":"https:\/\/kruze.ee\/et\/toode\/cutter-buck-wedderburn-luhike-meeste-jope\/","og_locale":"et_EE","og_type":"article","og_title":"Cutter &amp; Buck Wedderburn l\u00fchike meeste jope - Kruze.ee","og_description":"Meie meeste Wedderburn jope l\u00fchema, keskelt v\u00f6\u00f6ni ulatuva pikkusega versioon. Valmistatud kvaliteetsest WeatherTec\u2122 taaskasutatud pol\u00fcestrist, mis on segatud...","og_url":"https:\/\/kruze.ee\/et\/toode\/cutter-buck-wedderburn-luhike-meeste-jope\/","og_site_name":"Kruze.ee","article_modified_time":"2026-03-16T22:26:00+00:00","twitter_card":"summary_large_image","twitter_misc":{"Est. reading time":"1 minut"},"schema":{"@context":"https:\/\/schema.org","@graph":[{"@type":"WebPage","@id":"https:\/\/kruze.ee\/et\/toode\/cutter-buck-wedderburn-luhike-meeste-jope\/","url":"https:\/\/kruze.ee\/et\/toode\/cutter-buck-wedderburn-luhike-meeste-jope\/","name":"Cutter &amp; Buck Wedderburn l\u00fchike meeste jope - Kruze.ee","isPartOf":{"@id":"https:\/\/kruze.ee\/et\/#website"},"datePublished":"2026-01-20T15:19:16+00:00","dateModified":"2026-03-16T22:26:00+00:00","breadcrumb":{"@id":"https:\/\/kruze.ee\/et\/toode\/cutter-buck-wedderburn-luhike-meeste-jope\/#breadcrumb"},"inLanguage":"et","potentialAction":[{"@type":"ReadAction","target":["https:\/\/kruze.ee\/et\/toode\/cutter-buck-wedderburn-luhike-meeste-jope\/"]}]},{"@type":"BreadcrumbList","@id":"https:\/\/kruze.ee\/et\/toode\/cutter-buck-wedderburn-luhike-meeste-jope\/#breadcrumb","itemListElement":[{"@type":"ListItem","position":1,"name":"Home","item":"https:\/\/kruze.ee\/et\/"},{"@type":"ListItem","position":2,"name":"Tooted","item":"https:\/\/kruze.ee\/et\/tooted\/"},{"@type":"ListItem","position":3,"name":"Cutter &amp; Buck Wedderburn l\u00fchike meeste jope"}]},{"@type":"WebSite","@id":"https:\/\/kruze.ee\/et\/#website","url":"https:\/\/kruze.ee\/et\/","name":"Kruze.ee","description":"Reklaamkingitused, tr&uuml;kiga T-s&auml;rgid, fliisid, dressipluused, tekstiil, joped ja paljud teised logoga meened, &Auml;rikingitused sinu partnerile! Telli juba t&auml;na.","potentialAction":[{"@type":"SearchAction","target":{"@type":"EntryPoint","urlTemplate":"https:\/\/kruze.ee\/et\/?s={search_term_string}"},"query-input":{"@type":"PropertyValueSpecification","valueRequired":true,"valueName":"search_term_string"}}],"inLanguage":"et"}]}},"_links":{"self":[{"href":"https:\/\/kruze.ee\/et\/wp-json\/wp\/v2\/product\/1434708","targetHints":{"allow":["GET"]}}],"collection":[{"href":"https:\/\/kruze.ee\/et\/wp-json\/wp\/v2\/product"}],"about":[{"href":"https:\/\/kruze.ee\/et\/wp-json\/wp\/v2\/types\/product"}],"wp:attachment":[{"href":"https:\/\/kruze.ee\/et\/wp-json\/wp\/v2\/media?parent=1434708"}],"wp:term":[{"taxonomy":"product_brand","embeddable":true,"href":"https:\/\/kruze.ee\/et\/wp-json\/wp\/v2\/product_brand?post=1434708"},{"taxonomy":"product_cat","embeddable":true,"href":"https:\/\/kruze.ee\/et\/wp-json\/wp\/v2\/product_cat?post=1434708"},{"taxonomy":"product_tag","embeddable":true,"href":"https:\/\/kruze.ee\/et\/wp-json\/wp\/v2\/product_tag?post=1434708"}],"curies":[{"name":"wp","href":"https:\/\/api.w.org\/{rel}","templated":true}]}}