{"id":1434566,"date":"2026-01-20T17:52:29","date_gmt":"2026-01-20T14:52:29","guid":{"rendered":"https:\/\/kruze.ee\/product\/projob-3319-mikrofliis-jakk\/"},"modified":"2026-03-17T01:26:31","modified_gmt":"2026-03-16T22:26:31","slug":"projob-3319-mikrofliis-jakk","status":"publish","type":"product","link":"https:\/\/kruze.ee\/et\/toode\/projob-3319-mikrofliis-jakk\/","title":{"rendered":"ProJob 3319 mikrofliis jakk"},"content":{"rendered":"<p>Mikrofliisjakk, millel on m\u00f5lemal k\u00fcljel lukuga k\u00fcljetaskud ning vasakul varrukal lukuga varrukatasku. Sees avatud sisetaskud. Mugavuse tagamiseks on kaenlaalustes ja kaela taga ventilatsioonialad. Varrukate v\u00e4lisk\u00fclgedel asuvad helkurdetailelemendid parandavad n\u00e4htavust. Mikrofliisi struktuur v\u00f5imaldab jakil hingata ning samal ajal hoida soojust. Jopet saab kasutada soojendava esimese kihina v\u00f5i paindliku teise kihin<\/p>\n","protected":false},"excerpt":{"rendered":"<p>Mikrofliisjakk, millel on m\u00f5lemal k\u00fcljel lukuga k\u00fcljetaskud ning vasakul varrukal lukuga varrukatasku. Sees avatud sisetaskud. Mugavuse tagamiseks on&#8230;<\/p>\n","protected":false},"featured_media":0,"template":"","meta":[],"product_brand":[],"product_cat":[15068],"product_tag":[],"class_list":{"0":"post-1434566","1":"product","2":"type-product","3":"status-publish","5":"product_cat-toofliisid-ja-toopusad","6":"pa_brand-projob","7":"pa_color-hall","8":"pa_color-black-2","9":"pa_color-punane","10":"pa_color-tumesinine","11":"pa_gender-uniseks","12":"pa_gender-unisex","15":"pa_material-95-polyester-5-spandex-250-gm2","16":"pa_size-xs","17":"pa_size-s","18":"pa_size-m","19":"pa_size-l","20":"pa_size-xl","21":"pa_size-2xl","22":"pa_size-3xl","23":"pa_size-4xl","25":"first","26":"instock","27":"taxable","28":"shipping-taxable","29":"purchasable","30":"product-type-variable"},"acf":[],"yoast_head":"<!-- This site is optimized with the Yoast SEO plugin v26.0 - https:\/\/yoast.com\/wordpress\/plugins\/seo\/ -->\n<title>ProJob 3319 mikrofliis jakk - Kruze.ee<\/title>\n<meta name=\"robots\" content=\"index, follow, max-snippet:-1, max-image-preview:large, max-video-preview:-1\" \/>\n<link rel=\"canonical\" href=\"https:\/\/kruze.ee\/et\/toode\/projob-3319-mikrofliis-jakk\/\" \/>\n<meta property=\"og:locale\" content=\"et_EE\" \/>\n<meta property=\"og:type\" content=\"article\" \/>\n<meta property=\"og:title\" content=\"ProJob 3319 mikrofliis jakk - Kruze.ee\" \/>\n<meta property=\"og:description\" content=\"Mikrofliisjakk, millel on m\u00f5lemal k\u00fcljel lukuga k\u00fcljetaskud ning vasakul varrukal lukuga varrukatasku. Sees avatud sisetaskud. Mugavuse tagamiseks on...\" \/>\n<meta property=\"og:url\" content=\"https:\/\/kruze.ee\/et\/toode\/projob-3319-mikrofliis-jakk\/\" \/>\n<meta property=\"og:site_name\" content=\"Kruze.ee\" \/>\n<meta property=\"article:modified_time\" content=\"2026-03-16T22:26:31+00:00\" \/>\n<meta name=\"twitter:card\" content=\"summary_large_image\" \/>\n<meta name=\"twitter:label1\" content=\"Est. reading time\" \/>\n\t<meta name=\"twitter:data1\" content=\"1 minut\" \/>\n<script type=\"application\/ld+json\" class=\"yoast-schema-graph\">{\"@context\":\"https:\/\/schema.org\",\"@graph\":[{\"@type\":\"WebPage\",\"@id\":\"https:\/\/kruze.ee\/et\/toode\/projob-3319-mikrofliis-jakk\/\",\"url\":\"https:\/\/kruze.ee\/et\/toode\/projob-3319-mikrofliis-jakk\/\",\"name\":\"ProJob 3319 mikrofliis jakk - Kruze.ee\",\"isPartOf\":{\"@id\":\"https:\/\/kruze.ee\/et\/#website\"},\"datePublished\":\"2026-01-20T14:52:29+00:00\",\"dateModified\":\"2026-03-16T22:26:31+00:00\",\"breadcrumb\":{\"@id\":\"https:\/\/kruze.ee\/et\/toode\/projob-3319-mikrofliis-jakk\/#breadcrumb\"},\"inLanguage\":\"et\",\"potentialAction\":[{\"@type\":\"ReadAction\",\"target\":[\"https:\/\/kruze.ee\/et\/toode\/projob-3319-mikrofliis-jakk\/\"]}]},{\"@type\":\"BreadcrumbList\",\"@id\":\"https:\/\/kruze.ee\/et\/toode\/projob-3319-mikrofliis-jakk\/#breadcrumb\",\"itemListElement\":[{\"@type\":\"ListItem\",\"position\":1,\"name\":\"Home\",\"item\":\"https:\/\/kruze.ee\/et\/\"},{\"@type\":\"ListItem\",\"position\":2,\"name\":\"Tooted\",\"item\":\"https:\/\/kruze.ee\/et\/tooted\/\"},{\"@type\":\"ListItem\",\"position\":3,\"name\":\"ProJob 3319 mikrofliis jakk\"}]},{\"@type\":\"WebSite\",\"@id\":\"https:\/\/kruze.ee\/et\/#website\",\"url\":\"https:\/\/kruze.ee\/et\/\",\"name\":\"Kruze.ee\",\"description\":\"Reklaamkingitused, tr&uuml;kiga T-s&auml;rgid, fliisid, dressipluused, tekstiil, joped ja paljud teised logoga meened, &Auml;rikingitused sinu partnerile! Telli juba t&auml;na.\",\"potentialAction\":[{\"@type\":\"SearchAction\",\"target\":{\"@type\":\"EntryPoint\",\"urlTemplate\":\"https:\/\/kruze.ee\/et\/?s={search_term_string}\"},\"query-input\":{\"@type\":\"PropertyValueSpecification\",\"valueRequired\":true,\"valueName\":\"search_term_string\"}}],\"inLanguage\":\"et\"}]}<\/script>\n<!-- \/ Yoast SEO plugin. -->","yoast_head_json":{"title":"ProJob 3319 mikrofliis jakk - Kruze.ee","robots":{"index":"index","follow":"follow","max-snippet":"max-snippet:-1","max-image-preview":"max-image-preview:large","max-video-preview":"max-video-preview:-1"},"canonical":"https:\/\/kruze.ee\/et\/toode\/projob-3319-mikrofliis-jakk\/","og_locale":"et_EE","og_type":"article","og_title":"ProJob 3319 mikrofliis jakk - Kruze.ee","og_description":"Mikrofliisjakk, millel on m\u00f5lemal k\u00fcljel lukuga k\u00fcljetaskud ning vasakul varrukal lukuga varrukatasku. Sees avatud sisetaskud. Mugavuse tagamiseks on...","og_url":"https:\/\/kruze.ee\/et\/toode\/projob-3319-mikrofliis-jakk\/","og_site_name":"Kruze.ee","article_modified_time":"2026-03-16T22:26:31+00:00","twitter_card":"summary_large_image","twitter_misc":{"Est. reading time":"1 minut"},"schema":{"@context":"https:\/\/schema.org","@graph":[{"@type":"WebPage","@id":"https:\/\/kruze.ee\/et\/toode\/projob-3319-mikrofliis-jakk\/","url":"https:\/\/kruze.ee\/et\/toode\/projob-3319-mikrofliis-jakk\/","name":"ProJob 3319 mikrofliis jakk - Kruze.ee","isPartOf":{"@id":"https:\/\/kruze.ee\/et\/#website"},"datePublished":"2026-01-20T14:52:29+00:00","dateModified":"2026-03-16T22:26:31+00:00","breadcrumb":{"@id":"https:\/\/kruze.ee\/et\/toode\/projob-3319-mikrofliis-jakk\/#breadcrumb"},"inLanguage":"et","potentialAction":[{"@type":"ReadAction","target":["https:\/\/kruze.ee\/et\/toode\/projob-3319-mikrofliis-jakk\/"]}]},{"@type":"BreadcrumbList","@id":"https:\/\/kruze.ee\/et\/toode\/projob-3319-mikrofliis-jakk\/#breadcrumb","itemListElement":[{"@type":"ListItem","position":1,"name":"Home","item":"https:\/\/kruze.ee\/et\/"},{"@type":"ListItem","position":2,"name":"Tooted","item":"https:\/\/kruze.ee\/et\/tooted\/"},{"@type":"ListItem","position":3,"name":"ProJob 3319 mikrofliis jakk"}]},{"@type":"WebSite","@id":"https:\/\/kruze.ee\/et\/#website","url":"https:\/\/kruze.ee\/et\/","name":"Kruze.ee","description":"Reklaamkingitused, tr&uuml;kiga T-s&auml;rgid, fliisid, dressipluused, tekstiil, joped ja paljud teised logoga meened, &Auml;rikingitused sinu partnerile! Telli juba t&auml;na.","potentialAction":[{"@type":"SearchAction","target":{"@type":"EntryPoint","urlTemplate":"https:\/\/kruze.ee\/et\/?s={search_term_string}"},"query-input":{"@type":"PropertyValueSpecification","valueRequired":true,"valueName":"search_term_string"}}],"inLanguage":"et"}]}},"_links":{"self":[{"href":"https:\/\/kruze.ee\/et\/wp-json\/wp\/v2\/product\/1434566","targetHints":{"allow":["GET"]}}],"collection":[{"href":"https:\/\/kruze.ee\/et\/wp-json\/wp\/v2\/product"}],"about":[{"href":"https:\/\/kruze.ee\/et\/wp-json\/wp\/v2\/types\/product"}],"wp:attachment":[{"href":"https:\/\/kruze.ee\/et\/wp-json\/wp\/v2\/media?parent=1434566"}],"wp:term":[{"taxonomy":"product_brand","embeddable":true,"href":"https:\/\/kruze.ee\/et\/wp-json\/wp\/v2\/product_brand?post=1434566"},{"taxonomy":"product_cat","embeddable":true,"href":"https:\/\/kruze.ee\/et\/wp-json\/wp\/v2\/product_cat?post=1434566"},{"taxonomy":"product_tag","embeddable":true,"href":"https:\/\/kruze.ee\/et\/wp-json\/wp\/v2\/product_tag?post=1434566"}],"curies":[{"name":"wp","href":"https:\/\/api.w.org\/{rel}","templated":true}]}}