{"id":1434097,"date":"2026-01-12T21:52:19","date_gmt":"2026-01-12T18:52:19","guid":{"rendered":"https:\/\/kruze.ee\/product\/ukiyo-soogitaldrikute-komplekt-2-tk\/"},"modified":"2026-03-17T00:49:54","modified_gmt":"2026-03-16T21:49:54","slug":"ukiyo-soogitaldrikute-komplekt-2-tk","status":"publish","type":"product","link":"https:\/\/kruze.ee\/et\/toode\/ukiyo-soogitaldrikute-komplekt-2-tk\/","title":{"rendered":"Ukiyo s\u00f6\u00f6gitaldrikute komplekt, 2 tk"},"content":{"rendered":"<p>Kujundage kaunis ja k\u00fclalislahke laud nende imeilusate keraamiliste taldrikutega. Ukiyo s\u00f6\u00f6gitaldrikud sobivad ideaalselt roogade kauniks serveerimiseks. Taldrikul on kaunis neutraalne toon mustade detailsete \u00e4\u00e4rtega, mis sobib enamiku kodudega. Kombineerige s\u00f6\u00f6gitaldrik teiste Ukiyo taldrikute ja kaussidega, et luua ainulaadne ja isikup\u00e4rane lauakate. Toode sobib kasutamiseks mikrolaineahjus ja n\u00f5udepesumasinas ning on pakendatud 2-osalisse kinkekarpi. M\u00f5\u00f5dud: diameeter 27 cm.<\/p>\n","protected":false},"excerpt":{"rendered":"<p>Kujundage kaunis ja k\u00fclalislahke laud nende imeilusate keraamiliste taldrikutega. Ukiyo s\u00f6\u00f6gitaldrikud sobivad ideaalselt roogade kauniks serveerimiseks&#8230;.<\/p>\n","protected":false},"featured_media":0,"template":"","meta":[],"product_brand":[],"product_cat":[5436],"product_tag":[],"class_list":{"0":"post-1434097","1":"product","2":"type-product","3":"status-publish","5":"product_cat-koogitarbed","6":"pa_gender-uniseks","7":"pa_gender-unisex","11":"first","12":"instock","13":"purchasable","14":"product-type-simple"},"acf":[],"yoast_head":"<!-- This site is optimized with the Yoast SEO plugin v26.0 - https:\/\/yoast.com\/wordpress\/plugins\/seo\/ -->\n<title>Ukiyo s\u00f6\u00f6gitaldrikute komplekt, 2 tk - Kruze.ee<\/title>\n<meta name=\"robots\" content=\"index, follow, max-snippet:-1, max-image-preview:large, max-video-preview:-1\" \/>\n<link rel=\"canonical\" href=\"https:\/\/kruze.ee\/et\/toode\/ukiyo-soogitaldrikute-komplekt-2-tk\/\" \/>\n<meta property=\"og:locale\" content=\"et_EE\" \/>\n<meta property=\"og:type\" content=\"article\" \/>\n<meta property=\"og:title\" content=\"Ukiyo s\u00f6\u00f6gitaldrikute komplekt, 2 tk - Kruze.ee\" \/>\n<meta property=\"og:description\" content=\"Kujundage kaunis ja k\u00fclalislahke laud nende imeilusate keraamiliste taldrikutega. Ukiyo s\u00f6\u00f6gitaldrikud sobivad ideaalselt roogade kauniks serveerimiseks....\" \/>\n<meta property=\"og:url\" content=\"https:\/\/kruze.ee\/et\/toode\/ukiyo-soogitaldrikute-komplekt-2-tk\/\" \/>\n<meta property=\"og:site_name\" content=\"Kruze.ee\" \/>\n<meta property=\"article:modified_time\" content=\"2026-03-16T21:49:54+00:00\" \/>\n<meta name=\"twitter:card\" content=\"summary_large_image\" \/>\n<script type=\"application\/ld+json\" class=\"yoast-schema-graph\">{\"@context\":\"https:\/\/schema.org\",\"@graph\":[{\"@type\":\"WebPage\",\"@id\":\"https:\/\/kruze.ee\/et\/toode\/ukiyo-soogitaldrikute-komplekt-2-tk\/\",\"url\":\"https:\/\/kruze.ee\/et\/toode\/ukiyo-soogitaldrikute-komplekt-2-tk\/\",\"name\":\"Ukiyo s\u00f6\u00f6gitaldrikute komplekt, 2 tk - Kruze.ee\",\"isPartOf\":{\"@id\":\"https:\/\/kruze.ee\/et\/#website\"},\"datePublished\":\"2026-01-12T18:52:19+00:00\",\"dateModified\":\"2026-03-16T21:49:54+00:00\",\"breadcrumb\":{\"@id\":\"https:\/\/kruze.ee\/et\/toode\/ukiyo-soogitaldrikute-komplekt-2-tk\/#breadcrumb\"},\"inLanguage\":\"et\",\"potentialAction\":[{\"@type\":\"ReadAction\",\"target\":[\"https:\/\/kruze.ee\/et\/toode\/ukiyo-soogitaldrikute-komplekt-2-tk\/\"]}]},{\"@type\":\"BreadcrumbList\",\"@id\":\"https:\/\/kruze.ee\/et\/toode\/ukiyo-soogitaldrikute-komplekt-2-tk\/#breadcrumb\",\"itemListElement\":[{\"@type\":\"ListItem\",\"position\":1,\"name\":\"Home\",\"item\":\"https:\/\/kruze.ee\/et\/\"},{\"@type\":\"ListItem\",\"position\":2,\"name\":\"Tooted\",\"item\":\"https:\/\/kruze.ee\/et\/tooted\/\"},{\"@type\":\"ListItem\",\"position\":3,\"name\":\"Ukiyo s\u00f6\u00f6gitaldrikute komplekt, 2 tk\"}]},{\"@type\":\"WebSite\",\"@id\":\"https:\/\/kruze.ee\/et\/#website\",\"url\":\"https:\/\/kruze.ee\/et\/\",\"name\":\"Kruze.ee\",\"description\":\"Reklaamkingitused, tr&uuml;kiga T-s&auml;rgid, fliisid, dressipluused, tekstiil, joped ja paljud teised logoga meened, &Auml;rikingitused sinu partnerile! Telli juba t&auml;na.\",\"potentialAction\":[{\"@type\":\"SearchAction\",\"target\":{\"@type\":\"EntryPoint\",\"urlTemplate\":\"https:\/\/kruze.ee\/et\/?s={search_term_string}\"},\"query-input\":{\"@type\":\"PropertyValueSpecification\",\"valueRequired\":true,\"valueName\":\"search_term_string\"}}],\"inLanguage\":\"et\"}]}<\/script>\n<!-- \/ Yoast SEO plugin. -->","yoast_head_json":{"title":"Ukiyo s\u00f6\u00f6gitaldrikute komplekt, 2 tk - Kruze.ee","robots":{"index":"index","follow":"follow","max-snippet":"max-snippet:-1","max-image-preview":"max-image-preview:large","max-video-preview":"max-video-preview:-1"},"canonical":"https:\/\/kruze.ee\/et\/toode\/ukiyo-soogitaldrikute-komplekt-2-tk\/","og_locale":"et_EE","og_type":"article","og_title":"Ukiyo s\u00f6\u00f6gitaldrikute komplekt, 2 tk - Kruze.ee","og_description":"Kujundage kaunis ja k\u00fclalislahke laud nende imeilusate keraamiliste taldrikutega. Ukiyo s\u00f6\u00f6gitaldrikud sobivad ideaalselt roogade kauniks serveerimiseks....","og_url":"https:\/\/kruze.ee\/et\/toode\/ukiyo-soogitaldrikute-komplekt-2-tk\/","og_site_name":"Kruze.ee","article_modified_time":"2026-03-16T21:49:54+00:00","twitter_card":"summary_large_image","schema":{"@context":"https:\/\/schema.org","@graph":[{"@type":"WebPage","@id":"https:\/\/kruze.ee\/et\/toode\/ukiyo-soogitaldrikute-komplekt-2-tk\/","url":"https:\/\/kruze.ee\/et\/toode\/ukiyo-soogitaldrikute-komplekt-2-tk\/","name":"Ukiyo s\u00f6\u00f6gitaldrikute komplekt, 2 tk - Kruze.ee","isPartOf":{"@id":"https:\/\/kruze.ee\/et\/#website"},"datePublished":"2026-01-12T18:52:19+00:00","dateModified":"2026-03-16T21:49:54+00:00","breadcrumb":{"@id":"https:\/\/kruze.ee\/et\/toode\/ukiyo-soogitaldrikute-komplekt-2-tk\/#breadcrumb"},"inLanguage":"et","potentialAction":[{"@type":"ReadAction","target":["https:\/\/kruze.ee\/et\/toode\/ukiyo-soogitaldrikute-komplekt-2-tk\/"]}]},{"@type":"BreadcrumbList","@id":"https:\/\/kruze.ee\/et\/toode\/ukiyo-soogitaldrikute-komplekt-2-tk\/#breadcrumb","itemListElement":[{"@type":"ListItem","position":1,"name":"Home","item":"https:\/\/kruze.ee\/et\/"},{"@type":"ListItem","position":2,"name":"Tooted","item":"https:\/\/kruze.ee\/et\/tooted\/"},{"@type":"ListItem","position":3,"name":"Ukiyo s\u00f6\u00f6gitaldrikute komplekt, 2 tk"}]},{"@type":"WebSite","@id":"https:\/\/kruze.ee\/et\/#website","url":"https:\/\/kruze.ee\/et\/","name":"Kruze.ee","description":"Reklaamkingitused, tr&uuml;kiga T-s&auml;rgid, fliisid, dressipluused, tekstiil, joped ja paljud teised logoga meened, &Auml;rikingitused sinu partnerile! Telli juba t&auml;na.","potentialAction":[{"@type":"SearchAction","target":{"@type":"EntryPoint","urlTemplate":"https:\/\/kruze.ee\/et\/?s={search_term_string}"},"query-input":{"@type":"PropertyValueSpecification","valueRequired":true,"valueName":"search_term_string"}}],"inLanguage":"et"}]}},"_links":{"self":[{"href":"https:\/\/kruze.ee\/et\/wp-json\/wp\/v2\/product\/1434097","targetHints":{"allow":["GET"]}}],"collection":[{"href":"https:\/\/kruze.ee\/et\/wp-json\/wp\/v2\/product"}],"about":[{"href":"https:\/\/kruze.ee\/et\/wp-json\/wp\/v2\/types\/product"}],"wp:attachment":[{"href":"https:\/\/kruze.ee\/et\/wp-json\/wp\/v2\/media?parent=1434097"}],"wp:term":[{"taxonomy":"product_brand","embeddable":true,"href":"https:\/\/kruze.ee\/et\/wp-json\/wp\/v2\/product_brand?post=1434097"},{"taxonomy":"product_cat","embeddable":true,"href":"https:\/\/kruze.ee\/et\/wp-json\/wp\/v2\/product_cat?post=1434097"},{"taxonomy":"product_tag","embeddable":true,"href":"https:\/\/kruze.ee\/et\/wp-json\/wp\/v2\/product_tag?post=1434097"}],"curies":[{"name":"wp","href":"https:\/\/api.w.org\/{rel}","templated":true}]}}