{"id":1434091,"date":"2026-01-12T21:52:10","date_gmt":"2026-01-12T18:52:10","guid":{"rendered":"https:\/\/kruze.ee\/product\/ukiyo-kuunla-ja-lohnatikkude-kinkekomplekt\/"},"modified":"2026-03-17T00:49:52","modified_gmt":"2026-03-16T21:49:52","slug":"ukiyo-kuunla-ja-lohnatikkude-kinkekomplekt","status":"publish","type":"product","link":"https:\/\/kruze.ee\/et\/toode\/ukiyo-kuunla-ja-lohnatikkude-kinkekomplekt\/","title":{"rendered":"Ukiyo k\u00fc\u00fcnla ja l\u00f5hnatikkude kinkekomplekt"},"content":{"rendered":"<p>Tundke end l\u00f5\u00f5gastunult, v\u00e4rskena ja uuenenuna Ukiyo l\u00f5hnatikkude ja sojavahast k\u00fc\u00fcnla kinkekomplektiga. Jasmiinil\u00f5hnaliste l\u00f5hnatikkude ja jasmiinil\u00f5hnalise k\u00fc\u00fcnla kooslus loob imelise atmosf\u00e4\u00e4ri, mis j\u00e4tab teid ergastunult tundma. K\u00fc\u00fcnla p\u00f5lemisaeg on 10 tundi ning netokaal 55 g. Komplekt on pakendatud kraftist kinkekarpi.<\/p>\n","protected":false},"excerpt":{"rendered":"<p>Tundke end l\u00f5\u00f5gastunult, v\u00e4rskena ja uuenenuna Ukiyo l\u00f5hnatikkude ja sojavahast k\u00fc\u00fcnla kinkekomplektiga. Jasmiinil\u00f5hnaliste l\u00f5hnatikkude ja jasmiinil\u00f5hnalise&#8230;<\/p>\n","protected":false},"featured_media":0,"template":"","meta":[],"product_brand":[],"product_cat":[5438],"product_tag":[],"class_list":{"0":"post-1434091","1":"product","2":"type-product","3":"status-publish","5":"product_cat-kodutooted-kodutooted","6":"pa_brand-ukiyo-2","7":"pa_color-black-2","8":"pa_color-valge","9":"pa_gender-uniseks","10":"pa_gender-unisex","13":"pa_material-glass","15":"first","16":"instock","17":"taxable","18":"shipping-taxable","19":"purchasable","20":"product-type-variable"},"acf":[],"yoast_head":"<!-- This site is optimized with the Yoast SEO plugin v26.0 - https:\/\/yoast.com\/wordpress\/plugins\/seo\/ -->\n<title>Ukiyo k\u00fc\u00fcnla ja l\u00f5hnatikkude kinkekomplekt - Kruze.ee<\/title>\n<meta name=\"robots\" content=\"index, follow, max-snippet:-1, max-image-preview:large, max-video-preview:-1\" \/>\n<link rel=\"canonical\" href=\"https:\/\/kruze.ee\/et\/toode\/ukiyo-kuunla-ja-lohnatikkude-kinkekomplekt\/\" \/>\n<meta property=\"og:locale\" content=\"et_EE\" \/>\n<meta property=\"og:type\" content=\"article\" \/>\n<meta property=\"og:title\" content=\"Ukiyo k\u00fc\u00fcnla ja l\u00f5hnatikkude kinkekomplekt - Kruze.ee\" \/>\n<meta property=\"og:description\" content=\"Tundke end l\u00f5\u00f5gastunult, v\u00e4rskena ja uuenenuna Ukiyo l\u00f5hnatikkude ja sojavahast k\u00fc\u00fcnla kinkekomplektiga. Jasmiinil\u00f5hnaliste l\u00f5hnatikkude ja jasmiinil\u00f5hnalise...\" \/>\n<meta property=\"og:url\" content=\"https:\/\/kruze.ee\/et\/toode\/ukiyo-kuunla-ja-lohnatikkude-kinkekomplekt\/\" \/>\n<meta property=\"og:site_name\" content=\"Kruze.ee\" \/>\n<meta property=\"article:modified_time\" content=\"2026-03-16T21:49:52+00:00\" \/>\n<meta name=\"twitter:card\" content=\"summary_large_image\" \/>\n<script type=\"application\/ld+json\" class=\"yoast-schema-graph\">{\"@context\":\"https:\/\/schema.org\",\"@graph\":[{\"@type\":\"WebPage\",\"@id\":\"https:\/\/kruze.ee\/et\/toode\/ukiyo-kuunla-ja-lohnatikkude-kinkekomplekt\/\",\"url\":\"https:\/\/kruze.ee\/et\/toode\/ukiyo-kuunla-ja-lohnatikkude-kinkekomplekt\/\",\"name\":\"Ukiyo k\u00fc\u00fcnla ja l\u00f5hnatikkude kinkekomplekt - Kruze.ee\",\"isPartOf\":{\"@id\":\"https:\/\/kruze.ee\/et\/#website\"},\"datePublished\":\"2026-01-12T18:52:10+00:00\",\"dateModified\":\"2026-03-16T21:49:52+00:00\",\"breadcrumb\":{\"@id\":\"https:\/\/kruze.ee\/et\/toode\/ukiyo-kuunla-ja-lohnatikkude-kinkekomplekt\/#breadcrumb\"},\"inLanguage\":\"et\",\"potentialAction\":[{\"@type\":\"ReadAction\",\"target\":[\"https:\/\/kruze.ee\/et\/toode\/ukiyo-kuunla-ja-lohnatikkude-kinkekomplekt\/\"]}]},{\"@type\":\"BreadcrumbList\",\"@id\":\"https:\/\/kruze.ee\/et\/toode\/ukiyo-kuunla-ja-lohnatikkude-kinkekomplekt\/#breadcrumb\",\"itemListElement\":[{\"@type\":\"ListItem\",\"position\":1,\"name\":\"Home\",\"item\":\"https:\/\/kruze.ee\/et\/\"},{\"@type\":\"ListItem\",\"position\":2,\"name\":\"Tooted\",\"item\":\"https:\/\/kruze.ee\/et\/tooted\/\"},{\"@type\":\"ListItem\",\"position\":3,\"name\":\"Ukiyo k\u00fc\u00fcnla ja l\u00f5hnatikkude kinkekomplekt\"}]},{\"@type\":\"WebSite\",\"@id\":\"https:\/\/kruze.ee\/et\/#website\",\"url\":\"https:\/\/kruze.ee\/et\/\",\"name\":\"Kruze.ee\",\"description\":\"Reklaamkingitused, tr&uuml;kiga T-s&auml;rgid, fliisid, dressipluused, tekstiil, joped ja paljud teised logoga meened, &Auml;rikingitused sinu partnerile! Telli juba t&auml;na.\",\"potentialAction\":[{\"@type\":\"SearchAction\",\"target\":{\"@type\":\"EntryPoint\",\"urlTemplate\":\"https:\/\/kruze.ee\/et\/?s={search_term_string}\"},\"query-input\":{\"@type\":\"PropertyValueSpecification\",\"valueRequired\":true,\"valueName\":\"search_term_string\"}}],\"inLanguage\":\"et\"}]}<\/script>\n<!-- \/ Yoast SEO plugin. -->","yoast_head_json":{"title":"Ukiyo k\u00fc\u00fcnla ja l\u00f5hnatikkude kinkekomplekt - Kruze.ee","robots":{"index":"index","follow":"follow","max-snippet":"max-snippet:-1","max-image-preview":"max-image-preview:large","max-video-preview":"max-video-preview:-1"},"canonical":"https:\/\/kruze.ee\/et\/toode\/ukiyo-kuunla-ja-lohnatikkude-kinkekomplekt\/","og_locale":"et_EE","og_type":"article","og_title":"Ukiyo k\u00fc\u00fcnla ja l\u00f5hnatikkude kinkekomplekt - Kruze.ee","og_description":"Tundke end l\u00f5\u00f5gastunult, v\u00e4rskena ja uuenenuna Ukiyo l\u00f5hnatikkude ja sojavahast k\u00fc\u00fcnla kinkekomplektiga. Jasmiinil\u00f5hnaliste l\u00f5hnatikkude ja jasmiinil\u00f5hnalise...","og_url":"https:\/\/kruze.ee\/et\/toode\/ukiyo-kuunla-ja-lohnatikkude-kinkekomplekt\/","og_site_name":"Kruze.ee","article_modified_time":"2026-03-16T21:49:52+00:00","twitter_card":"summary_large_image","schema":{"@context":"https:\/\/schema.org","@graph":[{"@type":"WebPage","@id":"https:\/\/kruze.ee\/et\/toode\/ukiyo-kuunla-ja-lohnatikkude-kinkekomplekt\/","url":"https:\/\/kruze.ee\/et\/toode\/ukiyo-kuunla-ja-lohnatikkude-kinkekomplekt\/","name":"Ukiyo k\u00fc\u00fcnla ja l\u00f5hnatikkude kinkekomplekt - Kruze.ee","isPartOf":{"@id":"https:\/\/kruze.ee\/et\/#website"},"datePublished":"2026-01-12T18:52:10+00:00","dateModified":"2026-03-16T21:49:52+00:00","breadcrumb":{"@id":"https:\/\/kruze.ee\/et\/toode\/ukiyo-kuunla-ja-lohnatikkude-kinkekomplekt\/#breadcrumb"},"inLanguage":"et","potentialAction":[{"@type":"ReadAction","target":["https:\/\/kruze.ee\/et\/toode\/ukiyo-kuunla-ja-lohnatikkude-kinkekomplekt\/"]}]},{"@type":"BreadcrumbList","@id":"https:\/\/kruze.ee\/et\/toode\/ukiyo-kuunla-ja-lohnatikkude-kinkekomplekt\/#breadcrumb","itemListElement":[{"@type":"ListItem","position":1,"name":"Home","item":"https:\/\/kruze.ee\/et\/"},{"@type":"ListItem","position":2,"name":"Tooted","item":"https:\/\/kruze.ee\/et\/tooted\/"},{"@type":"ListItem","position":3,"name":"Ukiyo k\u00fc\u00fcnla ja l\u00f5hnatikkude kinkekomplekt"}]},{"@type":"WebSite","@id":"https:\/\/kruze.ee\/et\/#website","url":"https:\/\/kruze.ee\/et\/","name":"Kruze.ee","description":"Reklaamkingitused, tr&uuml;kiga T-s&auml;rgid, fliisid, dressipluused, tekstiil, joped ja paljud teised logoga meened, &Auml;rikingitused sinu partnerile! Telli juba t&auml;na.","potentialAction":[{"@type":"SearchAction","target":{"@type":"EntryPoint","urlTemplate":"https:\/\/kruze.ee\/et\/?s={search_term_string}"},"query-input":{"@type":"PropertyValueSpecification","valueRequired":true,"valueName":"search_term_string"}}],"inLanguage":"et"}]}},"_links":{"self":[{"href":"https:\/\/kruze.ee\/et\/wp-json\/wp\/v2\/product\/1434091","targetHints":{"allow":["GET"]}}],"collection":[{"href":"https:\/\/kruze.ee\/et\/wp-json\/wp\/v2\/product"}],"about":[{"href":"https:\/\/kruze.ee\/et\/wp-json\/wp\/v2\/types\/product"}],"wp:attachment":[{"href":"https:\/\/kruze.ee\/et\/wp-json\/wp\/v2\/media?parent=1434091"}],"wp:term":[{"taxonomy":"product_brand","embeddable":true,"href":"https:\/\/kruze.ee\/et\/wp-json\/wp\/v2\/product_brand?post=1434091"},{"taxonomy":"product_cat","embeddable":true,"href":"https:\/\/kruze.ee\/et\/wp-json\/wp\/v2\/product_cat?post=1434091"},{"taxonomy":"product_tag","embeddable":true,"href":"https:\/\/kruze.ee\/et\/wp-json\/wp\/v2\/product_tag?post=1434091"}],"curies":[{"name":"wp","href":"https:\/\/api.w.org\/{rel}","templated":true}]}}