{"id":1434089,"date":"2026-01-12T21:52:04","date_gmt":"2026-01-12T18:52:04","guid":{"rendered":"https:\/\/kruze.ee\/product\/ukiyo-deluxe-lohnatikud\/"},"modified":"2026-03-17T00:49:51","modified_gmt":"2026-03-16T21:49:51","slug":"ukiyo-deluxe-lohnatikud","status":"publish","type":"product","link":"https:\/\/kruze.ee\/et\/toode\/ukiyo-deluxe-lohnatikud\/","title":{"rendered":"Ukiyo deluxe l\u00f5hnatikud"},"content":{"rendered":"<p>Andke igale ruumile oma isikup\u00e4ra selle kauni Ukiyo deluxe viirukikomplektiga. Ukiyo t\u00e4hendab hetkes elamist \u2013 nautige ja v\u00e4\u00e4rtustage iga kallist hetke. L\u00f5hnatikud levitavad meeldivat ja \u00f5rna jasmiinil\u00f5hna. Pakendatud kinkekarpi. Mahutavus 50 ml.<\/p>\n","protected":false},"excerpt":{"rendered":"<p>Andke igale ruumile oma isikup\u00e4ra selle kauni Ukiyo deluxe viirukikomplektiga. Ukiyo t\u00e4hendab hetkes elamist \u2013 nautige ja v\u00e4\u00e4rtustage iga kallist hetke&#8230;.<\/p>\n","protected":false},"featured_media":0,"template":"","meta":[],"product_brand":[],"product_cat":[5444],"product_tag":[],"class_list":{"0":"post-1434089","1":"product","2":"type-product","3":"status-publish","5":"product_cat-muud-meened","6":"pa_gender-uniseks","7":"pa_gender-unisex","11":"first","12":"instock","13":"purchasable","14":"product-type-simple"},"acf":[],"yoast_head":"<!-- This site is optimized with the Yoast SEO plugin v26.0 - https:\/\/yoast.com\/wordpress\/plugins\/seo\/ -->\n<title>Ukiyo deluxe l\u00f5hnatikud - Kruze.ee<\/title>\n<meta name=\"robots\" content=\"index, follow, max-snippet:-1, max-image-preview:large, max-video-preview:-1\" \/>\n<link rel=\"canonical\" href=\"https:\/\/kruze.ee\/et\/toode\/ukiyo-deluxe-lohnatikud\/\" \/>\n<meta property=\"og:locale\" content=\"et_EE\" \/>\n<meta property=\"og:type\" content=\"article\" \/>\n<meta property=\"og:title\" content=\"Ukiyo deluxe l\u00f5hnatikud - Kruze.ee\" \/>\n<meta property=\"og:description\" content=\"Andke igale ruumile oma isikup\u00e4ra selle kauni Ukiyo deluxe viirukikomplektiga. Ukiyo t\u00e4hendab hetkes elamist \u2013 nautige ja v\u00e4\u00e4rtustage iga kallist hetke....\" \/>\n<meta property=\"og:url\" content=\"https:\/\/kruze.ee\/et\/toode\/ukiyo-deluxe-lohnatikud\/\" \/>\n<meta property=\"og:site_name\" content=\"Kruze.ee\" \/>\n<meta property=\"article:modified_time\" content=\"2026-03-16T21:49:51+00:00\" \/>\n<meta name=\"twitter:card\" content=\"summary_large_image\" \/>\n<script type=\"application\/ld+json\" class=\"yoast-schema-graph\">{\"@context\":\"https:\/\/schema.org\",\"@graph\":[{\"@type\":\"WebPage\",\"@id\":\"https:\/\/kruze.ee\/et\/toode\/ukiyo-deluxe-lohnatikud\/\",\"url\":\"https:\/\/kruze.ee\/et\/toode\/ukiyo-deluxe-lohnatikud\/\",\"name\":\"Ukiyo deluxe l\u00f5hnatikud - Kruze.ee\",\"isPartOf\":{\"@id\":\"https:\/\/kruze.ee\/et\/#website\"},\"datePublished\":\"2026-01-12T18:52:04+00:00\",\"dateModified\":\"2026-03-16T21:49:51+00:00\",\"breadcrumb\":{\"@id\":\"https:\/\/kruze.ee\/et\/toode\/ukiyo-deluxe-lohnatikud\/#breadcrumb\"},\"inLanguage\":\"et\",\"potentialAction\":[{\"@type\":\"ReadAction\",\"target\":[\"https:\/\/kruze.ee\/et\/toode\/ukiyo-deluxe-lohnatikud\/\"]}]},{\"@type\":\"BreadcrumbList\",\"@id\":\"https:\/\/kruze.ee\/et\/toode\/ukiyo-deluxe-lohnatikud\/#breadcrumb\",\"itemListElement\":[{\"@type\":\"ListItem\",\"position\":1,\"name\":\"Home\",\"item\":\"https:\/\/kruze.ee\/et\/\"},{\"@type\":\"ListItem\",\"position\":2,\"name\":\"Tooted\",\"item\":\"https:\/\/kruze.ee\/et\/tooted\/\"},{\"@type\":\"ListItem\",\"position\":3,\"name\":\"Ukiyo deluxe l\u00f5hnatikud\"}]},{\"@type\":\"WebSite\",\"@id\":\"https:\/\/kruze.ee\/et\/#website\",\"url\":\"https:\/\/kruze.ee\/et\/\",\"name\":\"Kruze.ee\",\"description\":\"Reklaamkingitused, tr&uuml;kiga T-s&auml;rgid, fliisid, dressipluused, tekstiil, joped ja paljud teised logoga meened, &Auml;rikingitused sinu partnerile! Telli juba t&auml;na.\",\"potentialAction\":[{\"@type\":\"SearchAction\",\"target\":{\"@type\":\"EntryPoint\",\"urlTemplate\":\"https:\/\/kruze.ee\/et\/?s={search_term_string}\"},\"query-input\":{\"@type\":\"PropertyValueSpecification\",\"valueRequired\":true,\"valueName\":\"search_term_string\"}}],\"inLanguage\":\"et\"}]}<\/script>\n<!-- \/ Yoast SEO plugin. -->","yoast_head_json":{"title":"Ukiyo deluxe l\u00f5hnatikud - Kruze.ee","robots":{"index":"index","follow":"follow","max-snippet":"max-snippet:-1","max-image-preview":"max-image-preview:large","max-video-preview":"max-video-preview:-1"},"canonical":"https:\/\/kruze.ee\/et\/toode\/ukiyo-deluxe-lohnatikud\/","og_locale":"et_EE","og_type":"article","og_title":"Ukiyo deluxe l\u00f5hnatikud - Kruze.ee","og_description":"Andke igale ruumile oma isikup\u00e4ra selle kauni Ukiyo deluxe viirukikomplektiga. Ukiyo t\u00e4hendab hetkes elamist \u2013 nautige ja v\u00e4\u00e4rtustage iga kallist hetke....","og_url":"https:\/\/kruze.ee\/et\/toode\/ukiyo-deluxe-lohnatikud\/","og_site_name":"Kruze.ee","article_modified_time":"2026-03-16T21:49:51+00:00","twitter_card":"summary_large_image","schema":{"@context":"https:\/\/schema.org","@graph":[{"@type":"WebPage","@id":"https:\/\/kruze.ee\/et\/toode\/ukiyo-deluxe-lohnatikud\/","url":"https:\/\/kruze.ee\/et\/toode\/ukiyo-deluxe-lohnatikud\/","name":"Ukiyo deluxe l\u00f5hnatikud - Kruze.ee","isPartOf":{"@id":"https:\/\/kruze.ee\/et\/#website"},"datePublished":"2026-01-12T18:52:04+00:00","dateModified":"2026-03-16T21:49:51+00:00","breadcrumb":{"@id":"https:\/\/kruze.ee\/et\/toode\/ukiyo-deluxe-lohnatikud\/#breadcrumb"},"inLanguage":"et","potentialAction":[{"@type":"ReadAction","target":["https:\/\/kruze.ee\/et\/toode\/ukiyo-deluxe-lohnatikud\/"]}]},{"@type":"BreadcrumbList","@id":"https:\/\/kruze.ee\/et\/toode\/ukiyo-deluxe-lohnatikud\/#breadcrumb","itemListElement":[{"@type":"ListItem","position":1,"name":"Home","item":"https:\/\/kruze.ee\/et\/"},{"@type":"ListItem","position":2,"name":"Tooted","item":"https:\/\/kruze.ee\/et\/tooted\/"},{"@type":"ListItem","position":3,"name":"Ukiyo deluxe l\u00f5hnatikud"}]},{"@type":"WebSite","@id":"https:\/\/kruze.ee\/et\/#website","url":"https:\/\/kruze.ee\/et\/","name":"Kruze.ee","description":"Reklaamkingitused, tr&uuml;kiga T-s&auml;rgid, fliisid, dressipluused, tekstiil, joped ja paljud teised logoga meened, &Auml;rikingitused sinu partnerile! Telli juba t&auml;na.","potentialAction":[{"@type":"SearchAction","target":{"@type":"EntryPoint","urlTemplate":"https:\/\/kruze.ee\/et\/?s={search_term_string}"},"query-input":{"@type":"PropertyValueSpecification","valueRequired":true,"valueName":"search_term_string"}}],"inLanguage":"et"}]}},"_links":{"self":[{"href":"https:\/\/kruze.ee\/et\/wp-json\/wp\/v2\/product\/1434089","targetHints":{"allow":["GET"]}}],"collection":[{"href":"https:\/\/kruze.ee\/et\/wp-json\/wp\/v2\/product"}],"about":[{"href":"https:\/\/kruze.ee\/et\/wp-json\/wp\/v2\/types\/product"}],"wp:attachment":[{"href":"https:\/\/kruze.ee\/et\/wp-json\/wp\/v2\/media?parent=1434089"}],"wp:term":[{"taxonomy":"product_brand","embeddable":true,"href":"https:\/\/kruze.ee\/et\/wp-json\/wp\/v2\/product_brand?post=1434089"},{"taxonomy":"product_cat","embeddable":true,"href":"https:\/\/kruze.ee\/et\/wp-json\/wp\/v2\/product_cat?post=1434089"},{"taxonomy":"product_tag","embeddable":true,"href":"https:\/\/kruze.ee\/et\/wp-json\/wp\/v2\/product_tag?post=1434089"}],"curies":[{"name":"wp","href":"https:\/\/api.w.org\/{rel}","templated":true}]}}