{"id":1434065,"date":"2026-01-12T21:51:29","date_gmt":"2026-01-12T18:51:29","guid":{"rendered":"https:\/\/kruze.ee\/product\/planet-soola-ja-pipraveski-komplekt\/"},"modified":"2026-03-17T00:49:45","modified_gmt":"2026-03-16T21:49:45","slug":"planet-soola-ja-pipraveski-komplekt","status":"publish","type":"product","link":"https:\/\/kruze.ee\/et\/toode\/planet-soola-ja-pipraveski-komplekt\/","title":{"rendered":"Planet soola- ja pipraveski komplekt"},"content":{"rendered":"<p>Planet on stiilne soola- ja pipraveskite komplekt, mille igas veskis on ainulaadne vedrumehhanism, mis v\u00f5imaldab mugavat \u00fche k\u00e4ega kasutamist. L\u00e4bipaistvad korpused teevad soola ja pipraterade taseme h\u00f5lpsasti n\u00e4htavaks. Registreeritud disain\u00ae.<\/p>\n","protected":false},"excerpt":{"rendered":"<p>Planet on stiilne soola- ja pipraveskite komplekt, mille igas veskis on ainulaadne vedrumehhanism, mis v\u00f5imaldab mugavat \u00fche k\u00e4ega kasutamist. L\u00e4bipaistvad&#8230;<\/p>\n","protected":false},"featured_media":0,"template":"","meta":[],"product_brand":[],"product_cat":[5436],"product_tag":[],"class_list":{"0":"post-1434065","1":"product","2":"type-product","3":"status-publish","5":"product_cat-koogitarbed","6":"pa_gender-uniseks","7":"pa_gender-unisex","11":"first","12":"instock","13":"purchasable","14":"product-type-simple"},"acf":[],"yoast_head":"<!-- This site is optimized with the Yoast SEO plugin v26.0 - https:\/\/yoast.com\/wordpress\/plugins\/seo\/ -->\n<title>Planet soola- ja pipraveski komplekt - Kruze.ee<\/title>\n<meta name=\"robots\" content=\"index, follow, max-snippet:-1, max-image-preview:large, max-video-preview:-1\" \/>\n<link rel=\"canonical\" href=\"https:\/\/kruze.ee\/et\/toode\/planet-soola-ja-pipraveski-komplekt\/\" \/>\n<meta property=\"og:locale\" content=\"et_EE\" \/>\n<meta property=\"og:type\" content=\"article\" \/>\n<meta property=\"og:title\" content=\"Planet soola- ja pipraveski komplekt - Kruze.ee\" \/>\n<meta property=\"og:description\" content=\"Planet on stiilne soola- ja pipraveskite komplekt, mille igas veskis on ainulaadne vedrumehhanism, mis v\u00f5imaldab mugavat \u00fche k\u00e4ega kasutamist. L\u00e4bipaistvad...\" \/>\n<meta property=\"og:url\" content=\"https:\/\/kruze.ee\/et\/toode\/planet-soola-ja-pipraveski-komplekt\/\" \/>\n<meta property=\"og:site_name\" content=\"Kruze.ee\" \/>\n<meta property=\"article:modified_time\" content=\"2026-03-16T21:49:45+00:00\" \/>\n<meta name=\"twitter:card\" content=\"summary_large_image\" \/>\n<meta name=\"twitter:label1\" content=\"Est. reading time\" \/>\n\t<meta name=\"twitter:data1\" content=\"1 minut\" \/>\n<script type=\"application\/ld+json\" class=\"yoast-schema-graph\">{\"@context\":\"https:\/\/schema.org\",\"@graph\":[{\"@type\":\"WebPage\",\"@id\":\"https:\/\/kruze.ee\/et\/toode\/planet-soola-ja-pipraveski-komplekt\/\",\"url\":\"https:\/\/kruze.ee\/et\/toode\/planet-soola-ja-pipraveski-komplekt\/\",\"name\":\"Planet soola- ja pipraveski komplekt - Kruze.ee\",\"isPartOf\":{\"@id\":\"https:\/\/kruze.ee\/et\/#website\"},\"datePublished\":\"2026-01-12T18:51:29+00:00\",\"dateModified\":\"2026-03-16T21:49:45+00:00\",\"breadcrumb\":{\"@id\":\"https:\/\/kruze.ee\/et\/toode\/planet-soola-ja-pipraveski-komplekt\/#breadcrumb\"},\"inLanguage\":\"et\",\"potentialAction\":[{\"@type\":\"ReadAction\",\"target\":[\"https:\/\/kruze.ee\/et\/toode\/planet-soola-ja-pipraveski-komplekt\/\"]}]},{\"@type\":\"BreadcrumbList\",\"@id\":\"https:\/\/kruze.ee\/et\/toode\/planet-soola-ja-pipraveski-komplekt\/#breadcrumb\",\"itemListElement\":[{\"@type\":\"ListItem\",\"position\":1,\"name\":\"Home\",\"item\":\"https:\/\/kruze.ee\/et\/\"},{\"@type\":\"ListItem\",\"position\":2,\"name\":\"Tooted\",\"item\":\"https:\/\/kruze.ee\/et\/tooted\/\"},{\"@type\":\"ListItem\",\"position\":3,\"name\":\"Planet soola- ja pipraveski komplekt\"}]},{\"@type\":\"WebSite\",\"@id\":\"https:\/\/kruze.ee\/et\/#website\",\"url\":\"https:\/\/kruze.ee\/et\/\",\"name\":\"Kruze.ee\",\"description\":\"Reklaamkingitused, tr&uuml;kiga T-s&auml;rgid, fliisid, dressipluused, tekstiil, joped ja paljud teised logoga meened, &Auml;rikingitused sinu partnerile! Telli juba t&auml;na.\",\"potentialAction\":[{\"@type\":\"SearchAction\",\"target\":{\"@type\":\"EntryPoint\",\"urlTemplate\":\"https:\/\/kruze.ee\/et\/?s={search_term_string}\"},\"query-input\":{\"@type\":\"PropertyValueSpecification\",\"valueRequired\":true,\"valueName\":\"search_term_string\"}}],\"inLanguage\":\"et\"}]}<\/script>\n<!-- \/ Yoast SEO plugin. -->","yoast_head_json":{"title":"Planet soola- ja pipraveski komplekt - Kruze.ee","robots":{"index":"index","follow":"follow","max-snippet":"max-snippet:-1","max-image-preview":"max-image-preview:large","max-video-preview":"max-video-preview:-1"},"canonical":"https:\/\/kruze.ee\/et\/toode\/planet-soola-ja-pipraveski-komplekt\/","og_locale":"et_EE","og_type":"article","og_title":"Planet soola- ja pipraveski komplekt - Kruze.ee","og_description":"Planet on stiilne soola- ja pipraveskite komplekt, mille igas veskis on ainulaadne vedrumehhanism, mis v\u00f5imaldab mugavat \u00fche k\u00e4ega kasutamist. L\u00e4bipaistvad...","og_url":"https:\/\/kruze.ee\/et\/toode\/planet-soola-ja-pipraveski-komplekt\/","og_site_name":"Kruze.ee","article_modified_time":"2026-03-16T21:49:45+00:00","twitter_card":"summary_large_image","twitter_misc":{"Est. reading time":"1 minut"},"schema":{"@context":"https:\/\/schema.org","@graph":[{"@type":"WebPage","@id":"https:\/\/kruze.ee\/et\/toode\/planet-soola-ja-pipraveski-komplekt\/","url":"https:\/\/kruze.ee\/et\/toode\/planet-soola-ja-pipraveski-komplekt\/","name":"Planet soola- ja pipraveski komplekt - Kruze.ee","isPartOf":{"@id":"https:\/\/kruze.ee\/et\/#website"},"datePublished":"2026-01-12T18:51:29+00:00","dateModified":"2026-03-16T21:49:45+00:00","breadcrumb":{"@id":"https:\/\/kruze.ee\/et\/toode\/planet-soola-ja-pipraveski-komplekt\/#breadcrumb"},"inLanguage":"et","potentialAction":[{"@type":"ReadAction","target":["https:\/\/kruze.ee\/et\/toode\/planet-soola-ja-pipraveski-komplekt\/"]}]},{"@type":"BreadcrumbList","@id":"https:\/\/kruze.ee\/et\/toode\/planet-soola-ja-pipraveski-komplekt\/#breadcrumb","itemListElement":[{"@type":"ListItem","position":1,"name":"Home","item":"https:\/\/kruze.ee\/et\/"},{"@type":"ListItem","position":2,"name":"Tooted","item":"https:\/\/kruze.ee\/et\/tooted\/"},{"@type":"ListItem","position":3,"name":"Planet soola- ja pipraveski komplekt"}]},{"@type":"WebSite","@id":"https:\/\/kruze.ee\/et\/#website","url":"https:\/\/kruze.ee\/et\/","name":"Kruze.ee","description":"Reklaamkingitused, tr&uuml;kiga T-s&auml;rgid, fliisid, dressipluused, tekstiil, joped ja paljud teised logoga meened, &Auml;rikingitused sinu partnerile! Telli juba t&auml;na.","potentialAction":[{"@type":"SearchAction","target":{"@type":"EntryPoint","urlTemplate":"https:\/\/kruze.ee\/et\/?s={search_term_string}"},"query-input":{"@type":"PropertyValueSpecification","valueRequired":true,"valueName":"search_term_string"}}],"inLanguage":"et"}]}},"_links":{"self":[{"href":"https:\/\/kruze.ee\/et\/wp-json\/wp\/v2\/product\/1434065","targetHints":{"allow":["GET"]}}],"collection":[{"href":"https:\/\/kruze.ee\/et\/wp-json\/wp\/v2\/product"}],"about":[{"href":"https:\/\/kruze.ee\/et\/wp-json\/wp\/v2\/types\/product"}],"wp:attachment":[{"href":"https:\/\/kruze.ee\/et\/wp-json\/wp\/v2\/media?parent=1434065"}],"wp:term":[{"taxonomy":"product_brand","embeddable":true,"href":"https:\/\/kruze.ee\/et\/wp-json\/wp\/v2\/product_brand?post=1434065"},{"taxonomy":"product_cat","embeddable":true,"href":"https:\/\/kruze.ee\/et\/wp-json\/wp\/v2\/product_cat?post=1434065"},{"taxonomy":"product_tag","embeddable":true,"href":"https:\/\/kruze.ee\/et\/wp-json\/wp\/v2\/product_tag?post=1434065"}],"curies":[{"name":"wp","href":"https:\/\/api.w.org\/{rel}","templated":true}]}}