{"id":1434045,"date":"2026-01-12T21:51:02","date_gmt":"2026-01-12T18:51:02","guid":{"rendered":"https:\/\/kruze.ee\/product\/ukiyo-aware-180-g-taaskasutatud-puuvillast-rcotton-lauasalvratikute-komplekt-4-tk\/"},"modified":"2026-03-17T00:49:41","modified_gmt":"2026-03-16T21:49:41","slug":"ukiyo-aware-180-g-taaskasutatud-puuvillast-rcotton-lauasalvratikute-komplekt-4-tk","status":"publish","type":"product","link":"https:\/\/kruze.ee\/et\/toode\/ukiyo-aware-180-g-taaskasutatud-puuvillast-rcotton-lauasalvratikute-komplekt-4-tk\/","title":{"rendered":"Ukiyo Aware\u2122 180 g taaskasutatud puuvillast (rcotton) lauasalvr\u00e4tikute komplekt, 4 tk"},"content":{"rendered":"<p>Need kaunid Ukiyo lauasalvr\u00e4tid m\u00f5\u00f5tudega 45 \u00d7 45 cm on valmistatud taaskasutatud puuvillast. Salvr\u00e4tte saab kasutada nii salvr\u00e4tiku kui ka lauamatina ning need annavad s\u00f6\u00f6gilauale viimase viimistluse. Komplektis on 4 salvr\u00e4tti, pakendatud kraftist kinkekarpi. Taaskasutatud puuvill on varustatud AWARE\u2122 j\u00e4lgimistehnoloogiaga, mis kinnitab taaskasutatud materjalide ehtsat kasutamist. 2% iga AWARE\u2122 m\u00e4rgistusega toote m\u00fc\u00fcgitulust annetatakse organisatsioonile Water.org.<\/p>\n","protected":false},"excerpt":{"rendered":"<p>Need kaunid Ukiyo lauasalvr\u00e4tid m\u00f5\u00f5tudega 45 \u00d7 45 cm on valmistatud taaskasutatud puuvillast. Salvr\u00e4tte saab kasutada nii salvr\u00e4tiku kui ka lauamatina ning&#8230;<\/p>\n","protected":false},"featured_media":0,"template":"","meta":[],"product_brand":[],"product_cat":[15955],"product_tag":[],"class_list":{"0":"post-1434045","1":"product","2":"type-product","3":"status-publish","5":"product_cat-koogitarbed","6":"pa_brand-ukiyo-2","7":"pa_color-hall","8":"pa_color-black-2","9":"pa_color-roheline","10":"pa_color-blue-2","11":"pa_color-valge","12":"pa_gender-uniseks","13":"pa_gender-unisex","16":"pa_material-recycled-cotton","18":"first","19":"instock","20":"taxable","21":"shipping-taxable","22":"purchasable","23":"product-type-variable"},"acf":[],"yoast_head":"<!-- This site is optimized with the Yoast SEO plugin v26.0 - https:\/\/yoast.com\/wordpress\/plugins\/seo\/ -->\n<title>Ukiyo Aware\u2122 180 g taaskasutatud puuvillast (rcotton) lauasalvr\u00e4tikute komplekt, 4 tk - Kruze.ee<\/title>\n<meta name=\"robots\" content=\"index, follow, max-snippet:-1, max-image-preview:large, max-video-preview:-1\" \/>\n<link rel=\"canonical\" href=\"https:\/\/kruze.ee\/et\/toode\/ukiyo-aware-180-g-taaskasutatud-puuvillast-rcotton-lauasalvratikute-komplekt-4-tk\/\" \/>\n<meta property=\"og:locale\" content=\"et_EE\" \/>\n<meta property=\"og:type\" content=\"article\" \/>\n<meta property=\"og:title\" content=\"Ukiyo Aware\u2122 180 g taaskasutatud puuvillast (rcotton) lauasalvr\u00e4tikute komplekt, 4 tk - Kruze.ee\" \/>\n<meta property=\"og:description\" content=\"Need kaunid Ukiyo lauasalvr\u00e4tid m\u00f5\u00f5tudega 45 \u00d7 45 cm on valmistatud taaskasutatud puuvillast. Salvr\u00e4tte saab kasutada nii salvr\u00e4tiku kui ka lauamatina ning...\" \/>\n<meta property=\"og:url\" content=\"https:\/\/kruze.ee\/et\/toode\/ukiyo-aware-180-g-taaskasutatud-puuvillast-rcotton-lauasalvratikute-komplekt-4-tk\/\" \/>\n<meta property=\"og:site_name\" content=\"Kruze.ee\" \/>\n<meta property=\"article:modified_time\" content=\"2026-03-16T21:49:41+00:00\" \/>\n<meta name=\"twitter:card\" content=\"summary_large_image\" \/>\n<script type=\"application\/ld+json\" class=\"yoast-schema-graph\">{\"@context\":\"https:\/\/schema.org\",\"@graph\":[{\"@type\":\"WebPage\",\"@id\":\"https:\/\/kruze.ee\/et\/toode\/ukiyo-aware-180-g-taaskasutatud-puuvillast-rcotton-lauasalvratikute-komplekt-4-tk\/\",\"url\":\"https:\/\/kruze.ee\/et\/toode\/ukiyo-aware-180-g-taaskasutatud-puuvillast-rcotton-lauasalvratikute-komplekt-4-tk\/\",\"name\":\"Ukiyo Aware\u2122 180 g taaskasutatud puuvillast (rcotton) lauasalvr\u00e4tikute komplekt, 4 tk - Kruze.ee\",\"isPartOf\":{\"@id\":\"https:\/\/kruze.ee\/et\/#website\"},\"datePublished\":\"2026-01-12T18:51:02+00:00\",\"dateModified\":\"2026-03-16T21:49:41+00:00\",\"breadcrumb\":{\"@id\":\"https:\/\/kruze.ee\/et\/toode\/ukiyo-aware-180-g-taaskasutatud-puuvillast-rcotton-lauasalvratikute-komplekt-4-tk\/#breadcrumb\"},\"inLanguage\":\"et\",\"potentialAction\":[{\"@type\":\"ReadAction\",\"target\":[\"https:\/\/kruze.ee\/et\/toode\/ukiyo-aware-180-g-taaskasutatud-puuvillast-rcotton-lauasalvratikute-komplekt-4-tk\/\"]}]},{\"@type\":\"BreadcrumbList\",\"@id\":\"https:\/\/kruze.ee\/et\/toode\/ukiyo-aware-180-g-taaskasutatud-puuvillast-rcotton-lauasalvratikute-komplekt-4-tk\/#breadcrumb\",\"itemListElement\":[{\"@type\":\"ListItem\",\"position\":1,\"name\":\"Home\",\"item\":\"https:\/\/kruze.ee\/et\/\"},{\"@type\":\"ListItem\",\"position\":2,\"name\":\"Tooted\",\"item\":\"https:\/\/kruze.ee\/et\/tooted\/\"},{\"@type\":\"ListItem\",\"position\":3,\"name\":\"Ukiyo Aware\u2122 180 g taaskasutatud puuvillast (rcotton) lauasalvr\u00e4tikute komplekt, 4 tk\"}]},{\"@type\":\"WebSite\",\"@id\":\"https:\/\/kruze.ee\/et\/#website\",\"url\":\"https:\/\/kruze.ee\/et\/\",\"name\":\"Kruze.ee\",\"description\":\"Reklaamkingitused, tr&uuml;kiga T-s&auml;rgid, fliisid, dressipluused, tekstiil, joped ja paljud teised logoga meened, &Auml;rikingitused sinu partnerile! Telli juba t&auml;na.\",\"potentialAction\":[{\"@type\":\"SearchAction\",\"target\":{\"@type\":\"EntryPoint\",\"urlTemplate\":\"https:\/\/kruze.ee\/et\/?s={search_term_string}\"},\"query-input\":{\"@type\":\"PropertyValueSpecification\",\"valueRequired\":true,\"valueName\":\"search_term_string\"}}],\"inLanguage\":\"et\"}]}<\/script>\n<!-- \/ Yoast SEO plugin. -->","yoast_head_json":{"title":"Ukiyo Aware\u2122 180 g taaskasutatud puuvillast (rcotton) lauasalvr\u00e4tikute komplekt, 4 tk - Kruze.ee","robots":{"index":"index","follow":"follow","max-snippet":"max-snippet:-1","max-image-preview":"max-image-preview:large","max-video-preview":"max-video-preview:-1"},"canonical":"https:\/\/kruze.ee\/et\/toode\/ukiyo-aware-180-g-taaskasutatud-puuvillast-rcotton-lauasalvratikute-komplekt-4-tk\/","og_locale":"et_EE","og_type":"article","og_title":"Ukiyo Aware\u2122 180 g taaskasutatud puuvillast (rcotton) lauasalvr\u00e4tikute komplekt, 4 tk - Kruze.ee","og_description":"Need kaunid Ukiyo lauasalvr\u00e4tid m\u00f5\u00f5tudega 45 \u00d7 45 cm on valmistatud taaskasutatud puuvillast. Salvr\u00e4tte saab kasutada nii salvr\u00e4tiku kui ka lauamatina ning...","og_url":"https:\/\/kruze.ee\/et\/toode\/ukiyo-aware-180-g-taaskasutatud-puuvillast-rcotton-lauasalvratikute-komplekt-4-tk\/","og_site_name":"Kruze.ee","article_modified_time":"2026-03-16T21:49:41+00:00","twitter_card":"summary_large_image","schema":{"@context":"https:\/\/schema.org","@graph":[{"@type":"WebPage","@id":"https:\/\/kruze.ee\/et\/toode\/ukiyo-aware-180-g-taaskasutatud-puuvillast-rcotton-lauasalvratikute-komplekt-4-tk\/","url":"https:\/\/kruze.ee\/et\/toode\/ukiyo-aware-180-g-taaskasutatud-puuvillast-rcotton-lauasalvratikute-komplekt-4-tk\/","name":"Ukiyo Aware\u2122 180 g taaskasutatud puuvillast (rcotton) lauasalvr\u00e4tikute komplekt, 4 tk - Kruze.ee","isPartOf":{"@id":"https:\/\/kruze.ee\/et\/#website"},"datePublished":"2026-01-12T18:51:02+00:00","dateModified":"2026-03-16T21:49:41+00:00","breadcrumb":{"@id":"https:\/\/kruze.ee\/et\/toode\/ukiyo-aware-180-g-taaskasutatud-puuvillast-rcotton-lauasalvratikute-komplekt-4-tk\/#breadcrumb"},"inLanguage":"et","potentialAction":[{"@type":"ReadAction","target":["https:\/\/kruze.ee\/et\/toode\/ukiyo-aware-180-g-taaskasutatud-puuvillast-rcotton-lauasalvratikute-komplekt-4-tk\/"]}]},{"@type":"BreadcrumbList","@id":"https:\/\/kruze.ee\/et\/toode\/ukiyo-aware-180-g-taaskasutatud-puuvillast-rcotton-lauasalvratikute-komplekt-4-tk\/#breadcrumb","itemListElement":[{"@type":"ListItem","position":1,"name":"Home","item":"https:\/\/kruze.ee\/et\/"},{"@type":"ListItem","position":2,"name":"Tooted","item":"https:\/\/kruze.ee\/et\/tooted\/"},{"@type":"ListItem","position":3,"name":"Ukiyo Aware\u2122 180 g taaskasutatud puuvillast (rcotton) lauasalvr\u00e4tikute komplekt, 4 tk"}]},{"@type":"WebSite","@id":"https:\/\/kruze.ee\/et\/#website","url":"https:\/\/kruze.ee\/et\/","name":"Kruze.ee","description":"Reklaamkingitused, tr&uuml;kiga T-s&auml;rgid, fliisid, dressipluused, tekstiil, joped ja paljud teised logoga meened, &Auml;rikingitused sinu partnerile! Telli juba t&auml;na.","potentialAction":[{"@type":"SearchAction","target":{"@type":"EntryPoint","urlTemplate":"https:\/\/kruze.ee\/et\/?s={search_term_string}"},"query-input":{"@type":"PropertyValueSpecification","valueRequired":true,"valueName":"search_term_string"}}],"inLanguage":"et"}]}},"_links":{"self":[{"href":"https:\/\/kruze.ee\/et\/wp-json\/wp\/v2\/product\/1434045","targetHints":{"allow":["GET"]}}],"collection":[{"href":"https:\/\/kruze.ee\/et\/wp-json\/wp\/v2\/product"}],"about":[{"href":"https:\/\/kruze.ee\/et\/wp-json\/wp\/v2\/types\/product"}],"wp:attachment":[{"href":"https:\/\/kruze.ee\/et\/wp-json\/wp\/v2\/media?parent=1434045"}],"wp:term":[{"taxonomy":"product_brand","embeddable":true,"href":"https:\/\/kruze.ee\/et\/wp-json\/wp\/v2\/product_brand?post=1434045"},{"taxonomy":"product_cat","embeddable":true,"href":"https:\/\/kruze.ee\/et\/wp-json\/wp\/v2\/product_cat?post=1434045"},{"taxonomy":"product_tag","embeddable":true,"href":"https:\/\/kruze.ee\/et\/wp-json\/wp\/v2\/product_tag?post=1434045"}],"curies":[{"name":"wp","href":"https:\/\/api.w.org\/{rel}","templated":true}]}}