{"id":1434043,"date":"2026-01-12T21:50:57","date_gmt":"2026-01-12T18:50:57","guid":{"rendered":"https:\/\/kruze.ee\/product\/loikelaud-koos-4-osalise-hugieeniliste-loikelauade-komplektiga\/"},"modified":"2026-03-17T00:49:40","modified_gmt":"2026-03-16T21:49:40","slug":"loikelaud-koos-4-osalise-hugieeniliste-loikelauade-komplektiga","status":"publish","type":"product","link":"https:\/\/kruze.ee\/et\/toode\/loikelaud-koos-4-osalise-hugieeniliste-loikelauade-komplektiga\/","title":{"rendered":"L\u00f5ikelaud koos 4-osalise h\u00fcgieeniliste l\u00f5ikelauade komplektiga"},"content":{"rendered":"<p>Trendikas ja h\u00fcgieeniline l\u00f5ikelaudade komplekt. Tume bambusest l\u00f5ikelaud m\u00f5\u00f5tudega 35 \u00d7 25 cm, mis toimib \u00fchtlasi hoiukarbina neljale h\u00fcgieenilisele PP-materjalist, n\u00f5udepesumasinas pestavale l\u00f5ikelauale. V\u00e4rv ja ikoon n\u00e4itavad, millise toidut\u00fc\u00fcbi jaoks iga l\u00f5ikelaud on m\u00f5eldud.<\/p>\n","protected":false},"excerpt":{"rendered":"<p>Trendikas ja h\u00fcgieeniline l\u00f5ikelaudade komplekt. Tume bambusest l\u00f5ikelaud m\u00f5\u00f5tudega 35 \u00d7 25 cm, mis toimib \u00fchtlasi hoiukarbina neljale h\u00fcgieenilisele&#8230;<\/p>\n","protected":false},"featured_media":0,"template":"","meta":[],"product_brand":[],"product_cat":[5436],"product_tag":[],"class_list":{"0":"post-1434043","1":"product","2":"type-product","3":"status-publish","5":"product_cat-koogitarbed","6":"pa_gender-uniseks","7":"pa_gender-unisex","11":"first","12":"instock","13":"purchasable","14":"product-type-simple"},"acf":[],"yoast_head":"<!-- This site is optimized with the Yoast SEO plugin v26.0 - https:\/\/yoast.com\/wordpress\/plugins\/seo\/ -->\n<title>L\u00f5ikelaud koos 4-osalise h\u00fcgieeniliste l\u00f5ikelauade komplektiga - Kruze.ee<\/title>\n<meta name=\"robots\" content=\"index, follow, max-snippet:-1, max-image-preview:large, max-video-preview:-1\" \/>\n<link rel=\"canonical\" href=\"https:\/\/kruze.ee\/et\/toode\/loikelaud-koos-4-osalise-hugieeniliste-loikelauade-komplektiga\/\" \/>\n<meta property=\"og:locale\" content=\"et_EE\" \/>\n<meta property=\"og:type\" content=\"article\" \/>\n<meta property=\"og:title\" content=\"L\u00f5ikelaud koos 4-osalise h\u00fcgieeniliste l\u00f5ikelauade komplektiga - Kruze.ee\" \/>\n<meta property=\"og:description\" content=\"Trendikas ja h\u00fcgieeniline l\u00f5ikelaudade komplekt. Tume bambusest l\u00f5ikelaud m\u00f5\u00f5tudega 35 \u00d7 25 cm, mis toimib \u00fchtlasi hoiukarbina neljale h\u00fcgieenilisele...\" \/>\n<meta property=\"og:url\" content=\"https:\/\/kruze.ee\/et\/toode\/loikelaud-koos-4-osalise-hugieeniliste-loikelauade-komplektiga\/\" \/>\n<meta property=\"og:site_name\" content=\"Kruze.ee\" \/>\n<meta property=\"article:modified_time\" content=\"2026-03-16T21:49:40+00:00\" \/>\n<meta name=\"twitter:card\" content=\"summary_large_image\" \/>\n<meta name=\"twitter:label1\" content=\"Est. reading time\" \/>\n\t<meta name=\"twitter:data1\" content=\"1 minut\" \/>\n<script type=\"application\/ld+json\" class=\"yoast-schema-graph\">{\"@context\":\"https:\/\/schema.org\",\"@graph\":[{\"@type\":\"WebPage\",\"@id\":\"https:\/\/kruze.ee\/et\/toode\/loikelaud-koos-4-osalise-hugieeniliste-loikelauade-komplektiga\/\",\"url\":\"https:\/\/kruze.ee\/et\/toode\/loikelaud-koos-4-osalise-hugieeniliste-loikelauade-komplektiga\/\",\"name\":\"L\u00f5ikelaud koos 4-osalise h\u00fcgieeniliste l\u00f5ikelauade komplektiga - Kruze.ee\",\"isPartOf\":{\"@id\":\"https:\/\/kruze.ee\/et\/#website\"},\"datePublished\":\"2026-01-12T18:50:57+00:00\",\"dateModified\":\"2026-03-16T21:49:40+00:00\",\"breadcrumb\":{\"@id\":\"https:\/\/kruze.ee\/et\/toode\/loikelaud-koos-4-osalise-hugieeniliste-loikelauade-komplektiga\/#breadcrumb\"},\"inLanguage\":\"et\",\"potentialAction\":[{\"@type\":\"ReadAction\",\"target\":[\"https:\/\/kruze.ee\/et\/toode\/loikelaud-koos-4-osalise-hugieeniliste-loikelauade-komplektiga\/\"]}]},{\"@type\":\"BreadcrumbList\",\"@id\":\"https:\/\/kruze.ee\/et\/toode\/loikelaud-koos-4-osalise-hugieeniliste-loikelauade-komplektiga\/#breadcrumb\",\"itemListElement\":[{\"@type\":\"ListItem\",\"position\":1,\"name\":\"Home\",\"item\":\"https:\/\/kruze.ee\/et\/\"},{\"@type\":\"ListItem\",\"position\":2,\"name\":\"Tooted\",\"item\":\"https:\/\/kruze.ee\/et\/tooted\/\"},{\"@type\":\"ListItem\",\"position\":3,\"name\":\"L\u00f5ikelaud koos 4-osalise h\u00fcgieeniliste l\u00f5ikelauade komplektiga\"}]},{\"@type\":\"WebSite\",\"@id\":\"https:\/\/kruze.ee\/et\/#website\",\"url\":\"https:\/\/kruze.ee\/et\/\",\"name\":\"Kruze.ee\",\"description\":\"Reklaamkingitused, tr&uuml;kiga T-s&auml;rgid, fliisid, dressipluused, tekstiil, joped ja paljud teised logoga meened, &Auml;rikingitused sinu partnerile! Telli juba t&auml;na.\",\"potentialAction\":[{\"@type\":\"SearchAction\",\"target\":{\"@type\":\"EntryPoint\",\"urlTemplate\":\"https:\/\/kruze.ee\/et\/?s={search_term_string}\"},\"query-input\":{\"@type\":\"PropertyValueSpecification\",\"valueRequired\":true,\"valueName\":\"search_term_string\"}}],\"inLanguage\":\"et\"}]}<\/script>\n<!-- \/ Yoast SEO plugin. -->","yoast_head_json":{"title":"L\u00f5ikelaud koos 4-osalise h\u00fcgieeniliste l\u00f5ikelauade komplektiga - Kruze.ee","robots":{"index":"index","follow":"follow","max-snippet":"max-snippet:-1","max-image-preview":"max-image-preview:large","max-video-preview":"max-video-preview:-1"},"canonical":"https:\/\/kruze.ee\/et\/toode\/loikelaud-koos-4-osalise-hugieeniliste-loikelauade-komplektiga\/","og_locale":"et_EE","og_type":"article","og_title":"L\u00f5ikelaud koos 4-osalise h\u00fcgieeniliste l\u00f5ikelauade komplektiga - Kruze.ee","og_description":"Trendikas ja h\u00fcgieeniline l\u00f5ikelaudade komplekt. Tume bambusest l\u00f5ikelaud m\u00f5\u00f5tudega 35 \u00d7 25 cm, mis toimib \u00fchtlasi hoiukarbina neljale h\u00fcgieenilisele...","og_url":"https:\/\/kruze.ee\/et\/toode\/loikelaud-koos-4-osalise-hugieeniliste-loikelauade-komplektiga\/","og_site_name":"Kruze.ee","article_modified_time":"2026-03-16T21:49:40+00:00","twitter_card":"summary_large_image","twitter_misc":{"Est. reading time":"1 minut"},"schema":{"@context":"https:\/\/schema.org","@graph":[{"@type":"WebPage","@id":"https:\/\/kruze.ee\/et\/toode\/loikelaud-koos-4-osalise-hugieeniliste-loikelauade-komplektiga\/","url":"https:\/\/kruze.ee\/et\/toode\/loikelaud-koos-4-osalise-hugieeniliste-loikelauade-komplektiga\/","name":"L\u00f5ikelaud koos 4-osalise h\u00fcgieeniliste l\u00f5ikelauade komplektiga - Kruze.ee","isPartOf":{"@id":"https:\/\/kruze.ee\/et\/#website"},"datePublished":"2026-01-12T18:50:57+00:00","dateModified":"2026-03-16T21:49:40+00:00","breadcrumb":{"@id":"https:\/\/kruze.ee\/et\/toode\/loikelaud-koos-4-osalise-hugieeniliste-loikelauade-komplektiga\/#breadcrumb"},"inLanguage":"et","potentialAction":[{"@type":"ReadAction","target":["https:\/\/kruze.ee\/et\/toode\/loikelaud-koos-4-osalise-hugieeniliste-loikelauade-komplektiga\/"]}]},{"@type":"BreadcrumbList","@id":"https:\/\/kruze.ee\/et\/toode\/loikelaud-koos-4-osalise-hugieeniliste-loikelauade-komplektiga\/#breadcrumb","itemListElement":[{"@type":"ListItem","position":1,"name":"Home","item":"https:\/\/kruze.ee\/et\/"},{"@type":"ListItem","position":2,"name":"Tooted","item":"https:\/\/kruze.ee\/et\/tooted\/"},{"@type":"ListItem","position":3,"name":"L\u00f5ikelaud koos 4-osalise h\u00fcgieeniliste l\u00f5ikelauade komplektiga"}]},{"@type":"WebSite","@id":"https:\/\/kruze.ee\/et\/#website","url":"https:\/\/kruze.ee\/et\/","name":"Kruze.ee","description":"Reklaamkingitused, tr&uuml;kiga T-s&auml;rgid, fliisid, dressipluused, tekstiil, joped ja paljud teised logoga meened, &Auml;rikingitused sinu partnerile! Telli juba t&auml;na.","potentialAction":[{"@type":"SearchAction","target":{"@type":"EntryPoint","urlTemplate":"https:\/\/kruze.ee\/et\/?s={search_term_string}"},"query-input":{"@type":"PropertyValueSpecification","valueRequired":true,"valueName":"search_term_string"}}],"inLanguage":"et"}]}},"_links":{"self":[{"href":"https:\/\/kruze.ee\/et\/wp-json\/wp\/v2\/product\/1434043","targetHints":{"allow":["GET"]}}],"collection":[{"href":"https:\/\/kruze.ee\/et\/wp-json\/wp\/v2\/product"}],"about":[{"href":"https:\/\/kruze.ee\/et\/wp-json\/wp\/v2\/types\/product"}],"wp:attachment":[{"href":"https:\/\/kruze.ee\/et\/wp-json\/wp\/v2\/media?parent=1434043"}],"wp:term":[{"taxonomy":"product_brand","embeddable":true,"href":"https:\/\/kruze.ee\/et\/wp-json\/wp\/v2\/product_brand?post=1434043"},{"taxonomy":"product_cat","embeddable":true,"href":"https:\/\/kruze.ee\/et\/wp-json\/wp\/v2\/product_cat?post=1434043"},{"taxonomy":"product_tag","embeddable":true,"href":"https:\/\/kruze.ee\/et\/wp-json\/wp\/v2\/product_tag?post=1434043"}],"curies":[{"name":"wp","href":"https:\/\/api.w.org\/{rel}","templated":true}]}}