{"id":1434037,"date":"2026-01-12T21:50:45","date_gmt":"2026-01-12T18:50:45","guid":{"rendered":"https:\/\/kruze.ee\/product\/ukiyo-bambusest-ummargune-serveerimisalus\/"},"modified":"2026-03-17T00:49:38","modified_gmt":"2026-03-16T21:49:38","slug":"ukiyo-bambusest-ummargune-serveerimisalus","status":"publish","type":"product","link":"https:\/\/kruze.ee\/et\/toode\/ukiyo-bambusest-ummargune-serveerimisalus\/","title":{"rendered":"Ukiyo bambusest \u00fcmmargune serveerimisalus"},"content":{"rendered":"<p>Olenemata sellest, millist toitu valmistate, n\u00e4eb see k\u00f5ik suurep\u00e4rane v\u00e4lja sellel Ukiyo bambusest \u00fcmmargusel serveerimisalusel (diameeter 40 cm). Nautige v\u00e4rskelt valmistatud roogasid ning serveerige neid stiilselt oma s\u00f5pradele ja perele. Pakendatud luksuslikku kraft-karpi. Alus on t\u00f6\u00f6tlemata ning soovi korral v\u00f5ib seda \u00f5litada. \u00c4rge kunagi pange seda n\u00f5udepesumasinasse \u2013 pesta ainult k\u00e4sitsi.<\/p>\n","protected":false},"excerpt":{"rendered":"<p>Olenemata sellest, millist toitu valmistate, n\u00e4eb see k\u00f5ik suurep\u00e4rane v\u00e4lja sellel Ukiyo bambusest \u00fcmmargusel serveerimisalusel (diameeter 40 cm). Nautige&#8230;<\/p>\n","protected":false},"featured_media":0,"template":"","meta":[],"product_brand":[],"product_cat":[5436],"product_tag":[],"class_list":{"0":"post-1434037","1":"product","2":"type-product","3":"status-publish","5":"product_cat-koogitarbed","6":"pa_gender-uniseks","7":"pa_gender-unisex","11":"first","12":"instock","13":"purchasable","14":"product-type-simple"},"acf":[],"yoast_head":"<!-- This site is optimized with the Yoast SEO plugin v26.0 - https:\/\/yoast.com\/wordpress\/plugins\/seo\/ -->\n<title>Ukiyo bambusest \u00fcmmargune serveerimisalus - Kruze.ee<\/title>\n<meta name=\"robots\" content=\"index, follow, max-snippet:-1, max-image-preview:large, max-video-preview:-1\" \/>\n<link rel=\"canonical\" href=\"https:\/\/kruze.ee\/et\/toode\/ukiyo-bambusest-ummargune-serveerimisalus\/\" \/>\n<meta property=\"og:locale\" content=\"et_EE\" \/>\n<meta property=\"og:type\" content=\"article\" \/>\n<meta property=\"og:title\" content=\"Ukiyo bambusest \u00fcmmargune serveerimisalus - Kruze.ee\" \/>\n<meta property=\"og:description\" content=\"Olenemata sellest, millist toitu valmistate, n\u00e4eb see k\u00f5ik suurep\u00e4rane v\u00e4lja sellel Ukiyo bambusest \u00fcmmargusel serveerimisalusel (diameeter 40 cm). Nautige...\" \/>\n<meta property=\"og:url\" content=\"https:\/\/kruze.ee\/et\/toode\/ukiyo-bambusest-ummargune-serveerimisalus\/\" \/>\n<meta property=\"og:site_name\" content=\"Kruze.ee\" \/>\n<meta property=\"article:modified_time\" content=\"2026-03-16T21:49:38+00:00\" \/>\n<meta name=\"twitter:card\" content=\"summary_large_image\" \/>\n<meta name=\"twitter:label1\" content=\"Est. reading time\" \/>\n\t<meta name=\"twitter:data1\" content=\"1 minut\" \/>\n<script type=\"application\/ld+json\" class=\"yoast-schema-graph\">{\"@context\":\"https:\/\/schema.org\",\"@graph\":[{\"@type\":\"WebPage\",\"@id\":\"https:\/\/kruze.ee\/et\/toode\/ukiyo-bambusest-ummargune-serveerimisalus\/\",\"url\":\"https:\/\/kruze.ee\/et\/toode\/ukiyo-bambusest-ummargune-serveerimisalus\/\",\"name\":\"Ukiyo bambusest \u00fcmmargune serveerimisalus - Kruze.ee\",\"isPartOf\":{\"@id\":\"https:\/\/kruze.ee\/et\/#website\"},\"datePublished\":\"2026-01-12T18:50:45+00:00\",\"dateModified\":\"2026-03-16T21:49:38+00:00\",\"breadcrumb\":{\"@id\":\"https:\/\/kruze.ee\/et\/toode\/ukiyo-bambusest-ummargune-serveerimisalus\/#breadcrumb\"},\"inLanguage\":\"et\",\"potentialAction\":[{\"@type\":\"ReadAction\",\"target\":[\"https:\/\/kruze.ee\/et\/toode\/ukiyo-bambusest-ummargune-serveerimisalus\/\"]}]},{\"@type\":\"BreadcrumbList\",\"@id\":\"https:\/\/kruze.ee\/et\/toode\/ukiyo-bambusest-ummargune-serveerimisalus\/#breadcrumb\",\"itemListElement\":[{\"@type\":\"ListItem\",\"position\":1,\"name\":\"Home\",\"item\":\"https:\/\/kruze.ee\/et\/\"},{\"@type\":\"ListItem\",\"position\":2,\"name\":\"Tooted\",\"item\":\"https:\/\/kruze.ee\/et\/tooted\/\"},{\"@type\":\"ListItem\",\"position\":3,\"name\":\"Ukiyo bambusest \u00fcmmargune serveerimisalus\"}]},{\"@type\":\"WebSite\",\"@id\":\"https:\/\/kruze.ee\/et\/#website\",\"url\":\"https:\/\/kruze.ee\/et\/\",\"name\":\"Kruze.ee\",\"description\":\"Reklaamkingitused, tr&uuml;kiga T-s&auml;rgid, fliisid, dressipluused, tekstiil, joped ja paljud teised logoga meened, &Auml;rikingitused sinu partnerile! Telli juba t&auml;na.\",\"potentialAction\":[{\"@type\":\"SearchAction\",\"target\":{\"@type\":\"EntryPoint\",\"urlTemplate\":\"https:\/\/kruze.ee\/et\/?s={search_term_string}\"},\"query-input\":{\"@type\":\"PropertyValueSpecification\",\"valueRequired\":true,\"valueName\":\"search_term_string\"}}],\"inLanguage\":\"et\"}]}<\/script>\n<!-- \/ Yoast SEO plugin. -->","yoast_head_json":{"title":"Ukiyo bambusest \u00fcmmargune serveerimisalus - Kruze.ee","robots":{"index":"index","follow":"follow","max-snippet":"max-snippet:-1","max-image-preview":"max-image-preview:large","max-video-preview":"max-video-preview:-1"},"canonical":"https:\/\/kruze.ee\/et\/toode\/ukiyo-bambusest-ummargune-serveerimisalus\/","og_locale":"et_EE","og_type":"article","og_title":"Ukiyo bambusest \u00fcmmargune serveerimisalus - Kruze.ee","og_description":"Olenemata sellest, millist toitu valmistate, n\u00e4eb see k\u00f5ik suurep\u00e4rane v\u00e4lja sellel Ukiyo bambusest \u00fcmmargusel serveerimisalusel (diameeter 40 cm). Nautige...","og_url":"https:\/\/kruze.ee\/et\/toode\/ukiyo-bambusest-ummargune-serveerimisalus\/","og_site_name":"Kruze.ee","article_modified_time":"2026-03-16T21:49:38+00:00","twitter_card":"summary_large_image","twitter_misc":{"Est. reading time":"1 minut"},"schema":{"@context":"https:\/\/schema.org","@graph":[{"@type":"WebPage","@id":"https:\/\/kruze.ee\/et\/toode\/ukiyo-bambusest-ummargune-serveerimisalus\/","url":"https:\/\/kruze.ee\/et\/toode\/ukiyo-bambusest-ummargune-serveerimisalus\/","name":"Ukiyo bambusest \u00fcmmargune serveerimisalus - Kruze.ee","isPartOf":{"@id":"https:\/\/kruze.ee\/et\/#website"},"datePublished":"2026-01-12T18:50:45+00:00","dateModified":"2026-03-16T21:49:38+00:00","breadcrumb":{"@id":"https:\/\/kruze.ee\/et\/toode\/ukiyo-bambusest-ummargune-serveerimisalus\/#breadcrumb"},"inLanguage":"et","potentialAction":[{"@type":"ReadAction","target":["https:\/\/kruze.ee\/et\/toode\/ukiyo-bambusest-ummargune-serveerimisalus\/"]}]},{"@type":"BreadcrumbList","@id":"https:\/\/kruze.ee\/et\/toode\/ukiyo-bambusest-ummargune-serveerimisalus\/#breadcrumb","itemListElement":[{"@type":"ListItem","position":1,"name":"Home","item":"https:\/\/kruze.ee\/et\/"},{"@type":"ListItem","position":2,"name":"Tooted","item":"https:\/\/kruze.ee\/et\/tooted\/"},{"@type":"ListItem","position":3,"name":"Ukiyo bambusest \u00fcmmargune serveerimisalus"}]},{"@type":"WebSite","@id":"https:\/\/kruze.ee\/et\/#website","url":"https:\/\/kruze.ee\/et\/","name":"Kruze.ee","description":"Reklaamkingitused, tr&uuml;kiga T-s&auml;rgid, fliisid, dressipluused, tekstiil, joped ja paljud teised logoga meened, &Auml;rikingitused sinu partnerile! Telli juba t&auml;na.","potentialAction":[{"@type":"SearchAction","target":{"@type":"EntryPoint","urlTemplate":"https:\/\/kruze.ee\/et\/?s={search_term_string}"},"query-input":{"@type":"PropertyValueSpecification","valueRequired":true,"valueName":"search_term_string"}}],"inLanguage":"et"}]}},"_links":{"self":[{"href":"https:\/\/kruze.ee\/et\/wp-json\/wp\/v2\/product\/1434037","targetHints":{"allow":["GET"]}}],"collection":[{"href":"https:\/\/kruze.ee\/et\/wp-json\/wp\/v2\/product"}],"about":[{"href":"https:\/\/kruze.ee\/et\/wp-json\/wp\/v2\/types\/product"}],"wp:attachment":[{"href":"https:\/\/kruze.ee\/et\/wp-json\/wp\/v2\/media?parent=1434037"}],"wp:term":[{"taxonomy":"product_brand","embeddable":true,"href":"https:\/\/kruze.ee\/et\/wp-json\/wp\/v2\/product_brand?post=1434037"},{"taxonomy":"product_cat","embeddable":true,"href":"https:\/\/kruze.ee\/et\/wp-json\/wp\/v2\/product_cat?post=1434037"},{"taxonomy":"product_tag","embeddable":true,"href":"https:\/\/kruze.ee\/et\/wp-json\/wp\/v2\/product_tag?post=1434037"}],"curies":[{"name":"wp","href":"https:\/\/api.w.org\/{rel}","templated":true}]}}