{"id":1434035,"date":"2026-01-12T21:50:41","date_gmt":"2026-01-12T18:50:41","guid":{"rendered":"https:\/\/kruze.ee\/product\/grs-sertifikaadiga-taaskasutatud-pet-ist-helkurvest\/"},"modified":"2026-03-17T00:49:38","modified_gmt":"2026-03-16T21:49:38","slug":"grs-sertifikaadiga-taaskasutatud-pet-ist-helkurvest","status":"publish","type":"product","link":"https:\/\/kruze.ee\/et\/toode\/grs-sertifikaadiga-taaskasutatud-pet-ist-helkurvest\/","title":{"rendered":"GRS-sertifikaadiga taaskasutatud PET-ist helkurvest"},"content":{"rendered":"<p>Unisex Class 2 k\u00f5rgn\u00e4htavusega hoiatusvest, mis on m\u00f5eldud kasutajatele pikkusega 164\u2013198 cm. Vest pakub rohkelt ruumi suurem\u00f5\u00f5tmelisteks dekoratsioonideks nii esi- kui ka tagak\u00fcljel, mist\u00f5ttu sobib see ideaalselt professionaalseks kasutamiseks, kus n\u00e4htavus on kriitilise t\u00e4htsusega. Fluorestseeruv taust ja helkurribad tagavad vastavuse standardile EN ISO 20471:2013+A1:2016. Lisaks on toode m\u00e4rgistatud CE-t\u00e4hisega, kinnitades vastavust EL m\u00e4\u00e4rusele 2016\/425\/EU ning liigitades selle isikukaitsevahendite kategooriasse II. Valmistatud GRS-sertifikaadiga taaskasutatud PET-materjalist. Taaskasutatud materjali kogus: 67% toote kogukaalust.<\/p>\n","protected":false},"excerpt":{"rendered":"<p>Unisex Class 2 k\u00f5rgn\u00e4htavusega hoiatusvest, mis on m\u00f5eldud kasutajatele pikkusega 164\u2013198 cm. Vest pakub rohkelt ruumi suurem\u00f5\u00f5tmelisteks dekoratsioonideks nii&#8230;<\/p>\n","protected":false},"featured_media":0,"template":"","meta":[],"product_brand":[],"product_cat":[5372],"product_tag":[],"class_list":{"0":"post-1434035","1":"product","2":"type-product","3":"status-publish","5":"product_cat-helkurtooted","6":"pa_gender-uniseks","7":"pa_gender-unisex","11":"first","12":"instock","13":"purchasable","14":"product-type-simple"},"acf":[],"yoast_head":"<!-- This site is optimized with the Yoast SEO plugin v26.0 - https:\/\/yoast.com\/wordpress\/plugins\/seo\/ -->\n<title>GRS-sertifikaadiga taaskasutatud PET-ist helkurvest - Kruze.ee<\/title>\n<meta name=\"robots\" content=\"index, follow, max-snippet:-1, max-image-preview:large, max-video-preview:-1\" \/>\n<link rel=\"canonical\" href=\"https:\/\/kruze.ee\/et\/toode\/grs-sertifikaadiga-taaskasutatud-pet-ist-helkurvest\/\" \/>\n<meta property=\"og:locale\" content=\"et_EE\" \/>\n<meta property=\"og:type\" content=\"article\" \/>\n<meta property=\"og:title\" content=\"GRS-sertifikaadiga taaskasutatud PET-ist helkurvest - Kruze.ee\" \/>\n<meta property=\"og:description\" content=\"Unisex Class 2 k\u00f5rgn\u00e4htavusega hoiatusvest, mis on m\u00f5eldud kasutajatele pikkusega 164\u2013198 cm. Vest pakub rohkelt ruumi suurem\u00f5\u00f5tmelisteks dekoratsioonideks nii...\" \/>\n<meta property=\"og:url\" content=\"https:\/\/kruze.ee\/et\/toode\/grs-sertifikaadiga-taaskasutatud-pet-ist-helkurvest\/\" \/>\n<meta property=\"og:site_name\" content=\"Kruze.ee\" \/>\n<meta property=\"article:modified_time\" content=\"2026-03-16T21:49:38+00:00\" \/>\n<meta name=\"twitter:card\" content=\"summary_large_image\" \/>\n<script type=\"application\/ld+json\" class=\"yoast-schema-graph\">{\"@context\":\"https:\/\/schema.org\",\"@graph\":[{\"@type\":\"WebPage\",\"@id\":\"https:\/\/kruze.ee\/et\/toode\/grs-sertifikaadiga-taaskasutatud-pet-ist-helkurvest\/\",\"url\":\"https:\/\/kruze.ee\/et\/toode\/grs-sertifikaadiga-taaskasutatud-pet-ist-helkurvest\/\",\"name\":\"GRS-sertifikaadiga taaskasutatud PET-ist helkurvest - Kruze.ee\",\"isPartOf\":{\"@id\":\"https:\/\/kruze.ee\/et\/#website\"},\"datePublished\":\"2026-01-12T18:50:41+00:00\",\"dateModified\":\"2026-03-16T21:49:38+00:00\",\"breadcrumb\":{\"@id\":\"https:\/\/kruze.ee\/et\/toode\/grs-sertifikaadiga-taaskasutatud-pet-ist-helkurvest\/#breadcrumb\"},\"inLanguage\":\"et\",\"potentialAction\":[{\"@type\":\"ReadAction\",\"target\":[\"https:\/\/kruze.ee\/et\/toode\/grs-sertifikaadiga-taaskasutatud-pet-ist-helkurvest\/\"]}]},{\"@type\":\"BreadcrumbList\",\"@id\":\"https:\/\/kruze.ee\/et\/toode\/grs-sertifikaadiga-taaskasutatud-pet-ist-helkurvest\/#breadcrumb\",\"itemListElement\":[{\"@type\":\"ListItem\",\"position\":1,\"name\":\"Home\",\"item\":\"https:\/\/kruze.ee\/et\/\"},{\"@type\":\"ListItem\",\"position\":2,\"name\":\"Tooted\",\"item\":\"https:\/\/kruze.ee\/et\/tooted\/\"},{\"@type\":\"ListItem\",\"position\":3,\"name\":\"GRS-sertifikaadiga taaskasutatud PET-ist helkurvest\"}]},{\"@type\":\"WebSite\",\"@id\":\"https:\/\/kruze.ee\/et\/#website\",\"url\":\"https:\/\/kruze.ee\/et\/\",\"name\":\"Kruze.ee\",\"description\":\"Reklaamkingitused, tr&uuml;kiga T-s&auml;rgid, fliisid, dressipluused, tekstiil, joped ja paljud teised logoga meened, &Auml;rikingitused sinu partnerile! Telli juba t&auml;na.\",\"potentialAction\":[{\"@type\":\"SearchAction\",\"target\":{\"@type\":\"EntryPoint\",\"urlTemplate\":\"https:\/\/kruze.ee\/et\/?s={search_term_string}\"},\"query-input\":{\"@type\":\"PropertyValueSpecification\",\"valueRequired\":true,\"valueName\":\"search_term_string\"}}],\"inLanguage\":\"et\"}]}<\/script>\n<!-- \/ Yoast SEO plugin. -->","yoast_head_json":{"title":"GRS-sertifikaadiga taaskasutatud PET-ist helkurvest - Kruze.ee","robots":{"index":"index","follow":"follow","max-snippet":"max-snippet:-1","max-image-preview":"max-image-preview:large","max-video-preview":"max-video-preview:-1"},"canonical":"https:\/\/kruze.ee\/et\/toode\/grs-sertifikaadiga-taaskasutatud-pet-ist-helkurvest\/","og_locale":"et_EE","og_type":"article","og_title":"GRS-sertifikaadiga taaskasutatud PET-ist helkurvest - Kruze.ee","og_description":"Unisex Class 2 k\u00f5rgn\u00e4htavusega hoiatusvest, mis on m\u00f5eldud kasutajatele pikkusega 164\u2013198 cm. Vest pakub rohkelt ruumi suurem\u00f5\u00f5tmelisteks dekoratsioonideks nii...","og_url":"https:\/\/kruze.ee\/et\/toode\/grs-sertifikaadiga-taaskasutatud-pet-ist-helkurvest\/","og_site_name":"Kruze.ee","article_modified_time":"2026-03-16T21:49:38+00:00","twitter_card":"summary_large_image","schema":{"@context":"https:\/\/schema.org","@graph":[{"@type":"WebPage","@id":"https:\/\/kruze.ee\/et\/toode\/grs-sertifikaadiga-taaskasutatud-pet-ist-helkurvest\/","url":"https:\/\/kruze.ee\/et\/toode\/grs-sertifikaadiga-taaskasutatud-pet-ist-helkurvest\/","name":"GRS-sertifikaadiga taaskasutatud PET-ist helkurvest - Kruze.ee","isPartOf":{"@id":"https:\/\/kruze.ee\/et\/#website"},"datePublished":"2026-01-12T18:50:41+00:00","dateModified":"2026-03-16T21:49:38+00:00","breadcrumb":{"@id":"https:\/\/kruze.ee\/et\/toode\/grs-sertifikaadiga-taaskasutatud-pet-ist-helkurvest\/#breadcrumb"},"inLanguage":"et","potentialAction":[{"@type":"ReadAction","target":["https:\/\/kruze.ee\/et\/toode\/grs-sertifikaadiga-taaskasutatud-pet-ist-helkurvest\/"]}]},{"@type":"BreadcrumbList","@id":"https:\/\/kruze.ee\/et\/toode\/grs-sertifikaadiga-taaskasutatud-pet-ist-helkurvest\/#breadcrumb","itemListElement":[{"@type":"ListItem","position":1,"name":"Home","item":"https:\/\/kruze.ee\/et\/"},{"@type":"ListItem","position":2,"name":"Tooted","item":"https:\/\/kruze.ee\/et\/tooted\/"},{"@type":"ListItem","position":3,"name":"GRS-sertifikaadiga taaskasutatud PET-ist helkurvest"}]},{"@type":"WebSite","@id":"https:\/\/kruze.ee\/et\/#website","url":"https:\/\/kruze.ee\/et\/","name":"Kruze.ee","description":"Reklaamkingitused, tr&uuml;kiga T-s&auml;rgid, fliisid, dressipluused, tekstiil, joped ja paljud teised logoga meened, &Auml;rikingitused sinu partnerile! Telli juba t&auml;na.","potentialAction":[{"@type":"SearchAction","target":{"@type":"EntryPoint","urlTemplate":"https:\/\/kruze.ee\/et\/?s={search_term_string}"},"query-input":{"@type":"PropertyValueSpecification","valueRequired":true,"valueName":"search_term_string"}}],"inLanguage":"et"}]}},"_links":{"self":[{"href":"https:\/\/kruze.ee\/et\/wp-json\/wp\/v2\/product\/1434035","targetHints":{"allow":["GET"]}}],"collection":[{"href":"https:\/\/kruze.ee\/et\/wp-json\/wp\/v2\/product"}],"about":[{"href":"https:\/\/kruze.ee\/et\/wp-json\/wp\/v2\/types\/product"}],"wp:attachment":[{"href":"https:\/\/kruze.ee\/et\/wp-json\/wp\/v2\/media?parent=1434035"}],"wp:term":[{"taxonomy":"product_brand","embeddable":true,"href":"https:\/\/kruze.ee\/et\/wp-json\/wp\/v2\/product_brand?post=1434035"},{"taxonomy":"product_cat","embeddable":true,"href":"https:\/\/kruze.ee\/et\/wp-json\/wp\/v2\/product_cat?post=1434035"},{"taxonomy":"product_tag","embeddable":true,"href":"https:\/\/kruze.ee\/et\/wp-json\/wp\/v2\/product_tag?post=1434035"}],"curies":[{"name":"wp","href":"https:\/\/api.w.org\/{rel}","templated":true}]}}