{"id":1434031,"date":"2026-01-12T21:50:35","date_gmt":"2026-01-12T18:50:35","guid":{"rendered":"https:\/\/kruze.ee\/product\/grs-sertifikaadiga-taaskasutatud-pet-ist-helkurvest-lastele-3-6-aastastele\/"},"modified":"2026-03-17T00:49:37","modified_gmt":"2026-03-16T21:49:37","slug":"grs-sertifikaadiga-taaskasutatud-pet-ist-helkurvest-lastele-3-6-aastastele","status":"publish","type":"product","link":"https:\/\/kruze.ee\/et\/toode\/grs-sertifikaadiga-taaskasutatud-pet-ist-helkurvest-lastele-3-6-aastastele\/","title":{"rendered":"GRS-sertifikaadiga taaskasutatud PET-ist helkurvest lastele, 3\u20136-aastastele"},"content":{"rendered":"<p>XS-suuruses helkurvest, mis on m\u00f5eldud 3\u20136-aastastele lastele, pikkusele vahemikus 90\u2013140 cm. Vestil on dekoratsiooni paigaldamise v\u00f5imalus nii esi- kui ka tagak\u00fcljel. T\u00e4iendava ohutuse ja lihtsa selgapaneku tagamiseks on \u00f5lgadel ja allosas takjakinnitused. Vastask\u00fcljel olevad elastsed ribad lisavad paindlikkust, v\u00f5imaldades vesti mugavalt kanda ka paksu jope peal. Vest on l\u00e4binud p\u00f5hjalikud testid ja vastab EN n\u00f5uetele.<\/p>\n","protected":false},"excerpt":{"rendered":"<p>XS-suuruses helkurvest, mis on m\u00f5eldud 3\u20136-aastastele lastele, pikkusele vahemikus 90\u2013140 cm. Vestil on dekoratsiooni paigaldamise v\u00f5imalus nii esi- kui ka&#8230;<\/p>\n","protected":false},"featured_media":0,"template":"","meta":[],"product_brand":[],"product_cat":[5372],"product_tag":[],"class_list":{"0":"post-1434031","1":"product","2":"type-product","3":"status-publish","5":"product_cat-helkurtooted","6":"pa_gender-uniseks","7":"pa_gender-unisex","11":"first","12":"instock","13":"purchasable","14":"product-type-simple"},"acf":[],"yoast_head":"<!-- This site is optimized with the Yoast SEO plugin v26.0 - https:\/\/yoast.com\/wordpress\/plugins\/seo\/ -->\n<title>GRS-sertifikaadiga taaskasutatud PET-ist helkurvest lastele, 3\u20136-aastastele - Kruze.ee<\/title>\n<meta name=\"robots\" content=\"index, follow, max-snippet:-1, max-image-preview:large, max-video-preview:-1\" \/>\n<link rel=\"canonical\" href=\"https:\/\/kruze.ee\/et\/toode\/grs-sertifikaadiga-taaskasutatud-pet-ist-helkurvest-lastele-3-6-aastastele\/\" \/>\n<meta property=\"og:locale\" content=\"et_EE\" \/>\n<meta property=\"og:type\" content=\"article\" \/>\n<meta property=\"og:title\" content=\"GRS-sertifikaadiga taaskasutatud PET-ist helkurvest lastele, 3\u20136-aastastele - Kruze.ee\" \/>\n<meta property=\"og:description\" content=\"XS-suuruses helkurvest, mis on m\u00f5eldud 3\u20136-aastastele lastele, pikkusele vahemikus 90\u2013140 cm. Vestil on dekoratsiooni paigaldamise v\u00f5imalus nii esi- kui ka...\" \/>\n<meta property=\"og:url\" content=\"https:\/\/kruze.ee\/et\/toode\/grs-sertifikaadiga-taaskasutatud-pet-ist-helkurvest-lastele-3-6-aastastele\/\" \/>\n<meta property=\"og:site_name\" content=\"Kruze.ee\" \/>\n<meta property=\"article:modified_time\" content=\"2026-03-16T21:49:37+00:00\" \/>\n<meta name=\"twitter:card\" content=\"summary_large_image\" \/>\n<script type=\"application\/ld+json\" class=\"yoast-schema-graph\">{\"@context\":\"https:\/\/schema.org\",\"@graph\":[{\"@type\":\"WebPage\",\"@id\":\"https:\/\/kruze.ee\/et\/toode\/grs-sertifikaadiga-taaskasutatud-pet-ist-helkurvest-lastele-3-6-aastastele\/\",\"url\":\"https:\/\/kruze.ee\/et\/toode\/grs-sertifikaadiga-taaskasutatud-pet-ist-helkurvest-lastele-3-6-aastastele\/\",\"name\":\"GRS-sertifikaadiga taaskasutatud PET-ist helkurvest lastele, 3\u20136-aastastele - Kruze.ee\",\"isPartOf\":{\"@id\":\"https:\/\/kruze.ee\/et\/#website\"},\"datePublished\":\"2026-01-12T18:50:35+00:00\",\"dateModified\":\"2026-03-16T21:49:37+00:00\",\"breadcrumb\":{\"@id\":\"https:\/\/kruze.ee\/et\/toode\/grs-sertifikaadiga-taaskasutatud-pet-ist-helkurvest-lastele-3-6-aastastele\/#breadcrumb\"},\"inLanguage\":\"et\",\"potentialAction\":[{\"@type\":\"ReadAction\",\"target\":[\"https:\/\/kruze.ee\/et\/toode\/grs-sertifikaadiga-taaskasutatud-pet-ist-helkurvest-lastele-3-6-aastastele\/\"]}]},{\"@type\":\"BreadcrumbList\",\"@id\":\"https:\/\/kruze.ee\/et\/toode\/grs-sertifikaadiga-taaskasutatud-pet-ist-helkurvest-lastele-3-6-aastastele\/#breadcrumb\",\"itemListElement\":[{\"@type\":\"ListItem\",\"position\":1,\"name\":\"Home\",\"item\":\"https:\/\/kruze.ee\/et\/\"},{\"@type\":\"ListItem\",\"position\":2,\"name\":\"Tooted\",\"item\":\"https:\/\/kruze.ee\/et\/tooted\/\"},{\"@type\":\"ListItem\",\"position\":3,\"name\":\"GRS-sertifikaadiga taaskasutatud PET-ist helkurvest lastele, 3\u20136-aastastele\"}]},{\"@type\":\"WebSite\",\"@id\":\"https:\/\/kruze.ee\/et\/#website\",\"url\":\"https:\/\/kruze.ee\/et\/\",\"name\":\"Kruze.ee\",\"description\":\"Reklaamkingitused, tr&uuml;kiga T-s&auml;rgid, fliisid, dressipluused, tekstiil, joped ja paljud teised logoga meened, &Auml;rikingitused sinu partnerile! Telli juba t&auml;na.\",\"potentialAction\":[{\"@type\":\"SearchAction\",\"target\":{\"@type\":\"EntryPoint\",\"urlTemplate\":\"https:\/\/kruze.ee\/et\/?s={search_term_string}\"},\"query-input\":{\"@type\":\"PropertyValueSpecification\",\"valueRequired\":true,\"valueName\":\"search_term_string\"}}],\"inLanguage\":\"et\"}]}<\/script>\n<!-- \/ Yoast SEO plugin. -->","yoast_head_json":{"title":"GRS-sertifikaadiga taaskasutatud PET-ist helkurvest lastele, 3\u20136-aastastele - Kruze.ee","robots":{"index":"index","follow":"follow","max-snippet":"max-snippet:-1","max-image-preview":"max-image-preview:large","max-video-preview":"max-video-preview:-1"},"canonical":"https:\/\/kruze.ee\/et\/toode\/grs-sertifikaadiga-taaskasutatud-pet-ist-helkurvest-lastele-3-6-aastastele\/","og_locale":"et_EE","og_type":"article","og_title":"GRS-sertifikaadiga taaskasutatud PET-ist helkurvest lastele, 3\u20136-aastastele - Kruze.ee","og_description":"XS-suuruses helkurvest, mis on m\u00f5eldud 3\u20136-aastastele lastele, pikkusele vahemikus 90\u2013140 cm. Vestil on dekoratsiooni paigaldamise v\u00f5imalus nii esi- kui ka...","og_url":"https:\/\/kruze.ee\/et\/toode\/grs-sertifikaadiga-taaskasutatud-pet-ist-helkurvest-lastele-3-6-aastastele\/","og_site_name":"Kruze.ee","article_modified_time":"2026-03-16T21:49:37+00:00","twitter_card":"summary_large_image","schema":{"@context":"https:\/\/schema.org","@graph":[{"@type":"WebPage","@id":"https:\/\/kruze.ee\/et\/toode\/grs-sertifikaadiga-taaskasutatud-pet-ist-helkurvest-lastele-3-6-aastastele\/","url":"https:\/\/kruze.ee\/et\/toode\/grs-sertifikaadiga-taaskasutatud-pet-ist-helkurvest-lastele-3-6-aastastele\/","name":"GRS-sertifikaadiga taaskasutatud PET-ist helkurvest lastele, 3\u20136-aastastele - Kruze.ee","isPartOf":{"@id":"https:\/\/kruze.ee\/et\/#website"},"datePublished":"2026-01-12T18:50:35+00:00","dateModified":"2026-03-16T21:49:37+00:00","breadcrumb":{"@id":"https:\/\/kruze.ee\/et\/toode\/grs-sertifikaadiga-taaskasutatud-pet-ist-helkurvest-lastele-3-6-aastastele\/#breadcrumb"},"inLanguage":"et","potentialAction":[{"@type":"ReadAction","target":["https:\/\/kruze.ee\/et\/toode\/grs-sertifikaadiga-taaskasutatud-pet-ist-helkurvest-lastele-3-6-aastastele\/"]}]},{"@type":"BreadcrumbList","@id":"https:\/\/kruze.ee\/et\/toode\/grs-sertifikaadiga-taaskasutatud-pet-ist-helkurvest-lastele-3-6-aastastele\/#breadcrumb","itemListElement":[{"@type":"ListItem","position":1,"name":"Home","item":"https:\/\/kruze.ee\/et\/"},{"@type":"ListItem","position":2,"name":"Tooted","item":"https:\/\/kruze.ee\/et\/tooted\/"},{"@type":"ListItem","position":3,"name":"GRS-sertifikaadiga taaskasutatud PET-ist helkurvest lastele, 3\u20136-aastastele"}]},{"@type":"WebSite","@id":"https:\/\/kruze.ee\/et\/#website","url":"https:\/\/kruze.ee\/et\/","name":"Kruze.ee","description":"Reklaamkingitused, tr&uuml;kiga T-s&auml;rgid, fliisid, dressipluused, tekstiil, joped ja paljud teised logoga meened, &Auml;rikingitused sinu partnerile! Telli juba t&auml;na.","potentialAction":[{"@type":"SearchAction","target":{"@type":"EntryPoint","urlTemplate":"https:\/\/kruze.ee\/et\/?s={search_term_string}"},"query-input":{"@type":"PropertyValueSpecification","valueRequired":true,"valueName":"search_term_string"}}],"inLanguage":"et"}]}},"_links":{"self":[{"href":"https:\/\/kruze.ee\/et\/wp-json\/wp\/v2\/product\/1434031","targetHints":{"allow":["GET"]}}],"collection":[{"href":"https:\/\/kruze.ee\/et\/wp-json\/wp\/v2\/product"}],"about":[{"href":"https:\/\/kruze.ee\/et\/wp-json\/wp\/v2\/types\/product"}],"wp:attachment":[{"href":"https:\/\/kruze.ee\/et\/wp-json\/wp\/v2\/media?parent=1434031"}],"wp:term":[{"taxonomy":"product_brand","embeddable":true,"href":"https:\/\/kruze.ee\/et\/wp-json\/wp\/v2\/product_brand?post=1434031"},{"taxonomy":"product_cat","embeddable":true,"href":"https:\/\/kruze.ee\/et\/wp-json\/wp\/v2\/product_cat?post=1434031"},{"taxonomy":"product_tag","embeddable":true,"href":"https:\/\/kruze.ee\/et\/wp-json\/wp\/v2\/product_tag?post=1434031"}],"curies":[{"name":"wp","href":"https:\/\/api.w.org\/{rel}","templated":true}]}}