{"id":1434027,"date":"2026-01-12T21:50:28","date_gmt":"2026-01-12T18:50:28","guid":{"rendered":"https:\/\/kruze.ee\/product\/drivegrip-rcs-recycled-plastic-universal-magnetic-car-holder\/"},"modified":"2026-03-17T00:49:35","modified_gmt":"2026-03-16T21:49:35","slug":"drivegrip-rcs-recycled-plastic-universal-magnetic-car-holder","status":"publish","type":"product","link":"https:\/\/kruze.ee\/et\/toode\/drivegrip-rcs-recycled-plastic-universal-magnetic-car-holder\/","title":{"rendered":"DriveGrip RCS recycled plastic universal magnetic car holder"},"content":{"rendered":"<p>Uuendage oma auto salongi stabiilse ja turvalise magnetilise telefonihoidikuga. See on loodud sobima k\u00f5ikidele autot\u00fc\u00fcpidele, sealhulgas uusimatele elektriautodele, ning pakub paindlikkust erinevate paigalduslahenduste jaoks. \u00dchildub magnetkinnitust toetavate telefonimudelitega. Tugev magnet tagab kindla hoidmise ka ebatasasel teel ning v\u00f5imaldab telefoni 360-kraadist p\u00f6\u00f6ramist. Valmistatud taaskasutatud TPU-st, taaskasutatud alumiiniumist ja taaskasutatud ABS-plastikust. Taaskasutatud materjali kogus: 85% toote kogukaalust. RCS-sertifikaat tagab taaskasutatud materjalide t\u00e4ielikult sertifitseeritud tarneahela. Pakendatud FSC\u00ae mix sertifikaadiga pakendisse. PVC-vaba.<\/p>\n","protected":false},"excerpt":{"rendered":"<p>Uuendage oma auto salongi stabiilse ja turvalise magnetilise telefonihoidikuga. See on loodud sobima k\u00f5ikidele autot\u00fc\u00fcpidele, sealhulgas uusimatele&#8230;<\/p>\n","protected":false},"featured_media":0,"template":"","meta":[],"product_brand":[],"product_cat":[5445],"product_tag":[],"class_list":{"0":"post-1434027","1":"product","2":"type-product","3":"status-publish","5":"product_cat-autotarvikud","6":"pa_gender-uniseks","7":"pa_gender-unisex","11":"first","12":"instock","13":"purchasable","14":"product-type-simple"},"acf":[],"yoast_head":"<!-- This site is optimized with the Yoast SEO plugin v26.0 - https:\/\/yoast.com\/wordpress\/plugins\/seo\/ -->\n<title>DriveGrip RCS recycled plastic universal magnetic car holder - Kruze.ee<\/title>\n<meta name=\"robots\" content=\"index, follow, max-snippet:-1, max-image-preview:large, max-video-preview:-1\" \/>\n<link rel=\"canonical\" href=\"https:\/\/kruze.ee\/et\/toode\/drivegrip-rcs-recycled-plastic-universal-magnetic-car-holder\/\" \/>\n<meta property=\"og:locale\" content=\"et_EE\" \/>\n<meta property=\"og:type\" content=\"article\" \/>\n<meta property=\"og:title\" content=\"DriveGrip RCS recycled plastic universal magnetic car holder - Kruze.ee\" \/>\n<meta property=\"og:description\" content=\"Uuendage oma auto salongi stabiilse ja turvalise magnetilise telefonihoidikuga. See on loodud sobima k\u00f5ikidele autot\u00fc\u00fcpidele, sealhulgas uusimatele...\" \/>\n<meta property=\"og:url\" content=\"https:\/\/kruze.ee\/et\/toode\/drivegrip-rcs-recycled-plastic-universal-magnetic-car-holder\/\" \/>\n<meta property=\"og:site_name\" content=\"Kruze.ee\" \/>\n<meta property=\"article:modified_time\" content=\"2026-03-16T21:49:35+00:00\" \/>\n<meta name=\"twitter:card\" content=\"summary_large_image\" \/>\n<script type=\"application\/ld+json\" class=\"yoast-schema-graph\">{\"@context\":\"https:\/\/schema.org\",\"@graph\":[{\"@type\":\"WebPage\",\"@id\":\"https:\/\/kruze.ee\/et\/toode\/drivegrip-rcs-recycled-plastic-universal-magnetic-car-holder\/\",\"url\":\"https:\/\/kruze.ee\/et\/toode\/drivegrip-rcs-recycled-plastic-universal-magnetic-car-holder\/\",\"name\":\"DriveGrip RCS recycled plastic universal magnetic car holder - Kruze.ee\",\"isPartOf\":{\"@id\":\"https:\/\/kruze.ee\/et\/#website\"},\"datePublished\":\"2026-01-12T18:50:28+00:00\",\"dateModified\":\"2026-03-16T21:49:35+00:00\",\"breadcrumb\":{\"@id\":\"https:\/\/kruze.ee\/et\/toode\/drivegrip-rcs-recycled-plastic-universal-magnetic-car-holder\/#breadcrumb\"},\"inLanguage\":\"et\",\"potentialAction\":[{\"@type\":\"ReadAction\",\"target\":[\"https:\/\/kruze.ee\/et\/toode\/drivegrip-rcs-recycled-plastic-universal-magnetic-car-holder\/\"]}]},{\"@type\":\"BreadcrumbList\",\"@id\":\"https:\/\/kruze.ee\/et\/toode\/drivegrip-rcs-recycled-plastic-universal-magnetic-car-holder\/#breadcrumb\",\"itemListElement\":[{\"@type\":\"ListItem\",\"position\":1,\"name\":\"Home\",\"item\":\"https:\/\/kruze.ee\/et\/\"},{\"@type\":\"ListItem\",\"position\":2,\"name\":\"Tooted\",\"item\":\"https:\/\/kruze.ee\/et\/tooted\/\"},{\"@type\":\"ListItem\",\"position\":3,\"name\":\"DriveGrip RCS recycled plastic universal magnetic car holder\"}]},{\"@type\":\"WebSite\",\"@id\":\"https:\/\/kruze.ee\/et\/#website\",\"url\":\"https:\/\/kruze.ee\/et\/\",\"name\":\"Kruze.ee\",\"description\":\"Reklaamkingitused, tr&uuml;kiga T-s&auml;rgid, fliisid, dressipluused, tekstiil, joped ja paljud teised logoga meened, &Auml;rikingitused sinu partnerile! Telli juba t&auml;na.\",\"potentialAction\":[{\"@type\":\"SearchAction\",\"target\":{\"@type\":\"EntryPoint\",\"urlTemplate\":\"https:\/\/kruze.ee\/et\/?s={search_term_string}\"},\"query-input\":{\"@type\":\"PropertyValueSpecification\",\"valueRequired\":true,\"valueName\":\"search_term_string\"}}],\"inLanguage\":\"et\"}]}<\/script>\n<!-- \/ Yoast SEO plugin. -->","yoast_head_json":{"title":"DriveGrip RCS recycled plastic universal magnetic car holder - Kruze.ee","robots":{"index":"index","follow":"follow","max-snippet":"max-snippet:-1","max-image-preview":"max-image-preview:large","max-video-preview":"max-video-preview:-1"},"canonical":"https:\/\/kruze.ee\/et\/toode\/drivegrip-rcs-recycled-plastic-universal-magnetic-car-holder\/","og_locale":"et_EE","og_type":"article","og_title":"DriveGrip RCS recycled plastic universal magnetic car holder - Kruze.ee","og_description":"Uuendage oma auto salongi stabiilse ja turvalise magnetilise telefonihoidikuga. See on loodud sobima k\u00f5ikidele autot\u00fc\u00fcpidele, sealhulgas uusimatele...","og_url":"https:\/\/kruze.ee\/et\/toode\/drivegrip-rcs-recycled-plastic-universal-magnetic-car-holder\/","og_site_name":"Kruze.ee","article_modified_time":"2026-03-16T21:49:35+00:00","twitter_card":"summary_large_image","schema":{"@context":"https:\/\/schema.org","@graph":[{"@type":"WebPage","@id":"https:\/\/kruze.ee\/et\/toode\/drivegrip-rcs-recycled-plastic-universal-magnetic-car-holder\/","url":"https:\/\/kruze.ee\/et\/toode\/drivegrip-rcs-recycled-plastic-universal-magnetic-car-holder\/","name":"DriveGrip RCS recycled plastic universal magnetic car holder - Kruze.ee","isPartOf":{"@id":"https:\/\/kruze.ee\/et\/#website"},"datePublished":"2026-01-12T18:50:28+00:00","dateModified":"2026-03-16T21:49:35+00:00","breadcrumb":{"@id":"https:\/\/kruze.ee\/et\/toode\/drivegrip-rcs-recycled-plastic-universal-magnetic-car-holder\/#breadcrumb"},"inLanguage":"et","potentialAction":[{"@type":"ReadAction","target":["https:\/\/kruze.ee\/et\/toode\/drivegrip-rcs-recycled-plastic-universal-magnetic-car-holder\/"]}]},{"@type":"BreadcrumbList","@id":"https:\/\/kruze.ee\/et\/toode\/drivegrip-rcs-recycled-plastic-universal-magnetic-car-holder\/#breadcrumb","itemListElement":[{"@type":"ListItem","position":1,"name":"Home","item":"https:\/\/kruze.ee\/et\/"},{"@type":"ListItem","position":2,"name":"Tooted","item":"https:\/\/kruze.ee\/et\/tooted\/"},{"@type":"ListItem","position":3,"name":"DriveGrip RCS recycled plastic universal magnetic car holder"}]},{"@type":"WebSite","@id":"https:\/\/kruze.ee\/et\/#website","url":"https:\/\/kruze.ee\/et\/","name":"Kruze.ee","description":"Reklaamkingitused, tr&uuml;kiga T-s&auml;rgid, fliisid, dressipluused, tekstiil, joped ja paljud teised logoga meened, &Auml;rikingitused sinu partnerile! Telli juba t&auml;na.","potentialAction":[{"@type":"SearchAction","target":{"@type":"EntryPoint","urlTemplate":"https:\/\/kruze.ee\/et\/?s={search_term_string}"},"query-input":{"@type":"PropertyValueSpecification","valueRequired":true,"valueName":"search_term_string"}}],"inLanguage":"et"}]}},"_links":{"self":[{"href":"https:\/\/kruze.ee\/et\/wp-json\/wp\/v2\/product\/1434027","targetHints":{"allow":["GET"]}}],"collection":[{"href":"https:\/\/kruze.ee\/et\/wp-json\/wp\/v2\/product"}],"about":[{"href":"https:\/\/kruze.ee\/et\/wp-json\/wp\/v2\/types\/product"}],"wp:attachment":[{"href":"https:\/\/kruze.ee\/et\/wp-json\/wp\/v2\/media?parent=1434027"}],"wp:term":[{"taxonomy":"product_brand","embeddable":true,"href":"https:\/\/kruze.ee\/et\/wp-json\/wp\/v2\/product_brand?post=1434027"},{"taxonomy":"product_cat","embeddable":true,"href":"https:\/\/kruze.ee\/et\/wp-json\/wp\/v2\/product_cat?post=1434027"},{"taxonomy":"product_tag","embeddable":true,"href":"https:\/\/kruze.ee\/et\/wp-json\/wp\/v2\/product_tag?post=1434027"}],"curies":[{"name":"wp","href":"https:\/\/api.w.org\/{rel}","templated":true}]}}