{"id":1434025,"date":"2026-01-12T21:50:24","date_gmt":"2026-01-12T18:50:24","guid":{"rendered":"https:\/\/kruze.ee\/product\/lumi-sprint-rcs-taaskasutatud-plastist-led-laetav-jooksutuli\/"},"modified":"2026-03-17T00:49:35","modified_gmt":"2026-03-16T21:49:35","slug":"lumi-sprint-rcs-taaskasutatud-plastist-led-laetav-jooksutuli","status":"publish","type":"product","link":"https:\/\/kruze.ee\/et\/toode\/lumi-sprint-rcs-taaskasutatud-plastist-led-laetav-jooksutuli\/","title":{"rendered":"Lumi Sprint RCS-taaskasutatud plastist LED-laetav jooksutuli"},"content":{"rendered":"<p>Lumi Sprint LED-laetav jooksutuli on ideaalne kaaslane turvalisteks ja kestlikeks jooksudeks pimedal ajal. Stiilse halli disainiga ning vaid 39,6 grammi kaaluv \u00fcli\u00f5huke tuli kinnitub mugavalt k\u00e4sivarrele, tagades kindla p\u00fcsivuse. See pakub v\u00f5imsat valgustust 90-luumenise COB LED-tulega ning kolme valgusre\u017eiimi: valge, punane ning vilkuv valge\/punane, tagades suurep\u00e4rase n\u00e4htavuse. Vastupidav ja veekindel konstruktsioon (IPX4) peab h\u00e4sti vastu nii vihmale kui ka higile. Korpus on valmistatud RCS-sertifikaadiga taaskasutatud ABS-plastikust. RCS (Recycled Claim Standard) on standard, mis t\u00f5endab taaskasutatud materjali sisu kogu tarneahela ulatuses. Taaskasutatud materjali kogus: 17% toote kogukaalust.<\/p>\n","protected":false},"excerpt":{"rendered":"<p>Lumi Sprint LED-laetav jooksutuli on ideaalne kaaslane turvalisteks ja kestlikeks jooksudeks pimedal ajal. Stiilse halli disainiga ning vaid 39,6 grammi kaaluv&#8230;<\/p>\n","protected":false},"featured_media":0,"template":"","meta":[],"product_brand":[],"product_cat":[5449],"product_tag":[],"class_list":{"0":"post-1434025","1":"product","2":"type-product","3":"status-publish","5":"product_cat-taskulambid","6":"pa_gender-uniseks","7":"pa_gender-unisex","11":"first","12":"instock","13":"purchasable","14":"product-type-simple"},"acf":[],"yoast_head":"<!-- This site is optimized with the Yoast SEO plugin v26.0 - https:\/\/yoast.com\/wordpress\/plugins\/seo\/ -->\n<title>Lumi Sprint RCS-taaskasutatud plastist LED-laetav jooksutuli - Kruze.ee<\/title>\n<meta name=\"robots\" content=\"index, follow, max-snippet:-1, max-image-preview:large, max-video-preview:-1\" \/>\n<link rel=\"canonical\" href=\"https:\/\/kruze.ee\/et\/toode\/lumi-sprint-rcs-taaskasutatud-plastist-led-laetav-jooksutuli\/\" \/>\n<meta property=\"og:locale\" content=\"et_EE\" \/>\n<meta property=\"og:type\" content=\"article\" \/>\n<meta property=\"og:title\" content=\"Lumi Sprint RCS-taaskasutatud plastist LED-laetav jooksutuli - Kruze.ee\" \/>\n<meta property=\"og:description\" content=\"Lumi Sprint LED-laetav jooksutuli on ideaalne kaaslane turvalisteks ja kestlikeks jooksudeks pimedal ajal. Stiilse halli disainiga ning vaid 39,6 grammi kaaluv...\" \/>\n<meta property=\"og:url\" content=\"https:\/\/kruze.ee\/et\/toode\/lumi-sprint-rcs-taaskasutatud-plastist-led-laetav-jooksutuli\/\" \/>\n<meta property=\"og:site_name\" content=\"Kruze.ee\" \/>\n<meta property=\"article:modified_time\" content=\"2026-03-16T21:49:35+00:00\" \/>\n<meta name=\"twitter:card\" content=\"summary_large_image\" \/>\n<script type=\"application\/ld+json\" class=\"yoast-schema-graph\">{\"@context\":\"https:\/\/schema.org\",\"@graph\":[{\"@type\":\"WebPage\",\"@id\":\"https:\/\/kruze.ee\/et\/toode\/lumi-sprint-rcs-taaskasutatud-plastist-led-laetav-jooksutuli\/\",\"url\":\"https:\/\/kruze.ee\/et\/toode\/lumi-sprint-rcs-taaskasutatud-plastist-led-laetav-jooksutuli\/\",\"name\":\"Lumi Sprint RCS-taaskasutatud plastist LED-laetav jooksutuli - Kruze.ee\",\"isPartOf\":{\"@id\":\"https:\/\/kruze.ee\/et\/#website\"},\"datePublished\":\"2026-01-12T18:50:24+00:00\",\"dateModified\":\"2026-03-16T21:49:35+00:00\",\"breadcrumb\":{\"@id\":\"https:\/\/kruze.ee\/et\/toode\/lumi-sprint-rcs-taaskasutatud-plastist-led-laetav-jooksutuli\/#breadcrumb\"},\"inLanguage\":\"et\",\"potentialAction\":[{\"@type\":\"ReadAction\",\"target\":[\"https:\/\/kruze.ee\/et\/toode\/lumi-sprint-rcs-taaskasutatud-plastist-led-laetav-jooksutuli\/\"]}]},{\"@type\":\"BreadcrumbList\",\"@id\":\"https:\/\/kruze.ee\/et\/toode\/lumi-sprint-rcs-taaskasutatud-plastist-led-laetav-jooksutuli\/#breadcrumb\",\"itemListElement\":[{\"@type\":\"ListItem\",\"position\":1,\"name\":\"Home\",\"item\":\"https:\/\/kruze.ee\/et\/\"},{\"@type\":\"ListItem\",\"position\":2,\"name\":\"Tooted\",\"item\":\"https:\/\/kruze.ee\/et\/tooted\/\"},{\"@type\":\"ListItem\",\"position\":3,\"name\":\"Lumi Sprint RCS-taaskasutatud plastist LED-laetav jooksutuli\"}]},{\"@type\":\"WebSite\",\"@id\":\"https:\/\/kruze.ee\/et\/#website\",\"url\":\"https:\/\/kruze.ee\/et\/\",\"name\":\"Kruze.ee\",\"description\":\"Reklaamkingitused, tr&uuml;kiga T-s&auml;rgid, fliisid, dressipluused, tekstiil, joped ja paljud teised logoga meened, &Auml;rikingitused sinu partnerile! Telli juba t&auml;na.\",\"potentialAction\":[{\"@type\":\"SearchAction\",\"target\":{\"@type\":\"EntryPoint\",\"urlTemplate\":\"https:\/\/kruze.ee\/et\/?s={search_term_string}\"},\"query-input\":{\"@type\":\"PropertyValueSpecification\",\"valueRequired\":true,\"valueName\":\"search_term_string\"}}],\"inLanguage\":\"et\"}]}<\/script>\n<!-- \/ Yoast SEO plugin. -->","yoast_head_json":{"title":"Lumi Sprint RCS-taaskasutatud plastist LED-laetav jooksutuli - Kruze.ee","robots":{"index":"index","follow":"follow","max-snippet":"max-snippet:-1","max-image-preview":"max-image-preview:large","max-video-preview":"max-video-preview:-1"},"canonical":"https:\/\/kruze.ee\/et\/toode\/lumi-sprint-rcs-taaskasutatud-plastist-led-laetav-jooksutuli\/","og_locale":"et_EE","og_type":"article","og_title":"Lumi Sprint RCS-taaskasutatud plastist LED-laetav jooksutuli - Kruze.ee","og_description":"Lumi Sprint LED-laetav jooksutuli on ideaalne kaaslane turvalisteks ja kestlikeks jooksudeks pimedal ajal. Stiilse halli disainiga ning vaid 39,6 grammi kaaluv...","og_url":"https:\/\/kruze.ee\/et\/toode\/lumi-sprint-rcs-taaskasutatud-plastist-led-laetav-jooksutuli\/","og_site_name":"Kruze.ee","article_modified_time":"2026-03-16T21:49:35+00:00","twitter_card":"summary_large_image","schema":{"@context":"https:\/\/schema.org","@graph":[{"@type":"WebPage","@id":"https:\/\/kruze.ee\/et\/toode\/lumi-sprint-rcs-taaskasutatud-plastist-led-laetav-jooksutuli\/","url":"https:\/\/kruze.ee\/et\/toode\/lumi-sprint-rcs-taaskasutatud-plastist-led-laetav-jooksutuli\/","name":"Lumi Sprint RCS-taaskasutatud plastist LED-laetav jooksutuli - Kruze.ee","isPartOf":{"@id":"https:\/\/kruze.ee\/et\/#website"},"datePublished":"2026-01-12T18:50:24+00:00","dateModified":"2026-03-16T21:49:35+00:00","breadcrumb":{"@id":"https:\/\/kruze.ee\/et\/toode\/lumi-sprint-rcs-taaskasutatud-plastist-led-laetav-jooksutuli\/#breadcrumb"},"inLanguage":"et","potentialAction":[{"@type":"ReadAction","target":["https:\/\/kruze.ee\/et\/toode\/lumi-sprint-rcs-taaskasutatud-plastist-led-laetav-jooksutuli\/"]}]},{"@type":"BreadcrumbList","@id":"https:\/\/kruze.ee\/et\/toode\/lumi-sprint-rcs-taaskasutatud-plastist-led-laetav-jooksutuli\/#breadcrumb","itemListElement":[{"@type":"ListItem","position":1,"name":"Home","item":"https:\/\/kruze.ee\/et\/"},{"@type":"ListItem","position":2,"name":"Tooted","item":"https:\/\/kruze.ee\/et\/tooted\/"},{"@type":"ListItem","position":3,"name":"Lumi Sprint RCS-taaskasutatud plastist LED-laetav jooksutuli"}]},{"@type":"WebSite","@id":"https:\/\/kruze.ee\/et\/#website","url":"https:\/\/kruze.ee\/et\/","name":"Kruze.ee","description":"Reklaamkingitused, tr&uuml;kiga T-s&auml;rgid, fliisid, dressipluused, tekstiil, joped ja paljud teised logoga meened, &Auml;rikingitused sinu partnerile! Telli juba t&auml;na.","potentialAction":[{"@type":"SearchAction","target":{"@type":"EntryPoint","urlTemplate":"https:\/\/kruze.ee\/et\/?s={search_term_string}"},"query-input":{"@type":"PropertyValueSpecification","valueRequired":true,"valueName":"search_term_string"}}],"inLanguage":"et"}]}},"_links":{"self":[{"href":"https:\/\/kruze.ee\/et\/wp-json\/wp\/v2\/product\/1434025","targetHints":{"allow":["GET"]}}],"collection":[{"href":"https:\/\/kruze.ee\/et\/wp-json\/wp\/v2\/product"}],"about":[{"href":"https:\/\/kruze.ee\/et\/wp-json\/wp\/v2\/types\/product"}],"wp:attachment":[{"href":"https:\/\/kruze.ee\/et\/wp-json\/wp\/v2\/media?parent=1434025"}],"wp:term":[{"taxonomy":"product_brand","embeddable":true,"href":"https:\/\/kruze.ee\/et\/wp-json\/wp\/v2\/product_brand?post=1434025"},{"taxonomy":"product_cat","embeddable":true,"href":"https:\/\/kruze.ee\/et\/wp-json\/wp\/v2\/product_cat?post=1434025"},{"taxonomy":"product_tag","embeddable":true,"href":"https:\/\/kruze.ee\/et\/wp-json\/wp\/v2\/product_tag?post=1434025"}],"curies":[{"name":"wp","href":"https:\/\/api.w.org\/{rel}","templated":true}]}}