{"id":1434009,"date":"2026-01-12T21:49:52","date_gmt":"2026-01-12T18:49:52","guid":{"rendered":"https:\/\/kruze.ee\/product\/keskmise-suurusega-magnetiga-lood\/"},"modified":"2026-03-17T00:49:30","modified_gmt":"2026-03-16T21:49:30","slug":"keskmise-suurusega-magnetiga-lood","status":"publish","type":"product","link":"https:\/\/kruze.ee\/et\/toode\/keskmise-suurusega-magnetiga-lood\/","title":{"rendered":"Keskmise suurusega magnetiga lood"},"content":{"rendered":"<p>T\u00f6\u00f6tage t\u00e4pselt ja saavutage ideaalne tulemus selle 12 cm alumiiniumist joonlauaga. Joonlaud on varustatud magnetilise alusega, mis v\u00f5imaldab selle kinnitada metallpindadele, ning p\u00f5rutust summutavate kummist otsakorkidega. Kaks integreeritud loodi mullnuppu v\u00f5imaldavad kasutamist nii horisontaal- kui ka vertikaalsuunas. Komplektis on karabiin. T\u00e4psus 0,5 mm.<\/p>\n","protected":false},"excerpt":{"rendered":"<p>T\u00f6\u00f6tage t\u00e4pselt ja saavutage ideaalne tulemus selle 12 cm alumiiniumist joonlauaga. Joonlaud on varustatud magnetilise alusega, mis v\u00f5imaldab selle kinnitada&#8230;<\/p>\n","protected":false},"featured_media":0,"template":"","meta":[],"product_brand":[],"product_cat":[5448],"product_tag":[],"class_list":{"0":"post-1434009","1":"product","2":"type-product","3":"status-publish","5":"product_cat-tooriistakomplektid","6":"pa_gender-uniseks","7":"pa_gender-unisex","11":"first","12":"instock","13":"purchasable","14":"product-type-simple"},"acf":[],"yoast_head":"<!-- This site is optimized with the Yoast SEO plugin v26.0 - https:\/\/yoast.com\/wordpress\/plugins\/seo\/ -->\n<title>Keskmise suurusega magnetiga lood - Kruze.ee<\/title>\n<meta name=\"robots\" content=\"index, follow, max-snippet:-1, max-image-preview:large, max-video-preview:-1\" \/>\n<link rel=\"canonical\" href=\"https:\/\/kruze.ee\/et\/toode\/keskmise-suurusega-magnetiga-lood\/\" \/>\n<meta property=\"og:locale\" content=\"et_EE\" \/>\n<meta property=\"og:type\" content=\"article\" \/>\n<meta property=\"og:title\" content=\"Keskmise suurusega magnetiga lood - Kruze.ee\" \/>\n<meta property=\"og:description\" content=\"T\u00f6\u00f6tage t\u00e4pselt ja saavutage ideaalne tulemus selle 12 cm alumiiniumist joonlauaga. Joonlaud on varustatud magnetilise alusega, mis v\u00f5imaldab selle kinnitada...\" \/>\n<meta property=\"og:url\" content=\"https:\/\/kruze.ee\/et\/toode\/keskmise-suurusega-magnetiga-lood\/\" \/>\n<meta property=\"og:site_name\" content=\"Kruze.ee\" \/>\n<meta property=\"article:modified_time\" content=\"2026-03-16T21:49:30+00:00\" \/>\n<meta name=\"twitter:card\" content=\"summary_large_image\" \/>\n<script type=\"application\/ld+json\" class=\"yoast-schema-graph\">{\"@context\":\"https:\/\/schema.org\",\"@graph\":[{\"@type\":\"WebPage\",\"@id\":\"https:\/\/kruze.ee\/et\/toode\/keskmise-suurusega-magnetiga-lood\/\",\"url\":\"https:\/\/kruze.ee\/et\/toode\/keskmise-suurusega-magnetiga-lood\/\",\"name\":\"Keskmise suurusega magnetiga lood - Kruze.ee\",\"isPartOf\":{\"@id\":\"https:\/\/kruze.ee\/et\/#website\"},\"datePublished\":\"2026-01-12T18:49:52+00:00\",\"dateModified\":\"2026-03-16T21:49:30+00:00\",\"breadcrumb\":{\"@id\":\"https:\/\/kruze.ee\/et\/toode\/keskmise-suurusega-magnetiga-lood\/#breadcrumb\"},\"inLanguage\":\"et\",\"potentialAction\":[{\"@type\":\"ReadAction\",\"target\":[\"https:\/\/kruze.ee\/et\/toode\/keskmise-suurusega-magnetiga-lood\/\"]}]},{\"@type\":\"BreadcrumbList\",\"@id\":\"https:\/\/kruze.ee\/et\/toode\/keskmise-suurusega-magnetiga-lood\/#breadcrumb\",\"itemListElement\":[{\"@type\":\"ListItem\",\"position\":1,\"name\":\"Home\",\"item\":\"https:\/\/kruze.ee\/et\/\"},{\"@type\":\"ListItem\",\"position\":2,\"name\":\"Tooted\",\"item\":\"https:\/\/kruze.ee\/et\/tooted\/\"},{\"@type\":\"ListItem\",\"position\":3,\"name\":\"Keskmise suurusega magnetiga lood\"}]},{\"@type\":\"WebSite\",\"@id\":\"https:\/\/kruze.ee\/et\/#website\",\"url\":\"https:\/\/kruze.ee\/et\/\",\"name\":\"Kruze.ee\",\"description\":\"Reklaamkingitused, tr&uuml;kiga T-s&auml;rgid, fliisid, dressipluused, tekstiil, joped ja paljud teised logoga meened, &Auml;rikingitused sinu partnerile! Telli juba t&auml;na.\",\"potentialAction\":[{\"@type\":\"SearchAction\",\"target\":{\"@type\":\"EntryPoint\",\"urlTemplate\":\"https:\/\/kruze.ee\/et\/?s={search_term_string}\"},\"query-input\":{\"@type\":\"PropertyValueSpecification\",\"valueRequired\":true,\"valueName\":\"search_term_string\"}}],\"inLanguage\":\"et\"}]}<\/script>\n<!-- \/ Yoast SEO plugin. -->","yoast_head_json":{"title":"Keskmise suurusega magnetiga lood - Kruze.ee","robots":{"index":"index","follow":"follow","max-snippet":"max-snippet:-1","max-image-preview":"max-image-preview:large","max-video-preview":"max-video-preview:-1"},"canonical":"https:\/\/kruze.ee\/et\/toode\/keskmise-suurusega-magnetiga-lood\/","og_locale":"et_EE","og_type":"article","og_title":"Keskmise suurusega magnetiga lood - Kruze.ee","og_description":"T\u00f6\u00f6tage t\u00e4pselt ja saavutage ideaalne tulemus selle 12 cm alumiiniumist joonlauaga. Joonlaud on varustatud magnetilise alusega, mis v\u00f5imaldab selle kinnitada...","og_url":"https:\/\/kruze.ee\/et\/toode\/keskmise-suurusega-magnetiga-lood\/","og_site_name":"Kruze.ee","article_modified_time":"2026-03-16T21:49:30+00:00","twitter_card":"summary_large_image","schema":{"@context":"https:\/\/schema.org","@graph":[{"@type":"WebPage","@id":"https:\/\/kruze.ee\/et\/toode\/keskmise-suurusega-magnetiga-lood\/","url":"https:\/\/kruze.ee\/et\/toode\/keskmise-suurusega-magnetiga-lood\/","name":"Keskmise suurusega magnetiga lood - Kruze.ee","isPartOf":{"@id":"https:\/\/kruze.ee\/et\/#website"},"datePublished":"2026-01-12T18:49:52+00:00","dateModified":"2026-03-16T21:49:30+00:00","breadcrumb":{"@id":"https:\/\/kruze.ee\/et\/toode\/keskmise-suurusega-magnetiga-lood\/#breadcrumb"},"inLanguage":"et","potentialAction":[{"@type":"ReadAction","target":["https:\/\/kruze.ee\/et\/toode\/keskmise-suurusega-magnetiga-lood\/"]}]},{"@type":"BreadcrumbList","@id":"https:\/\/kruze.ee\/et\/toode\/keskmise-suurusega-magnetiga-lood\/#breadcrumb","itemListElement":[{"@type":"ListItem","position":1,"name":"Home","item":"https:\/\/kruze.ee\/et\/"},{"@type":"ListItem","position":2,"name":"Tooted","item":"https:\/\/kruze.ee\/et\/tooted\/"},{"@type":"ListItem","position":3,"name":"Keskmise suurusega magnetiga lood"}]},{"@type":"WebSite","@id":"https:\/\/kruze.ee\/et\/#website","url":"https:\/\/kruze.ee\/et\/","name":"Kruze.ee","description":"Reklaamkingitused, tr&uuml;kiga T-s&auml;rgid, fliisid, dressipluused, tekstiil, joped ja paljud teised logoga meened, &Auml;rikingitused sinu partnerile! Telli juba t&auml;na.","potentialAction":[{"@type":"SearchAction","target":{"@type":"EntryPoint","urlTemplate":"https:\/\/kruze.ee\/et\/?s={search_term_string}"},"query-input":{"@type":"PropertyValueSpecification","valueRequired":true,"valueName":"search_term_string"}}],"inLanguage":"et"}]}},"_links":{"self":[{"href":"https:\/\/kruze.ee\/et\/wp-json\/wp\/v2\/product\/1434009","targetHints":{"allow":["GET"]}}],"collection":[{"href":"https:\/\/kruze.ee\/et\/wp-json\/wp\/v2\/product"}],"about":[{"href":"https:\/\/kruze.ee\/et\/wp-json\/wp\/v2\/types\/product"}],"wp:attachment":[{"href":"https:\/\/kruze.ee\/et\/wp-json\/wp\/v2\/media?parent=1434009"}],"wp:term":[{"taxonomy":"product_brand","embeddable":true,"href":"https:\/\/kruze.ee\/et\/wp-json\/wp\/v2\/product_brand?post=1434009"},{"taxonomy":"product_cat","embeddable":true,"href":"https:\/\/kruze.ee\/et\/wp-json\/wp\/v2\/product_cat?post=1434009"},{"taxonomy":"product_tag","embeddable":true,"href":"https:\/\/kruze.ee\/et\/wp-json\/wp\/v2\/product_tag?post=1434009"}],"curies":[{"name":"wp","href":"https:\/\/api.w.org\/{rel}","templated":true}]}}