{"id":1433999,"date":"2026-01-12T21:49:37","date_gmt":"2026-01-12T18:49:37","guid":{"rendered":"https:\/\/kruze.ee\/product\/gear-x-31-uhes-tappisotsikute-komplekt\/"},"modified":"2026-03-17T00:49:28","modified_gmt":"2026-03-16T21:49:28","slug":"gear-x-31-uhes-tappisotsikute-komplekt","status":"publish","type":"product","link":"https:\/\/kruze.ee\/et\/toode\/gear-x-31-uhes-tappisotsikute-komplekt\/","title":{"rendered":"Gear X 31-\u00fches t\u00e4ppisotsikute komplekt"},"content":{"rendered":"<p>\u00dclimalt kvaliteetne ja t\u00e4pne otsikute komplekt sisaldab k\u00f5iki vajalikke osi mobiiltelefonide, tahvelarvutite, arvutite ja muude seadmete parandamiseks. Enamiku elektroonikaseadmete eluiga saab lihtsa remondiga m\u00e4rgatavalt pikendada \u2013 sageli leiab vastavad juhendid ka veebist. Komplektis on 31 osa, mis on pakitud luksuslikku alumiiniumist karpi. Komplekt sisaldab ka kruvikeeraja k\u00e4epidet. Otsikud: T5H, T6H, T8H, T10H, T15H, SL1.5, SL2.0, SL3.0, SL4.0, PH000, PH00, PH0, PH1, PH2, H1.5, H2.0, H3.0, H4.0, T2, T3, T4, Y0.6, Y1, Y2.5, P2, P5.<\/p>\n","protected":false},"excerpt":{"rendered":"<p>\u00dclimalt kvaliteetne ja t\u00e4pne otsikute komplekt sisaldab k\u00f5iki vajalikke osi mobiiltelefonide, tahvelarvutite, arvutite ja muude seadmete parandamiseks. Enamiku&#8230;<\/p>\n","protected":false},"featured_media":0,"template":"","meta":[],"product_brand":[],"product_cat":[5448],"product_tag":[],"class_list":{"0":"post-1433999","1":"product","2":"type-product","3":"status-publish","5":"product_cat-tooriistakomplektid","6":"pa_gender-uniseks","7":"pa_gender-unisex","11":"first","12":"instock","13":"purchasable","14":"product-type-simple"},"acf":[],"yoast_head":"<!-- This site is optimized with the Yoast SEO plugin v26.0 - https:\/\/yoast.com\/wordpress\/plugins\/seo\/ -->\n<title>Gear X 31-\u00fches t\u00e4ppisotsikute komplekt - Kruze.ee<\/title>\n<meta name=\"robots\" content=\"index, follow, max-snippet:-1, max-image-preview:large, max-video-preview:-1\" \/>\n<link rel=\"canonical\" href=\"https:\/\/kruze.ee\/et\/toode\/gear-x-31-uhes-tappisotsikute-komplekt\/\" \/>\n<meta property=\"og:locale\" content=\"et_EE\" \/>\n<meta property=\"og:type\" content=\"article\" \/>\n<meta property=\"og:title\" content=\"Gear X 31-\u00fches t\u00e4ppisotsikute komplekt - Kruze.ee\" \/>\n<meta property=\"og:description\" content=\"\u00dclimalt kvaliteetne ja t\u00e4pne otsikute komplekt sisaldab k\u00f5iki vajalikke osi mobiiltelefonide, tahvelarvutite, arvutite ja muude seadmete parandamiseks. Enamiku...\" \/>\n<meta property=\"og:url\" content=\"https:\/\/kruze.ee\/et\/toode\/gear-x-31-uhes-tappisotsikute-komplekt\/\" \/>\n<meta property=\"og:site_name\" content=\"Kruze.ee\" \/>\n<meta property=\"article:modified_time\" content=\"2026-03-16T21:49:28+00:00\" \/>\n<meta name=\"twitter:card\" content=\"summary_large_image\" \/>\n<script type=\"application\/ld+json\" class=\"yoast-schema-graph\">{\"@context\":\"https:\/\/schema.org\",\"@graph\":[{\"@type\":\"WebPage\",\"@id\":\"https:\/\/kruze.ee\/et\/toode\/gear-x-31-uhes-tappisotsikute-komplekt\/\",\"url\":\"https:\/\/kruze.ee\/et\/toode\/gear-x-31-uhes-tappisotsikute-komplekt\/\",\"name\":\"Gear X 31-\u00fches t\u00e4ppisotsikute komplekt - Kruze.ee\",\"isPartOf\":{\"@id\":\"https:\/\/kruze.ee\/et\/#website\"},\"datePublished\":\"2026-01-12T18:49:37+00:00\",\"dateModified\":\"2026-03-16T21:49:28+00:00\",\"breadcrumb\":{\"@id\":\"https:\/\/kruze.ee\/et\/toode\/gear-x-31-uhes-tappisotsikute-komplekt\/#breadcrumb\"},\"inLanguage\":\"et\",\"potentialAction\":[{\"@type\":\"ReadAction\",\"target\":[\"https:\/\/kruze.ee\/et\/toode\/gear-x-31-uhes-tappisotsikute-komplekt\/\"]}]},{\"@type\":\"BreadcrumbList\",\"@id\":\"https:\/\/kruze.ee\/et\/toode\/gear-x-31-uhes-tappisotsikute-komplekt\/#breadcrumb\",\"itemListElement\":[{\"@type\":\"ListItem\",\"position\":1,\"name\":\"Home\",\"item\":\"https:\/\/kruze.ee\/et\/\"},{\"@type\":\"ListItem\",\"position\":2,\"name\":\"Tooted\",\"item\":\"https:\/\/kruze.ee\/et\/tooted\/\"},{\"@type\":\"ListItem\",\"position\":3,\"name\":\"Gear X 31-\u00fches t\u00e4ppisotsikute komplekt\"}]},{\"@type\":\"WebSite\",\"@id\":\"https:\/\/kruze.ee\/et\/#website\",\"url\":\"https:\/\/kruze.ee\/et\/\",\"name\":\"Kruze.ee\",\"description\":\"Reklaamkingitused, tr&uuml;kiga T-s&auml;rgid, fliisid, dressipluused, tekstiil, joped ja paljud teised logoga meened, &Auml;rikingitused sinu partnerile! Telli juba t&auml;na.\",\"potentialAction\":[{\"@type\":\"SearchAction\",\"target\":{\"@type\":\"EntryPoint\",\"urlTemplate\":\"https:\/\/kruze.ee\/et\/?s={search_term_string}\"},\"query-input\":{\"@type\":\"PropertyValueSpecification\",\"valueRequired\":true,\"valueName\":\"search_term_string\"}}],\"inLanguage\":\"et\"}]}<\/script>\n<!-- \/ Yoast SEO plugin. -->","yoast_head_json":{"title":"Gear X 31-\u00fches t\u00e4ppisotsikute komplekt - Kruze.ee","robots":{"index":"index","follow":"follow","max-snippet":"max-snippet:-1","max-image-preview":"max-image-preview:large","max-video-preview":"max-video-preview:-1"},"canonical":"https:\/\/kruze.ee\/et\/toode\/gear-x-31-uhes-tappisotsikute-komplekt\/","og_locale":"et_EE","og_type":"article","og_title":"Gear X 31-\u00fches t\u00e4ppisotsikute komplekt - Kruze.ee","og_description":"\u00dclimalt kvaliteetne ja t\u00e4pne otsikute komplekt sisaldab k\u00f5iki vajalikke osi mobiiltelefonide, tahvelarvutite, arvutite ja muude seadmete parandamiseks. Enamiku...","og_url":"https:\/\/kruze.ee\/et\/toode\/gear-x-31-uhes-tappisotsikute-komplekt\/","og_site_name":"Kruze.ee","article_modified_time":"2026-03-16T21:49:28+00:00","twitter_card":"summary_large_image","schema":{"@context":"https:\/\/schema.org","@graph":[{"@type":"WebPage","@id":"https:\/\/kruze.ee\/et\/toode\/gear-x-31-uhes-tappisotsikute-komplekt\/","url":"https:\/\/kruze.ee\/et\/toode\/gear-x-31-uhes-tappisotsikute-komplekt\/","name":"Gear X 31-\u00fches t\u00e4ppisotsikute komplekt - Kruze.ee","isPartOf":{"@id":"https:\/\/kruze.ee\/et\/#website"},"datePublished":"2026-01-12T18:49:37+00:00","dateModified":"2026-03-16T21:49:28+00:00","breadcrumb":{"@id":"https:\/\/kruze.ee\/et\/toode\/gear-x-31-uhes-tappisotsikute-komplekt\/#breadcrumb"},"inLanguage":"et","potentialAction":[{"@type":"ReadAction","target":["https:\/\/kruze.ee\/et\/toode\/gear-x-31-uhes-tappisotsikute-komplekt\/"]}]},{"@type":"BreadcrumbList","@id":"https:\/\/kruze.ee\/et\/toode\/gear-x-31-uhes-tappisotsikute-komplekt\/#breadcrumb","itemListElement":[{"@type":"ListItem","position":1,"name":"Home","item":"https:\/\/kruze.ee\/et\/"},{"@type":"ListItem","position":2,"name":"Tooted","item":"https:\/\/kruze.ee\/et\/tooted\/"},{"@type":"ListItem","position":3,"name":"Gear X 31-\u00fches t\u00e4ppisotsikute komplekt"}]},{"@type":"WebSite","@id":"https:\/\/kruze.ee\/et\/#website","url":"https:\/\/kruze.ee\/et\/","name":"Kruze.ee","description":"Reklaamkingitused, tr&uuml;kiga T-s&auml;rgid, fliisid, dressipluused, tekstiil, joped ja paljud teised logoga meened, &Auml;rikingitused sinu partnerile! Telli juba t&auml;na.","potentialAction":[{"@type":"SearchAction","target":{"@type":"EntryPoint","urlTemplate":"https:\/\/kruze.ee\/et\/?s={search_term_string}"},"query-input":{"@type":"PropertyValueSpecification","valueRequired":true,"valueName":"search_term_string"}}],"inLanguage":"et"}]}},"_links":{"self":[{"href":"https:\/\/kruze.ee\/et\/wp-json\/wp\/v2\/product\/1433999","targetHints":{"allow":["GET"]}}],"collection":[{"href":"https:\/\/kruze.ee\/et\/wp-json\/wp\/v2\/product"}],"about":[{"href":"https:\/\/kruze.ee\/et\/wp-json\/wp\/v2\/types\/product"}],"wp:attachment":[{"href":"https:\/\/kruze.ee\/et\/wp-json\/wp\/v2\/media?parent=1433999"}],"wp:term":[{"taxonomy":"product_brand","embeddable":true,"href":"https:\/\/kruze.ee\/et\/wp-json\/wp\/v2\/product_brand?post=1433999"},{"taxonomy":"product_cat","embeddable":true,"href":"https:\/\/kruze.ee\/et\/wp-json\/wp\/v2\/product_cat?post=1433999"},{"taxonomy":"product_tag","embeddable":true,"href":"https:\/\/kruze.ee\/et\/wp-json\/wp\/v2\/product_tag?post=1433999"}],"curies":[{"name":"wp","href":"https:\/\/api.w.org\/{rel}","templated":true}]}}