{"id":1433981,"date":"2026-01-12T21:49:03","date_gmt":"2026-01-12T18:49:03","guid":{"rendered":"https:\/\/kruze.ee\/product\/gear-x-kokkupandav-edc-tooriist-karabiini-ja-pakiloikuriga\/"},"modified":"2026-03-17T00:49:22","modified_gmt":"2026-03-16T21:49:22","slug":"gear-x-kokkupandav-edc-tooriist-karabiini-ja-pakiloikuriga","status":"publish","type":"product","link":"https:\/\/kruze.ee\/et\/toode\/gear-x-kokkupandav-edc-tooriist-karabiini-ja-pakiloikuriga\/","title":{"rendered":"Gear X kokkupandav EDC-t\u00f6\u00f6riist karabiini ja pakil\u00f5ikuriga"},"content":{"rendered":"<p>Gear X Foldable EDC Tool \u00fchendab erakordse meisterlikkuse ja mitmek\u00fclgsuse kompaktses disainis, olles ideaalne igap\u00e4evane kaasaskantav t\u00f6\u00f6riist. Vastupidavast 420 roostevabast terasest valmistatud kvaliteetne t\u00f6\u00f6riist pakub 11 olulist funktsiooni, sealhulgas mutriv\u00f5tmeid M5, M4, M3.5, M2.5, M2 ja M1.6, lamekruvikeerajat, ristkruvikeerajat, pakil\u00f5ikurit (pakkide ja karpide ohutuks avamiseks), pudeliavajat ning konksu. Kokkupanduna on t\u00f6\u00f6riista pikkus vaid 9,1 cm.<\/p>\n","protected":false},"excerpt":{"rendered":"<p>Gear X Foldable EDC Tool \u00fchendab erakordse meisterlikkuse ja mitmek\u00fclgsuse kompaktses disainis, olles ideaalne igap\u00e4evane kaasaskantav t\u00f6\u00f6riist. Vastupidavast&#8230;<\/p>\n","protected":false},"featured_media":0,"template":"","meta":[],"product_brand":[],"product_cat":[5448],"product_tag":[],"class_list":{"0":"post-1433981","1":"product","2":"type-product","3":"status-publish","5":"product_cat-tooriistakomplektid","6":"pa_gender-uniseks","7":"pa_gender-unisex","11":"first","12":"instock","13":"purchasable","14":"product-type-simple"},"acf":[],"yoast_head":"<!-- This site is optimized with the Yoast SEO plugin v26.0 - https:\/\/yoast.com\/wordpress\/plugins\/seo\/ -->\n<title>Gear X kokkupandav EDC-t\u00f6\u00f6riist karabiini ja pakil\u00f5ikuriga - Kruze.ee<\/title>\n<meta name=\"robots\" content=\"index, follow, max-snippet:-1, max-image-preview:large, max-video-preview:-1\" \/>\n<link rel=\"canonical\" href=\"https:\/\/kruze.ee\/et\/toode\/gear-x-kokkupandav-edc-tooriist-karabiini-ja-pakiloikuriga\/\" \/>\n<meta property=\"og:locale\" content=\"et_EE\" \/>\n<meta property=\"og:type\" content=\"article\" \/>\n<meta property=\"og:title\" content=\"Gear X kokkupandav EDC-t\u00f6\u00f6riist karabiini ja pakil\u00f5ikuriga - Kruze.ee\" \/>\n<meta property=\"og:description\" content=\"Gear X Foldable EDC Tool \u00fchendab erakordse meisterlikkuse ja mitmek\u00fclgsuse kompaktses disainis, olles ideaalne igap\u00e4evane kaasaskantav t\u00f6\u00f6riist. Vastupidavast...\" \/>\n<meta property=\"og:url\" content=\"https:\/\/kruze.ee\/et\/toode\/gear-x-kokkupandav-edc-tooriist-karabiini-ja-pakiloikuriga\/\" \/>\n<meta property=\"og:site_name\" content=\"Kruze.ee\" \/>\n<meta property=\"article:modified_time\" content=\"2026-03-16T21:49:22+00:00\" \/>\n<meta name=\"twitter:card\" content=\"summary_large_image\" \/>\n<script type=\"application\/ld+json\" class=\"yoast-schema-graph\">{\"@context\":\"https:\/\/schema.org\",\"@graph\":[{\"@type\":\"WebPage\",\"@id\":\"https:\/\/kruze.ee\/et\/toode\/gear-x-kokkupandav-edc-tooriist-karabiini-ja-pakiloikuriga\/\",\"url\":\"https:\/\/kruze.ee\/et\/toode\/gear-x-kokkupandav-edc-tooriist-karabiini-ja-pakiloikuriga\/\",\"name\":\"Gear X kokkupandav EDC-t\u00f6\u00f6riist karabiini ja pakil\u00f5ikuriga - Kruze.ee\",\"isPartOf\":{\"@id\":\"https:\/\/kruze.ee\/et\/#website\"},\"datePublished\":\"2026-01-12T18:49:03+00:00\",\"dateModified\":\"2026-03-16T21:49:22+00:00\",\"breadcrumb\":{\"@id\":\"https:\/\/kruze.ee\/et\/toode\/gear-x-kokkupandav-edc-tooriist-karabiini-ja-pakiloikuriga\/#breadcrumb\"},\"inLanguage\":\"et\",\"potentialAction\":[{\"@type\":\"ReadAction\",\"target\":[\"https:\/\/kruze.ee\/et\/toode\/gear-x-kokkupandav-edc-tooriist-karabiini-ja-pakiloikuriga\/\"]}]},{\"@type\":\"BreadcrumbList\",\"@id\":\"https:\/\/kruze.ee\/et\/toode\/gear-x-kokkupandav-edc-tooriist-karabiini-ja-pakiloikuriga\/#breadcrumb\",\"itemListElement\":[{\"@type\":\"ListItem\",\"position\":1,\"name\":\"Home\",\"item\":\"https:\/\/kruze.ee\/et\/\"},{\"@type\":\"ListItem\",\"position\":2,\"name\":\"Tooted\",\"item\":\"https:\/\/kruze.ee\/et\/tooted\/\"},{\"@type\":\"ListItem\",\"position\":3,\"name\":\"Gear X kokkupandav EDC-t\u00f6\u00f6riist karabiini ja pakil\u00f5ikuriga\"}]},{\"@type\":\"WebSite\",\"@id\":\"https:\/\/kruze.ee\/et\/#website\",\"url\":\"https:\/\/kruze.ee\/et\/\",\"name\":\"Kruze.ee\",\"description\":\"Reklaamkingitused, tr&uuml;kiga T-s&auml;rgid, fliisid, dressipluused, tekstiil, joped ja paljud teised logoga meened, &Auml;rikingitused sinu partnerile! Telli juba t&auml;na.\",\"potentialAction\":[{\"@type\":\"SearchAction\",\"target\":{\"@type\":\"EntryPoint\",\"urlTemplate\":\"https:\/\/kruze.ee\/et\/?s={search_term_string}\"},\"query-input\":{\"@type\":\"PropertyValueSpecification\",\"valueRequired\":true,\"valueName\":\"search_term_string\"}}],\"inLanguage\":\"et\"}]}<\/script>\n<!-- \/ Yoast SEO plugin. -->","yoast_head_json":{"title":"Gear X kokkupandav EDC-t\u00f6\u00f6riist karabiini ja pakil\u00f5ikuriga - Kruze.ee","robots":{"index":"index","follow":"follow","max-snippet":"max-snippet:-1","max-image-preview":"max-image-preview:large","max-video-preview":"max-video-preview:-1"},"canonical":"https:\/\/kruze.ee\/et\/toode\/gear-x-kokkupandav-edc-tooriist-karabiini-ja-pakiloikuriga\/","og_locale":"et_EE","og_type":"article","og_title":"Gear X kokkupandav EDC-t\u00f6\u00f6riist karabiini ja pakil\u00f5ikuriga - Kruze.ee","og_description":"Gear X Foldable EDC Tool \u00fchendab erakordse meisterlikkuse ja mitmek\u00fclgsuse kompaktses disainis, olles ideaalne igap\u00e4evane kaasaskantav t\u00f6\u00f6riist. Vastupidavast...","og_url":"https:\/\/kruze.ee\/et\/toode\/gear-x-kokkupandav-edc-tooriist-karabiini-ja-pakiloikuriga\/","og_site_name":"Kruze.ee","article_modified_time":"2026-03-16T21:49:22+00:00","twitter_card":"summary_large_image","schema":{"@context":"https:\/\/schema.org","@graph":[{"@type":"WebPage","@id":"https:\/\/kruze.ee\/et\/toode\/gear-x-kokkupandav-edc-tooriist-karabiini-ja-pakiloikuriga\/","url":"https:\/\/kruze.ee\/et\/toode\/gear-x-kokkupandav-edc-tooriist-karabiini-ja-pakiloikuriga\/","name":"Gear X kokkupandav EDC-t\u00f6\u00f6riist karabiini ja pakil\u00f5ikuriga - Kruze.ee","isPartOf":{"@id":"https:\/\/kruze.ee\/et\/#website"},"datePublished":"2026-01-12T18:49:03+00:00","dateModified":"2026-03-16T21:49:22+00:00","breadcrumb":{"@id":"https:\/\/kruze.ee\/et\/toode\/gear-x-kokkupandav-edc-tooriist-karabiini-ja-pakiloikuriga\/#breadcrumb"},"inLanguage":"et","potentialAction":[{"@type":"ReadAction","target":["https:\/\/kruze.ee\/et\/toode\/gear-x-kokkupandav-edc-tooriist-karabiini-ja-pakiloikuriga\/"]}]},{"@type":"BreadcrumbList","@id":"https:\/\/kruze.ee\/et\/toode\/gear-x-kokkupandav-edc-tooriist-karabiini-ja-pakiloikuriga\/#breadcrumb","itemListElement":[{"@type":"ListItem","position":1,"name":"Home","item":"https:\/\/kruze.ee\/et\/"},{"@type":"ListItem","position":2,"name":"Tooted","item":"https:\/\/kruze.ee\/et\/tooted\/"},{"@type":"ListItem","position":3,"name":"Gear X kokkupandav EDC-t\u00f6\u00f6riist karabiini ja pakil\u00f5ikuriga"}]},{"@type":"WebSite","@id":"https:\/\/kruze.ee\/et\/#website","url":"https:\/\/kruze.ee\/et\/","name":"Kruze.ee","description":"Reklaamkingitused, tr&uuml;kiga T-s&auml;rgid, fliisid, dressipluused, tekstiil, joped ja paljud teised logoga meened, &Auml;rikingitused sinu partnerile! Telli juba t&auml;na.","potentialAction":[{"@type":"SearchAction","target":{"@type":"EntryPoint","urlTemplate":"https:\/\/kruze.ee\/et\/?s={search_term_string}"},"query-input":{"@type":"PropertyValueSpecification","valueRequired":true,"valueName":"search_term_string"}}],"inLanguage":"et"}]}},"_links":{"self":[{"href":"https:\/\/kruze.ee\/et\/wp-json\/wp\/v2\/product\/1433981","targetHints":{"allow":["GET"]}}],"collection":[{"href":"https:\/\/kruze.ee\/et\/wp-json\/wp\/v2\/product"}],"about":[{"href":"https:\/\/kruze.ee\/et\/wp-json\/wp\/v2\/types\/product"}],"wp:attachment":[{"href":"https:\/\/kruze.ee\/et\/wp-json\/wp\/v2\/media?parent=1433981"}],"wp:term":[{"taxonomy":"product_brand","embeddable":true,"href":"https:\/\/kruze.ee\/et\/wp-json\/wp\/v2\/product_brand?post=1433981"},{"taxonomy":"product_cat","embeddable":true,"href":"https:\/\/kruze.ee\/et\/wp-json\/wp\/v2\/product_cat?post=1433981"},{"taxonomy":"product_tag","embeddable":true,"href":"https:\/\/kruze.ee\/et\/wp-json\/wp\/v2\/product_tag?post=1433981"}],"curies":[{"name":"wp","href":"https:\/\/api.w.org\/{rel}","templated":true}]}}