{"id":1433979,"date":"2026-01-12T21:48:59","date_gmt":"2026-01-12T18:48:59","guid":{"rendered":"https:\/\/kruze.ee\/product\/gear-x-rcs-sertifikaadiga-taaskasutatud-alumiiniumist-tappisotsikute-komplekt-46-osa\/"},"modified":"2026-03-17T00:49:22","modified_gmt":"2026-03-16T21:49:22","slug":"gear-x-rcs-sertifikaadiga-taaskasutatud-alumiiniumist-tappisotsikute-komplekt-46-osa","status":"publish","type":"product","link":"https:\/\/kruze.ee\/et\/toode\/gear-x-rcs-sertifikaadiga-taaskasutatud-alumiiniumist-tappisotsikute-komplekt-46-osa\/","title":{"rendered":"Gear X RCS-sertifikaadiga taaskasutatud alumiiniumist t\u00e4ppisotsikute komplekt, 46 osa"},"content":{"rendered":"<p>\u00dclimalt k\u00f5rge j\u00f5udlusega t\u00e4ppisotsikute komplekt sisaldab k\u00f5iki vajalikke osi mobiiltelefonide, tahvelarvutite, arvutite ja muude seadmete parandamiseks. Enamiku elektroonikaseadmete eluiga saab lihtsa remondiga oluliselt pikendada ning vastavad \u201ehow to\u201c juhendid on sageli veebis k\u00e4ttesaadavad. Komplekt koosneb 46 osast, mis on pakendatud RCS-sertifikaadiga taaskasutatud alumiiniumist valmistatud karpi. Taaskasutatud materjali kogus: 22% toote kogukaalust. RCS-sertifikaat tagab taaskasutatud materjalide t\u00e4ielikult sertifitseeritud tarneahela. Komplekt sisaldab kruvikeeraja k\u00e4epidet ja pintsette. Otsikud on magnetilised ning neid on lihtne karpi paigutada ja sealt eemaldada.<\/p>\n","protected":false},"excerpt":{"rendered":"<p>\u00dclimalt k\u00f5rge j\u00f5udlusega t\u00e4ppisotsikute komplekt sisaldab k\u00f5iki vajalikke osi mobiiltelefonide, tahvelarvutite, arvutite ja muude seadmete parandamiseks&#8230;.<\/p>\n","protected":false},"featured_media":0,"template":"","meta":[],"product_brand":[],"product_cat":[5448],"product_tag":[],"class_list":{"0":"post-1433979","1":"product","2":"type-product","3":"status-publish","5":"product_cat-tooriistakomplektid","6":"pa_gender-uniseks","7":"pa_gender-unisex","11":"first","12":"instock","13":"purchasable","14":"product-type-simple"},"acf":[],"yoast_head":"<!-- This site is optimized with the Yoast SEO plugin v26.0 - https:\/\/yoast.com\/wordpress\/plugins\/seo\/ -->\n<title>Gear X RCS-sertifikaadiga taaskasutatud alumiiniumist t\u00e4ppisotsikute komplekt, 46 osa - Kruze.ee<\/title>\n<meta name=\"robots\" content=\"index, follow, max-snippet:-1, max-image-preview:large, max-video-preview:-1\" \/>\n<link rel=\"canonical\" href=\"https:\/\/kruze.ee\/et\/toode\/gear-x-rcs-sertifikaadiga-taaskasutatud-alumiiniumist-tappisotsikute-komplekt-46-osa\/\" \/>\n<meta property=\"og:locale\" content=\"et_EE\" \/>\n<meta property=\"og:type\" content=\"article\" \/>\n<meta property=\"og:title\" content=\"Gear X RCS-sertifikaadiga taaskasutatud alumiiniumist t\u00e4ppisotsikute komplekt, 46 osa - Kruze.ee\" \/>\n<meta property=\"og:description\" content=\"\u00dclimalt k\u00f5rge j\u00f5udlusega t\u00e4ppisotsikute komplekt sisaldab k\u00f5iki vajalikke osi mobiiltelefonide, tahvelarvutite, arvutite ja muude seadmete parandamiseks....\" \/>\n<meta property=\"og:url\" content=\"https:\/\/kruze.ee\/et\/toode\/gear-x-rcs-sertifikaadiga-taaskasutatud-alumiiniumist-tappisotsikute-komplekt-46-osa\/\" \/>\n<meta property=\"og:site_name\" content=\"Kruze.ee\" \/>\n<meta property=\"article:modified_time\" content=\"2026-03-16T21:49:22+00:00\" \/>\n<meta name=\"twitter:card\" content=\"summary_large_image\" \/>\n<script type=\"application\/ld+json\" class=\"yoast-schema-graph\">{\"@context\":\"https:\/\/schema.org\",\"@graph\":[{\"@type\":\"WebPage\",\"@id\":\"https:\/\/kruze.ee\/et\/toode\/gear-x-rcs-sertifikaadiga-taaskasutatud-alumiiniumist-tappisotsikute-komplekt-46-osa\/\",\"url\":\"https:\/\/kruze.ee\/et\/toode\/gear-x-rcs-sertifikaadiga-taaskasutatud-alumiiniumist-tappisotsikute-komplekt-46-osa\/\",\"name\":\"Gear X RCS-sertifikaadiga taaskasutatud alumiiniumist t\u00e4ppisotsikute komplekt, 46 osa - Kruze.ee\",\"isPartOf\":{\"@id\":\"https:\/\/kruze.ee\/et\/#website\"},\"datePublished\":\"2026-01-12T18:48:59+00:00\",\"dateModified\":\"2026-03-16T21:49:22+00:00\",\"breadcrumb\":{\"@id\":\"https:\/\/kruze.ee\/et\/toode\/gear-x-rcs-sertifikaadiga-taaskasutatud-alumiiniumist-tappisotsikute-komplekt-46-osa\/#breadcrumb\"},\"inLanguage\":\"et\",\"potentialAction\":[{\"@type\":\"ReadAction\",\"target\":[\"https:\/\/kruze.ee\/et\/toode\/gear-x-rcs-sertifikaadiga-taaskasutatud-alumiiniumist-tappisotsikute-komplekt-46-osa\/\"]}]},{\"@type\":\"BreadcrumbList\",\"@id\":\"https:\/\/kruze.ee\/et\/toode\/gear-x-rcs-sertifikaadiga-taaskasutatud-alumiiniumist-tappisotsikute-komplekt-46-osa\/#breadcrumb\",\"itemListElement\":[{\"@type\":\"ListItem\",\"position\":1,\"name\":\"Home\",\"item\":\"https:\/\/kruze.ee\/et\/\"},{\"@type\":\"ListItem\",\"position\":2,\"name\":\"Tooted\",\"item\":\"https:\/\/kruze.ee\/et\/tooted\/\"},{\"@type\":\"ListItem\",\"position\":3,\"name\":\"Gear X RCS-sertifikaadiga taaskasutatud alumiiniumist t\u00e4ppisotsikute komplekt, 46 osa\"}]},{\"@type\":\"WebSite\",\"@id\":\"https:\/\/kruze.ee\/et\/#website\",\"url\":\"https:\/\/kruze.ee\/et\/\",\"name\":\"Kruze.ee\",\"description\":\"Reklaamkingitused, tr&uuml;kiga T-s&auml;rgid, fliisid, dressipluused, tekstiil, joped ja paljud teised logoga meened, &Auml;rikingitused sinu partnerile! Telli juba t&auml;na.\",\"potentialAction\":[{\"@type\":\"SearchAction\",\"target\":{\"@type\":\"EntryPoint\",\"urlTemplate\":\"https:\/\/kruze.ee\/et\/?s={search_term_string}\"},\"query-input\":{\"@type\":\"PropertyValueSpecification\",\"valueRequired\":true,\"valueName\":\"search_term_string\"}}],\"inLanguage\":\"et\"}]}<\/script>\n<!-- \/ Yoast SEO plugin. -->","yoast_head_json":{"title":"Gear X RCS-sertifikaadiga taaskasutatud alumiiniumist t\u00e4ppisotsikute komplekt, 46 osa - Kruze.ee","robots":{"index":"index","follow":"follow","max-snippet":"max-snippet:-1","max-image-preview":"max-image-preview:large","max-video-preview":"max-video-preview:-1"},"canonical":"https:\/\/kruze.ee\/et\/toode\/gear-x-rcs-sertifikaadiga-taaskasutatud-alumiiniumist-tappisotsikute-komplekt-46-osa\/","og_locale":"et_EE","og_type":"article","og_title":"Gear X RCS-sertifikaadiga taaskasutatud alumiiniumist t\u00e4ppisotsikute komplekt, 46 osa - Kruze.ee","og_description":"\u00dclimalt k\u00f5rge j\u00f5udlusega t\u00e4ppisotsikute komplekt sisaldab k\u00f5iki vajalikke osi mobiiltelefonide, tahvelarvutite, arvutite ja muude seadmete parandamiseks....","og_url":"https:\/\/kruze.ee\/et\/toode\/gear-x-rcs-sertifikaadiga-taaskasutatud-alumiiniumist-tappisotsikute-komplekt-46-osa\/","og_site_name":"Kruze.ee","article_modified_time":"2026-03-16T21:49:22+00:00","twitter_card":"summary_large_image","schema":{"@context":"https:\/\/schema.org","@graph":[{"@type":"WebPage","@id":"https:\/\/kruze.ee\/et\/toode\/gear-x-rcs-sertifikaadiga-taaskasutatud-alumiiniumist-tappisotsikute-komplekt-46-osa\/","url":"https:\/\/kruze.ee\/et\/toode\/gear-x-rcs-sertifikaadiga-taaskasutatud-alumiiniumist-tappisotsikute-komplekt-46-osa\/","name":"Gear X RCS-sertifikaadiga taaskasutatud alumiiniumist t\u00e4ppisotsikute komplekt, 46 osa - Kruze.ee","isPartOf":{"@id":"https:\/\/kruze.ee\/et\/#website"},"datePublished":"2026-01-12T18:48:59+00:00","dateModified":"2026-03-16T21:49:22+00:00","breadcrumb":{"@id":"https:\/\/kruze.ee\/et\/toode\/gear-x-rcs-sertifikaadiga-taaskasutatud-alumiiniumist-tappisotsikute-komplekt-46-osa\/#breadcrumb"},"inLanguage":"et","potentialAction":[{"@type":"ReadAction","target":["https:\/\/kruze.ee\/et\/toode\/gear-x-rcs-sertifikaadiga-taaskasutatud-alumiiniumist-tappisotsikute-komplekt-46-osa\/"]}]},{"@type":"BreadcrumbList","@id":"https:\/\/kruze.ee\/et\/toode\/gear-x-rcs-sertifikaadiga-taaskasutatud-alumiiniumist-tappisotsikute-komplekt-46-osa\/#breadcrumb","itemListElement":[{"@type":"ListItem","position":1,"name":"Home","item":"https:\/\/kruze.ee\/et\/"},{"@type":"ListItem","position":2,"name":"Tooted","item":"https:\/\/kruze.ee\/et\/tooted\/"},{"@type":"ListItem","position":3,"name":"Gear X RCS-sertifikaadiga taaskasutatud alumiiniumist t\u00e4ppisotsikute komplekt, 46 osa"}]},{"@type":"WebSite","@id":"https:\/\/kruze.ee\/et\/#website","url":"https:\/\/kruze.ee\/et\/","name":"Kruze.ee","description":"Reklaamkingitused, tr&uuml;kiga T-s&auml;rgid, fliisid, dressipluused, tekstiil, joped ja paljud teised logoga meened, &Auml;rikingitused sinu partnerile! Telli juba t&auml;na.","potentialAction":[{"@type":"SearchAction","target":{"@type":"EntryPoint","urlTemplate":"https:\/\/kruze.ee\/et\/?s={search_term_string}"},"query-input":{"@type":"PropertyValueSpecification","valueRequired":true,"valueName":"search_term_string"}}],"inLanguage":"et"}]}},"_links":{"self":[{"href":"https:\/\/kruze.ee\/et\/wp-json\/wp\/v2\/product\/1433979","targetHints":{"allow":["GET"]}}],"collection":[{"href":"https:\/\/kruze.ee\/et\/wp-json\/wp\/v2\/product"}],"about":[{"href":"https:\/\/kruze.ee\/et\/wp-json\/wp\/v2\/types\/product"}],"wp:attachment":[{"href":"https:\/\/kruze.ee\/et\/wp-json\/wp\/v2\/media?parent=1433979"}],"wp:term":[{"taxonomy":"product_brand","embeddable":true,"href":"https:\/\/kruze.ee\/et\/wp-json\/wp\/v2\/product_brand?post=1433979"},{"taxonomy":"product_cat","embeddable":true,"href":"https:\/\/kruze.ee\/et\/wp-json\/wp\/v2\/product_cat?post=1433979"},{"taxonomy":"product_tag","embeddable":true,"href":"https:\/\/kruze.ee\/et\/wp-json\/wp\/v2\/product_tag?post=1433979"}],"curies":[{"name":"wp","href":"https:\/\/api.w.org\/{rel}","templated":true}]}}