{"id":1433967,"date":"2026-01-12T21:48:39","date_gmt":"2026-01-12T18:48:39","guid":{"rendered":"https:\/\/kruze.ee\/product\/puidust-kuuskanttooriist\/"},"modified":"2026-03-17T00:49:19","modified_gmt":"2026-03-16T21:49:19","slug":"puidust-kuuskanttooriist","status":"publish","type":"product","link":"https:\/\/kruze.ee\/et\/toode\/puidust-kuuskanttooriist\/","title":{"rendered":"Puidust kuuskantt\u00f6\u00f6riist"},"content":{"rendered":"<p>HEX-t\u00f6\u00f6riist, mis on valmistatud FSC 100% p\u00f6\u00f6gipuust ning suure k\u00f5vaduse ja korrosioonikindlusega s\u00fcsinikterasest (#45). Rockwelli k\u00f5vadus 40\u201345. Toode sisaldab 9 funktsiooni: kuuskantv\u00f5ti 5,5 mm; kuuskantv\u00f5ti 2 mm; kuuskantv\u00f5ti 2,5 mm; kuuskantv\u00f5ti 3 mm; kuuskantv\u00f5ti 4 mm; kuuskantv\u00f5ti 5 mm; kuuskantv\u00f5ti 6 mm; ristkruvikeeraja; lamekruvikeeraja. Pakendatud FSC mix kraft-karpi.<\/p>\n","protected":false},"excerpt":{"rendered":"<p>HEX-t\u00f6\u00f6riist, mis on valmistatud FSC 100% p\u00f6\u00f6gipuust ning suure k\u00f5vaduse ja korrosioonikindlusega s\u00fcsinikterasest (#45). Rockwelli k\u00f5vadus 40\u201345. Toode&#8230;<\/p>\n","protected":false},"featured_media":0,"template":"","meta":[],"product_brand":[],"product_cat":[5448],"product_tag":[],"class_list":{"0":"post-1433967","1":"product","2":"type-product","3":"status-publish","5":"product_cat-tooriistakomplektid","6":"pa_gender-uniseks","7":"pa_gender-unisex","11":"first","12":"instock","13":"purchasable","14":"product-type-simple"},"acf":[],"yoast_head":"<!-- This site is optimized with the Yoast SEO plugin v26.0 - https:\/\/yoast.com\/wordpress\/plugins\/seo\/ -->\n<title>Puidust kuuskantt\u00f6\u00f6riist - Kruze.ee<\/title>\n<meta name=\"robots\" content=\"index, follow, max-snippet:-1, max-image-preview:large, max-video-preview:-1\" \/>\n<link rel=\"canonical\" href=\"https:\/\/kruze.ee\/et\/toode\/puidust-kuuskanttooriist\/\" \/>\n<meta property=\"og:locale\" content=\"et_EE\" \/>\n<meta property=\"og:type\" content=\"article\" \/>\n<meta property=\"og:title\" content=\"Puidust kuuskantt\u00f6\u00f6riist - Kruze.ee\" \/>\n<meta property=\"og:description\" content=\"HEX-t\u00f6\u00f6riist, mis on valmistatud FSC 100% p\u00f6\u00f6gipuust ning suure k\u00f5vaduse ja korrosioonikindlusega s\u00fcsinikterasest (#45). Rockwelli k\u00f5vadus 40\u201345. Toode...\" \/>\n<meta property=\"og:url\" content=\"https:\/\/kruze.ee\/et\/toode\/puidust-kuuskanttooriist\/\" \/>\n<meta property=\"og:site_name\" content=\"Kruze.ee\" \/>\n<meta property=\"article:modified_time\" content=\"2026-03-16T21:49:19+00:00\" \/>\n<meta name=\"twitter:card\" content=\"summary_large_image\" \/>\n<script type=\"application\/ld+json\" class=\"yoast-schema-graph\">{\"@context\":\"https:\/\/schema.org\",\"@graph\":[{\"@type\":\"WebPage\",\"@id\":\"https:\/\/kruze.ee\/et\/toode\/puidust-kuuskanttooriist\/\",\"url\":\"https:\/\/kruze.ee\/et\/toode\/puidust-kuuskanttooriist\/\",\"name\":\"Puidust kuuskantt\u00f6\u00f6riist - Kruze.ee\",\"isPartOf\":{\"@id\":\"https:\/\/kruze.ee\/et\/#website\"},\"datePublished\":\"2026-01-12T18:48:39+00:00\",\"dateModified\":\"2026-03-16T21:49:19+00:00\",\"breadcrumb\":{\"@id\":\"https:\/\/kruze.ee\/et\/toode\/puidust-kuuskanttooriist\/#breadcrumb\"},\"inLanguage\":\"et\",\"potentialAction\":[{\"@type\":\"ReadAction\",\"target\":[\"https:\/\/kruze.ee\/et\/toode\/puidust-kuuskanttooriist\/\"]}]},{\"@type\":\"BreadcrumbList\",\"@id\":\"https:\/\/kruze.ee\/et\/toode\/puidust-kuuskanttooriist\/#breadcrumb\",\"itemListElement\":[{\"@type\":\"ListItem\",\"position\":1,\"name\":\"Home\",\"item\":\"https:\/\/kruze.ee\/et\/\"},{\"@type\":\"ListItem\",\"position\":2,\"name\":\"Tooted\",\"item\":\"https:\/\/kruze.ee\/et\/tooted\/\"},{\"@type\":\"ListItem\",\"position\":3,\"name\":\"Puidust kuuskantt\u00f6\u00f6riist\"}]},{\"@type\":\"WebSite\",\"@id\":\"https:\/\/kruze.ee\/et\/#website\",\"url\":\"https:\/\/kruze.ee\/et\/\",\"name\":\"Kruze.ee\",\"description\":\"Reklaamkingitused, tr&uuml;kiga T-s&auml;rgid, fliisid, dressipluused, tekstiil, joped ja paljud teised logoga meened, &Auml;rikingitused sinu partnerile! Telli juba t&auml;na.\",\"potentialAction\":[{\"@type\":\"SearchAction\",\"target\":{\"@type\":\"EntryPoint\",\"urlTemplate\":\"https:\/\/kruze.ee\/et\/?s={search_term_string}\"},\"query-input\":{\"@type\":\"PropertyValueSpecification\",\"valueRequired\":true,\"valueName\":\"search_term_string\"}}],\"inLanguage\":\"et\"}]}<\/script>\n<!-- \/ Yoast SEO plugin. -->","yoast_head_json":{"title":"Puidust kuuskantt\u00f6\u00f6riist - Kruze.ee","robots":{"index":"index","follow":"follow","max-snippet":"max-snippet:-1","max-image-preview":"max-image-preview:large","max-video-preview":"max-video-preview:-1"},"canonical":"https:\/\/kruze.ee\/et\/toode\/puidust-kuuskanttooriist\/","og_locale":"et_EE","og_type":"article","og_title":"Puidust kuuskantt\u00f6\u00f6riist - Kruze.ee","og_description":"HEX-t\u00f6\u00f6riist, mis on valmistatud FSC 100% p\u00f6\u00f6gipuust ning suure k\u00f5vaduse ja korrosioonikindlusega s\u00fcsinikterasest (#45). Rockwelli k\u00f5vadus 40\u201345. Toode...","og_url":"https:\/\/kruze.ee\/et\/toode\/puidust-kuuskanttooriist\/","og_site_name":"Kruze.ee","article_modified_time":"2026-03-16T21:49:19+00:00","twitter_card":"summary_large_image","schema":{"@context":"https:\/\/schema.org","@graph":[{"@type":"WebPage","@id":"https:\/\/kruze.ee\/et\/toode\/puidust-kuuskanttooriist\/","url":"https:\/\/kruze.ee\/et\/toode\/puidust-kuuskanttooriist\/","name":"Puidust kuuskantt\u00f6\u00f6riist - Kruze.ee","isPartOf":{"@id":"https:\/\/kruze.ee\/et\/#website"},"datePublished":"2026-01-12T18:48:39+00:00","dateModified":"2026-03-16T21:49:19+00:00","breadcrumb":{"@id":"https:\/\/kruze.ee\/et\/toode\/puidust-kuuskanttooriist\/#breadcrumb"},"inLanguage":"et","potentialAction":[{"@type":"ReadAction","target":["https:\/\/kruze.ee\/et\/toode\/puidust-kuuskanttooriist\/"]}]},{"@type":"BreadcrumbList","@id":"https:\/\/kruze.ee\/et\/toode\/puidust-kuuskanttooriist\/#breadcrumb","itemListElement":[{"@type":"ListItem","position":1,"name":"Home","item":"https:\/\/kruze.ee\/et\/"},{"@type":"ListItem","position":2,"name":"Tooted","item":"https:\/\/kruze.ee\/et\/tooted\/"},{"@type":"ListItem","position":3,"name":"Puidust kuuskantt\u00f6\u00f6riist"}]},{"@type":"WebSite","@id":"https:\/\/kruze.ee\/et\/#website","url":"https:\/\/kruze.ee\/et\/","name":"Kruze.ee","description":"Reklaamkingitused, tr&uuml;kiga T-s&auml;rgid, fliisid, dressipluused, tekstiil, joped ja paljud teised logoga meened, &Auml;rikingitused sinu partnerile! Telli juba t&auml;na.","potentialAction":[{"@type":"SearchAction","target":{"@type":"EntryPoint","urlTemplate":"https:\/\/kruze.ee\/et\/?s={search_term_string}"},"query-input":{"@type":"PropertyValueSpecification","valueRequired":true,"valueName":"search_term_string"}}],"inLanguage":"et"}]}},"_links":{"self":[{"href":"https:\/\/kruze.ee\/et\/wp-json\/wp\/v2\/product\/1433967","targetHints":{"allow":["GET"]}}],"collection":[{"href":"https:\/\/kruze.ee\/et\/wp-json\/wp\/v2\/product"}],"about":[{"href":"https:\/\/kruze.ee\/et\/wp-json\/wp\/v2\/types\/product"}],"wp:attachment":[{"href":"https:\/\/kruze.ee\/et\/wp-json\/wp\/v2\/media?parent=1433967"}],"wp:term":[{"taxonomy":"product_brand","embeddable":true,"href":"https:\/\/kruze.ee\/et\/wp-json\/wp\/v2\/product_brand?post=1433967"},{"taxonomy":"product_cat","embeddable":true,"href":"https:\/\/kruze.ee\/et\/wp-json\/wp\/v2\/product_cat?post=1433967"},{"taxonomy":"product_tag","embeddable":true,"href":"https:\/\/kruze.ee\/et\/wp-json\/wp\/v2\/product_tag?post=1433967"}],"curies":[{"name":"wp","href":"https:\/\/api.w.org\/{rel}","templated":true}]}}