{"id":1433963,"date":"2026-01-12T21:48:33","date_gmt":"2026-01-12T18:48:33","guid":{"rendered":"https:\/\/kruze.ee\/product\/eon-rcs-sertifikaadiga-taaskasutatud-alumiiniumist-infinity-mitmeotstarbeline-pliiats\/"},"modified":"2026-03-17T00:49:18","modified_gmt":"2026-03-16T21:49:18","slug":"eon-rcs-sertifikaadiga-taaskasutatud-alumiiniumist-infinity-mitmeotstarbeline-pliiats","status":"publish","type":"product","link":"https:\/\/kruze.ee\/et\/toode\/eon-rcs-sertifikaadiga-taaskasutatud-alumiiniumist-infinity-mitmeotstarbeline-pliiats\/","title":{"rendered":"Eon RCS-sertifikaadiga taaskasutatud alumiiniumist infinity-mitmeotstarbeline pliiats"},"content":{"rendered":"<p>Kaasaegne infinity-pliiats, mis on valmistatud RCS-sertifikaadiga taaskasutatud alumiiniumist. Taaskasutatud materjali kogus: 40% toote kogukaalust. RCS-sertifikaat tagab taaskasutatud materjalide t\u00e4ielikult sertifitseeritud tarneahela. Kolmnurkse kujuga korpus, mille \u00fchel k\u00fcljel on sentimeetri- ja teisel k\u00fcljel tollim\u00f5\u00f5dustik. Tavaline puidust pliiats kirjutab ligikaudu kuni 200 meetrit, kuid see puuvaba infinity-pliiats v\u00f5imaldab grafiidotsiku abil kirjutada kuni umbes 20 000 meetrit. See mitte ainult ei kirjuta nagu tavaline pliiats, vaid tehtud m\u00e4rgiseid saab ka kustutada. Pliiats j\u00e4tab paberile grafiitjoone nagu klassikaline pliiats, kuid kulub nii aeglaselt, et v\u00f5ib vastu pidada kuni 100 tavap\u00e4rast puidust pliiatsit. Varustatud puuteotsaga mobiilseadmete kasutamiseks. Pakendatud FSC\u00ae mix sertifikaadiga pakendisse.<\/p>\n","protected":false},"excerpt":{"rendered":"<p>Kaasaegne infinity-pliiats, mis on valmistatud RCS-sertifikaadiga taaskasutatud alumiiniumist. Taaskasutatud materjali kogus: 40% toote kogukaalust&#8230;.<\/p>\n","protected":false},"featured_media":0,"template":"","meta":[],"product_brand":[],"product_cat":[5468],"product_tag":[],"class_list":{"0":"post-1433963","1":"product","2":"type-product","3":"status-publish","5":"product_cat-multifunktsionaalsed-kirjutusvahendid","6":"pa_brand-xd-xclusive-2","7":"pa_color-hobe","8":"pa_color-valge","9":"pa_gender-uniseks","10":"pa_gender-unisex","13":"pa_material-recycled-aluminiumgraphite","15":"first","16":"instock","17":"taxable","18":"shipping-taxable","19":"purchasable","20":"product-type-variable"},"acf":[],"yoast_head":"<!-- This site is optimized with the Yoast SEO plugin v26.0 - https:\/\/yoast.com\/wordpress\/plugins\/seo\/ -->\n<title>Eon RCS-sertifikaadiga taaskasutatud alumiiniumist infinity-mitmeotstarbeline pliiats - Kruze.ee<\/title>\n<meta name=\"robots\" content=\"index, follow, max-snippet:-1, max-image-preview:large, max-video-preview:-1\" \/>\n<link rel=\"canonical\" href=\"https:\/\/kruze.ee\/et\/toode\/eon-rcs-sertifikaadiga-taaskasutatud-alumiiniumist-infinity-mitmeotstarbeline-pliiats\/\" \/>\n<meta property=\"og:locale\" content=\"et_EE\" \/>\n<meta property=\"og:type\" content=\"article\" \/>\n<meta property=\"og:title\" content=\"Eon RCS-sertifikaadiga taaskasutatud alumiiniumist infinity-mitmeotstarbeline pliiats - Kruze.ee\" \/>\n<meta property=\"og:description\" content=\"Kaasaegne infinity-pliiats, mis on valmistatud RCS-sertifikaadiga taaskasutatud alumiiniumist. Taaskasutatud materjali kogus: 40% toote kogukaalust....\" \/>\n<meta property=\"og:url\" content=\"https:\/\/kruze.ee\/et\/toode\/eon-rcs-sertifikaadiga-taaskasutatud-alumiiniumist-infinity-mitmeotstarbeline-pliiats\/\" \/>\n<meta property=\"og:site_name\" content=\"Kruze.ee\" \/>\n<meta property=\"article:modified_time\" content=\"2026-03-16T21:49:18+00:00\" \/>\n<meta name=\"twitter:card\" content=\"summary_large_image\" \/>\n<meta name=\"twitter:label1\" content=\"Est. reading time\" \/>\n\t<meta name=\"twitter:data1\" content=\"1 minut\" \/>\n<script type=\"application\/ld+json\" class=\"yoast-schema-graph\">{\"@context\":\"https:\/\/schema.org\",\"@graph\":[{\"@type\":\"WebPage\",\"@id\":\"https:\/\/kruze.ee\/et\/toode\/eon-rcs-sertifikaadiga-taaskasutatud-alumiiniumist-infinity-mitmeotstarbeline-pliiats\/\",\"url\":\"https:\/\/kruze.ee\/et\/toode\/eon-rcs-sertifikaadiga-taaskasutatud-alumiiniumist-infinity-mitmeotstarbeline-pliiats\/\",\"name\":\"Eon RCS-sertifikaadiga taaskasutatud alumiiniumist infinity-mitmeotstarbeline pliiats - Kruze.ee\",\"isPartOf\":{\"@id\":\"https:\/\/kruze.ee\/et\/#website\"},\"datePublished\":\"2026-01-12T18:48:33+00:00\",\"dateModified\":\"2026-03-16T21:49:18+00:00\",\"breadcrumb\":{\"@id\":\"https:\/\/kruze.ee\/et\/toode\/eon-rcs-sertifikaadiga-taaskasutatud-alumiiniumist-infinity-mitmeotstarbeline-pliiats\/#breadcrumb\"},\"inLanguage\":\"et\",\"potentialAction\":[{\"@type\":\"ReadAction\",\"target\":[\"https:\/\/kruze.ee\/et\/toode\/eon-rcs-sertifikaadiga-taaskasutatud-alumiiniumist-infinity-mitmeotstarbeline-pliiats\/\"]}]},{\"@type\":\"BreadcrumbList\",\"@id\":\"https:\/\/kruze.ee\/et\/toode\/eon-rcs-sertifikaadiga-taaskasutatud-alumiiniumist-infinity-mitmeotstarbeline-pliiats\/#breadcrumb\",\"itemListElement\":[{\"@type\":\"ListItem\",\"position\":1,\"name\":\"Home\",\"item\":\"https:\/\/kruze.ee\/et\/\"},{\"@type\":\"ListItem\",\"position\":2,\"name\":\"Tooted\",\"item\":\"https:\/\/kruze.ee\/et\/tooted\/\"},{\"@type\":\"ListItem\",\"position\":3,\"name\":\"Eon RCS-sertifikaadiga taaskasutatud alumiiniumist infinity-mitmeotstarbeline pliiats\"}]},{\"@type\":\"WebSite\",\"@id\":\"https:\/\/kruze.ee\/et\/#website\",\"url\":\"https:\/\/kruze.ee\/et\/\",\"name\":\"Kruze.ee\",\"description\":\"Reklaamkingitused, tr&uuml;kiga T-s&auml;rgid, fliisid, dressipluused, tekstiil, joped ja paljud teised logoga meened, &Auml;rikingitused sinu partnerile! Telli juba t&auml;na.\",\"potentialAction\":[{\"@type\":\"SearchAction\",\"target\":{\"@type\":\"EntryPoint\",\"urlTemplate\":\"https:\/\/kruze.ee\/et\/?s={search_term_string}\"},\"query-input\":{\"@type\":\"PropertyValueSpecification\",\"valueRequired\":true,\"valueName\":\"search_term_string\"}}],\"inLanguage\":\"et\"}]}<\/script>\n<!-- \/ Yoast SEO plugin. -->","yoast_head_json":{"title":"Eon RCS-sertifikaadiga taaskasutatud alumiiniumist infinity-mitmeotstarbeline pliiats - Kruze.ee","robots":{"index":"index","follow":"follow","max-snippet":"max-snippet:-1","max-image-preview":"max-image-preview:large","max-video-preview":"max-video-preview:-1"},"canonical":"https:\/\/kruze.ee\/et\/toode\/eon-rcs-sertifikaadiga-taaskasutatud-alumiiniumist-infinity-mitmeotstarbeline-pliiats\/","og_locale":"et_EE","og_type":"article","og_title":"Eon RCS-sertifikaadiga taaskasutatud alumiiniumist infinity-mitmeotstarbeline pliiats - Kruze.ee","og_description":"Kaasaegne infinity-pliiats, mis on valmistatud RCS-sertifikaadiga taaskasutatud alumiiniumist. Taaskasutatud materjali kogus: 40% toote kogukaalust....","og_url":"https:\/\/kruze.ee\/et\/toode\/eon-rcs-sertifikaadiga-taaskasutatud-alumiiniumist-infinity-mitmeotstarbeline-pliiats\/","og_site_name":"Kruze.ee","article_modified_time":"2026-03-16T21:49:18+00:00","twitter_card":"summary_large_image","twitter_misc":{"Est. reading time":"1 minut"},"schema":{"@context":"https:\/\/schema.org","@graph":[{"@type":"WebPage","@id":"https:\/\/kruze.ee\/et\/toode\/eon-rcs-sertifikaadiga-taaskasutatud-alumiiniumist-infinity-mitmeotstarbeline-pliiats\/","url":"https:\/\/kruze.ee\/et\/toode\/eon-rcs-sertifikaadiga-taaskasutatud-alumiiniumist-infinity-mitmeotstarbeline-pliiats\/","name":"Eon RCS-sertifikaadiga taaskasutatud alumiiniumist infinity-mitmeotstarbeline pliiats - Kruze.ee","isPartOf":{"@id":"https:\/\/kruze.ee\/et\/#website"},"datePublished":"2026-01-12T18:48:33+00:00","dateModified":"2026-03-16T21:49:18+00:00","breadcrumb":{"@id":"https:\/\/kruze.ee\/et\/toode\/eon-rcs-sertifikaadiga-taaskasutatud-alumiiniumist-infinity-mitmeotstarbeline-pliiats\/#breadcrumb"},"inLanguage":"et","potentialAction":[{"@type":"ReadAction","target":["https:\/\/kruze.ee\/et\/toode\/eon-rcs-sertifikaadiga-taaskasutatud-alumiiniumist-infinity-mitmeotstarbeline-pliiats\/"]}]},{"@type":"BreadcrumbList","@id":"https:\/\/kruze.ee\/et\/toode\/eon-rcs-sertifikaadiga-taaskasutatud-alumiiniumist-infinity-mitmeotstarbeline-pliiats\/#breadcrumb","itemListElement":[{"@type":"ListItem","position":1,"name":"Home","item":"https:\/\/kruze.ee\/et\/"},{"@type":"ListItem","position":2,"name":"Tooted","item":"https:\/\/kruze.ee\/et\/tooted\/"},{"@type":"ListItem","position":3,"name":"Eon RCS-sertifikaadiga taaskasutatud alumiiniumist infinity-mitmeotstarbeline pliiats"}]},{"@type":"WebSite","@id":"https:\/\/kruze.ee\/et\/#website","url":"https:\/\/kruze.ee\/et\/","name":"Kruze.ee","description":"Reklaamkingitused, tr&uuml;kiga T-s&auml;rgid, fliisid, dressipluused, tekstiil, joped ja paljud teised logoga meened, &Auml;rikingitused sinu partnerile! Telli juba t&auml;na.","potentialAction":[{"@type":"SearchAction","target":{"@type":"EntryPoint","urlTemplate":"https:\/\/kruze.ee\/et\/?s={search_term_string}"},"query-input":{"@type":"PropertyValueSpecification","valueRequired":true,"valueName":"search_term_string"}}],"inLanguage":"et"}]}},"_links":{"self":[{"href":"https:\/\/kruze.ee\/et\/wp-json\/wp\/v2\/product\/1433963","targetHints":{"allow":["GET"]}}],"collection":[{"href":"https:\/\/kruze.ee\/et\/wp-json\/wp\/v2\/product"}],"about":[{"href":"https:\/\/kruze.ee\/et\/wp-json\/wp\/v2\/types\/product"}],"wp:attachment":[{"href":"https:\/\/kruze.ee\/et\/wp-json\/wp\/v2\/media?parent=1433963"}],"wp:term":[{"taxonomy":"product_brand","embeddable":true,"href":"https:\/\/kruze.ee\/et\/wp-json\/wp\/v2\/product_brand?post=1433963"},{"taxonomy":"product_cat","embeddable":true,"href":"https:\/\/kruze.ee\/et\/wp-json\/wp\/v2\/product_cat?post=1433963"},{"taxonomy":"product_tag","embeddable":true,"href":"https:\/\/kruze.ee\/et\/wp-json\/wp\/v2\/product_tag?post=1433963"}],"curies":[{"name":"wp","href":"https:\/\/api.w.org\/{rel}","templated":true}]}}