{"id":1433959,"date":"2026-01-12T21:48:18","date_gmt":"2026-01-12T18:48:18","guid":{"rendered":"https:\/\/kruze.ee\/product\/taidetav-rcs-sertifikaadiga-taaskasutatud-plastist-tugev-kipsinuga\/"},"modified":"2026-03-17T00:49:16","modified_gmt":"2026-03-16T21:49:16","slug":"taidetav-rcs-sertifikaadiga-taaskasutatud-plastist-tugev-kipsinuga","status":"publish","type":"product","link":"https:\/\/kruze.ee\/et\/toode\/taidetav-rcs-sertifikaadiga-taaskasutatud-plastist-tugev-kipsinuga\/","title":{"rendered":"T\u00e4idetav RCS-sertifikaadiga taaskasutatud plastist tugev Kipsinuga"},"content":{"rendered":"<p>Taaskasutatud plastist t\u00e4idetav ja RCS-sertifikaadiga tugev l\u00f5ikur, valmistatud RCS (Recycled Claim Standard) sertifitseeritud ABS-ist, TPE-st ja roostevabast terasest teraga. Taaskasutatud materjali kogus: 41% toote kogukaalust. RCS-sertifikaat tagab taaskasutatud materjalide t\u00e4ielikult sertifitseeritud tarneahela. Mitmek\u00fclgne l\u00f5ikur on varustatud jagatava teraga, v\u00f5imaldades SK4 tera lihtsalt v\u00e4lja vahetada, kui see muutub tuhmiks. Sobib kaardi, plastiku ja isegi \u00f5hukeste metallilehtede l\u00f5ikamiseks. Terav ja vastupidav tera tagab iga kord puhtad ja t\u00e4psed l\u00f5iked.<\/p>\n","protected":false},"excerpt":{"rendered":"<p>Taaskasutatud plastist t\u00e4idetav ja RCS-sertifikaadiga tugev l\u00f5ikur, valmistatud RCS (Recycled Claim Standard) sertifitseeritud ABS-ist, TPE-st ja roostevabast&#8230;<\/p>\n","protected":false},"featured_media":0,"template":"","meta":[],"product_brand":[],"product_cat":[5447],"product_tag":[],"class_list":{"0":"post-1433959","1":"product","2":"type-product","3":"status-publish","5":"product_cat-taskunoad","6":"pa_gender-uniseks","7":"pa_gender-unisex","11":"first","12":"instock","13":"purchasable","14":"product-type-simple"},"acf":[],"yoast_head":"<!-- This site is optimized with the Yoast SEO plugin v26.0 - https:\/\/yoast.com\/wordpress\/plugins\/seo\/ -->\n<title>T\u00e4idetav RCS-sertifikaadiga taaskasutatud plastist tugev Kipsinuga - Kruze.ee<\/title>\n<meta name=\"robots\" content=\"index, follow, max-snippet:-1, max-image-preview:large, max-video-preview:-1\" \/>\n<link rel=\"canonical\" href=\"https:\/\/kruze.ee\/et\/toode\/taidetav-rcs-sertifikaadiga-taaskasutatud-plastist-tugev-kipsinuga\/\" \/>\n<meta property=\"og:locale\" content=\"et_EE\" \/>\n<meta property=\"og:type\" content=\"article\" \/>\n<meta property=\"og:title\" content=\"T\u00e4idetav RCS-sertifikaadiga taaskasutatud plastist tugev Kipsinuga - Kruze.ee\" \/>\n<meta property=\"og:description\" content=\"Taaskasutatud plastist t\u00e4idetav ja RCS-sertifikaadiga tugev l\u00f5ikur, valmistatud RCS (Recycled Claim Standard) sertifitseeritud ABS-ist, TPE-st ja roostevabast...\" \/>\n<meta property=\"og:url\" content=\"https:\/\/kruze.ee\/et\/toode\/taidetav-rcs-sertifikaadiga-taaskasutatud-plastist-tugev-kipsinuga\/\" \/>\n<meta property=\"og:site_name\" content=\"Kruze.ee\" \/>\n<meta property=\"article:modified_time\" content=\"2026-03-16T21:49:16+00:00\" \/>\n<meta name=\"twitter:card\" content=\"summary_large_image\" \/>\n<meta name=\"twitter:label1\" content=\"Est. reading time\" \/>\n\t<meta name=\"twitter:data1\" content=\"1 minut\" \/>\n<script type=\"application\/ld+json\" class=\"yoast-schema-graph\">{\"@context\":\"https:\/\/schema.org\",\"@graph\":[{\"@type\":\"WebPage\",\"@id\":\"https:\/\/kruze.ee\/et\/toode\/taidetav-rcs-sertifikaadiga-taaskasutatud-plastist-tugev-kipsinuga\/\",\"url\":\"https:\/\/kruze.ee\/et\/toode\/taidetav-rcs-sertifikaadiga-taaskasutatud-plastist-tugev-kipsinuga\/\",\"name\":\"T\u00e4idetav RCS-sertifikaadiga taaskasutatud plastist tugev Kipsinuga - Kruze.ee\",\"isPartOf\":{\"@id\":\"https:\/\/kruze.ee\/et\/#website\"},\"datePublished\":\"2026-01-12T18:48:18+00:00\",\"dateModified\":\"2026-03-16T21:49:16+00:00\",\"breadcrumb\":{\"@id\":\"https:\/\/kruze.ee\/et\/toode\/taidetav-rcs-sertifikaadiga-taaskasutatud-plastist-tugev-kipsinuga\/#breadcrumb\"},\"inLanguage\":\"et\",\"potentialAction\":[{\"@type\":\"ReadAction\",\"target\":[\"https:\/\/kruze.ee\/et\/toode\/taidetav-rcs-sertifikaadiga-taaskasutatud-plastist-tugev-kipsinuga\/\"]}]},{\"@type\":\"BreadcrumbList\",\"@id\":\"https:\/\/kruze.ee\/et\/toode\/taidetav-rcs-sertifikaadiga-taaskasutatud-plastist-tugev-kipsinuga\/#breadcrumb\",\"itemListElement\":[{\"@type\":\"ListItem\",\"position\":1,\"name\":\"Home\",\"item\":\"https:\/\/kruze.ee\/et\/\"},{\"@type\":\"ListItem\",\"position\":2,\"name\":\"Tooted\",\"item\":\"https:\/\/kruze.ee\/et\/tooted\/\"},{\"@type\":\"ListItem\",\"position\":3,\"name\":\"T\u00e4idetav RCS-sertifikaadiga taaskasutatud plastist tugev Kipsinuga\"}]},{\"@type\":\"WebSite\",\"@id\":\"https:\/\/kruze.ee\/et\/#website\",\"url\":\"https:\/\/kruze.ee\/et\/\",\"name\":\"Kruze.ee\",\"description\":\"Reklaamkingitused, tr&uuml;kiga T-s&auml;rgid, fliisid, dressipluused, tekstiil, joped ja paljud teised logoga meened, &Auml;rikingitused sinu partnerile! Telli juba t&auml;na.\",\"potentialAction\":[{\"@type\":\"SearchAction\",\"target\":{\"@type\":\"EntryPoint\",\"urlTemplate\":\"https:\/\/kruze.ee\/et\/?s={search_term_string}\"},\"query-input\":{\"@type\":\"PropertyValueSpecification\",\"valueRequired\":true,\"valueName\":\"search_term_string\"}}],\"inLanguage\":\"et\"}]}<\/script>\n<!-- \/ Yoast SEO plugin. -->","yoast_head_json":{"title":"T\u00e4idetav RCS-sertifikaadiga taaskasutatud plastist tugev Kipsinuga - Kruze.ee","robots":{"index":"index","follow":"follow","max-snippet":"max-snippet:-1","max-image-preview":"max-image-preview:large","max-video-preview":"max-video-preview:-1"},"canonical":"https:\/\/kruze.ee\/et\/toode\/taidetav-rcs-sertifikaadiga-taaskasutatud-plastist-tugev-kipsinuga\/","og_locale":"et_EE","og_type":"article","og_title":"T\u00e4idetav RCS-sertifikaadiga taaskasutatud plastist tugev Kipsinuga - Kruze.ee","og_description":"Taaskasutatud plastist t\u00e4idetav ja RCS-sertifikaadiga tugev l\u00f5ikur, valmistatud RCS (Recycled Claim Standard) sertifitseeritud ABS-ist, TPE-st ja roostevabast...","og_url":"https:\/\/kruze.ee\/et\/toode\/taidetav-rcs-sertifikaadiga-taaskasutatud-plastist-tugev-kipsinuga\/","og_site_name":"Kruze.ee","article_modified_time":"2026-03-16T21:49:16+00:00","twitter_card":"summary_large_image","twitter_misc":{"Est. reading time":"1 minut"},"schema":{"@context":"https:\/\/schema.org","@graph":[{"@type":"WebPage","@id":"https:\/\/kruze.ee\/et\/toode\/taidetav-rcs-sertifikaadiga-taaskasutatud-plastist-tugev-kipsinuga\/","url":"https:\/\/kruze.ee\/et\/toode\/taidetav-rcs-sertifikaadiga-taaskasutatud-plastist-tugev-kipsinuga\/","name":"T\u00e4idetav RCS-sertifikaadiga taaskasutatud plastist tugev Kipsinuga - Kruze.ee","isPartOf":{"@id":"https:\/\/kruze.ee\/et\/#website"},"datePublished":"2026-01-12T18:48:18+00:00","dateModified":"2026-03-16T21:49:16+00:00","breadcrumb":{"@id":"https:\/\/kruze.ee\/et\/toode\/taidetav-rcs-sertifikaadiga-taaskasutatud-plastist-tugev-kipsinuga\/#breadcrumb"},"inLanguage":"et","potentialAction":[{"@type":"ReadAction","target":["https:\/\/kruze.ee\/et\/toode\/taidetav-rcs-sertifikaadiga-taaskasutatud-plastist-tugev-kipsinuga\/"]}]},{"@type":"BreadcrumbList","@id":"https:\/\/kruze.ee\/et\/toode\/taidetav-rcs-sertifikaadiga-taaskasutatud-plastist-tugev-kipsinuga\/#breadcrumb","itemListElement":[{"@type":"ListItem","position":1,"name":"Home","item":"https:\/\/kruze.ee\/et\/"},{"@type":"ListItem","position":2,"name":"Tooted","item":"https:\/\/kruze.ee\/et\/tooted\/"},{"@type":"ListItem","position":3,"name":"T\u00e4idetav RCS-sertifikaadiga taaskasutatud plastist tugev Kipsinuga"}]},{"@type":"WebSite","@id":"https:\/\/kruze.ee\/et\/#website","url":"https:\/\/kruze.ee\/et\/","name":"Kruze.ee","description":"Reklaamkingitused, tr&uuml;kiga T-s&auml;rgid, fliisid, dressipluused, tekstiil, joped ja paljud teised logoga meened, &Auml;rikingitused sinu partnerile! Telli juba t&auml;na.","potentialAction":[{"@type":"SearchAction","target":{"@type":"EntryPoint","urlTemplate":"https:\/\/kruze.ee\/et\/?s={search_term_string}"},"query-input":{"@type":"PropertyValueSpecification","valueRequired":true,"valueName":"search_term_string"}}],"inLanguage":"et"}]}},"_links":{"self":[{"href":"https:\/\/kruze.ee\/et\/wp-json\/wp\/v2\/product\/1433959","targetHints":{"allow":["GET"]}}],"collection":[{"href":"https:\/\/kruze.ee\/et\/wp-json\/wp\/v2\/product"}],"about":[{"href":"https:\/\/kruze.ee\/et\/wp-json\/wp\/v2\/types\/product"}],"wp:attachment":[{"href":"https:\/\/kruze.ee\/et\/wp-json\/wp\/v2\/media?parent=1433959"}],"wp:term":[{"taxonomy":"product_brand","embeddable":true,"href":"https:\/\/kruze.ee\/et\/wp-json\/wp\/v2\/product_brand?post=1433959"},{"taxonomy":"product_cat","embeddable":true,"href":"https:\/\/kruze.ee\/et\/wp-json\/wp\/v2\/product_cat?post=1433959"},{"taxonomy":"product_tag","embeddable":true,"href":"https:\/\/kruze.ee\/et\/wp-json\/wp\/v2\/product_tag?post=1433959"}],"curies":[{"name":"wp","href":"https:\/\/api.w.org\/{rel}","templated":true}]}}