{"id":1433957,"date":"2026-01-12T21:06:22","date_gmt":"2026-01-12T18:06:22","guid":{"rendered":"https:\/\/kruze.ee\/product\/bellroy-classic-weekender-45-l-reisikott\/"},"modified":"2026-03-17T00:58:10","modified_gmt":"2026-03-16T21:58:10","slug":"bellroy-classic-weekender-45-l-reisikott","status":"publish","type":"product","link":"https:\/\/kruze.ee\/et\/toode\/bellroy-classic-weekender-45-l-reisikott\/","title":{"rendered":"Bellroy Classic Weekender 45 l reisikott"},"content":{"rendered":"<p>Trukkidega kinnitatavad otsad v\u00f5imaldavad laia avaga pakkimist. V\u00e4line kiire ligip\u00e4\u00e4suga tasku v\u00f5tmeklambriga. Sees libistatavad taskud v\u00e4iksematele esemetele. K\u00f5rgemal asuv v\u00f5rkmaterjalist lukuga tasku v\u00e4\u00e4risesemete jaoks. Tugevad, rullitud servadega sangad. Haaramisaasad m\u00f5lemas otsas. Eemaldatav polsterdatud \u00f5larihm.<\/p>\n","protected":false},"excerpt":{"rendered":"<p>Trukkidega kinnitatavad otsad v\u00f5imaldavad laia avaga pakkimist. V\u00e4line kiire ligip\u00e4\u00e4suga tasku v\u00f5tmeklambriga. Sees libistatavad taskud v\u00e4iksematele esemetele&#8230;.<\/p>\n","protected":false},"featured_media":0,"template":"","meta":[],"product_brand":[],"product_cat":[5444],"product_tag":[],"class_list":{"0":"post-1433957","1":"product","2":"type-product","3":"status-publish","5":"product_cat-muud-meened","6":"pa_gender-uniseks","7":"pa_gender-unisex","11":"first","12":"instock","13":"purchasable","14":"product-type-simple"},"acf":[],"yoast_head":"<!-- This site is optimized with the Yoast SEO plugin v26.0 - https:\/\/yoast.com\/wordpress\/plugins\/seo\/ -->\n<title>Bellroy Classic Weekender 45 l reisikott - Kruze.ee<\/title>\n<meta name=\"robots\" content=\"index, follow, max-snippet:-1, max-image-preview:large, max-video-preview:-1\" \/>\n<link rel=\"canonical\" href=\"https:\/\/kruze.ee\/et\/toode\/bellroy-classic-weekender-45-l-reisikott\/\" \/>\n<meta property=\"og:locale\" content=\"et_EE\" \/>\n<meta property=\"og:type\" content=\"article\" \/>\n<meta property=\"og:title\" content=\"Bellroy Classic Weekender 45 l reisikott - Kruze.ee\" \/>\n<meta property=\"og:description\" content=\"Trukkidega kinnitatavad otsad v\u00f5imaldavad laia avaga pakkimist. V\u00e4line kiire ligip\u00e4\u00e4suga tasku v\u00f5tmeklambriga. Sees libistatavad taskud v\u00e4iksematele esemetele....\" \/>\n<meta property=\"og:url\" content=\"https:\/\/kruze.ee\/et\/toode\/bellroy-classic-weekender-45-l-reisikott\/\" \/>\n<meta property=\"og:site_name\" content=\"Kruze.ee\" \/>\n<meta property=\"article:modified_time\" content=\"2026-03-16T21:58:10+00:00\" \/>\n<meta name=\"twitter:card\" content=\"summary_large_image\" \/>\n<script type=\"application\/ld+json\" class=\"yoast-schema-graph\">{\"@context\":\"https:\/\/schema.org\",\"@graph\":[{\"@type\":\"WebPage\",\"@id\":\"https:\/\/kruze.ee\/et\/toode\/bellroy-classic-weekender-45-l-reisikott\/\",\"url\":\"https:\/\/kruze.ee\/et\/toode\/bellroy-classic-weekender-45-l-reisikott\/\",\"name\":\"Bellroy Classic Weekender 45 l reisikott - Kruze.ee\",\"isPartOf\":{\"@id\":\"https:\/\/kruze.ee\/et\/#website\"},\"datePublished\":\"2026-01-12T18:06:22+00:00\",\"dateModified\":\"2026-03-16T21:58:10+00:00\",\"breadcrumb\":{\"@id\":\"https:\/\/kruze.ee\/et\/toode\/bellroy-classic-weekender-45-l-reisikott\/#breadcrumb\"},\"inLanguage\":\"et\",\"potentialAction\":[{\"@type\":\"ReadAction\",\"target\":[\"https:\/\/kruze.ee\/et\/toode\/bellroy-classic-weekender-45-l-reisikott\/\"]}]},{\"@type\":\"BreadcrumbList\",\"@id\":\"https:\/\/kruze.ee\/et\/toode\/bellroy-classic-weekender-45-l-reisikott\/#breadcrumb\",\"itemListElement\":[{\"@type\":\"ListItem\",\"position\":1,\"name\":\"Home\",\"item\":\"https:\/\/kruze.ee\/et\/\"},{\"@type\":\"ListItem\",\"position\":2,\"name\":\"Tooted\",\"item\":\"https:\/\/kruze.ee\/et\/tooted\/\"},{\"@type\":\"ListItem\",\"position\":3,\"name\":\"Bellroy Classic Weekender 45 l reisikott\"}]},{\"@type\":\"WebSite\",\"@id\":\"https:\/\/kruze.ee\/et\/#website\",\"url\":\"https:\/\/kruze.ee\/et\/\",\"name\":\"Kruze.ee\",\"description\":\"Reklaamkingitused, tr&uuml;kiga T-s&auml;rgid, fliisid, dressipluused, tekstiil, joped ja paljud teised logoga meened, &Auml;rikingitused sinu partnerile! Telli juba t&auml;na.\",\"potentialAction\":[{\"@type\":\"SearchAction\",\"target\":{\"@type\":\"EntryPoint\",\"urlTemplate\":\"https:\/\/kruze.ee\/et\/?s={search_term_string}\"},\"query-input\":{\"@type\":\"PropertyValueSpecification\",\"valueRequired\":true,\"valueName\":\"search_term_string\"}}],\"inLanguage\":\"et\"}]}<\/script>\n<!-- \/ Yoast SEO plugin. -->","yoast_head_json":{"title":"Bellroy Classic Weekender 45 l reisikott - Kruze.ee","robots":{"index":"index","follow":"follow","max-snippet":"max-snippet:-1","max-image-preview":"max-image-preview:large","max-video-preview":"max-video-preview:-1"},"canonical":"https:\/\/kruze.ee\/et\/toode\/bellroy-classic-weekender-45-l-reisikott\/","og_locale":"et_EE","og_type":"article","og_title":"Bellroy Classic Weekender 45 l reisikott - Kruze.ee","og_description":"Trukkidega kinnitatavad otsad v\u00f5imaldavad laia avaga pakkimist. V\u00e4line kiire ligip\u00e4\u00e4suga tasku v\u00f5tmeklambriga. Sees libistatavad taskud v\u00e4iksematele esemetele....","og_url":"https:\/\/kruze.ee\/et\/toode\/bellroy-classic-weekender-45-l-reisikott\/","og_site_name":"Kruze.ee","article_modified_time":"2026-03-16T21:58:10+00:00","twitter_card":"summary_large_image","schema":{"@context":"https:\/\/schema.org","@graph":[{"@type":"WebPage","@id":"https:\/\/kruze.ee\/et\/toode\/bellroy-classic-weekender-45-l-reisikott\/","url":"https:\/\/kruze.ee\/et\/toode\/bellroy-classic-weekender-45-l-reisikott\/","name":"Bellroy Classic Weekender 45 l reisikott - Kruze.ee","isPartOf":{"@id":"https:\/\/kruze.ee\/et\/#website"},"datePublished":"2026-01-12T18:06:22+00:00","dateModified":"2026-03-16T21:58:10+00:00","breadcrumb":{"@id":"https:\/\/kruze.ee\/et\/toode\/bellroy-classic-weekender-45-l-reisikott\/#breadcrumb"},"inLanguage":"et","potentialAction":[{"@type":"ReadAction","target":["https:\/\/kruze.ee\/et\/toode\/bellroy-classic-weekender-45-l-reisikott\/"]}]},{"@type":"BreadcrumbList","@id":"https:\/\/kruze.ee\/et\/toode\/bellroy-classic-weekender-45-l-reisikott\/#breadcrumb","itemListElement":[{"@type":"ListItem","position":1,"name":"Home","item":"https:\/\/kruze.ee\/et\/"},{"@type":"ListItem","position":2,"name":"Tooted","item":"https:\/\/kruze.ee\/et\/tooted\/"},{"@type":"ListItem","position":3,"name":"Bellroy Classic Weekender 45 l reisikott"}]},{"@type":"WebSite","@id":"https:\/\/kruze.ee\/et\/#website","url":"https:\/\/kruze.ee\/et\/","name":"Kruze.ee","description":"Reklaamkingitused, tr&uuml;kiga T-s&auml;rgid, fliisid, dressipluused, tekstiil, joped ja paljud teised logoga meened, &Auml;rikingitused sinu partnerile! Telli juba t&auml;na.","potentialAction":[{"@type":"SearchAction","target":{"@type":"EntryPoint","urlTemplate":"https:\/\/kruze.ee\/et\/?s={search_term_string}"},"query-input":{"@type":"PropertyValueSpecification","valueRequired":true,"valueName":"search_term_string"}}],"inLanguage":"et"}]}},"_links":{"self":[{"href":"https:\/\/kruze.ee\/et\/wp-json\/wp\/v2\/product\/1433957","targetHints":{"allow":["GET"]}}],"collection":[{"href":"https:\/\/kruze.ee\/et\/wp-json\/wp\/v2\/product"}],"about":[{"href":"https:\/\/kruze.ee\/et\/wp-json\/wp\/v2\/types\/product"}],"wp:attachment":[{"href":"https:\/\/kruze.ee\/et\/wp-json\/wp\/v2\/media?parent=1433957"}],"wp:term":[{"taxonomy":"product_brand","embeddable":true,"href":"https:\/\/kruze.ee\/et\/wp-json\/wp\/v2\/product_brand?post=1433957"},{"taxonomy":"product_cat","embeddable":true,"href":"https:\/\/kruze.ee\/et\/wp-json\/wp\/v2\/product_cat?post=1433957"},{"taxonomy":"product_tag","embeddable":true,"href":"https:\/\/kruze.ee\/et\/wp-json\/wp\/v2\/product_tag?post=1433957"}],"curies":[{"name":"wp","href":"https:\/\/api.w.org\/{rel}","templated":true}]}}