{"id":1433955,"date":"2026-01-12T21:06:18","date_gmt":"2026-01-12T18:06:18","guid":{"rendered":"https:\/\/kruze.ee\/product\/bellroy-classic-seljakott\/"},"modified":"2026-03-17T00:58:10","modified_gmt":"2026-03-16T21:58:10","slug":"bellroy-classic-seljakott","status":"publish","type":"product","link":"https:\/\/kruze.ee\/et\/toode\/bellroy-classic-seljakott\/","title":{"rendered":"Bellroy Classic seljakott"},"content":{"rendered":"<p>Mahutab s\u00fclearvuteid kuni 16&#8243;. Polsterdatud iPadi \/ A5-dokumentide tasku koos pastaka hoidjaga. Esitasku ja sisemine v\u00f5rkmaterjalist lukuga tasku v\u00e4\u00e4risesemete jaoks. Veekindel \u00fclemine tasku v\u00e4ikese telefoni ja v\u00f5tmete jaoks. Mugavad \u00f5larihmad, t\u00e4iustatud seljapolsterdus ja kiire haaramise sang. Veekindel kootud kangas, valmistatud RPET-ist. Sisemine Apple AirTag\u2019i tasku.<\/p>\n","protected":false},"excerpt":{"rendered":"<p>Mahutab s\u00fclearvuteid kuni 16&#8243;. Polsterdatud iPadi \/ A5-dokumentide tasku koos pastaka hoidjaga. Esitasku ja sisemine v\u00f5rkmaterjalist lukuga tasku v\u00e4\u00e4risesemete&#8230;<\/p>\n","protected":false},"featured_media":0,"template":"","meta":[],"product_brand":[],"product_cat":[5392],"product_tag":[],"class_list":{"0":"post-1433955","1":"product","2":"type-product","3":"status-publish","5":"product_cat-logoga-seljakotid","6":"pa_gender-uniseks","7":"pa_gender-unisex","11":"first","12":"instock","13":"purchasable","14":"product-type-simple"},"acf":[],"yoast_head":"<!-- This site is optimized with the Yoast SEO plugin v26.0 - https:\/\/yoast.com\/wordpress\/plugins\/seo\/ -->\n<title>Bellroy Classic seljakott - Kruze.ee<\/title>\n<meta name=\"robots\" content=\"index, follow, max-snippet:-1, max-image-preview:large, max-video-preview:-1\" \/>\n<link rel=\"canonical\" href=\"https:\/\/kruze.ee\/et\/toode\/bellroy-classic-seljakott\/\" \/>\n<meta property=\"og:locale\" content=\"et_EE\" \/>\n<meta property=\"og:type\" content=\"article\" \/>\n<meta property=\"og:title\" content=\"Bellroy Classic seljakott - Kruze.ee\" \/>\n<meta property=\"og:description\" content=\"Mahutab s\u00fclearvuteid kuni 16&quot;. Polsterdatud iPadi \/ A5-dokumentide tasku koos pastaka hoidjaga. Esitasku ja sisemine v\u00f5rkmaterjalist lukuga tasku v\u00e4\u00e4risesemete...\" \/>\n<meta property=\"og:url\" content=\"https:\/\/kruze.ee\/et\/toode\/bellroy-classic-seljakott\/\" \/>\n<meta property=\"og:site_name\" content=\"Kruze.ee\" \/>\n<meta property=\"article:modified_time\" content=\"2026-03-16T21:58:10+00:00\" \/>\n<meta name=\"twitter:card\" content=\"summary_large_image\" \/>\n<script type=\"application\/ld+json\" class=\"yoast-schema-graph\">{\"@context\":\"https:\/\/schema.org\",\"@graph\":[{\"@type\":\"WebPage\",\"@id\":\"https:\/\/kruze.ee\/et\/toode\/bellroy-classic-seljakott\/\",\"url\":\"https:\/\/kruze.ee\/et\/toode\/bellroy-classic-seljakott\/\",\"name\":\"Bellroy Classic seljakott - Kruze.ee\",\"isPartOf\":{\"@id\":\"https:\/\/kruze.ee\/et\/#website\"},\"datePublished\":\"2026-01-12T18:06:18+00:00\",\"dateModified\":\"2026-03-16T21:58:10+00:00\",\"breadcrumb\":{\"@id\":\"https:\/\/kruze.ee\/et\/toode\/bellroy-classic-seljakott\/#breadcrumb\"},\"inLanguage\":\"et\",\"potentialAction\":[{\"@type\":\"ReadAction\",\"target\":[\"https:\/\/kruze.ee\/et\/toode\/bellroy-classic-seljakott\/\"]}]},{\"@type\":\"BreadcrumbList\",\"@id\":\"https:\/\/kruze.ee\/et\/toode\/bellroy-classic-seljakott\/#breadcrumb\",\"itemListElement\":[{\"@type\":\"ListItem\",\"position\":1,\"name\":\"Home\",\"item\":\"https:\/\/kruze.ee\/et\/\"},{\"@type\":\"ListItem\",\"position\":2,\"name\":\"Tooted\",\"item\":\"https:\/\/kruze.ee\/et\/tooted\/\"},{\"@type\":\"ListItem\",\"position\":3,\"name\":\"Bellroy Classic seljakott\"}]},{\"@type\":\"WebSite\",\"@id\":\"https:\/\/kruze.ee\/et\/#website\",\"url\":\"https:\/\/kruze.ee\/et\/\",\"name\":\"Kruze.ee\",\"description\":\"Reklaamkingitused, tr&uuml;kiga T-s&auml;rgid, fliisid, dressipluused, tekstiil, joped ja paljud teised logoga meened, &Auml;rikingitused sinu partnerile! Telli juba t&auml;na.\",\"potentialAction\":[{\"@type\":\"SearchAction\",\"target\":{\"@type\":\"EntryPoint\",\"urlTemplate\":\"https:\/\/kruze.ee\/et\/?s={search_term_string}\"},\"query-input\":{\"@type\":\"PropertyValueSpecification\",\"valueRequired\":true,\"valueName\":\"search_term_string\"}}],\"inLanguage\":\"et\"}]}<\/script>\n<!-- \/ Yoast SEO plugin. -->","yoast_head_json":{"title":"Bellroy Classic seljakott - Kruze.ee","robots":{"index":"index","follow":"follow","max-snippet":"max-snippet:-1","max-image-preview":"max-image-preview:large","max-video-preview":"max-video-preview:-1"},"canonical":"https:\/\/kruze.ee\/et\/toode\/bellroy-classic-seljakott\/","og_locale":"et_EE","og_type":"article","og_title":"Bellroy Classic seljakott - Kruze.ee","og_description":"Mahutab s\u00fclearvuteid kuni 16\". Polsterdatud iPadi \/ A5-dokumentide tasku koos pastaka hoidjaga. Esitasku ja sisemine v\u00f5rkmaterjalist lukuga tasku v\u00e4\u00e4risesemete...","og_url":"https:\/\/kruze.ee\/et\/toode\/bellroy-classic-seljakott\/","og_site_name":"Kruze.ee","article_modified_time":"2026-03-16T21:58:10+00:00","twitter_card":"summary_large_image","schema":{"@context":"https:\/\/schema.org","@graph":[{"@type":"WebPage","@id":"https:\/\/kruze.ee\/et\/toode\/bellroy-classic-seljakott\/","url":"https:\/\/kruze.ee\/et\/toode\/bellroy-classic-seljakott\/","name":"Bellroy Classic seljakott - Kruze.ee","isPartOf":{"@id":"https:\/\/kruze.ee\/et\/#website"},"datePublished":"2026-01-12T18:06:18+00:00","dateModified":"2026-03-16T21:58:10+00:00","breadcrumb":{"@id":"https:\/\/kruze.ee\/et\/toode\/bellroy-classic-seljakott\/#breadcrumb"},"inLanguage":"et","potentialAction":[{"@type":"ReadAction","target":["https:\/\/kruze.ee\/et\/toode\/bellroy-classic-seljakott\/"]}]},{"@type":"BreadcrumbList","@id":"https:\/\/kruze.ee\/et\/toode\/bellroy-classic-seljakott\/#breadcrumb","itemListElement":[{"@type":"ListItem","position":1,"name":"Home","item":"https:\/\/kruze.ee\/et\/"},{"@type":"ListItem","position":2,"name":"Tooted","item":"https:\/\/kruze.ee\/et\/tooted\/"},{"@type":"ListItem","position":3,"name":"Bellroy Classic seljakott"}]},{"@type":"WebSite","@id":"https:\/\/kruze.ee\/et\/#website","url":"https:\/\/kruze.ee\/et\/","name":"Kruze.ee","description":"Reklaamkingitused, tr&uuml;kiga T-s&auml;rgid, fliisid, dressipluused, tekstiil, joped ja paljud teised logoga meened, &Auml;rikingitused sinu partnerile! Telli juba t&auml;na.","potentialAction":[{"@type":"SearchAction","target":{"@type":"EntryPoint","urlTemplate":"https:\/\/kruze.ee\/et\/?s={search_term_string}"},"query-input":{"@type":"PropertyValueSpecification","valueRequired":true,"valueName":"search_term_string"}}],"inLanguage":"et"}]}},"_links":{"self":[{"href":"https:\/\/kruze.ee\/et\/wp-json\/wp\/v2\/product\/1433955","targetHints":{"allow":["GET"]}}],"collection":[{"href":"https:\/\/kruze.ee\/et\/wp-json\/wp\/v2\/product"}],"about":[{"href":"https:\/\/kruze.ee\/et\/wp-json\/wp\/v2\/types\/product"}],"wp:attachment":[{"href":"https:\/\/kruze.ee\/et\/wp-json\/wp\/v2\/media?parent=1433955"}],"wp:term":[{"taxonomy":"product_brand","embeddable":true,"href":"https:\/\/kruze.ee\/et\/wp-json\/wp\/v2\/product_brand?post=1433955"},{"taxonomy":"product_cat","embeddable":true,"href":"https:\/\/kruze.ee\/et\/wp-json\/wp\/v2\/product_cat?post=1433955"},{"taxonomy":"product_tag","embeddable":true,"href":"https:\/\/kruze.ee\/et\/wp-json\/wp\/v2\/product_tag?post=1433955"}],"curies":[{"name":"wp","href":"https:\/\/api.w.org\/{rel}","templated":true}]}}