{"id":1433953,"date":"2026-01-12T21:06:14","date_gmt":"2026-01-12T18:06:14","guid":{"rendered":"https:\/\/kruze.ee\/product\/bellroy-transit-seljakott\/"},"modified":"2026-03-17T00:58:09","modified_gmt":"2026-03-16T21:58:09","slug":"bellroy-transit-seljakott","status":"publish","type":"product","link":"https:\/\/kruze.ee\/et\/toode\/bellroy-transit-seljakott\/","title":{"rendered":"Bellroy Transit seljakott"},"content":{"rendered":"<p>Lisamahutavusega seljakott, mis kohandub nii pikkadeks t\u00f6\u00f6les\u00f5itudeks, seiklusreisideks kui ka \u00e4rireisideks.<br \/>\nKiire ligip\u00e4\u00e4suga 16-tolline s\u00fclearvutitasku lihtsaks lennujaamakontrolliks. V\u00e4lise ligip\u00e4\u00e4suga taskud hoiavad diskreetselt passi, rahakotti, veepudelit ja muud vajalikku. Esitasku v\u00f5tmeklambriga. Pehme voodriga p\u00e4ikeseprillide tasku. Polsterdatud \u00f5larihmad, ergonoomiline seljapaneel ja rinnarihm tagavad kandmismugavuse. Sisemised kompressioonirihmad aitavad v\u00e4hendada mahtu ja hoiavad esemed paigal. Sisemine Apple AirTag\u2019i tasku.<\/p>\n","protected":false},"excerpt":{"rendered":"<p>Lisamahutavusega seljakott, mis kohandub nii pikkadeks t\u00f6\u00f6les\u00f5itudeks, seiklusreisideks kui ka \u00e4rireisideks.<br \/>\nKiire ligip\u00e4\u00e4suga 16-tolline s\u00fclearvutitasku&#8230;<\/p>\n","protected":false},"featured_media":0,"template":"","meta":[],"product_brand":[],"product_cat":[5392],"product_tag":[],"class_list":{"0":"post-1433953","1":"product","2":"type-product","3":"status-publish","5":"product_cat-logoga-seljakotid","6":"pa_gender-uniseks","7":"pa_gender-unisex","11":"first","12":"instock","13":"purchasable","14":"product-type-simple"},"acf":[],"yoast_head":"<!-- This site is optimized with the Yoast SEO plugin v26.0 - https:\/\/yoast.com\/wordpress\/plugins\/seo\/ -->\n<title>Bellroy Transit seljakott - Kruze.ee<\/title>\n<meta name=\"robots\" content=\"index, follow, max-snippet:-1, max-image-preview:large, max-video-preview:-1\" \/>\n<link rel=\"canonical\" href=\"https:\/\/kruze.ee\/et\/toode\/bellroy-transit-seljakott\/\" \/>\n<meta property=\"og:locale\" content=\"et_EE\" \/>\n<meta property=\"og:type\" content=\"article\" \/>\n<meta property=\"og:title\" content=\"Bellroy Transit seljakott - Kruze.ee\" \/>\n<meta property=\"og:description\" content=\"Lisamahutavusega seljakott, mis kohandub nii pikkadeks t\u00f6\u00f6les\u00f5itudeks, seiklusreisideks kui ka \u00e4rireisideks. Kiire ligip\u00e4\u00e4suga 16-tolline s\u00fclearvutitasku...\" \/>\n<meta property=\"og:url\" content=\"https:\/\/kruze.ee\/et\/toode\/bellroy-transit-seljakott\/\" \/>\n<meta property=\"og:site_name\" content=\"Kruze.ee\" \/>\n<meta property=\"article:modified_time\" content=\"2026-03-16T21:58:09+00:00\" \/>\n<meta name=\"twitter:card\" content=\"summary_large_image\" \/>\n<script type=\"application\/ld+json\" class=\"yoast-schema-graph\">{\"@context\":\"https:\/\/schema.org\",\"@graph\":[{\"@type\":\"WebPage\",\"@id\":\"https:\/\/kruze.ee\/et\/toode\/bellroy-transit-seljakott\/\",\"url\":\"https:\/\/kruze.ee\/et\/toode\/bellroy-transit-seljakott\/\",\"name\":\"Bellroy Transit seljakott - Kruze.ee\",\"isPartOf\":{\"@id\":\"https:\/\/kruze.ee\/et\/#website\"},\"datePublished\":\"2026-01-12T18:06:14+00:00\",\"dateModified\":\"2026-03-16T21:58:09+00:00\",\"breadcrumb\":{\"@id\":\"https:\/\/kruze.ee\/et\/toode\/bellroy-transit-seljakott\/#breadcrumb\"},\"inLanguage\":\"et\",\"potentialAction\":[{\"@type\":\"ReadAction\",\"target\":[\"https:\/\/kruze.ee\/et\/toode\/bellroy-transit-seljakott\/\"]}]},{\"@type\":\"BreadcrumbList\",\"@id\":\"https:\/\/kruze.ee\/et\/toode\/bellroy-transit-seljakott\/#breadcrumb\",\"itemListElement\":[{\"@type\":\"ListItem\",\"position\":1,\"name\":\"Home\",\"item\":\"https:\/\/kruze.ee\/et\/\"},{\"@type\":\"ListItem\",\"position\":2,\"name\":\"Tooted\",\"item\":\"https:\/\/kruze.ee\/et\/tooted\/\"},{\"@type\":\"ListItem\",\"position\":3,\"name\":\"Bellroy Transit seljakott\"}]},{\"@type\":\"WebSite\",\"@id\":\"https:\/\/kruze.ee\/et\/#website\",\"url\":\"https:\/\/kruze.ee\/et\/\",\"name\":\"Kruze.ee\",\"description\":\"Reklaamkingitused, tr&uuml;kiga T-s&auml;rgid, fliisid, dressipluused, tekstiil, joped ja paljud teised logoga meened, &Auml;rikingitused sinu partnerile! Telli juba t&auml;na.\",\"potentialAction\":[{\"@type\":\"SearchAction\",\"target\":{\"@type\":\"EntryPoint\",\"urlTemplate\":\"https:\/\/kruze.ee\/et\/?s={search_term_string}\"},\"query-input\":{\"@type\":\"PropertyValueSpecification\",\"valueRequired\":true,\"valueName\":\"search_term_string\"}}],\"inLanguage\":\"et\"}]}<\/script>\n<!-- \/ Yoast SEO plugin. -->","yoast_head_json":{"title":"Bellroy Transit seljakott - Kruze.ee","robots":{"index":"index","follow":"follow","max-snippet":"max-snippet:-1","max-image-preview":"max-image-preview:large","max-video-preview":"max-video-preview:-1"},"canonical":"https:\/\/kruze.ee\/et\/toode\/bellroy-transit-seljakott\/","og_locale":"et_EE","og_type":"article","og_title":"Bellroy Transit seljakott - Kruze.ee","og_description":"Lisamahutavusega seljakott, mis kohandub nii pikkadeks t\u00f6\u00f6les\u00f5itudeks, seiklusreisideks kui ka \u00e4rireisideks. Kiire ligip\u00e4\u00e4suga 16-tolline s\u00fclearvutitasku...","og_url":"https:\/\/kruze.ee\/et\/toode\/bellroy-transit-seljakott\/","og_site_name":"Kruze.ee","article_modified_time":"2026-03-16T21:58:09+00:00","twitter_card":"summary_large_image","schema":{"@context":"https:\/\/schema.org","@graph":[{"@type":"WebPage","@id":"https:\/\/kruze.ee\/et\/toode\/bellroy-transit-seljakott\/","url":"https:\/\/kruze.ee\/et\/toode\/bellroy-transit-seljakott\/","name":"Bellroy Transit seljakott - Kruze.ee","isPartOf":{"@id":"https:\/\/kruze.ee\/et\/#website"},"datePublished":"2026-01-12T18:06:14+00:00","dateModified":"2026-03-16T21:58:09+00:00","breadcrumb":{"@id":"https:\/\/kruze.ee\/et\/toode\/bellroy-transit-seljakott\/#breadcrumb"},"inLanguage":"et","potentialAction":[{"@type":"ReadAction","target":["https:\/\/kruze.ee\/et\/toode\/bellroy-transit-seljakott\/"]}]},{"@type":"BreadcrumbList","@id":"https:\/\/kruze.ee\/et\/toode\/bellroy-transit-seljakott\/#breadcrumb","itemListElement":[{"@type":"ListItem","position":1,"name":"Home","item":"https:\/\/kruze.ee\/et\/"},{"@type":"ListItem","position":2,"name":"Tooted","item":"https:\/\/kruze.ee\/et\/tooted\/"},{"@type":"ListItem","position":3,"name":"Bellroy Transit seljakott"}]},{"@type":"WebSite","@id":"https:\/\/kruze.ee\/et\/#website","url":"https:\/\/kruze.ee\/et\/","name":"Kruze.ee","description":"Reklaamkingitused, tr&uuml;kiga T-s&auml;rgid, fliisid, dressipluused, tekstiil, joped ja paljud teised logoga meened, &Auml;rikingitused sinu partnerile! Telli juba t&auml;na.","potentialAction":[{"@type":"SearchAction","target":{"@type":"EntryPoint","urlTemplate":"https:\/\/kruze.ee\/et\/?s={search_term_string}"},"query-input":{"@type":"PropertyValueSpecification","valueRequired":true,"valueName":"search_term_string"}}],"inLanguage":"et"}]}},"_links":{"self":[{"href":"https:\/\/kruze.ee\/et\/wp-json\/wp\/v2\/product\/1433953","targetHints":{"allow":["GET"]}}],"collection":[{"href":"https:\/\/kruze.ee\/et\/wp-json\/wp\/v2\/product"}],"about":[{"href":"https:\/\/kruze.ee\/et\/wp-json\/wp\/v2\/types\/product"}],"wp:attachment":[{"href":"https:\/\/kruze.ee\/et\/wp-json\/wp\/v2\/media?parent=1433953"}],"wp:term":[{"taxonomy":"product_brand","embeddable":true,"href":"https:\/\/kruze.ee\/et\/wp-json\/wp\/v2\/product_brand?post=1433953"},{"taxonomy":"product_cat","embeddable":true,"href":"https:\/\/kruze.ee\/et\/wp-json\/wp\/v2\/product_cat?post=1433953"},{"taxonomy":"product_tag","embeddable":true,"href":"https:\/\/kruze.ee\/et\/wp-json\/wp\/v2\/product_tag?post=1433953"}],"curies":[{"name":"wp","href":"https:\/\/api.w.org\/{rel}","templated":true}]}}