{"id":1433951,"date":"2026-01-12T21:06:10","date_gmt":"2026-01-12T18:06:10","guid":{"rendered":"https:\/\/kruze.ee\/product\/bellroy-transit-workpack-seljakott\/"},"modified":"2026-03-17T00:58:09","modified_gmt":"2026-03-16T21:58:09","slug":"bellroy-transit-workpack-seljakott","status":"publish","type":"product","link":"https:\/\/kruze.ee\/et\/toode\/bellroy-transit-workpack-seljakott\/","title":{"rendered":"Bellroy Transit Workpack seljakott"},"content":{"rendered":"<p>See voolujooneline seljakott korraldab nutikalt t\u00f6\u00f6-, igap\u00e4eva- ja trennivarustuse minimalistlikus disainis, mis sobib ka kontorikeskkonda.<br \/>\nEraldi s\u00fclearvutiosa koos sisemise tarvikutetaskuga mahutab seadmeid kuni 16&#8243;. T\u00e4islukuga klapiga (clamshell) avaus tagab lihtsa ligip\u00e4\u00e4su ilma kotis sobrata. Kiire ligip\u00e4\u00e4suga esitasku v\u00f5rkmaterjalist vahetaskute ja pastakahoidjaga. \u00dclaosas pehme voodriga p\u00e4ikeseprillide tasku, kaitstuna muljumise eest. V\u00e4lised k\u00fclgmised ligip\u00e4\u00e4suga taskud hoiavad m\u00e4rkamatult rahakotti, veepudelit ja muid esmatarbeid. Sisemine lukuga v\u00f5rktasku v\u00e4iksemate igap\u00e4evaste esemete jaoks. Suur sisemine veniv tasku mahutab trennijalan\u00f5ud ja palju muud.<\/p>\n","protected":false},"excerpt":{"rendered":"<p>See voolujooneline seljakott korraldab nutikalt t\u00f6\u00f6-, igap\u00e4eva- ja trennivarustuse minimalistlikus disainis, mis sobib ka kontorikeskkonda.<br \/>\nEraldi&#8230;<\/p>\n","protected":false},"featured_media":0,"template":"","meta":[],"product_brand":[],"product_cat":[5392],"product_tag":[],"class_list":{"0":"post-1433951","1":"product","2":"type-product","3":"status-publish","5":"product_cat-logoga-seljakotid","6":"pa_gender-uniseks","7":"pa_gender-unisex","11":"first","12":"instock","13":"purchasable","14":"product-type-simple"},"acf":[],"yoast_head":"<!-- This site is optimized with the Yoast SEO plugin v26.0 - https:\/\/yoast.com\/wordpress\/plugins\/seo\/ -->\n<title>Bellroy Transit Workpack seljakott - Kruze.ee<\/title>\n<meta name=\"robots\" content=\"index, follow, max-snippet:-1, max-image-preview:large, max-video-preview:-1\" \/>\n<link rel=\"canonical\" href=\"https:\/\/kruze.ee\/et\/toode\/bellroy-transit-workpack-seljakott\/\" \/>\n<meta property=\"og:locale\" content=\"et_EE\" \/>\n<meta property=\"og:type\" content=\"article\" \/>\n<meta property=\"og:title\" content=\"Bellroy Transit Workpack seljakott - Kruze.ee\" \/>\n<meta property=\"og:description\" content=\"See voolujooneline seljakott korraldab nutikalt t\u00f6\u00f6-, igap\u00e4eva- ja trennivarustuse minimalistlikus disainis, mis sobib ka kontorikeskkonda. Eraldi...\" \/>\n<meta property=\"og:url\" content=\"https:\/\/kruze.ee\/et\/toode\/bellroy-transit-workpack-seljakott\/\" \/>\n<meta property=\"og:site_name\" content=\"Kruze.ee\" \/>\n<meta property=\"article:modified_time\" content=\"2026-03-16T21:58:09+00:00\" \/>\n<meta name=\"twitter:card\" content=\"summary_large_image\" \/>\n<script type=\"application\/ld+json\" class=\"yoast-schema-graph\">{\"@context\":\"https:\/\/schema.org\",\"@graph\":[{\"@type\":\"WebPage\",\"@id\":\"https:\/\/kruze.ee\/et\/toode\/bellroy-transit-workpack-seljakott\/\",\"url\":\"https:\/\/kruze.ee\/et\/toode\/bellroy-transit-workpack-seljakott\/\",\"name\":\"Bellroy Transit Workpack seljakott - Kruze.ee\",\"isPartOf\":{\"@id\":\"https:\/\/kruze.ee\/et\/#website\"},\"datePublished\":\"2026-01-12T18:06:10+00:00\",\"dateModified\":\"2026-03-16T21:58:09+00:00\",\"breadcrumb\":{\"@id\":\"https:\/\/kruze.ee\/et\/toode\/bellroy-transit-workpack-seljakott\/#breadcrumb\"},\"inLanguage\":\"et\",\"potentialAction\":[{\"@type\":\"ReadAction\",\"target\":[\"https:\/\/kruze.ee\/et\/toode\/bellroy-transit-workpack-seljakott\/\"]}]},{\"@type\":\"BreadcrumbList\",\"@id\":\"https:\/\/kruze.ee\/et\/toode\/bellroy-transit-workpack-seljakott\/#breadcrumb\",\"itemListElement\":[{\"@type\":\"ListItem\",\"position\":1,\"name\":\"Home\",\"item\":\"https:\/\/kruze.ee\/et\/\"},{\"@type\":\"ListItem\",\"position\":2,\"name\":\"Tooted\",\"item\":\"https:\/\/kruze.ee\/et\/tooted\/\"},{\"@type\":\"ListItem\",\"position\":3,\"name\":\"Bellroy Transit Workpack seljakott\"}]},{\"@type\":\"WebSite\",\"@id\":\"https:\/\/kruze.ee\/et\/#website\",\"url\":\"https:\/\/kruze.ee\/et\/\",\"name\":\"Kruze.ee\",\"description\":\"Reklaamkingitused, tr&uuml;kiga T-s&auml;rgid, fliisid, dressipluused, tekstiil, joped ja paljud teised logoga meened, &Auml;rikingitused sinu partnerile! Telli juba t&auml;na.\",\"potentialAction\":[{\"@type\":\"SearchAction\",\"target\":{\"@type\":\"EntryPoint\",\"urlTemplate\":\"https:\/\/kruze.ee\/et\/?s={search_term_string}\"},\"query-input\":{\"@type\":\"PropertyValueSpecification\",\"valueRequired\":true,\"valueName\":\"search_term_string\"}}],\"inLanguage\":\"et\"}]}<\/script>\n<!-- \/ Yoast SEO plugin. -->","yoast_head_json":{"title":"Bellroy Transit Workpack seljakott - Kruze.ee","robots":{"index":"index","follow":"follow","max-snippet":"max-snippet:-1","max-image-preview":"max-image-preview:large","max-video-preview":"max-video-preview:-1"},"canonical":"https:\/\/kruze.ee\/et\/toode\/bellroy-transit-workpack-seljakott\/","og_locale":"et_EE","og_type":"article","og_title":"Bellroy Transit Workpack seljakott - Kruze.ee","og_description":"See voolujooneline seljakott korraldab nutikalt t\u00f6\u00f6-, igap\u00e4eva- ja trennivarustuse minimalistlikus disainis, mis sobib ka kontorikeskkonda. Eraldi...","og_url":"https:\/\/kruze.ee\/et\/toode\/bellroy-transit-workpack-seljakott\/","og_site_name":"Kruze.ee","article_modified_time":"2026-03-16T21:58:09+00:00","twitter_card":"summary_large_image","schema":{"@context":"https:\/\/schema.org","@graph":[{"@type":"WebPage","@id":"https:\/\/kruze.ee\/et\/toode\/bellroy-transit-workpack-seljakott\/","url":"https:\/\/kruze.ee\/et\/toode\/bellroy-transit-workpack-seljakott\/","name":"Bellroy Transit Workpack seljakott - Kruze.ee","isPartOf":{"@id":"https:\/\/kruze.ee\/et\/#website"},"datePublished":"2026-01-12T18:06:10+00:00","dateModified":"2026-03-16T21:58:09+00:00","breadcrumb":{"@id":"https:\/\/kruze.ee\/et\/toode\/bellroy-transit-workpack-seljakott\/#breadcrumb"},"inLanguage":"et","potentialAction":[{"@type":"ReadAction","target":["https:\/\/kruze.ee\/et\/toode\/bellroy-transit-workpack-seljakott\/"]}]},{"@type":"BreadcrumbList","@id":"https:\/\/kruze.ee\/et\/toode\/bellroy-transit-workpack-seljakott\/#breadcrumb","itemListElement":[{"@type":"ListItem","position":1,"name":"Home","item":"https:\/\/kruze.ee\/et\/"},{"@type":"ListItem","position":2,"name":"Tooted","item":"https:\/\/kruze.ee\/et\/tooted\/"},{"@type":"ListItem","position":3,"name":"Bellroy Transit Workpack seljakott"}]},{"@type":"WebSite","@id":"https:\/\/kruze.ee\/et\/#website","url":"https:\/\/kruze.ee\/et\/","name":"Kruze.ee","description":"Reklaamkingitused, tr&uuml;kiga T-s&auml;rgid, fliisid, dressipluused, tekstiil, joped ja paljud teised logoga meened, &Auml;rikingitused sinu partnerile! Telli juba t&auml;na.","potentialAction":[{"@type":"SearchAction","target":{"@type":"EntryPoint","urlTemplate":"https:\/\/kruze.ee\/et\/?s={search_term_string}"},"query-input":{"@type":"PropertyValueSpecification","valueRequired":true,"valueName":"search_term_string"}}],"inLanguage":"et"}]}},"_links":{"self":[{"href":"https:\/\/kruze.ee\/et\/wp-json\/wp\/v2\/product\/1433951","targetHints":{"allow":["GET"]}}],"collection":[{"href":"https:\/\/kruze.ee\/et\/wp-json\/wp\/v2\/product"}],"about":[{"href":"https:\/\/kruze.ee\/et\/wp-json\/wp\/v2\/types\/product"}],"wp:attachment":[{"href":"https:\/\/kruze.ee\/et\/wp-json\/wp\/v2\/media?parent=1433951"}],"wp:term":[{"taxonomy":"product_brand","embeddable":true,"href":"https:\/\/kruze.ee\/et\/wp-json\/wp\/v2\/product_brand?post=1433951"},{"taxonomy":"product_cat","embeddable":true,"href":"https:\/\/kruze.ee\/et\/wp-json\/wp\/v2\/product_cat?post=1433951"},{"taxonomy":"product_tag","embeddable":true,"href":"https:\/\/kruze.ee\/et\/wp-json\/wp\/v2\/product_tag?post=1433951"}],"curies":[{"name":"wp","href":"https:\/\/api.w.org\/{rel}","templated":true}]}}