{"id":1433939,"date":"2026-01-12T21:05:57","date_gmt":"2026-01-12T18:05:57","guid":{"rendered":"https:\/\/kruze.ee\/product\/armond-aware-rpet-156-tolline-deluxe-sulearvuti-seljakott\/"},"modified":"2026-03-17T00:58:06","modified_gmt":"2026-03-16T21:58:06","slug":"armond-aware-rpet-156-tolline-deluxe-sulearvuti-seljakott","status":"publish","type":"product","link":"https:\/\/kruze.ee\/et\/toode\/armond-aware-rpet-156-tolline-deluxe-sulearvuti-seljakott\/","title":{"rendered":"Armond AWARE\u2122 RPET 15,6-tolline deluxe s\u00fclearvuti seljakott"},"content":{"rendered":"<p>Puhas ja minimalistlik disain teeb selle seljakoti v\u00e4ga mitmek\u00fclgseks ning sobivaks nii t\u00f6\u00f6ks kui ka vaba aja veetmiseks.<br \/>\nSee on piisavalt esinduslik n\u00f5upidamisteruumi jaoks, kuid pakub samas k\u00f5iki seljakoti mugavusi ja kandmismugavust. Eraldi polsterdatud tagumine s\u00fclearvutitasku kaitseb kuni 15,6-tollist s\u00fclearvutit. Mugav ja kiiresti ligip\u00e4\u00e4setav \u00fclemine tasku v\u00f5imaldab turvakontrollis v\u00f5i tollis h\u00f5lpsasti k\u00e4tte saada olulised esemed, nagu pass, pilet v\u00f5i nutitelefon. Sisemised v\u00f5rktaskud hoiavad v\u00e4iksemad tarvikud korrastatult. K\u00fcljel on pagasisilt. Valmistatud taaskasutatud pol\u00fcestrist, millesse on integreeritud AWARE\u2122 j\u00e4lgimistehnoloogia. 2% iga AWARE\u2122-m\u00e4rgistusega toote m\u00fc\u00fcgitulust annetatakse organisatsioonile Water.org.<\/p>\n","protected":false},"excerpt":{"rendered":"<p>Puhas ja minimalistlik disain teeb selle seljakoti v\u00e4ga mitmek\u00fclgseks ning sobivaks nii t\u00f6\u00f6ks kui ka vaba aja veetmiseks.<br \/>\nSee on piisavalt esinduslik&#8230;<\/p>\n","protected":false},"featured_media":0,"template":"","meta":[],"product_brand":[],"product_cat":[5392],"product_tag":[],"class_list":{"0":"post-1433939","1":"product","2":"type-product","3":"status-publish","5":"product_cat-logoga-seljakotid","6":"pa_brand-xd-xclusive-2","7":"pa_color-beez","8":"pa_color-black-2","9":"pa_color-blue-2","10":"pa_gender-uniseks","11":"pa_gender-unisex","14":"pa_material-rpetrpet","16":"first","17":"instock","18":"taxable","19":"shipping-taxable","20":"purchasable","21":"product-type-variable"},"acf":[],"yoast_head":"<!-- This site is optimized with the Yoast SEO plugin v26.0 - https:\/\/yoast.com\/wordpress\/plugins\/seo\/ -->\n<title>Armond AWARE\u2122 RPET 15,6-tolline deluxe s\u00fclearvuti seljakott - Kruze.ee<\/title>\n<meta name=\"robots\" content=\"index, follow, max-snippet:-1, max-image-preview:large, max-video-preview:-1\" \/>\n<link rel=\"canonical\" href=\"https:\/\/kruze.ee\/et\/toode\/armond-aware-rpet-156-tolline-deluxe-sulearvuti-seljakott\/\" \/>\n<meta property=\"og:locale\" content=\"et_EE\" \/>\n<meta property=\"og:type\" content=\"article\" \/>\n<meta property=\"og:title\" content=\"Armond AWARE\u2122 RPET 15,6-tolline deluxe s\u00fclearvuti seljakott - Kruze.ee\" \/>\n<meta property=\"og:description\" content=\"Puhas ja minimalistlik disain teeb selle seljakoti v\u00e4ga mitmek\u00fclgseks ning sobivaks nii t\u00f6\u00f6ks kui ka vaba aja veetmiseks. See on piisavalt esinduslik...\" \/>\n<meta property=\"og:url\" content=\"https:\/\/kruze.ee\/et\/toode\/armond-aware-rpet-156-tolline-deluxe-sulearvuti-seljakott\/\" \/>\n<meta property=\"og:site_name\" content=\"Kruze.ee\" \/>\n<meta property=\"article:modified_time\" content=\"2026-03-16T21:58:06+00:00\" \/>\n<meta name=\"twitter:card\" content=\"summary_large_image\" \/>\n<meta name=\"twitter:label1\" content=\"Est. reading time\" \/>\n\t<meta name=\"twitter:data1\" content=\"1 minut\" \/>\n<script type=\"application\/ld+json\" class=\"yoast-schema-graph\">{\"@context\":\"https:\/\/schema.org\",\"@graph\":[{\"@type\":\"WebPage\",\"@id\":\"https:\/\/kruze.ee\/et\/toode\/armond-aware-rpet-156-tolline-deluxe-sulearvuti-seljakott\/\",\"url\":\"https:\/\/kruze.ee\/et\/toode\/armond-aware-rpet-156-tolline-deluxe-sulearvuti-seljakott\/\",\"name\":\"Armond AWARE\u2122 RPET 15,6-tolline deluxe s\u00fclearvuti seljakott - Kruze.ee\",\"isPartOf\":{\"@id\":\"https:\/\/kruze.ee\/et\/#website\"},\"datePublished\":\"2026-01-12T18:05:57+00:00\",\"dateModified\":\"2026-03-16T21:58:06+00:00\",\"breadcrumb\":{\"@id\":\"https:\/\/kruze.ee\/et\/toode\/armond-aware-rpet-156-tolline-deluxe-sulearvuti-seljakott\/#breadcrumb\"},\"inLanguage\":\"et\",\"potentialAction\":[{\"@type\":\"ReadAction\",\"target\":[\"https:\/\/kruze.ee\/et\/toode\/armond-aware-rpet-156-tolline-deluxe-sulearvuti-seljakott\/\"]}]},{\"@type\":\"BreadcrumbList\",\"@id\":\"https:\/\/kruze.ee\/et\/toode\/armond-aware-rpet-156-tolline-deluxe-sulearvuti-seljakott\/#breadcrumb\",\"itemListElement\":[{\"@type\":\"ListItem\",\"position\":1,\"name\":\"Home\",\"item\":\"https:\/\/kruze.ee\/et\/\"},{\"@type\":\"ListItem\",\"position\":2,\"name\":\"Tooted\",\"item\":\"https:\/\/kruze.ee\/et\/tooted\/\"},{\"@type\":\"ListItem\",\"position\":3,\"name\":\"Armond AWARE\u2122 RPET 15,6-tolline deluxe s\u00fclearvuti seljakott\"}]},{\"@type\":\"WebSite\",\"@id\":\"https:\/\/kruze.ee\/et\/#website\",\"url\":\"https:\/\/kruze.ee\/et\/\",\"name\":\"Kruze.ee\",\"description\":\"Reklaamkingitused, tr&uuml;kiga T-s&auml;rgid, fliisid, dressipluused, tekstiil, joped ja paljud teised logoga meened, &Auml;rikingitused sinu partnerile! Telli juba t&auml;na.\",\"potentialAction\":[{\"@type\":\"SearchAction\",\"target\":{\"@type\":\"EntryPoint\",\"urlTemplate\":\"https:\/\/kruze.ee\/et\/?s={search_term_string}\"},\"query-input\":{\"@type\":\"PropertyValueSpecification\",\"valueRequired\":true,\"valueName\":\"search_term_string\"}}],\"inLanguage\":\"et\"}]}<\/script>\n<!-- \/ Yoast SEO plugin. -->","yoast_head_json":{"title":"Armond AWARE\u2122 RPET 15,6-tolline deluxe s\u00fclearvuti seljakott - Kruze.ee","robots":{"index":"index","follow":"follow","max-snippet":"max-snippet:-1","max-image-preview":"max-image-preview:large","max-video-preview":"max-video-preview:-1"},"canonical":"https:\/\/kruze.ee\/et\/toode\/armond-aware-rpet-156-tolline-deluxe-sulearvuti-seljakott\/","og_locale":"et_EE","og_type":"article","og_title":"Armond AWARE\u2122 RPET 15,6-tolline deluxe s\u00fclearvuti seljakott - Kruze.ee","og_description":"Puhas ja minimalistlik disain teeb selle seljakoti v\u00e4ga mitmek\u00fclgseks ning sobivaks nii t\u00f6\u00f6ks kui ka vaba aja veetmiseks. See on piisavalt esinduslik...","og_url":"https:\/\/kruze.ee\/et\/toode\/armond-aware-rpet-156-tolline-deluxe-sulearvuti-seljakott\/","og_site_name":"Kruze.ee","article_modified_time":"2026-03-16T21:58:06+00:00","twitter_card":"summary_large_image","twitter_misc":{"Est. reading time":"1 minut"},"schema":{"@context":"https:\/\/schema.org","@graph":[{"@type":"WebPage","@id":"https:\/\/kruze.ee\/et\/toode\/armond-aware-rpet-156-tolline-deluxe-sulearvuti-seljakott\/","url":"https:\/\/kruze.ee\/et\/toode\/armond-aware-rpet-156-tolline-deluxe-sulearvuti-seljakott\/","name":"Armond AWARE\u2122 RPET 15,6-tolline deluxe s\u00fclearvuti seljakott - Kruze.ee","isPartOf":{"@id":"https:\/\/kruze.ee\/et\/#website"},"datePublished":"2026-01-12T18:05:57+00:00","dateModified":"2026-03-16T21:58:06+00:00","breadcrumb":{"@id":"https:\/\/kruze.ee\/et\/toode\/armond-aware-rpet-156-tolline-deluxe-sulearvuti-seljakott\/#breadcrumb"},"inLanguage":"et","potentialAction":[{"@type":"ReadAction","target":["https:\/\/kruze.ee\/et\/toode\/armond-aware-rpet-156-tolline-deluxe-sulearvuti-seljakott\/"]}]},{"@type":"BreadcrumbList","@id":"https:\/\/kruze.ee\/et\/toode\/armond-aware-rpet-156-tolline-deluxe-sulearvuti-seljakott\/#breadcrumb","itemListElement":[{"@type":"ListItem","position":1,"name":"Home","item":"https:\/\/kruze.ee\/et\/"},{"@type":"ListItem","position":2,"name":"Tooted","item":"https:\/\/kruze.ee\/et\/tooted\/"},{"@type":"ListItem","position":3,"name":"Armond AWARE\u2122 RPET 15,6-tolline deluxe s\u00fclearvuti seljakott"}]},{"@type":"WebSite","@id":"https:\/\/kruze.ee\/et\/#website","url":"https:\/\/kruze.ee\/et\/","name":"Kruze.ee","description":"Reklaamkingitused, tr&uuml;kiga T-s&auml;rgid, fliisid, dressipluused, tekstiil, joped ja paljud teised logoga meened, &Auml;rikingitused sinu partnerile! Telli juba t&auml;na.","potentialAction":[{"@type":"SearchAction","target":{"@type":"EntryPoint","urlTemplate":"https:\/\/kruze.ee\/et\/?s={search_term_string}"},"query-input":{"@type":"PropertyValueSpecification","valueRequired":true,"valueName":"search_term_string"}}],"inLanguage":"et"}]}},"_links":{"self":[{"href":"https:\/\/kruze.ee\/et\/wp-json\/wp\/v2\/product\/1433939","targetHints":{"allow":["GET"]}}],"collection":[{"href":"https:\/\/kruze.ee\/et\/wp-json\/wp\/v2\/product"}],"about":[{"href":"https:\/\/kruze.ee\/et\/wp-json\/wp\/v2\/types\/product"}],"wp:attachment":[{"href":"https:\/\/kruze.ee\/et\/wp-json\/wp\/v2\/media?parent=1433939"}],"wp:term":[{"taxonomy":"product_brand","embeddable":true,"href":"https:\/\/kruze.ee\/et\/wp-json\/wp\/v2\/product_brand?post=1433939"},{"taxonomy":"product_cat","embeddable":true,"href":"https:\/\/kruze.ee\/et\/wp-json\/wp\/v2\/product_cat?post=1433939"},{"taxonomy":"product_tag","embeddable":true,"href":"https:\/\/kruze.ee\/et\/wp-json\/wp\/v2\/product_tag?post=1433939"}],"curies":[{"name":"wp","href":"https:\/\/api.w.org\/{rel}","templated":true}]}}