{"id":1433923,"date":"2026-01-12T21:05:43","date_gmt":"2026-01-12T18:05:43","guid":{"rendered":"https:\/\/kruze.ee\/product\/pascal-aware-rpet-deluxe-nadalavahetuse-seljakott\/"},"modified":"2026-03-17T00:58:03","modified_gmt":"2026-03-16T21:58:03","slug":"pascal-aware-rpet-deluxe-nadalavahetuse-seljakott","status":"publish","type":"product","link":"https:\/\/kruze.ee\/et\/toode\/pascal-aware-rpet-deluxe-nadalavahetuse-seljakott\/","title":{"rendered":"Pascal AWARE\u2122 RPET deluxe n\u00e4dalavahetuse seljakott"},"content":{"rendered":"<p>Pascal paistab silma oma elegantse disaini poolest ning on veelgi mahukam, kui esmapilgul arvata v\u00f5iks.<br \/>\nSeljakotil on kaks suurt ja praktilist esitaskut, mis v\u00f5imaldavad h\u00f5lpsalt hoiustada k\u00f5iki vajalikke esemeid. Sisemise luku avamisel saab luua \u00fche suure p\u00f5hisahtli. Kolm v\u00f5rktaskut tagavad oluliste esemete kiire ligip\u00e4\u00e4su. Seljakoti k\u00fcljel asuv lukk v\u00f5imaldab mugavat ligip\u00e4\u00e4su polsterdatud s\u00fclearvutitaskule, kuhu mahub kuni 15,6-tolline s\u00fclearvuti. Valmistatud taaskasutatud pol\u00fcestrist, millesse on integreeritud AWARE\u2122 j\u00e4lgimistehnoloogia. 2% iga AWARE\u2122-m\u00e4rgistusega toote m\u00fc\u00fcgitulust annetatakse organisatsioonile Water.org.<\/p>\n","protected":false},"excerpt":{"rendered":"<p>Pascal paistab silma oma elegantse disaini poolest ning on veelgi mahukam, kui esmapilgul arvata v\u00f5iks.<br \/>\nSeljakotil on kaks suurt ja praktilist esitaskut, mis&#8230;<\/p>\n","protected":false},"featured_media":0,"template":"","meta":[],"product_brand":[],"product_cat":[5392],"product_tag":[],"class_list":{"0":"post-1433923","1":"product","2":"type-product","3":"status-publish","5":"product_cat-logoga-seljakotid","6":"pa_brand-xd-xclusive-2","7":"pa_color-beez","8":"pa_color-black-2","9":"pa_color-blue-2","10":"pa_gender-uniseks","11":"pa_gender-unisex","14":"pa_material-rpetpolyurethane","16":"first","17":"instock","18":"taxable","19":"shipping-taxable","20":"purchasable","21":"product-type-variable"},"acf":[],"yoast_head":"<!-- This site is optimized with the Yoast SEO plugin v26.0 - https:\/\/yoast.com\/wordpress\/plugins\/seo\/ -->\n<title>Pascal AWARE\u2122 RPET deluxe n\u00e4dalavahetuse seljakott - Kruze.ee<\/title>\n<meta name=\"robots\" content=\"index, follow, max-snippet:-1, max-image-preview:large, max-video-preview:-1\" \/>\n<link rel=\"canonical\" href=\"https:\/\/kruze.ee\/et\/toode\/pascal-aware-rpet-deluxe-nadalavahetuse-seljakott\/\" \/>\n<meta property=\"og:locale\" content=\"et_EE\" \/>\n<meta property=\"og:type\" content=\"article\" \/>\n<meta property=\"og:title\" content=\"Pascal AWARE\u2122 RPET deluxe n\u00e4dalavahetuse seljakott - Kruze.ee\" \/>\n<meta property=\"og:description\" content=\"Pascal paistab silma oma elegantse disaini poolest ning on veelgi mahukam, kui esmapilgul arvata v\u00f5iks. Seljakotil on kaks suurt ja praktilist esitaskut, mis...\" \/>\n<meta property=\"og:url\" content=\"https:\/\/kruze.ee\/et\/toode\/pascal-aware-rpet-deluxe-nadalavahetuse-seljakott\/\" \/>\n<meta property=\"og:site_name\" content=\"Kruze.ee\" \/>\n<meta property=\"article:modified_time\" content=\"2026-03-16T21:58:03+00:00\" \/>\n<meta name=\"twitter:card\" content=\"summary_large_image\" \/>\n<meta name=\"twitter:label1\" content=\"Est. reading time\" \/>\n\t<meta name=\"twitter:data1\" content=\"1 minut\" \/>\n<script type=\"application\/ld+json\" class=\"yoast-schema-graph\">{\"@context\":\"https:\/\/schema.org\",\"@graph\":[{\"@type\":\"WebPage\",\"@id\":\"https:\/\/kruze.ee\/et\/toode\/pascal-aware-rpet-deluxe-nadalavahetuse-seljakott\/\",\"url\":\"https:\/\/kruze.ee\/et\/toode\/pascal-aware-rpet-deluxe-nadalavahetuse-seljakott\/\",\"name\":\"Pascal AWARE\u2122 RPET deluxe n\u00e4dalavahetuse seljakott - Kruze.ee\",\"isPartOf\":{\"@id\":\"https:\/\/kruze.ee\/et\/#website\"},\"datePublished\":\"2026-01-12T18:05:43+00:00\",\"dateModified\":\"2026-03-16T21:58:03+00:00\",\"breadcrumb\":{\"@id\":\"https:\/\/kruze.ee\/et\/toode\/pascal-aware-rpet-deluxe-nadalavahetuse-seljakott\/#breadcrumb\"},\"inLanguage\":\"et\",\"potentialAction\":[{\"@type\":\"ReadAction\",\"target\":[\"https:\/\/kruze.ee\/et\/toode\/pascal-aware-rpet-deluxe-nadalavahetuse-seljakott\/\"]}]},{\"@type\":\"BreadcrumbList\",\"@id\":\"https:\/\/kruze.ee\/et\/toode\/pascal-aware-rpet-deluxe-nadalavahetuse-seljakott\/#breadcrumb\",\"itemListElement\":[{\"@type\":\"ListItem\",\"position\":1,\"name\":\"Home\",\"item\":\"https:\/\/kruze.ee\/et\/\"},{\"@type\":\"ListItem\",\"position\":2,\"name\":\"Tooted\",\"item\":\"https:\/\/kruze.ee\/et\/tooted\/\"},{\"@type\":\"ListItem\",\"position\":3,\"name\":\"Pascal AWARE\u2122 RPET deluxe n\u00e4dalavahetuse seljakott\"}]},{\"@type\":\"WebSite\",\"@id\":\"https:\/\/kruze.ee\/et\/#website\",\"url\":\"https:\/\/kruze.ee\/et\/\",\"name\":\"Kruze.ee\",\"description\":\"Reklaamkingitused, tr&uuml;kiga T-s&auml;rgid, fliisid, dressipluused, tekstiil, joped ja paljud teised logoga meened, &Auml;rikingitused sinu partnerile! Telli juba t&auml;na.\",\"potentialAction\":[{\"@type\":\"SearchAction\",\"target\":{\"@type\":\"EntryPoint\",\"urlTemplate\":\"https:\/\/kruze.ee\/et\/?s={search_term_string}\"},\"query-input\":{\"@type\":\"PropertyValueSpecification\",\"valueRequired\":true,\"valueName\":\"search_term_string\"}}],\"inLanguage\":\"et\"}]}<\/script>\n<!-- \/ Yoast SEO plugin. -->","yoast_head_json":{"title":"Pascal AWARE\u2122 RPET deluxe n\u00e4dalavahetuse seljakott - Kruze.ee","robots":{"index":"index","follow":"follow","max-snippet":"max-snippet:-1","max-image-preview":"max-image-preview:large","max-video-preview":"max-video-preview:-1"},"canonical":"https:\/\/kruze.ee\/et\/toode\/pascal-aware-rpet-deluxe-nadalavahetuse-seljakott\/","og_locale":"et_EE","og_type":"article","og_title":"Pascal AWARE\u2122 RPET deluxe n\u00e4dalavahetuse seljakott - Kruze.ee","og_description":"Pascal paistab silma oma elegantse disaini poolest ning on veelgi mahukam, kui esmapilgul arvata v\u00f5iks. Seljakotil on kaks suurt ja praktilist esitaskut, mis...","og_url":"https:\/\/kruze.ee\/et\/toode\/pascal-aware-rpet-deluxe-nadalavahetuse-seljakott\/","og_site_name":"Kruze.ee","article_modified_time":"2026-03-16T21:58:03+00:00","twitter_card":"summary_large_image","twitter_misc":{"Est. reading time":"1 minut"},"schema":{"@context":"https:\/\/schema.org","@graph":[{"@type":"WebPage","@id":"https:\/\/kruze.ee\/et\/toode\/pascal-aware-rpet-deluxe-nadalavahetuse-seljakott\/","url":"https:\/\/kruze.ee\/et\/toode\/pascal-aware-rpet-deluxe-nadalavahetuse-seljakott\/","name":"Pascal AWARE\u2122 RPET deluxe n\u00e4dalavahetuse seljakott - Kruze.ee","isPartOf":{"@id":"https:\/\/kruze.ee\/et\/#website"},"datePublished":"2026-01-12T18:05:43+00:00","dateModified":"2026-03-16T21:58:03+00:00","breadcrumb":{"@id":"https:\/\/kruze.ee\/et\/toode\/pascal-aware-rpet-deluxe-nadalavahetuse-seljakott\/#breadcrumb"},"inLanguage":"et","potentialAction":[{"@type":"ReadAction","target":["https:\/\/kruze.ee\/et\/toode\/pascal-aware-rpet-deluxe-nadalavahetuse-seljakott\/"]}]},{"@type":"BreadcrumbList","@id":"https:\/\/kruze.ee\/et\/toode\/pascal-aware-rpet-deluxe-nadalavahetuse-seljakott\/#breadcrumb","itemListElement":[{"@type":"ListItem","position":1,"name":"Home","item":"https:\/\/kruze.ee\/et\/"},{"@type":"ListItem","position":2,"name":"Tooted","item":"https:\/\/kruze.ee\/et\/tooted\/"},{"@type":"ListItem","position":3,"name":"Pascal AWARE\u2122 RPET deluxe n\u00e4dalavahetuse seljakott"}]},{"@type":"WebSite","@id":"https:\/\/kruze.ee\/et\/#website","url":"https:\/\/kruze.ee\/et\/","name":"Kruze.ee","description":"Reklaamkingitused, tr&uuml;kiga T-s&auml;rgid, fliisid, dressipluused, tekstiil, joped ja paljud teised logoga meened, &Auml;rikingitused sinu partnerile! Telli juba t&auml;na.","potentialAction":[{"@type":"SearchAction","target":{"@type":"EntryPoint","urlTemplate":"https:\/\/kruze.ee\/et\/?s={search_term_string}"},"query-input":{"@type":"PropertyValueSpecification","valueRequired":true,"valueName":"search_term_string"}}],"inLanguage":"et"}]}},"_links":{"self":[{"href":"https:\/\/kruze.ee\/et\/wp-json\/wp\/v2\/product\/1433923","targetHints":{"allow":["GET"]}}],"collection":[{"href":"https:\/\/kruze.ee\/et\/wp-json\/wp\/v2\/product"}],"about":[{"href":"https:\/\/kruze.ee\/et\/wp-json\/wp\/v2\/types\/product"}],"wp:attachment":[{"href":"https:\/\/kruze.ee\/et\/wp-json\/wp\/v2\/media?parent=1433923"}],"wp:term":[{"taxonomy":"product_brand","embeddable":true,"href":"https:\/\/kruze.ee\/et\/wp-json\/wp\/v2\/product_brand?post=1433923"},{"taxonomy":"product_cat","embeddable":true,"href":"https:\/\/kruze.ee\/et\/wp-json\/wp\/v2\/product_cat?post=1433923"},{"taxonomy":"product_tag","embeddable":true,"href":"https:\/\/kruze.ee\/et\/wp-json\/wp\/v2\/product_tag?post=1433923"}],"curies":[{"name":"wp","href":"https:\/\/api.w.org\/{rel}","templated":true}]}}