{"id":1433899,"date":"2026-01-12T21:05:27","date_gmt":"2026-01-12T18:05:27","guid":{"rendered":"https:\/\/kruze.ee\/product\/crescent-aware-rpet-vookott\/"},"modified":"2026-03-17T00:57:59","modified_gmt":"2026-03-16T21:57:59","slug":"crescent-aware-rpet-vookott","status":"publish","type":"product","link":"https:\/\/kruze.ee\/et\/toode\/crescent-aware-rpet-vookott\/","title":{"rendered":"Crescent AWARE\u2122 RPET v\u00f6\u00f6kott"},"content":{"rendered":"<p>Avasta ideaalne kaaslane oma igap\u00e4evasteks liikumisteks \u2013 see mitmek\u00fclgne unisex-stiilis kott on valmistatud AWARE\u2122 taaskasutatud pol\u00fcestrist.<br \/>\nKeha ligi hoidev disain tagab mugavuse ja stiilse v\u00e4limuse aktiivse eluviisi jaoks. Vaatamata kompaktsele suurusele mahutab see h\u00f5lpsalt esmavajalikud esemed, nagu nutitelefoni ja rahakoti. Reguleeritav \u00f5larihm v\u00f5imaldab mugavat kandmist. AWARE\u2122 j\u00e4lgimistehnoloogia kinnitab taaskasutatud materjalide ehtsat kasutust. 2% iga AWARE\u2122-m\u00e4rgistusega toote m\u00fc\u00fcgitulust annetatakse organisatsioonile Water.org.<\/p>\n","protected":false},"excerpt":{"rendered":"<p>Avasta ideaalne kaaslane oma igap\u00e4evasteks liikumisteks \u2013 see mitmek\u00fclgne unisex-stiilis kott on valmistatud AWARE\u2122 taaskasutatud pol\u00fcestrist.<br \/>\nKeha ligi hoidev&#8230;<\/p>\n","protected":false},"featured_media":0,"template":"","meta":[],"product_brand":[],"product_cat":[5397],"product_tag":[],"class_list":{"0":"post-1433899","1":"product","2":"type-product","3":"status-publish","5":"product_cat-olakotid","6":"pa_brand-xd-collection","7":"pa_color-beez","8":"pa_color-hall","9":"pa_color-black-2","10":"pa_color-roheline","11":"pa_color-blue-2","12":"pa_gender-uniseks","13":"pa_gender-unisex","16":"pa_material-rpet","18":"first","19":"instock","20":"taxable","21":"shipping-taxable","22":"purchasable","23":"product-type-variable"},"acf":[],"yoast_head":"<!-- This site is optimized with the Yoast SEO plugin v26.0 - https:\/\/yoast.com\/wordpress\/plugins\/seo\/ -->\n<title>Crescent AWARE\u2122 RPET v\u00f6\u00f6kott - Kruze.ee<\/title>\n<meta name=\"robots\" content=\"index, follow, max-snippet:-1, max-image-preview:large, max-video-preview:-1\" \/>\n<link rel=\"canonical\" href=\"https:\/\/kruze.ee\/et\/toode\/crescent-aware-rpet-vookott\/\" \/>\n<meta property=\"og:locale\" content=\"et_EE\" \/>\n<meta property=\"og:type\" content=\"article\" \/>\n<meta property=\"og:title\" content=\"Crescent AWARE\u2122 RPET v\u00f6\u00f6kott - Kruze.ee\" \/>\n<meta property=\"og:description\" content=\"Avasta ideaalne kaaslane oma igap\u00e4evasteks liikumisteks \u2013 see mitmek\u00fclgne unisex-stiilis kott on valmistatud AWARE\u2122 taaskasutatud pol\u00fcestrist. Keha ligi hoidev...\" \/>\n<meta property=\"og:url\" content=\"https:\/\/kruze.ee\/et\/toode\/crescent-aware-rpet-vookott\/\" \/>\n<meta property=\"og:site_name\" content=\"Kruze.ee\" \/>\n<meta property=\"article:modified_time\" content=\"2026-03-16T21:57:59+00:00\" \/>\n<meta name=\"twitter:card\" content=\"summary_large_image\" \/>\n<script type=\"application\/ld+json\" class=\"yoast-schema-graph\">{\"@context\":\"https:\/\/schema.org\",\"@graph\":[{\"@type\":\"WebPage\",\"@id\":\"https:\/\/kruze.ee\/et\/toode\/crescent-aware-rpet-vookott\/\",\"url\":\"https:\/\/kruze.ee\/et\/toode\/crescent-aware-rpet-vookott\/\",\"name\":\"Crescent AWARE\u2122 RPET v\u00f6\u00f6kott - Kruze.ee\",\"isPartOf\":{\"@id\":\"https:\/\/kruze.ee\/et\/#website\"},\"datePublished\":\"2026-01-12T18:05:27+00:00\",\"dateModified\":\"2026-03-16T21:57:59+00:00\",\"breadcrumb\":{\"@id\":\"https:\/\/kruze.ee\/et\/toode\/crescent-aware-rpet-vookott\/#breadcrumb\"},\"inLanguage\":\"et\",\"potentialAction\":[{\"@type\":\"ReadAction\",\"target\":[\"https:\/\/kruze.ee\/et\/toode\/crescent-aware-rpet-vookott\/\"]}]},{\"@type\":\"BreadcrumbList\",\"@id\":\"https:\/\/kruze.ee\/et\/toode\/crescent-aware-rpet-vookott\/#breadcrumb\",\"itemListElement\":[{\"@type\":\"ListItem\",\"position\":1,\"name\":\"Home\",\"item\":\"https:\/\/kruze.ee\/et\/\"},{\"@type\":\"ListItem\",\"position\":2,\"name\":\"Tooted\",\"item\":\"https:\/\/kruze.ee\/et\/tooted\/\"},{\"@type\":\"ListItem\",\"position\":3,\"name\":\"Crescent AWARE\u2122 RPET v\u00f6\u00f6kott\"}]},{\"@type\":\"WebSite\",\"@id\":\"https:\/\/kruze.ee\/et\/#website\",\"url\":\"https:\/\/kruze.ee\/et\/\",\"name\":\"Kruze.ee\",\"description\":\"Reklaamkingitused, tr&uuml;kiga T-s&auml;rgid, fliisid, dressipluused, tekstiil, joped ja paljud teised logoga meened, &Auml;rikingitused sinu partnerile! Telli juba t&auml;na.\",\"potentialAction\":[{\"@type\":\"SearchAction\",\"target\":{\"@type\":\"EntryPoint\",\"urlTemplate\":\"https:\/\/kruze.ee\/et\/?s={search_term_string}\"},\"query-input\":{\"@type\":\"PropertyValueSpecification\",\"valueRequired\":true,\"valueName\":\"search_term_string\"}}],\"inLanguage\":\"et\"}]}<\/script>\n<!-- \/ Yoast SEO plugin. -->","yoast_head_json":{"title":"Crescent AWARE\u2122 RPET v\u00f6\u00f6kott - Kruze.ee","robots":{"index":"index","follow":"follow","max-snippet":"max-snippet:-1","max-image-preview":"max-image-preview:large","max-video-preview":"max-video-preview:-1"},"canonical":"https:\/\/kruze.ee\/et\/toode\/crescent-aware-rpet-vookott\/","og_locale":"et_EE","og_type":"article","og_title":"Crescent AWARE\u2122 RPET v\u00f6\u00f6kott - Kruze.ee","og_description":"Avasta ideaalne kaaslane oma igap\u00e4evasteks liikumisteks \u2013 see mitmek\u00fclgne unisex-stiilis kott on valmistatud AWARE\u2122 taaskasutatud pol\u00fcestrist. Keha ligi hoidev...","og_url":"https:\/\/kruze.ee\/et\/toode\/crescent-aware-rpet-vookott\/","og_site_name":"Kruze.ee","article_modified_time":"2026-03-16T21:57:59+00:00","twitter_card":"summary_large_image","schema":{"@context":"https:\/\/schema.org","@graph":[{"@type":"WebPage","@id":"https:\/\/kruze.ee\/et\/toode\/crescent-aware-rpet-vookott\/","url":"https:\/\/kruze.ee\/et\/toode\/crescent-aware-rpet-vookott\/","name":"Crescent AWARE\u2122 RPET v\u00f6\u00f6kott - Kruze.ee","isPartOf":{"@id":"https:\/\/kruze.ee\/et\/#website"},"datePublished":"2026-01-12T18:05:27+00:00","dateModified":"2026-03-16T21:57:59+00:00","breadcrumb":{"@id":"https:\/\/kruze.ee\/et\/toode\/crescent-aware-rpet-vookott\/#breadcrumb"},"inLanguage":"et","potentialAction":[{"@type":"ReadAction","target":["https:\/\/kruze.ee\/et\/toode\/crescent-aware-rpet-vookott\/"]}]},{"@type":"BreadcrumbList","@id":"https:\/\/kruze.ee\/et\/toode\/crescent-aware-rpet-vookott\/#breadcrumb","itemListElement":[{"@type":"ListItem","position":1,"name":"Home","item":"https:\/\/kruze.ee\/et\/"},{"@type":"ListItem","position":2,"name":"Tooted","item":"https:\/\/kruze.ee\/et\/tooted\/"},{"@type":"ListItem","position":3,"name":"Crescent AWARE\u2122 RPET v\u00f6\u00f6kott"}]},{"@type":"WebSite","@id":"https:\/\/kruze.ee\/et\/#website","url":"https:\/\/kruze.ee\/et\/","name":"Kruze.ee","description":"Reklaamkingitused, tr&uuml;kiga T-s&auml;rgid, fliisid, dressipluused, tekstiil, joped ja paljud teised logoga meened, &Auml;rikingitused sinu partnerile! Telli juba t&auml;na.","potentialAction":[{"@type":"SearchAction","target":{"@type":"EntryPoint","urlTemplate":"https:\/\/kruze.ee\/et\/?s={search_term_string}"},"query-input":{"@type":"PropertyValueSpecification","valueRequired":true,"valueName":"search_term_string"}}],"inLanguage":"et"}]}},"_links":{"self":[{"href":"https:\/\/kruze.ee\/et\/wp-json\/wp\/v2\/product\/1433899","targetHints":{"allow":["GET"]}}],"collection":[{"href":"https:\/\/kruze.ee\/et\/wp-json\/wp\/v2\/product"}],"about":[{"href":"https:\/\/kruze.ee\/et\/wp-json\/wp\/v2\/types\/product"}],"wp:attachment":[{"href":"https:\/\/kruze.ee\/et\/wp-json\/wp\/v2\/media?parent=1433899"}],"wp:term":[{"taxonomy":"product_brand","embeddable":true,"href":"https:\/\/kruze.ee\/et\/wp-json\/wp\/v2\/product_brand?post=1433899"},{"taxonomy":"product_cat","embeddable":true,"href":"https:\/\/kruze.ee\/et\/wp-json\/wp\/v2\/product_cat?post=1433899"},{"taxonomy":"product_tag","embeddable":true,"href":"https:\/\/kruze.ee\/et\/wp-json\/wp\/v2\/product_tag?post=1433899"}],"curies":[{"name":"wp","href":"https:\/\/api.w.org\/{rel}","templated":true}]}}