{"id":1433857,"date":"2026-01-12T21:04:57","date_gmt":"2026-01-12T18:04:57","guid":{"rendered":"https:\/\/kruze.ee\/product\/dillon-aware-rpet-kerge-kokkupandav-seljakott\/"},"modified":"2026-03-17T00:57:51","modified_gmt":"2026-03-16T21:57:51","slug":"dillon-aware-rpet-kerge-kokkupandav-seljakott","status":"publish","type":"product","link":"https:\/\/kruze.ee\/et\/toode\/dillon-aware-rpet-kerge-kokkupandav-seljakott\/","title":{"rendered":"Dillon AWARE\u2122 RPET kerge kokkupandav seljakott"},"content":{"rendered":"<p>Valmistu muretuks ja nauditavaks reisikogemuseks selle asendamatu seljakotiga.<br \/>\nT\u00e4nu nutikale rullitavale disainile saab selle kokkupandava seljakoti h\u00f5lpsasti paigutada sisseehitatud taskusse, muutes selle ideaalseks ruumis\u00e4\u00e4stlikuks lahenduseks reisimisel. Seljakott on erakordselt kerge ning kaalub vaid m\u00f5ne untsi, v\u00f5imaldades kaasa pakkida k\u00f5ik vajaliku ilma lisaraskuseta. Valmistatud 100% taaskasutatud pol\u00fcestrist, millesse on integreeritud AWARE\u2122 j\u00e4lgimistehnoloogia. 2% iga AWARE\u2122-m\u00e4rgistusega toote m\u00fc\u00fcgitulust annetatakse organisatsioonile Water.org.<\/p>\n","protected":false},"excerpt":{"rendered":"<p>Valmistu muretuks ja nauditavaks reisikogemuseks selle asendamatu seljakotiga.<br \/>\nT\u00e4nu nutikale rullitavale disainile saab selle kokkupandava seljakoti h\u00f5lpsasti&#8230;<\/p>\n","protected":false},"featured_media":0,"template":"","meta":[],"product_brand":[],"product_cat":[5392],"product_tag":[],"class_list":{"0":"post-1433857","1":"product","2":"type-product","3":"status-publish","5":"product_cat-logoga-seljakotid","6":"pa_brand-xd-collection","7":"pa_color-hall","8":"pa_color-black-2","9":"pa_color-punane","10":"pa_color-roheline","11":"pa_color-blue-2","12":"pa_color-valge","13":"pa_gender-uniseks","14":"pa_gender-unisex","17":"pa_material-rpet","19":"first","20":"instock","21":"taxable","22":"shipping-taxable","23":"purchasable","24":"product-type-variable"},"acf":[],"yoast_head":"<!-- This site is optimized with the Yoast SEO plugin v26.0 - https:\/\/yoast.com\/wordpress\/plugins\/seo\/ -->\n<title>Dillon AWARE\u2122 RPET kerge kokkupandav seljakott - Kruze.ee<\/title>\n<meta name=\"robots\" content=\"index, follow, max-snippet:-1, max-image-preview:large, max-video-preview:-1\" \/>\n<link rel=\"canonical\" href=\"https:\/\/kruze.ee\/et\/toode\/dillon-aware-rpet-kerge-kokkupandav-seljakott\/\" \/>\n<meta property=\"og:locale\" content=\"et_EE\" \/>\n<meta property=\"og:type\" content=\"article\" \/>\n<meta property=\"og:title\" content=\"Dillon AWARE\u2122 RPET kerge kokkupandav seljakott - Kruze.ee\" \/>\n<meta property=\"og:description\" content=\"Valmistu muretuks ja nauditavaks reisikogemuseks selle asendamatu seljakotiga. T\u00e4nu nutikale rullitavale disainile saab selle kokkupandava seljakoti h\u00f5lpsasti...\" \/>\n<meta property=\"og:url\" content=\"https:\/\/kruze.ee\/et\/toode\/dillon-aware-rpet-kerge-kokkupandav-seljakott\/\" \/>\n<meta property=\"og:site_name\" content=\"Kruze.ee\" \/>\n<meta property=\"article:modified_time\" content=\"2026-03-16T21:57:51+00:00\" \/>\n<meta name=\"twitter:card\" content=\"summary_large_image\" \/>\n<script type=\"application\/ld+json\" class=\"yoast-schema-graph\">{\"@context\":\"https:\/\/schema.org\",\"@graph\":[{\"@type\":\"WebPage\",\"@id\":\"https:\/\/kruze.ee\/et\/toode\/dillon-aware-rpet-kerge-kokkupandav-seljakott\/\",\"url\":\"https:\/\/kruze.ee\/et\/toode\/dillon-aware-rpet-kerge-kokkupandav-seljakott\/\",\"name\":\"Dillon AWARE\u2122 RPET kerge kokkupandav seljakott - Kruze.ee\",\"isPartOf\":{\"@id\":\"https:\/\/kruze.ee\/et\/#website\"},\"datePublished\":\"2026-01-12T18:04:57+00:00\",\"dateModified\":\"2026-03-16T21:57:51+00:00\",\"breadcrumb\":{\"@id\":\"https:\/\/kruze.ee\/et\/toode\/dillon-aware-rpet-kerge-kokkupandav-seljakott\/#breadcrumb\"},\"inLanguage\":\"et\",\"potentialAction\":[{\"@type\":\"ReadAction\",\"target\":[\"https:\/\/kruze.ee\/et\/toode\/dillon-aware-rpet-kerge-kokkupandav-seljakott\/\"]}]},{\"@type\":\"BreadcrumbList\",\"@id\":\"https:\/\/kruze.ee\/et\/toode\/dillon-aware-rpet-kerge-kokkupandav-seljakott\/#breadcrumb\",\"itemListElement\":[{\"@type\":\"ListItem\",\"position\":1,\"name\":\"Home\",\"item\":\"https:\/\/kruze.ee\/et\/\"},{\"@type\":\"ListItem\",\"position\":2,\"name\":\"Tooted\",\"item\":\"https:\/\/kruze.ee\/et\/tooted\/\"},{\"@type\":\"ListItem\",\"position\":3,\"name\":\"Dillon AWARE\u2122 RPET kerge kokkupandav seljakott\"}]},{\"@type\":\"WebSite\",\"@id\":\"https:\/\/kruze.ee\/et\/#website\",\"url\":\"https:\/\/kruze.ee\/et\/\",\"name\":\"Kruze.ee\",\"description\":\"Reklaamkingitused, tr&uuml;kiga T-s&auml;rgid, fliisid, dressipluused, tekstiil, joped ja paljud teised logoga meened, &Auml;rikingitused sinu partnerile! Telli juba t&auml;na.\",\"potentialAction\":[{\"@type\":\"SearchAction\",\"target\":{\"@type\":\"EntryPoint\",\"urlTemplate\":\"https:\/\/kruze.ee\/et\/?s={search_term_string}\"},\"query-input\":{\"@type\":\"PropertyValueSpecification\",\"valueRequired\":true,\"valueName\":\"search_term_string\"}}],\"inLanguage\":\"et\"}]}<\/script>\n<!-- \/ Yoast SEO plugin. -->","yoast_head_json":{"title":"Dillon AWARE\u2122 RPET kerge kokkupandav seljakott - Kruze.ee","robots":{"index":"index","follow":"follow","max-snippet":"max-snippet:-1","max-image-preview":"max-image-preview:large","max-video-preview":"max-video-preview:-1"},"canonical":"https:\/\/kruze.ee\/et\/toode\/dillon-aware-rpet-kerge-kokkupandav-seljakott\/","og_locale":"et_EE","og_type":"article","og_title":"Dillon AWARE\u2122 RPET kerge kokkupandav seljakott - Kruze.ee","og_description":"Valmistu muretuks ja nauditavaks reisikogemuseks selle asendamatu seljakotiga. T\u00e4nu nutikale rullitavale disainile saab selle kokkupandava seljakoti h\u00f5lpsasti...","og_url":"https:\/\/kruze.ee\/et\/toode\/dillon-aware-rpet-kerge-kokkupandav-seljakott\/","og_site_name":"Kruze.ee","article_modified_time":"2026-03-16T21:57:51+00:00","twitter_card":"summary_large_image","schema":{"@context":"https:\/\/schema.org","@graph":[{"@type":"WebPage","@id":"https:\/\/kruze.ee\/et\/toode\/dillon-aware-rpet-kerge-kokkupandav-seljakott\/","url":"https:\/\/kruze.ee\/et\/toode\/dillon-aware-rpet-kerge-kokkupandav-seljakott\/","name":"Dillon AWARE\u2122 RPET kerge kokkupandav seljakott - Kruze.ee","isPartOf":{"@id":"https:\/\/kruze.ee\/et\/#website"},"datePublished":"2026-01-12T18:04:57+00:00","dateModified":"2026-03-16T21:57:51+00:00","breadcrumb":{"@id":"https:\/\/kruze.ee\/et\/toode\/dillon-aware-rpet-kerge-kokkupandav-seljakott\/#breadcrumb"},"inLanguage":"et","potentialAction":[{"@type":"ReadAction","target":["https:\/\/kruze.ee\/et\/toode\/dillon-aware-rpet-kerge-kokkupandav-seljakott\/"]}]},{"@type":"BreadcrumbList","@id":"https:\/\/kruze.ee\/et\/toode\/dillon-aware-rpet-kerge-kokkupandav-seljakott\/#breadcrumb","itemListElement":[{"@type":"ListItem","position":1,"name":"Home","item":"https:\/\/kruze.ee\/et\/"},{"@type":"ListItem","position":2,"name":"Tooted","item":"https:\/\/kruze.ee\/et\/tooted\/"},{"@type":"ListItem","position":3,"name":"Dillon AWARE\u2122 RPET kerge kokkupandav seljakott"}]},{"@type":"WebSite","@id":"https:\/\/kruze.ee\/et\/#website","url":"https:\/\/kruze.ee\/et\/","name":"Kruze.ee","description":"Reklaamkingitused, tr&uuml;kiga T-s&auml;rgid, fliisid, dressipluused, tekstiil, joped ja paljud teised logoga meened, &Auml;rikingitused sinu partnerile! Telli juba t&auml;na.","potentialAction":[{"@type":"SearchAction","target":{"@type":"EntryPoint","urlTemplate":"https:\/\/kruze.ee\/et\/?s={search_term_string}"},"query-input":{"@type":"PropertyValueSpecification","valueRequired":true,"valueName":"search_term_string"}}],"inLanguage":"et"}]}},"_links":{"self":[{"href":"https:\/\/kruze.ee\/et\/wp-json\/wp\/v2\/product\/1433857","targetHints":{"allow":["GET"]}}],"collection":[{"href":"https:\/\/kruze.ee\/et\/wp-json\/wp\/v2\/product"}],"about":[{"href":"https:\/\/kruze.ee\/et\/wp-json\/wp\/v2\/types\/product"}],"wp:attachment":[{"href":"https:\/\/kruze.ee\/et\/wp-json\/wp\/v2\/media?parent=1433857"}],"wp:term":[{"taxonomy":"product_brand","embeddable":true,"href":"https:\/\/kruze.ee\/et\/wp-json\/wp\/v2\/product_brand?post=1433857"},{"taxonomy":"product_cat","embeddable":true,"href":"https:\/\/kruze.ee\/et\/wp-json\/wp\/v2\/product_cat?post=1433857"},{"taxonomy":"product_tag","embeddable":true,"href":"https:\/\/kruze.ee\/et\/wp-json\/wp\/v2\/product_tag?post=1433857"}],"curies":[{"name":"wp","href":"https:\/\/api.w.org\/{rel}","templated":true}]}}