{"id":1433847,"date":"2026-01-12T21:04:41","date_gmt":"2026-01-12T18:04:41","guid":{"rendered":"https:\/\/kruze.ee\/product\/swiss-peak-aware-xxl-nadalavahetuse-reisiseljakott\/"},"modified":"2026-03-17T00:57:47","modified_gmt":"2026-03-16T21:57:47","slug":"swiss-peak-aware-xxl-nadalavahetuse-reisiseljakott","status":"publish","type":"product","link":"https:\/\/kruze.ee\/et\/toode\/swiss-peak-aware-xxl-nadalavahetuse-reisiseljakott\/","title":{"rendered":"Swiss Peak AWARE\u2122 XXL n\u00e4dalavahetuse reisiseljakott"},"content":{"rendered":"<p>See k\u00e4sipagasi m\u00f5\u00f5dus reis seljakott on loodud \u00fche\u00f6isteks v\u00f5i n\u00e4dalavahetuse reisideks.<br \/>\nSeljakotil on polsterdatud 17-tolline s\u00fclearvutitasku, mis kaitseb sinu seadet. See mudel pakub rataskohvri mahutavust ilma rataste ja sangata lisaraskuseta \u2013 seljakoti kasutamine teeb liikumise mugavamaks, j\u00e4tab k\u00e4ed vabaks ja lihtsustab reisimist. J\u00e4ta rattad koju ja reisi kergemalt. Varustatud pagasikohvri kinnitusaasaga (trolley strap), k\u00fcljetaskuga veepudeli jaoks ning USB-A v\u00e4ljundiga. \u00dclaosas on mugav kandek\u00e4epide.<\/p>\n","protected":false},"excerpt":{"rendered":"<p>See k\u00e4sipagasi m\u00f5\u00f5dus reis seljakott on loodud \u00fche\u00f6isteks v\u00f5i n\u00e4dalavahetuse reisideks.<br \/>\nSeljakotil on polsterdatud 17-tolline s\u00fclearvutitasku, mis kaitseb sinu&#8230;<\/p>\n","protected":false},"featured_media":0,"template":"","meta":[],"product_brand":[],"product_cat":[5392],"product_tag":[],"class_list":{"0":"post-1433847","1":"product","2":"type-product","3":"status-publish","5":"product_cat-logoga-seljakotid","6":"pa_gender-uniseks","7":"pa_gender-unisex","11":"first","12":"instock","13":"purchasable","14":"product-type-simple"},"acf":[],"yoast_head":"<!-- This site is optimized with the Yoast SEO plugin v26.0 - https:\/\/yoast.com\/wordpress\/plugins\/seo\/ -->\n<title>Swiss Peak AWARE\u2122 XXL n\u00e4dalavahetuse reisiseljakott - Kruze.ee<\/title>\n<meta name=\"robots\" content=\"index, follow, max-snippet:-1, max-image-preview:large, max-video-preview:-1\" \/>\n<link rel=\"canonical\" href=\"https:\/\/kruze.ee\/et\/toode\/swiss-peak-aware-xxl-nadalavahetuse-reisiseljakott\/\" \/>\n<meta property=\"og:locale\" content=\"et_EE\" \/>\n<meta property=\"og:type\" content=\"article\" \/>\n<meta property=\"og:title\" content=\"Swiss Peak AWARE\u2122 XXL n\u00e4dalavahetuse reisiseljakott - Kruze.ee\" \/>\n<meta property=\"og:description\" content=\"See k\u00e4sipagasi m\u00f5\u00f5dus reis seljakott on loodud \u00fche\u00f6isteks v\u00f5i n\u00e4dalavahetuse reisideks. Seljakotil on polsterdatud 17-tolline s\u00fclearvutitasku, mis kaitseb sinu...\" \/>\n<meta property=\"og:url\" content=\"https:\/\/kruze.ee\/et\/toode\/swiss-peak-aware-xxl-nadalavahetuse-reisiseljakott\/\" \/>\n<meta property=\"og:site_name\" content=\"Kruze.ee\" \/>\n<meta property=\"article:modified_time\" content=\"2026-03-16T21:57:47+00:00\" \/>\n<meta name=\"twitter:card\" content=\"summary_large_image\" \/>\n<script type=\"application\/ld+json\" class=\"yoast-schema-graph\">{\"@context\":\"https:\/\/schema.org\",\"@graph\":[{\"@type\":\"WebPage\",\"@id\":\"https:\/\/kruze.ee\/et\/toode\/swiss-peak-aware-xxl-nadalavahetuse-reisiseljakott\/\",\"url\":\"https:\/\/kruze.ee\/et\/toode\/swiss-peak-aware-xxl-nadalavahetuse-reisiseljakott\/\",\"name\":\"Swiss Peak AWARE\u2122 XXL n\u00e4dalavahetuse reisiseljakott - Kruze.ee\",\"isPartOf\":{\"@id\":\"https:\/\/kruze.ee\/et\/#website\"},\"datePublished\":\"2026-01-12T18:04:41+00:00\",\"dateModified\":\"2026-03-16T21:57:47+00:00\",\"breadcrumb\":{\"@id\":\"https:\/\/kruze.ee\/et\/toode\/swiss-peak-aware-xxl-nadalavahetuse-reisiseljakott\/#breadcrumb\"},\"inLanguage\":\"et\",\"potentialAction\":[{\"@type\":\"ReadAction\",\"target\":[\"https:\/\/kruze.ee\/et\/toode\/swiss-peak-aware-xxl-nadalavahetuse-reisiseljakott\/\"]}]},{\"@type\":\"BreadcrumbList\",\"@id\":\"https:\/\/kruze.ee\/et\/toode\/swiss-peak-aware-xxl-nadalavahetuse-reisiseljakott\/#breadcrumb\",\"itemListElement\":[{\"@type\":\"ListItem\",\"position\":1,\"name\":\"Home\",\"item\":\"https:\/\/kruze.ee\/et\/\"},{\"@type\":\"ListItem\",\"position\":2,\"name\":\"Tooted\",\"item\":\"https:\/\/kruze.ee\/et\/tooted\/\"},{\"@type\":\"ListItem\",\"position\":3,\"name\":\"Swiss Peak AWARE\u2122 XXL n\u00e4dalavahetuse reisiseljakott\"}]},{\"@type\":\"WebSite\",\"@id\":\"https:\/\/kruze.ee\/et\/#website\",\"url\":\"https:\/\/kruze.ee\/et\/\",\"name\":\"Kruze.ee\",\"description\":\"Reklaamkingitused, tr&uuml;kiga T-s&auml;rgid, fliisid, dressipluused, tekstiil, joped ja paljud teised logoga meened, &Auml;rikingitused sinu partnerile! Telli juba t&auml;na.\",\"potentialAction\":[{\"@type\":\"SearchAction\",\"target\":{\"@type\":\"EntryPoint\",\"urlTemplate\":\"https:\/\/kruze.ee\/et\/?s={search_term_string}\"},\"query-input\":{\"@type\":\"PropertyValueSpecification\",\"valueRequired\":true,\"valueName\":\"search_term_string\"}}],\"inLanguage\":\"et\"}]}<\/script>\n<!-- \/ Yoast SEO plugin. -->","yoast_head_json":{"title":"Swiss Peak AWARE\u2122 XXL n\u00e4dalavahetuse reisiseljakott - Kruze.ee","robots":{"index":"index","follow":"follow","max-snippet":"max-snippet:-1","max-image-preview":"max-image-preview:large","max-video-preview":"max-video-preview:-1"},"canonical":"https:\/\/kruze.ee\/et\/toode\/swiss-peak-aware-xxl-nadalavahetuse-reisiseljakott\/","og_locale":"et_EE","og_type":"article","og_title":"Swiss Peak AWARE\u2122 XXL n\u00e4dalavahetuse reisiseljakott - Kruze.ee","og_description":"See k\u00e4sipagasi m\u00f5\u00f5dus reis seljakott on loodud \u00fche\u00f6isteks v\u00f5i n\u00e4dalavahetuse reisideks. Seljakotil on polsterdatud 17-tolline s\u00fclearvutitasku, mis kaitseb sinu...","og_url":"https:\/\/kruze.ee\/et\/toode\/swiss-peak-aware-xxl-nadalavahetuse-reisiseljakott\/","og_site_name":"Kruze.ee","article_modified_time":"2026-03-16T21:57:47+00:00","twitter_card":"summary_large_image","schema":{"@context":"https:\/\/schema.org","@graph":[{"@type":"WebPage","@id":"https:\/\/kruze.ee\/et\/toode\/swiss-peak-aware-xxl-nadalavahetuse-reisiseljakott\/","url":"https:\/\/kruze.ee\/et\/toode\/swiss-peak-aware-xxl-nadalavahetuse-reisiseljakott\/","name":"Swiss Peak AWARE\u2122 XXL n\u00e4dalavahetuse reisiseljakott - Kruze.ee","isPartOf":{"@id":"https:\/\/kruze.ee\/et\/#website"},"datePublished":"2026-01-12T18:04:41+00:00","dateModified":"2026-03-16T21:57:47+00:00","breadcrumb":{"@id":"https:\/\/kruze.ee\/et\/toode\/swiss-peak-aware-xxl-nadalavahetuse-reisiseljakott\/#breadcrumb"},"inLanguage":"et","potentialAction":[{"@type":"ReadAction","target":["https:\/\/kruze.ee\/et\/toode\/swiss-peak-aware-xxl-nadalavahetuse-reisiseljakott\/"]}]},{"@type":"BreadcrumbList","@id":"https:\/\/kruze.ee\/et\/toode\/swiss-peak-aware-xxl-nadalavahetuse-reisiseljakott\/#breadcrumb","itemListElement":[{"@type":"ListItem","position":1,"name":"Home","item":"https:\/\/kruze.ee\/et\/"},{"@type":"ListItem","position":2,"name":"Tooted","item":"https:\/\/kruze.ee\/et\/tooted\/"},{"@type":"ListItem","position":3,"name":"Swiss Peak AWARE\u2122 XXL n\u00e4dalavahetuse reisiseljakott"}]},{"@type":"WebSite","@id":"https:\/\/kruze.ee\/et\/#website","url":"https:\/\/kruze.ee\/et\/","name":"Kruze.ee","description":"Reklaamkingitused, tr&uuml;kiga T-s&auml;rgid, fliisid, dressipluused, tekstiil, joped ja paljud teised logoga meened, &Auml;rikingitused sinu partnerile! Telli juba t&auml;na.","potentialAction":[{"@type":"SearchAction","target":{"@type":"EntryPoint","urlTemplate":"https:\/\/kruze.ee\/et\/?s={search_term_string}"},"query-input":{"@type":"PropertyValueSpecification","valueRequired":true,"valueName":"search_term_string"}}],"inLanguage":"et"}]}},"_links":{"self":[{"href":"https:\/\/kruze.ee\/et\/wp-json\/wp\/v2\/product\/1433847","targetHints":{"allow":["GET"]}}],"collection":[{"href":"https:\/\/kruze.ee\/et\/wp-json\/wp\/v2\/product"}],"about":[{"href":"https:\/\/kruze.ee\/et\/wp-json\/wp\/v2\/types\/product"}],"wp:attachment":[{"href":"https:\/\/kruze.ee\/et\/wp-json\/wp\/v2\/media?parent=1433847"}],"wp:term":[{"taxonomy":"product_brand","embeddable":true,"href":"https:\/\/kruze.ee\/et\/wp-json\/wp\/v2\/product_brand?post=1433847"},{"taxonomy":"product_cat","embeddable":true,"href":"https:\/\/kruze.ee\/et\/wp-json\/wp\/v2\/product_cat?post=1433847"},{"taxonomy":"product_tag","embeddable":true,"href":"https:\/\/kruze.ee\/et\/wp-json\/wp\/v2\/product_tag?post=1433847"}],"curies":[{"name":"wp","href":"https:\/\/api.w.org\/{rel}","templated":true}]}}