{"id":1433819,"date":"2026-01-12T21:03:48","date_gmt":"2026-01-12T18:03:48","guid":{"rendered":"https:\/\/kruze.ee\/product\/impact-aware-285-g-m%c2%b2-rcanvas-seljakott-2\/"},"modified":"2026-03-17T00:57:41","modified_gmt":"2026-03-16T21:57:41","slug":"impact-aware-285-g-m%c2%b2-rcanvas-seljakott-2","status":"publish","type":"product","link":"https:\/\/kruze.ee\/et\/toode\/impact-aware-285-g-m%c2%b2-rcanvas-seljakott-2\/","title":{"rendered":"Impact AWARE\u2122 285 g\/m\u00b2 rcanvas seljakott"},"content":{"rendered":"<p>See 285 g\/m\u00b2 taaskasutatud kanvasest seljakott on klassikaline valik igap\u00e4evaseks kasutamiseks.<br \/>\nKotil on mahukad esi- ja tagataskud, kuhu saab mugavalt paigutada k\u00f5ik igap\u00e4evased vajalikud esemed. AWARE\u2122 j\u00e4lgimistehnoloogia kinnitab taaskasutatud materjalide ehtsat kasutust. 2% iga Impact-sarja toote m\u00fc\u00fcgitulust annetatakse organisatsioonile Water.org. Materjal: 70% taaskasutatud puuvill ja 30% taaskasutatud pol\u00fcester.<\/p>\n","protected":false},"excerpt":{"rendered":"<p>See 285 g\/m\u00b2 taaskasutatud kanvasest seljakott on klassikaline valik igap\u00e4evaseks kasutamiseks.<br \/>\nKotil on mahukad esi- ja tagataskud, kuhu saab mugavalt&#8230;<\/p>\n","protected":false},"featured_media":0,"template":"","meta":[],"product_brand":[],"product_cat":[5392],"product_tag":[],"class_list":{"0":"post-1433819","1":"product","2":"type-product","3":"status-publish","5":"product_cat-logoga-seljakotid","6":"pa_brand-xd-collection","7":"pa_color-purple-2","8":"pa_color-oranz","9":"pa_color-punane","10":"pa_color-blue-2","11":"pa_gender-uniseks","12":"pa_gender-unisex","15":"pa_material-recycled-canvas","17":"first","18":"instock","19":"taxable","20":"shipping-taxable","21":"purchasable","22":"product-type-variable"},"acf":[],"yoast_head":"<!-- This site is optimized with the Yoast SEO plugin v26.0 - https:\/\/yoast.com\/wordpress\/plugins\/seo\/ -->\n<title>Impact AWARE\u2122 285 g\/m\u00b2 rcanvas seljakott - Kruze.ee<\/title>\n<meta name=\"robots\" content=\"index, follow, max-snippet:-1, max-image-preview:large, max-video-preview:-1\" \/>\n<link rel=\"canonical\" href=\"https:\/\/kruze.ee\/et\/toode\/impact-aware-285-g-m\u00b2-rcanvas-seljakott-2\/\" \/>\n<meta property=\"og:locale\" content=\"et_EE\" \/>\n<meta property=\"og:type\" content=\"article\" \/>\n<meta property=\"og:title\" content=\"Impact AWARE\u2122 285 g\/m\u00b2 rcanvas seljakott - Kruze.ee\" \/>\n<meta property=\"og:description\" content=\"See 285 g\/m\u00b2 taaskasutatud kanvasest seljakott on klassikaline valik igap\u00e4evaseks kasutamiseks. Kotil on mahukad esi- ja tagataskud, kuhu saab mugavalt...\" \/>\n<meta property=\"og:url\" content=\"https:\/\/kruze.ee\/et\/toode\/impact-aware-285-g-m\u00b2-rcanvas-seljakott-2\/\" \/>\n<meta property=\"og:site_name\" content=\"Kruze.ee\" \/>\n<meta property=\"article:modified_time\" content=\"2026-03-16T21:57:41+00:00\" \/>\n<meta name=\"twitter:card\" content=\"summary_large_image\" \/>\n<script type=\"application\/ld+json\" class=\"yoast-schema-graph\">{\"@context\":\"https:\/\/schema.org\",\"@graph\":[{\"@type\":\"WebPage\",\"@id\":\"https:\/\/kruze.ee\/et\/toode\/impact-aware-285-g-m%c2%b2-rcanvas-seljakott-2\/\",\"url\":\"https:\/\/kruze.ee\/et\/toode\/impact-aware-285-g-m%c2%b2-rcanvas-seljakott-2\/\",\"name\":\"Impact AWARE\u2122 285 g\/m\u00b2 rcanvas seljakott - Kruze.ee\",\"isPartOf\":{\"@id\":\"https:\/\/kruze.ee\/et\/#website\"},\"datePublished\":\"2026-01-12T18:03:48+00:00\",\"dateModified\":\"2026-03-16T21:57:41+00:00\",\"breadcrumb\":{\"@id\":\"https:\/\/kruze.ee\/et\/toode\/impact-aware-285-g-m%c2%b2-rcanvas-seljakott-2\/#breadcrumb\"},\"inLanguage\":\"et\",\"potentialAction\":[{\"@type\":\"ReadAction\",\"target\":[\"https:\/\/kruze.ee\/et\/toode\/impact-aware-285-g-m%c2%b2-rcanvas-seljakott-2\/\"]}]},{\"@type\":\"BreadcrumbList\",\"@id\":\"https:\/\/kruze.ee\/et\/toode\/impact-aware-285-g-m%c2%b2-rcanvas-seljakott-2\/#breadcrumb\",\"itemListElement\":[{\"@type\":\"ListItem\",\"position\":1,\"name\":\"Home\",\"item\":\"https:\/\/kruze.ee\/et\/\"},{\"@type\":\"ListItem\",\"position\":2,\"name\":\"Tooted\",\"item\":\"https:\/\/kruze.ee\/et\/tooted\/\"},{\"@type\":\"ListItem\",\"position\":3,\"name\":\"Impact AWARE\u2122 285 g\/m\u00b2 rcanvas seljakott\"}]},{\"@type\":\"WebSite\",\"@id\":\"https:\/\/kruze.ee\/et\/#website\",\"url\":\"https:\/\/kruze.ee\/et\/\",\"name\":\"Kruze.ee\",\"description\":\"Reklaamkingitused, tr&uuml;kiga T-s&auml;rgid, fliisid, dressipluused, tekstiil, joped ja paljud teised logoga meened, &Auml;rikingitused sinu partnerile! Telli juba t&auml;na.\",\"potentialAction\":[{\"@type\":\"SearchAction\",\"target\":{\"@type\":\"EntryPoint\",\"urlTemplate\":\"https:\/\/kruze.ee\/et\/?s={search_term_string}\"},\"query-input\":{\"@type\":\"PropertyValueSpecification\",\"valueRequired\":true,\"valueName\":\"search_term_string\"}}],\"inLanguage\":\"et\"}]}<\/script>\n<!-- \/ Yoast SEO plugin. -->","yoast_head_json":{"title":"Impact AWARE\u2122 285 g\/m\u00b2 rcanvas seljakott - Kruze.ee","robots":{"index":"index","follow":"follow","max-snippet":"max-snippet:-1","max-image-preview":"max-image-preview:large","max-video-preview":"max-video-preview:-1"},"canonical":"https:\/\/kruze.ee\/et\/toode\/impact-aware-285-g-m\u00b2-rcanvas-seljakott-2\/","og_locale":"et_EE","og_type":"article","og_title":"Impact AWARE\u2122 285 g\/m\u00b2 rcanvas seljakott - Kruze.ee","og_description":"See 285 g\/m\u00b2 taaskasutatud kanvasest seljakott on klassikaline valik igap\u00e4evaseks kasutamiseks. Kotil on mahukad esi- ja tagataskud, kuhu saab mugavalt...","og_url":"https:\/\/kruze.ee\/et\/toode\/impact-aware-285-g-m\u00b2-rcanvas-seljakott-2\/","og_site_name":"Kruze.ee","article_modified_time":"2026-03-16T21:57:41+00:00","twitter_card":"summary_large_image","schema":{"@context":"https:\/\/schema.org","@graph":[{"@type":"WebPage","@id":"https:\/\/kruze.ee\/et\/toode\/impact-aware-285-g-m%c2%b2-rcanvas-seljakott-2\/","url":"https:\/\/kruze.ee\/et\/toode\/impact-aware-285-g-m%c2%b2-rcanvas-seljakott-2\/","name":"Impact AWARE\u2122 285 g\/m\u00b2 rcanvas seljakott - Kruze.ee","isPartOf":{"@id":"https:\/\/kruze.ee\/et\/#website"},"datePublished":"2026-01-12T18:03:48+00:00","dateModified":"2026-03-16T21:57:41+00:00","breadcrumb":{"@id":"https:\/\/kruze.ee\/et\/toode\/impact-aware-285-g-m%c2%b2-rcanvas-seljakott-2\/#breadcrumb"},"inLanguage":"et","potentialAction":[{"@type":"ReadAction","target":["https:\/\/kruze.ee\/et\/toode\/impact-aware-285-g-m%c2%b2-rcanvas-seljakott-2\/"]}]},{"@type":"BreadcrumbList","@id":"https:\/\/kruze.ee\/et\/toode\/impact-aware-285-g-m%c2%b2-rcanvas-seljakott-2\/#breadcrumb","itemListElement":[{"@type":"ListItem","position":1,"name":"Home","item":"https:\/\/kruze.ee\/et\/"},{"@type":"ListItem","position":2,"name":"Tooted","item":"https:\/\/kruze.ee\/et\/tooted\/"},{"@type":"ListItem","position":3,"name":"Impact AWARE\u2122 285 g\/m\u00b2 rcanvas seljakott"}]},{"@type":"WebSite","@id":"https:\/\/kruze.ee\/et\/#website","url":"https:\/\/kruze.ee\/et\/","name":"Kruze.ee","description":"Reklaamkingitused, tr&uuml;kiga T-s&auml;rgid, fliisid, dressipluused, tekstiil, joped ja paljud teised logoga meened, &Auml;rikingitused sinu partnerile! Telli juba t&auml;na.","potentialAction":[{"@type":"SearchAction","target":{"@type":"EntryPoint","urlTemplate":"https:\/\/kruze.ee\/et\/?s={search_term_string}"},"query-input":{"@type":"PropertyValueSpecification","valueRequired":true,"valueName":"search_term_string"}}],"inLanguage":"et"}]}},"_links":{"self":[{"href":"https:\/\/kruze.ee\/et\/wp-json\/wp\/v2\/product\/1433819","targetHints":{"allow":["GET"]}}],"collection":[{"href":"https:\/\/kruze.ee\/et\/wp-json\/wp\/v2\/product"}],"about":[{"href":"https:\/\/kruze.ee\/et\/wp-json\/wp\/v2\/types\/product"}],"wp:attachment":[{"href":"https:\/\/kruze.ee\/et\/wp-json\/wp\/v2\/media?parent=1433819"}],"wp:term":[{"taxonomy":"product_brand","embeddable":true,"href":"https:\/\/kruze.ee\/et\/wp-json\/wp\/v2\/product_brand?post=1433819"},{"taxonomy":"product_cat","embeddable":true,"href":"https:\/\/kruze.ee\/et\/wp-json\/wp\/v2\/product_cat?post=1433819"},{"taxonomy":"product_tag","embeddable":true,"href":"https:\/\/kruze.ee\/et\/wp-json\/wp\/v2\/product_tag?post=1433819"}],"curies":[{"name":"wp","href":"https:\/\/api.w.org\/{rel}","templated":true}]}}