{"id":1433809,"date":"2026-01-12T21:03:35","date_gmt":"2026-01-12T18:03:35","guid":{"rendered":"https:\/\/kruze.ee\/product\/impact-aware-240-g-m%c2%b2-rcanvas-ostukott-taskuga-2\/"},"modified":"2026-03-17T00:57:38","modified_gmt":"2026-03-16T21:57:38","slug":"impact-aware-240-g-m%c2%b2-rcanvas-ostukott-taskuga-2","status":"publish","type":"product","link":"https:\/\/kruze.ee\/et\/toode\/impact-aware-240-g-m%c2%b2-rcanvas-ostukott-taskuga-2\/","title":{"rendered":"Impact AWARE\u2122 240 g\/m\u00b2 rcanvas ostukott taskuga"},"content":{"rendered":"<p>Impact AWARE\u2122 240 g\/m\u00b2 taaskasutatud kangast ostukott taskuga on ideaalne lahendus k\u00f5igi vajalike asjade kaasaskandmiseks.<br \/>\nSee mahukas ostukott pakub piisavalt ruumi k\u00f5igile igap\u00e4evastele vajadustele ning sisaldab ka v\u00e4ikest sisetaskut. AWARE\u2122 j\u00e4lgimistehnoloogia kinnitab taaskasutatud materjalide ehtsat kasutust. 2% iga Impact-sarja toote m\u00fc\u00fcgitulust annetatakse organisatsioonile Water.org. Materjal: 70% taaskasutatud puuvill ja 30% taaskasutatud pol\u00fcester.<\/p>\n","protected":false},"excerpt":{"rendered":"<p>Impact AWARE\u2122 240 g\/m\u00b2 taaskasutatud kangast ostukott taskuga on ideaalne lahendus k\u00f5igi vajalike asjade kaasaskandmiseks.<br \/>\nSee mahukas ostukott pakub piisavalt&#8230;<\/p>\n","protected":false},"featured_media":0,"template":"","meta":[],"product_brand":[],"product_cat":[5391],"product_tag":[],"class_list":{"0":"post-1433809","1":"product","2":"type-product","3":"status-publish","5":"product_cat-poekotid-kotid","6":"pa_gender-naised","7":"pa_gender-women","9":"first","10":"instock","11":"purchasable","12":"product-type-simple"},"acf":[],"yoast_head":"<!-- This site is optimized with the Yoast SEO plugin v26.0 - https:\/\/yoast.com\/wordpress\/plugins\/seo\/ -->\n<title>Impact AWARE\u2122 240 g\/m\u00b2 rcanvas ostukott taskuga - Kruze.ee<\/title>\n<meta name=\"robots\" content=\"index, follow, max-snippet:-1, max-image-preview:large, max-video-preview:-1\" \/>\n<link rel=\"canonical\" href=\"https:\/\/kruze.ee\/et\/toode\/impact-aware-240-g-m\u00b2-rcanvas-ostukott-taskuga-2\/\" \/>\n<meta property=\"og:locale\" content=\"et_EE\" \/>\n<meta property=\"og:type\" content=\"article\" \/>\n<meta property=\"og:title\" content=\"Impact AWARE\u2122 240 g\/m\u00b2 rcanvas ostukott taskuga - Kruze.ee\" \/>\n<meta property=\"og:description\" content=\"Impact AWARE\u2122 240 g\/m\u00b2 taaskasutatud kangast ostukott taskuga on ideaalne lahendus k\u00f5igi vajalike asjade kaasaskandmiseks. See mahukas ostukott pakub piisavalt...\" \/>\n<meta property=\"og:url\" content=\"https:\/\/kruze.ee\/et\/toode\/impact-aware-240-g-m\u00b2-rcanvas-ostukott-taskuga-2\/\" \/>\n<meta property=\"og:site_name\" content=\"Kruze.ee\" \/>\n<meta property=\"article:modified_time\" content=\"2026-03-16T21:57:38+00:00\" \/>\n<meta name=\"twitter:card\" content=\"summary_large_image\" \/>\n<script type=\"application\/ld+json\" class=\"yoast-schema-graph\">{\"@context\":\"https:\/\/schema.org\",\"@graph\":[{\"@type\":\"WebPage\",\"@id\":\"https:\/\/kruze.ee\/et\/toode\/impact-aware-240-g-m%c2%b2-rcanvas-ostukott-taskuga-2\/\",\"url\":\"https:\/\/kruze.ee\/et\/toode\/impact-aware-240-g-m%c2%b2-rcanvas-ostukott-taskuga-2\/\",\"name\":\"Impact AWARE\u2122 240 g\/m\u00b2 rcanvas ostukott taskuga - Kruze.ee\",\"isPartOf\":{\"@id\":\"https:\/\/kruze.ee\/et\/#website\"},\"datePublished\":\"2026-01-12T18:03:35+00:00\",\"dateModified\":\"2026-03-16T21:57:38+00:00\",\"breadcrumb\":{\"@id\":\"https:\/\/kruze.ee\/et\/toode\/impact-aware-240-g-m%c2%b2-rcanvas-ostukott-taskuga-2\/#breadcrumb\"},\"inLanguage\":\"et\",\"potentialAction\":[{\"@type\":\"ReadAction\",\"target\":[\"https:\/\/kruze.ee\/et\/toode\/impact-aware-240-g-m%c2%b2-rcanvas-ostukott-taskuga-2\/\"]}]},{\"@type\":\"BreadcrumbList\",\"@id\":\"https:\/\/kruze.ee\/et\/toode\/impact-aware-240-g-m%c2%b2-rcanvas-ostukott-taskuga-2\/#breadcrumb\",\"itemListElement\":[{\"@type\":\"ListItem\",\"position\":1,\"name\":\"Home\",\"item\":\"https:\/\/kruze.ee\/et\/\"},{\"@type\":\"ListItem\",\"position\":2,\"name\":\"Tooted\",\"item\":\"https:\/\/kruze.ee\/et\/tooted\/\"},{\"@type\":\"ListItem\",\"position\":3,\"name\":\"Impact AWARE\u2122 240 g\/m\u00b2 rcanvas ostukott taskuga\"}]},{\"@type\":\"WebSite\",\"@id\":\"https:\/\/kruze.ee\/et\/#website\",\"url\":\"https:\/\/kruze.ee\/et\/\",\"name\":\"Kruze.ee\",\"description\":\"Reklaamkingitused, tr&uuml;kiga T-s&auml;rgid, fliisid, dressipluused, tekstiil, joped ja paljud teised logoga meened, &Auml;rikingitused sinu partnerile! Telli juba t&auml;na.\",\"potentialAction\":[{\"@type\":\"SearchAction\",\"target\":{\"@type\":\"EntryPoint\",\"urlTemplate\":\"https:\/\/kruze.ee\/et\/?s={search_term_string}\"},\"query-input\":{\"@type\":\"PropertyValueSpecification\",\"valueRequired\":true,\"valueName\":\"search_term_string\"}}],\"inLanguage\":\"et\"}]}<\/script>\n<!-- \/ Yoast SEO plugin. -->","yoast_head_json":{"title":"Impact AWARE\u2122 240 g\/m\u00b2 rcanvas ostukott taskuga - Kruze.ee","robots":{"index":"index","follow":"follow","max-snippet":"max-snippet:-1","max-image-preview":"max-image-preview:large","max-video-preview":"max-video-preview:-1"},"canonical":"https:\/\/kruze.ee\/et\/toode\/impact-aware-240-g-m\u00b2-rcanvas-ostukott-taskuga-2\/","og_locale":"et_EE","og_type":"article","og_title":"Impact AWARE\u2122 240 g\/m\u00b2 rcanvas ostukott taskuga - Kruze.ee","og_description":"Impact AWARE\u2122 240 g\/m\u00b2 taaskasutatud kangast ostukott taskuga on ideaalne lahendus k\u00f5igi vajalike asjade kaasaskandmiseks. See mahukas ostukott pakub piisavalt...","og_url":"https:\/\/kruze.ee\/et\/toode\/impact-aware-240-g-m\u00b2-rcanvas-ostukott-taskuga-2\/","og_site_name":"Kruze.ee","article_modified_time":"2026-03-16T21:57:38+00:00","twitter_card":"summary_large_image","schema":{"@context":"https:\/\/schema.org","@graph":[{"@type":"WebPage","@id":"https:\/\/kruze.ee\/et\/toode\/impact-aware-240-g-m%c2%b2-rcanvas-ostukott-taskuga-2\/","url":"https:\/\/kruze.ee\/et\/toode\/impact-aware-240-g-m%c2%b2-rcanvas-ostukott-taskuga-2\/","name":"Impact AWARE\u2122 240 g\/m\u00b2 rcanvas ostukott taskuga - Kruze.ee","isPartOf":{"@id":"https:\/\/kruze.ee\/et\/#website"},"datePublished":"2026-01-12T18:03:35+00:00","dateModified":"2026-03-16T21:57:38+00:00","breadcrumb":{"@id":"https:\/\/kruze.ee\/et\/toode\/impact-aware-240-g-m%c2%b2-rcanvas-ostukott-taskuga-2\/#breadcrumb"},"inLanguage":"et","potentialAction":[{"@type":"ReadAction","target":["https:\/\/kruze.ee\/et\/toode\/impact-aware-240-g-m%c2%b2-rcanvas-ostukott-taskuga-2\/"]}]},{"@type":"BreadcrumbList","@id":"https:\/\/kruze.ee\/et\/toode\/impact-aware-240-g-m%c2%b2-rcanvas-ostukott-taskuga-2\/#breadcrumb","itemListElement":[{"@type":"ListItem","position":1,"name":"Home","item":"https:\/\/kruze.ee\/et\/"},{"@type":"ListItem","position":2,"name":"Tooted","item":"https:\/\/kruze.ee\/et\/tooted\/"},{"@type":"ListItem","position":3,"name":"Impact AWARE\u2122 240 g\/m\u00b2 rcanvas ostukott taskuga"}]},{"@type":"WebSite","@id":"https:\/\/kruze.ee\/et\/#website","url":"https:\/\/kruze.ee\/et\/","name":"Kruze.ee","description":"Reklaamkingitused, tr&uuml;kiga T-s&auml;rgid, fliisid, dressipluused, tekstiil, joped ja paljud teised logoga meened, &Auml;rikingitused sinu partnerile! Telli juba t&auml;na.","potentialAction":[{"@type":"SearchAction","target":{"@type":"EntryPoint","urlTemplate":"https:\/\/kruze.ee\/et\/?s={search_term_string}"},"query-input":{"@type":"PropertyValueSpecification","valueRequired":true,"valueName":"search_term_string"}}],"inLanguage":"et"}]}},"_links":{"self":[{"href":"https:\/\/kruze.ee\/et\/wp-json\/wp\/v2\/product\/1433809","targetHints":{"allow":["GET"]}}],"collection":[{"href":"https:\/\/kruze.ee\/et\/wp-json\/wp\/v2\/product"}],"about":[{"href":"https:\/\/kruze.ee\/et\/wp-json\/wp\/v2\/types\/product"}],"wp:attachment":[{"href":"https:\/\/kruze.ee\/et\/wp-json\/wp\/v2\/media?parent=1433809"}],"wp:term":[{"taxonomy":"product_brand","embeddable":true,"href":"https:\/\/kruze.ee\/et\/wp-json\/wp\/v2\/product_brand?post=1433809"},{"taxonomy":"product_cat","embeddable":true,"href":"https:\/\/kruze.ee\/et\/wp-json\/wp\/v2\/product_cat?post=1433809"},{"taxonomy":"product_tag","embeddable":true,"href":"https:\/\/kruze.ee\/et\/wp-json\/wp\/v2\/product_tag?post=1433809"}],"curies":[{"name":"wp","href":"https:\/\/api.w.org\/{rel}","templated":true}]}}