{"id":1433795,"date":"2026-01-12T21:03:27","date_gmt":"2026-01-12T18:03:27","guid":{"rendered":"https:\/\/kruze.ee\/product\/impact-aware-240-g-m%c2%b2-rcanvas-ostukott-taskuga\/"},"modified":"2026-03-17T00:57:37","modified_gmt":"2026-03-16T21:57:37","slug":"impact-aware-240-g-m%c2%b2-rcanvas-ostukott-taskuga","status":"publish","type":"product","link":"https:\/\/kruze.ee\/et\/toode\/impact-aware-240-g-m%c2%b2-rcanvas-ostukott-taskuga\/","title":{"rendered":"Impact AWARE\u2122 240 g\/m\u00b2 rcanvas ostukott taskuga"},"content":{"rendered":"<p>Impact AWARE\u2122 240 g\/m\u00b2 taaskasutatud kangast v\u00e4rvimata ostukott taskuga on ideaalne lahendus igap\u00e4evaste esemete kaasaskandmiseks.<br \/>\nSee mahukas ostukott pakub piisavalt ruumi k\u00f5igile sinu igap\u00e4evastele vajadustele ning sisaldab ka v\u00e4ikest sisetaskut. Taaskasutatud kangas on v\u00e4rvimata ja kasutatud oma loomulikul kujul, ilma v\u00e4rvimisel v\u00f5i pleegitamisel kasutatavate kemikaalideta. AWARE\u2122 j\u00e4lgimistehnoloogia kinnitab taaskasutatud materjalide ehtsat kasutust. 2% iga Impact-sarja toote m\u00fc\u00fcgitulust annetatakse organisatsioonile Water.org. Materjal: 70% taaskasutatud puuvill ja 30% taaskasutatud pol\u00fcester.<\/p>\n","protected":false},"excerpt":{"rendered":"<p>Impact AWARE\u2122 240 g\/m\u00b2 taaskasutatud kangast v\u00e4rvimata ostukott taskuga on ideaalne lahendus igap\u00e4evaste esemete kaasaskandmiseks.<br \/>\nSee mahukas ostukott pakub&#8230;<\/p>\n","protected":false},"featured_media":0,"template":"","meta":[],"product_brand":[],"product_cat":[5391],"product_tag":[],"class_list":{"0":"post-1433795","1":"product","2":"type-product","3":"status-publish","5":"product_cat-poekotid-kotid","6":"pa_brand-xd-collection","7":"pa_color-hall","8":"pa_color-black-2","9":"pa_color-brown-2","10":"pa_color-roheline","11":"pa_color-blue-2","12":"pa_color-valge","13":"pa_gender-naised","14":"pa_gender-women","15":"pa_material-recycled-canvas","17":"first","18":"instock","19":"taxable","20":"shipping-taxable","21":"purchasable","22":"product-type-variable"},"acf":[],"yoast_head":"<!-- This site is optimized with the Yoast SEO plugin v26.0 - https:\/\/yoast.com\/wordpress\/plugins\/seo\/ -->\n<title>Impact AWARE\u2122 240 g\/m\u00b2 rcanvas ostukott taskuga - Kruze.ee<\/title>\n<meta name=\"robots\" content=\"index, follow, max-snippet:-1, max-image-preview:large, max-video-preview:-1\" \/>\n<link rel=\"canonical\" href=\"https:\/\/kruze.ee\/et\/toode\/impact-aware-240-g-m\u00b2-rcanvas-ostukott-taskuga\/\" \/>\n<meta property=\"og:locale\" content=\"et_EE\" \/>\n<meta property=\"og:type\" content=\"article\" \/>\n<meta property=\"og:title\" content=\"Impact AWARE\u2122 240 g\/m\u00b2 rcanvas ostukott taskuga - Kruze.ee\" \/>\n<meta property=\"og:description\" content=\"Impact AWARE\u2122 240 g\/m\u00b2 taaskasutatud kangast v\u00e4rvimata ostukott taskuga on ideaalne lahendus igap\u00e4evaste esemete kaasaskandmiseks. See mahukas ostukott pakub...\" \/>\n<meta property=\"og:url\" content=\"https:\/\/kruze.ee\/et\/toode\/impact-aware-240-g-m\u00b2-rcanvas-ostukott-taskuga\/\" \/>\n<meta property=\"og:site_name\" content=\"Kruze.ee\" \/>\n<meta property=\"article:modified_time\" content=\"2026-03-16T21:57:37+00:00\" \/>\n<meta name=\"twitter:card\" content=\"summary_large_image\" \/>\n<script type=\"application\/ld+json\" class=\"yoast-schema-graph\">{\"@context\":\"https:\/\/schema.org\",\"@graph\":[{\"@type\":\"WebPage\",\"@id\":\"https:\/\/kruze.ee\/et\/toode\/impact-aware-240-g-m%c2%b2-rcanvas-ostukott-taskuga\/\",\"url\":\"https:\/\/kruze.ee\/et\/toode\/impact-aware-240-g-m%c2%b2-rcanvas-ostukott-taskuga\/\",\"name\":\"Impact AWARE\u2122 240 g\/m\u00b2 rcanvas ostukott taskuga - Kruze.ee\",\"isPartOf\":{\"@id\":\"https:\/\/kruze.ee\/et\/#website\"},\"datePublished\":\"2026-01-12T18:03:27+00:00\",\"dateModified\":\"2026-03-16T21:57:37+00:00\",\"breadcrumb\":{\"@id\":\"https:\/\/kruze.ee\/et\/toode\/impact-aware-240-g-m%c2%b2-rcanvas-ostukott-taskuga\/#breadcrumb\"},\"inLanguage\":\"et\",\"potentialAction\":[{\"@type\":\"ReadAction\",\"target\":[\"https:\/\/kruze.ee\/et\/toode\/impact-aware-240-g-m%c2%b2-rcanvas-ostukott-taskuga\/\"]}]},{\"@type\":\"BreadcrumbList\",\"@id\":\"https:\/\/kruze.ee\/et\/toode\/impact-aware-240-g-m%c2%b2-rcanvas-ostukott-taskuga\/#breadcrumb\",\"itemListElement\":[{\"@type\":\"ListItem\",\"position\":1,\"name\":\"Home\",\"item\":\"https:\/\/kruze.ee\/et\/\"},{\"@type\":\"ListItem\",\"position\":2,\"name\":\"Tooted\",\"item\":\"https:\/\/kruze.ee\/et\/tooted\/\"},{\"@type\":\"ListItem\",\"position\":3,\"name\":\"Impact AWARE\u2122 240 g\/m\u00b2 rcanvas ostukott taskuga\"}]},{\"@type\":\"WebSite\",\"@id\":\"https:\/\/kruze.ee\/et\/#website\",\"url\":\"https:\/\/kruze.ee\/et\/\",\"name\":\"Kruze.ee\",\"description\":\"Reklaamkingitused, tr&uuml;kiga T-s&auml;rgid, fliisid, dressipluused, tekstiil, joped ja paljud teised logoga meened, &Auml;rikingitused sinu partnerile! Telli juba t&auml;na.\",\"potentialAction\":[{\"@type\":\"SearchAction\",\"target\":{\"@type\":\"EntryPoint\",\"urlTemplate\":\"https:\/\/kruze.ee\/et\/?s={search_term_string}\"},\"query-input\":{\"@type\":\"PropertyValueSpecification\",\"valueRequired\":true,\"valueName\":\"search_term_string\"}}],\"inLanguage\":\"et\"}]}<\/script>\n<!-- \/ Yoast SEO plugin. -->","yoast_head_json":{"title":"Impact AWARE\u2122 240 g\/m\u00b2 rcanvas ostukott taskuga - Kruze.ee","robots":{"index":"index","follow":"follow","max-snippet":"max-snippet:-1","max-image-preview":"max-image-preview:large","max-video-preview":"max-video-preview:-1"},"canonical":"https:\/\/kruze.ee\/et\/toode\/impact-aware-240-g-m\u00b2-rcanvas-ostukott-taskuga\/","og_locale":"et_EE","og_type":"article","og_title":"Impact AWARE\u2122 240 g\/m\u00b2 rcanvas ostukott taskuga - Kruze.ee","og_description":"Impact AWARE\u2122 240 g\/m\u00b2 taaskasutatud kangast v\u00e4rvimata ostukott taskuga on ideaalne lahendus igap\u00e4evaste esemete kaasaskandmiseks. See mahukas ostukott pakub...","og_url":"https:\/\/kruze.ee\/et\/toode\/impact-aware-240-g-m\u00b2-rcanvas-ostukott-taskuga\/","og_site_name":"Kruze.ee","article_modified_time":"2026-03-16T21:57:37+00:00","twitter_card":"summary_large_image","schema":{"@context":"https:\/\/schema.org","@graph":[{"@type":"WebPage","@id":"https:\/\/kruze.ee\/et\/toode\/impact-aware-240-g-m%c2%b2-rcanvas-ostukott-taskuga\/","url":"https:\/\/kruze.ee\/et\/toode\/impact-aware-240-g-m%c2%b2-rcanvas-ostukott-taskuga\/","name":"Impact AWARE\u2122 240 g\/m\u00b2 rcanvas ostukott taskuga - Kruze.ee","isPartOf":{"@id":"https:\/\/kruze.ee\/et\/#website"},"datePublished":"2026-01-12T18:03:27+00:00","dateModified":"2026-03-16T21:57:37+00:00","breadcrumb":{"@id":"https:\/\/kruze.ee\/et\/toode\/impact-aware-240-g-m%c2%b2-rcanvas-ostukott-taskuga\/#breadcrumb"},"inLanguage":"et","potentialAction":[{"@type":"ReadAction","target":["https:\/\/kruze.ee\/et\/toode\/impact-aware-240-g-m%c2%b2-rcanvas-ostukott-taskuga\/"]}]},{"@type":"BreadcrumbList","@id":"https:\/\/kruze.ee\/et\/toode\/impact-aware-240-g-m%c2%b2-rcanvas-ostukott-taskuga\/#breadcrumb","itemListElement":[{"@type":"ListItem","position":1,"name":"Home","item":"https:\/\/kruze.ee\/et\/"},{"@type":"ListItem","position":2,"name":"Tooted","item":"https:\/\/kruze.ee\/et\/tooted\/"},{"@type":"ListItem","position":3,"name":"Impact AWARE\u2122 240 g\/m\u00b2 rcanvas ostukott taskuga"}]},{"@type":"WebSite","@id":"https:\/\/kruze.ee\/et\/#website","url":"https:\/\/kruze.ee\/et\/","name":"Kruze.ee","description":"Reklaamkingitused, tr&uuml;kiga T-s&auml;rgid, fliisid, dressipluused, tekstiil, joped ja paljud teised logoga meened, &Auml;rikingitused sinu partnerile! Telli juba t&auml;na.","potentialAction":[{"@type":"SearchAction","target":{"@type":"EntryPoint","urlTemplate":"https:\/\/kruze.ee\/et\/?s={search_term_string}"},"query-input":{"@type":"PropertyValueSpecification","valueRequired":true,"valueName":"search_term_string"}}],"inLanguage":"et"}]}},"_links":{"self":[{"href":"https:\/\/kruze.ee\/et\/wp-json\/wp\/v2\/product\/1433795","targetHints":{"allow":["GET"]}}],"collection":[{"href":"https:\/\/kruze.ee\/et\/wp-json\/wp\/v2\/product"}],"about":[{"href":"https:\/\/kruze.ee\/et\/wp-json\/wp\/v2\/types\/product"}],"wp:attachment":[{"href":"https:\/\/kruze.ee\/et\/wp-json\/wp\/v2\/media?parent=1433795"}],"wp:term":[{"taxonomy":"product_brand","embeddable":true,"href":"https:\/\/kruze.ee\/et\/wp-json\/wp\/v2\/product_brand?post=1433795"},{"taxonomy":"product_cat","embeddable":true,"href":"https:\/\/kruze.ee\/et\/wp-json\/wp\/v2\/product_cat?post=1433795"},{"taxonomy":"product_tag","embeddable":true,"href":"https:\/\/kruze.ee\/et\/wp-json\/wp\/v2\/product_tag?post=1433795"}],"curies":[{"name":"wp","href":"https:\/\/api.w.org\/{rel}","templated":true}]}}