{"id":1433781,"date":"2026-01-12T21:03:17","date_gmt":"2026-01-12T18:03:17","guid":{"rendered":"https:\/\/kruze.ee\/product\/impact-aware-240-g-m%c2%b2-rcanvas-suur-kandekott\/"},"modified":"2026-03-17T00:57:34","modified_gmt":"2026-03-16T21:57:34","slug":"impact-aware-240-g-m%c2%b2-rcanvas-suur-kandekott","status":"publish","type":"product","link":"https:\/\/kruze.ee\/et\/toode\/impact-aware-240-g-m%c2%b2-rcanvas-suur-kandekott\/","title":{"rendered":"Impact AWARE\u2122 240 g\/m\u00b2 rcanvas suur kandekott"},"content":{"rendered":"<p>Impact AWARE\u2122 240 g\/m\u00b2 taaskasutatud kangast v\u00e4rvimata kandekott on ideaalne valik igap\u00e4evaste vajalike esemete kaasaskandmiseks.<br \/>\nSee mahukas kandekott pakub piisavalt ruumi k\u00f5igele, mida p\u00e4eva jooksul endaga kaasa v\u00f5tta. Taaskasutatud kangas on v\u00e4rvimata ja kasutatud oma loomulikul kujul, ilma v\u00e4rvimisel v\u00f5i pleegitamisel kasutatavate kemikaalideta. AWARE\u2122 j\u00e4lgimistehnoloogia kinnitab taaskasutatud materjalide ehtsat kasutust. 2% iga Impact-sarja toote m\u00fc\u00fcgitulust annetatakse organisatsioonile Water.org. Materjal: 70% taaskasutatud puuvill ja 30% taaskasutatud pol\u00fcester.<\/p>\n","protected":false},"excerpt":{"rendered":"<p>Impact AWARE\u2122 240 g\/m\u00b2 taaskasutatud kangast v\u00e4rvimata kandekott on ideaalne valik igap\u00e4evaste vajalike esemete kaasaskandmiseks.<br \/>\nSee mahukas kandekott pakub&#8230;<\/p>\n","protected":false},"featured_media":0,"template":"","meta":[],"product_brand":[],"product_cat":[5391],"product_tag":[],"class_list":{"0":"post-1433781","1":"product","2":"type-product","3":"status-publish","5":"product_cat-poekotid-kotid","6":"pa_brand-xd-collection","7":"pa_color-hall","8":"pa_color-black-2","9":"pa_color-brown-2","10":"pa_color-roheline","11":"pa_color-blue-2","12":"pa_color-valge","13":"pa_gender-uniseks","14":"pa_gender-unisex","17":"pa_material-recycled-canvas","19":"first","20":"instock","21":"taxable","22":"shipping-taxable","23":"purchasable","24":"product-type-variable"},"acf":[],"yoast_head":"<!-- This site is optimized with the Yoast SEO plugin v26.0 - https:\/\/yoast.com\/wordpress\/plugins\/seo\/ -->\n<title>Impact AWARE\u2122 240 g\/m\u00b2 rcanvas suur kandekott - Kruze.ee<\/title>\n<meta name=\"robots\" content=\"index, follow, max-snippet:-1, max-image-preview:large, max-video-preview:-1\" \/>\n<link rel=\"canonical\" href=\"https:\/\/kruze.ee\/et\/toode\/impact-aware-240-g-m\u00b2-rcanvas-suur-kandekott\/\" \/>\n<meta property=\"og:locale\" content=\"et_EE\" \/>\n<meta property=\"og:type\" content=\"article\" \/>\n<meta property=\"og:title\" content=\"Impact AWARE\u2122 240 g\/m\u00b2 rcanvas suur kandekott - Kruze.ee\" \/>\n<meta property=\"og:description\" content=\"Impact AWARE\u2122 240 g\/m\u00b2 taaskasutatud kangast v\u00e4rvimata kandekott on ideaalne valik igap\u00e4evaste vajalike esemete kaasaskandmiseks. See mahukas kandekott pakub...\" \/>\n<meta property=\"og:url\" content=\"https:\/\/kruze.ee\/et\/toode\/impact-aware-240-g-m\u00b2-rcanvas-suur-kandekott\/\" \/>\n<meta property=\"og:site_name\" content=\"Kruze.ee\" \/>\n<meta property=\"article:modified_time\" content=\"2026-03-16T21:57:34+00:00\" \/>\n<meta name=\"twitter:card\" content=\"summary_large_image\" \/>\n<script type=\"application\/ld+json\" class=\"yoast-schema-graph\">{\"@context\":\"https:\/\/schema.org\",\"@graph\":[{\"@type\":\"WebPage\",\"@id\":\"https:\/\/kruze.ee\/et\/toode\/impact-aware-240-g-m%c2%b2-rcanvas-suur-kandekott\/\",\"url\":\"https:\/\/kruze.ee\/et\/toode\/impact-aware-240-g-m%c2%b2-rcanvas-suur-kandekott\/\",\"name\":\"Impact AWARE\u2122 240 g\/m\u00b2 rcanvas suur kandekott - Kruze.ee\",\"isPartOf\":{\"@id\":\"https:\/\/kruze.ee\/et\/#website\"},\"datePublished\":\"2026-01-12T18:03:17+00:00\",\"dateModified\":\"2026-03-16T21:57:34+00:00\",\"breadcrumb\":{\"@id\":\"https:\/\/kruze.ee\/et\/toode\/impact-aware-240-g-m%c2%b2-rcanvas-suur-kandekott\/#breadcrumb\"},\"inLanguage\":\"et\",\"potentialAction\":[{\"@type\":\"ReadAction\",\"target\":[\"https:\/\/kruze.ee\/et\/toode\/impact-aware-240-g-m%c2%b2-rcanvas-suur-kandekott\/\"]}]},{\"@type\":\"BreadcrumbList\",\"@id\":\"https:\/\/kruze.ee\/et\/toode\/impact-aware-240-g-m%c2%b2-rcanvas-suur-kandekott\/#breadcrumb\",\"itemListElement\":[{\"@type\":\"ListItem\",\"position\":1,\"name\":\"Home\",\"item\":\"https:\/\/kruze.ee\/et\/\"},{\"@type\":\"ListItem\",\"position\":2,\"name\":\"Tooted\",\"item\":\"https:\/\/kruze.ee\/et\/tooted\/\"},{\"@type\":\"ListItem\",\"position\":3,\"name\":\"Impact AWARE\u2122 240 g\/m\u00b2 rcanvas suur kandekott\"}]},{\"@type\":\"WebSite\",\"@id\":\"https:\/\/kruze.ee\/et\/#website\",\"url\":\"https:\/\/kruze.ee\/et\/\",\"name\":\"Kruze.ee\",\"description\":\"Reklaamkingitused, tr&uuml;kiga T-s&auml;rgid, fliisid, dressipluused, tekstiil, joped ja paljud teised logoga meened, &Auml;rikingitused sinu partnerile! Telli juba t&auml;na.\",\"potentialAction\":[{\"@type\":\"SearchAction\",\"target\":{\"@type\":\"EntryPoint\",\"urlTemplate\":\"https:\/\/kruze.ee\/et\/?s={search_term_string}\"},\"query-input\":{\"@type\":\"PropertyValueSpecification\",\"valueRequired\":true,\"valueName\":\"search_term_string\"}}],\"inLanguage\":\"et\"}]}<\/script>\n<!-- \/ Yoast SEO plugin. -->","yoast_head_json":{"title":"Impact AWARE\u2122 240 g\/m\u00b2 rcanvas suur kandekott - Kruze.ee","robots":{"index":"index","follow":"follow","max-snippet":"max-snippet:-1","max-image-preview":"max-image-preview:large","max-video-preview":"max-video-preview:-1"},"canonical":"https:\/\/kruze.ee\/et\/toode\/impact-aware-240-g-m\u00b2-rcanvas-suur-kandekott\/","og_locale":"et_EE","og_type":"article","og_title":"Impact AWARE\u2122 240 g\/m\u00b2 rcanvas suur kandekott - Kruze.ee","og_description":"Impact AWARE\u2122 240 g\/m\u00b2 taaskasutatud kangast v\u00e4rvimata kandekott on ideaalne valik igap\u00e4evaste vajalike esemete kaasaskandmiseks. See mahukas kandekott pakub...","og_url":"https:\/\/kruze.ee\/et\/toode\/impact-aware-240-g-m\u00b2-rcanvas-suur-kandekott\/","og_site_name":"Kruze.ee","article_modified_time":"2026-03-16T21:57:34+00:00","twitter_card":"summary_large_image","schema":{"@context":"https:\/\/schema.org","@graph":[{"@type":"WebPage","@id":"https:\/\/kruze.ee\/et\/toode\/impact-aware-240-g-m%c2%b2-rcanvas-suur-kandekott\/","url":"https:\/\/kruze.ee\/et\/toode\/impact-aware-240-g-m%c2%b2-rcanvas-suur-kandekott\/","name":"Impact AWARE\u2122 240 g\/m\u00b2 rcanvas suur kandekott - Kruze.ee","isPartOf":{"@id":"https:\/\/kruze.ee\/et\/#website"},"datePublished":"2026-01-12T18:03:17+00:00","dateModified":"2026-03-16T21:57:34+00:00","breadcrumb":{"@id":"https:\/\/kruze.ee\/et\/toode\/impact-aware-240-g-m%c2%b2-rcanvas-suur-kandekott\/#breadcrumb"},"inLanguage":"et","potentialAction":[{"@type":"ReadAction","target":["https:\/\/kruze.ee\/et\/toode\/impact-aware-240-g-m%c2%b2-rcanvas-suur-kandekott\/"]}]},{"@type":"BreadcrumbList","@id":"https:\/\/kruze.ee\/et\/toode\/impact-aware-240-g-m%c2%b2-rcanvas-suur-kandekott\/#breadcrumb","itemListElement":[{"@type":"ListItem","position":1,"name":"Home","item":"https:\/\/kruze.ee\/et\/"},{"@type":"ListItem","position":2,"name":"Tooted","item":"https:\/\/kruze.ee\/et\/tooted\/"},{"@type":"ListItem","position":3,"name":"Impact AWARE\u2122 240 g\/m\u00b2 rcanvas suur kandekott"}]},{"@type":"WebSite","@id":"https:\/\/kruze.ee\/et\/#website","url":"https:\/\/kruze.ee\/et\/","name":"Kruze.ee","description":"Reklaamkingitused, tr&uuml;kiga T-s&auml;rgid, fliisid, dressipluused, tekstiil, joped ja paljud teised logoga meened, &Auml;rikingitused sinu partnerile! Telli juba t&auml;na.","potentialAction":[{"@type":"SearchAction","target":{"@type":"EntryPoint","urlTemplate":"https:\/\/kruze.ee\/et\/?s={search_term_string}"},"query-input":{"@type":"PropertyValueSpecification","valueRequired":true,"valueName":"search_term_string"}}],"inLanguage":"et"}]}},"_links":{"self":[{"href":"https:\/\/kruze.ee\/et\/wp-json\/wp\/v2\/product\/1433781","targetHints":{"allow":["GET"]}}],"collection":[{"href":"https:\/\/kruze.ee\/et\/wp-json\/wp\/v2\/product"}],"about":[{"href":"https:\/\/kruze.ee\/et\/wp-json\/wp\/v2\/types\/product"}],"wp:attachment":[{"href":"https:\/\/kruze.ee\/et\/wp-json\/wp\/v2\/media?parent=1433781"}],"wp:term":[{"taxonomy":"product_brand","embeddable":true,"href":"https:\/\/kruze.ee\/et\/wp-json\/wp\/v2\/product_brand?post=1433781"},{"taxonomy":"product_cat","embeddable":true,"href":"https:\/\/kruze.ee\/et\/wp-json\/wp\/v2\/product_cat?post=1433781"},{"taxonomy":"product_tag","embeddable":true,"href":"https:\/\/kruze.ee\/et\/wp-json\/wp\/v2\/product_tag?post=1433781"}],"curies":[{"name":"wp","href":"https:\/\/api.w.org\/{rel}","templated":true}]}}